{"id":92741,"date":"2018-04-12T13:35:35","date_gmt":"2018-04-12T11:35:35","guid":{"rendered":"http:\/\/wp.kristdemokraterna.se\/vasternorrland\/?page_id=92741"},"modified":"2021-05-26T09:06:39","modified_gmt":"2021-05-26T07:06:39","slug":"kd-vasternorrland-varda-varden-utveckla-primarvarden","status":"publish","type":"page","link":"https:\/\/wp.kristdemokraterna.se\/vasternorrland\/","title":{"rendered":"V\u00e5rda v\u00e5rden &#8211; utveckla prim\u00e4rv\u00e5rden i V\u00e4sternorrland"},"content":{"rendered":"<h2>Prim\u00e4rv\u00e5rden i V\u00e4sternorrland<\/h2>\n<p>Prim\u00e4rv\u00e5rden i V\u00e4sternorrland \u00e4r fortfarande underfinansierad i j\u00e4mf\u00f6relse med de \u00f6vriga skogsl\u00e4nen. Regionen har ocks\u00e5 sv\u00e5rt att leva upp till v\u00e5rdgarantin. F\u00f6r att \u00e4ndra p\u00e5 detta m\u00e5ste prim\u00e4rv\u00e5rden f\u00e5 st\u00f6rre anslag.<\/p>\n<p>Det finns ett behov att anpassa prim\u00e4rv\u00e5rdsjourernas \u00f6ppettider f\u00f6r att s\u00e4kerst\u00e4lla bemanningen dagtid p\u00e5 v\u00e5ra h\u00e4lsocentraler, inte minst nu under Corona-pandemin.\u00a0Detta ger inte bara b\u00e4ttre f\u00f6ruts\u00e4ttningar f\u00f6r prim\u00e4rv\u00e5rdens verksamhet utan ocks\u00e5 ger ocks\u00e5 besparingar p\u00e5 ca 2-5 mnkr.<\/p>\n<table>\n<tbody>\n<tr>\n<td>\n<p><div id=\"attachment_199969\" style=\"width: 550px\" class=\"wp-caption alignleft\"><img loading=\"lazy\" decoding=\"async\" aria-describedby=\"caption-attachment-199969\" class=\"wp-image-199969 size-large\" src=\"http:\/\/wp.kristdemokraterna.se\/vasternorrland\/files\/2019\/06\/primarvard-halsocentralen-kramfors-540x304.jpg\" alt=\"H\u00e4lsocentralen i Kramfors, en av Region V\u00e4sternorrlands egna prim\u00e4rv\u00e5rdsenheter.\" width=\"540\" height=\"304\" srcset=\"https:\/\/wp.kristdemokraterna.se\/vasternorrland\/files\/2019\/06\/primarvard-halsocentralen-kramfors-540x304.jpg 540w, https:\/\/wp.kristdemokraterna.se\/vasternorrland\/files\/2019\/06\/primarvard-halsocentralen-kramfors-300x169.jpg 300w, https:\/\/wp.kristdemokraterna.se\/vasternorrland\/files\/2019\/06\/primarvard-halsocentralen-kramfors-768x432.jpg 768w, https:\/\/wp.kristdemokraterna.se\/vasternorrland\/files\/2019\/06\/primarvard-halsocentralen-kramfors-356x200.jpg 356w, https:\/\/wp.kristdemokraterna.se\/vasternorrland\/files\/2019\/06\/primarvard-halsocentralen-kramfors-370x208.jpg 370w, https:\/\/wp.kristdemokraterna.se\/vasternorrland\/files\/2019\/06\/primarvard-halsocentralen-kramfors-770x433.jpg 770w, https:\/\/wp.kristdemokraterna.se\/vasternorrland\/files\/2019\/06\/primarvard-halsocentralen-kramfors-450x253.jpg 450w, https:\/\/wp.kristdemokraterna.se\/vasternorrland\/files\/2019\/06\/primarvard-halsocentralen-kramfors-280x158.jpg 280w, https:\/\/wp.kristdemokraterna.se\/vasternorrland\/files\/2019\/06\/primarvard-halsocentralen-kramfors-340x191.jpg 340w, https:\/\/wp.kristdemokraterna.se\/vasternorrland\/files\/2019\/06\/primarvard-halsocentralen-kramfors-200x113.jpg 200w, https:\/\/wp.kristdemokraterna.se\/vasternorrland\/files\/2019\/06\/primarvard-halsocentralen-kramfors-100x56.jpg 100w, https:\/\/wp.kristdemokraterna.se\/vasternorrland\/files\/2019\/06\/primarvard-halsocentralen-kramfors.jpg 1920w\" sizes=\"auto, (max-width: 540px) 100vw, 540px\" \/><p id=\"caption-attachment-199969\" class=\"wp-caption-text\">H\u00e4lsocentralen Kramfors.<\/p><\/div><\/td>\n<\/tr>\n<\/tbody>\n<\/table>\n<h3>Ungdomsmottagningarna i V\u00e4sternorrland<\/h3>\n<p>Ungdomsmottagningarna ligger verksamhetsm\u00e4ssigt under prim\u00e4rv\u00e5rden i Region V\u00e4sternorrland. Dessa har nu ett f\u00f6rtydligat uppdrag men det m\u00e5ste \u00e4ven skapas ett utvecklat samarbete med kommunerna utifr\u00e5n den intention som lades 2009. Utifr\u00e5n \u00f6kad psykisk oh\u00e4lsa \u00e4r de en viktig akt\u00f6r i det f\u00f6rebyggande arbetet. F\u00f6r att ge ungdomsmottagningarna de resurser som beh\u00f6vs f\u00f6r att m\u00f6ta den \u00f6kade psykiska oh\u00e4lsan hos barn och unga tillskjuter vi, j\u00e4mf\u00f6rt med majoritetens budgetf\u00f6rslag, 1 miljon kronor extra 2021, 1,4 miljoner kronor 2022 och 1,9 miljoner kronor 2023.<\/p>\n<h3>Ett ut\u00f6kat v\u00e5rdval f\u00f6r en st\u00e4rkt prim\u00e4rv\u00e5rd<\/h3>\n<p>Vi kristdemokrater anser att ett ut\u00f6kat v\u00e5rdval skulle vara ett bra s\u00e4tt att \u00f6verf\u00f6ra verksamheter fr\u00e5n specialistv\u00e5rden till prim\u00e4rv\u00e5rden. Detta skulle g\u00f6ra det m\u00f6jligt f\u00f6r verksamheter att profilera sig och att kunna anv\u00e4nda sina lokaler mer effektivt.<\/p>\n<p>Detta b\u00f6r i f\u00f6rsta hand ske f\u00f6r omr\u00e5den som inte beh\u00f6ver sjukhusets resurser\/strukturer och som inte kr\u00e4ver stora investeringar. Vilka omr\u00e5den som \u00e4r l\u00e4mpliga i V\u00e4sternorrland \u00e4r inget vi tar st\u00e4llning till utan \u00e4r n\u00e5got som professionen f\u00e5r f\u00f6resl\u00e5.<\/p>\n<table>\n<tbody>\n<tr>\n<td>\n<p><div id=\"attachment_256294\" style=\"width: 550px\" class=\"wp-caption alignleft\"><img loading=\"lazy\" decoding=\"async\" aria-describedby=\"caption-attachment-256294\" class=\"wp-image-256294 size-large\" src=\"http:\/\/wp.kristdemokraterna.se\/vasternorrland\/files\/2020\/02\/ungdomsmottagning-ungdomsmottagningen-tullgatan-15-sundsvall-540x304.jpg\" alt=\"Ungdomsmottagningen i Sundsvall som verksamhetsm\u00e4ssigt sorterar liksom \u00f6vriga ungdomsmottagningar under prim\u00e4rv\u00e5rden i V\u00e4sternorrland.\" width=\"540\" height=\"304\" srcset=\"https:\/\/wp.kristdemokraterna.se\/vasternorrland\/files\/2020\/02\/ungdomsmottagning-ungdomsmottagningen-tullgatan-15-sundsvall-540x304.jpg 540w, https:\/\/wp.kristdemokraterna.se\/vasternorrland\/files\/2020\/02\/ungdomsmottagning-ungdomsmottagningen-tullgatan-15-sundsvall-300x169.jpg 300w, https:\/\/wp.kristdemokraterna.se\/vasternorrland\/files\/2020\/02\/ungdomsmottagning-ungdomsmottagningen-tullgatan-15-sundsvall-768x432.jpg 768w, https:\/\/wp.kristdemokraterna.se\/vasternorrland\/files\/2020\/02\/ungdomsmottagning-ungdomsmottagningen-tullgatan-15-sundsvall-356x200.jpg 356w, https:\/\/wp.kristdemokraterna.se\/vasternorrland\/files\/2020\/02\/ungdomsmottagning-ungdomsmottagningen-tullgatan-15-sundsvall-370x208.jpg 370w, https:\/\/wp.kristdemokraterna.se\/vasternorrland\/files\/2020\/02\/ungdomsmottagning-ungdomsmottagningen-tullgatan-15-sundsvall-770x433.jpg 770w, https:\/\/wp.kristdemokraterna.se\/vasternorrland\/files\/2020\/02\/ungdomsmottagning-ungdomsmottagningen-tullgatan-15-sundsvall-450x253.jpg 450w, https:\/\/wp.kristdemokraterna.se\/vasternorrland\/files\/2020\/02\/ungdomsmottagning-ungdomsmottagningen-tullgatan-15-sundsvall-280x158.jpg 280w, https:\/\/wp.kristdemokraterna.se\/vasternorrland\/files\/2020\/02\/ungdomsmottagning-ungdomsmottagningen-tullgatan-15-sundsvall-340x191.jpg 340w, https:\/\/wp.kristdemokraterna.se\/vasternorrland\/files\/2020\/02\/ungdomsmottagning-ungdomsmottagningen-tullgatan-15-sundsvall-200x113.jpg 200w, https:\/\/wp.kristdemokraterna.se\/vasternorrland\/files\/2020\/02\/ungdomsmottagning-ungdomsmottagningen-tullgatan-15-sundsvall-100x56.jpg 100w, https:\/\/wp.kristdemokraterna.se\/vasternorrland\/files\/2020\/02\/ungdomsmottagning-ungdomsmottagningen-tullgatan-15-sundsvall.jpg 1920w\" sizes=\"auto, (max-width: 540px) 100vw, 540px\" \/><p id=\"caption-attachment-256294\" class=\"wp-caption-text\">Ungdomsmottagningen i Sundsvall.<\/p><\/div><\/td>\n<\/tr>\n<\/tbody>\n<\/table>\n<hr \/>\n<p style=\"font-size: 1.5em\"><strong>Politikomr\u00e5den<\/strong><\/p>\n<table width=\"100%\">\n<tbody>\n<tr>\n<td><a href=\"http:\/\/wp.kristdemokraterna.se\/vasternorrland\/var-politik\/politikomraden\/barn-och-unga\/\">Barn och unga<\/a><\/td>\n<td><a href=\"http:\/\/wp.kristdemokraterna.se\/vasternorrland\/var-politik\/politikomraden\/bostad\/\">Bostad<\/a><\/td>\n<td><a href=\"http:\/\/wp.kristdemokraterna.se\/vasternorrland\/var-politik\/politikomraden\/digitalisering\/\">Digitalisering<\/a><\/td>\n<\/tr>\n<tr>\n<td><a href=\"http:\/\/wp.kristdemokraterna.se\/vasternorrland\/var-politik\/politikomraden\/ekonomi-skatter\/\">Ekonomi\/skatter<\/a><\/td>\n<td><a href=\"http:\/\/wp.kristdemokraterna.se\/vasternorrland\/var-politik\/politikomraden\/etik-och-jamlikhet\/\">Etik och j\u00e4mlikhet<\/a><\/td>\n<td><a href=\"http:\/\/wp.kristdemokraterna.se\/vasternorrland\/var-politik\/politikomraden\/infrastruktur\/\">Infrastruktur<\/a><\/td>\n<\/tr>\n<tr>\n<td><a href=\"http:\/\/wp.kristdemokraterna.se\/vasternorrland\/var-politik\/politikomraden\/kollektivtrafik\/\">Kollektivtrafik<\/a><\/td>\n<td><a href=\"http:\/\/wp.kristdemokraterna.se\/vasternorrland\/var-politik\/politikomraden\/kultur\/\">Kultur<\/a><\/td>\n<td><a href=\"http:\/\/wp.kristdemokraterna.se\/vasternorrland\/var-politik\/politikomraden\/landsbygd\/\">Landsbygd<\/a><\/td>\n<\/tr>\n<tr>\n<td><a href=\"http:\/\/wp.kristdemokraterna.se\/vasternorrland\/var-politik\/politikomraden\/ledning-styrning\/\">Ledning\/styrning<\/a><\/td>\n<td><a href=\"http:\/\/wp.kristdemokraterna.se\/vasternorrland\/var-politik\/politikomraden\/migration\/\">Migration<\/a><\/td>\n<td><a href=\"http:\/\/wp.kristdemokraterna.se\/vasternorrland\/var-politik\/politikomraden\/miljo-och-energi\/\">Milj\u00f6 och energi<\/a><\/td>\n<\/tr>\n<tr>\n<td><a href=\"http:\/\/wp.kristdemokraterna.se\/vasternorrland\/var-politik\/politikomraden\/naringsliv\/\">N\u00e4ringsliv\/arbete<\/a><\/td>\n<td><a href=\"http:\/\/wp.kristdemokraterna.se\/vasternorrland\/var-politik\/politikomraden\/personal\/\">Personal<\/a><\/td>\n<td><a href=\"http:\/\/wp.kristdemokraterna.se\/vasternorrland\/var-politik\/politikomraden\/samverkan\/\">Samverkan<\/a><\/td>\n<\/tr>\n<tr>\n<td><a href=\"http:\/\/wp.kristdemokraterna.se\/vasternorrland\/var-politik\/politikomraden\/polis\/\">Trygghet<\/a><\/td>\n<td><a href=\"http:\/\/wp.kristdemokraterna.se\/vasternorrland\/var-politik\/politikomraden\/utbildning\/\">Utbildning<\/a><\/td>\n<td><a href=\"http:\/\/wp.kristdemokraterna.se\/vasternorrland\/var-politik\/politikomraden\/aldre\/\">\u00c4ldre<\/a><\/td>\n<\/tr>\n<tr>\n<td style=\"text-align: left\" colspan=\"6\"><strong>H\u00e4lso- och sjukv\u00e5rd<\/strong><\/td>\n<\/tr>\n<tr>\n<td><a href=\"http:\/\/wp.kristdemokraterna.se\/vasternorrland\/var-politik\/politikomraden\/folkhalsa\/\">Folkh\u00e4lsa<\/a><\/td>\n<td><a href=\"http:\/\/wp.kristdemokraterna.se\/vasternorrland\/var-politik\/politikomraden\/primarvard\/\">Prim\u00e4rv\u00e5rd<\/a><\/td>\n<td><a href=\"http:\/\/wp.kristdemokraterna.se\/vasternorrland\/var-politik\/politikomraden\/specialistvard\/\">Specialistv\u00e5rd<\/a><\/td>\n<\/tr>\n<tr>\n<td><a href=\"http:\/\/wp.kristdemokraterna.se\/vasternorrland\/var-politik\/politikomraden\/recept-lakemedel\/\">Recept\/l\u00e4kemedel<\/a><\/td>\n<td><a href=\"http:\/\/wp.kristdemokraterna.se\/vasternorrland\/var-politik\/politikomraden\/tandvard\/\">Tandv\u00e5rd<\/a><\/td>\n<td><a href=\"http:\/\/wp.kristdemokraterna.se\/vasternorrland\/var-politik\/politikomraden\/vardval\/\">V\u00e5rdval<\/a><\/td>\n<\/tr>\n<\/tbody>\n<\/table>\n<p>F\u00f6lj oss g\u00e4rna p\u00e5 <a href=\"https:\/\/www.facebook.com\/KDvasternorrland\/\">Facebook<\/a>.<\/p>\n","protected":false},"excerpt":{"rendered":"<p>Prim\u00e4rv\u00e5rden i V\u00e4sternorrland Prim\u00e4rv\u00e5rden i V\u00e4sternorrland \u00e4r fortfarande underfinansierad i j\u00e4mf\u00f6relse med de \u00f6vriga skogsl\u00e4nen. Regionen har ocks\u00e5 sv\u00e5rt att leva upp till v\u00e5rdgarantin. F\u00f6r att \u00e4ndra p\u00e5 detta m\u00e5ste prim\u00e4rv\u00e5rden f\u00e5 st\u00f6rre anslag. Det finns ett behov att anpassa prim\u00e4rv\u00e5rdsjourernas \u00f6ppettider f\u00f6r att s\u00e4kerst\u00e4lla bemanningen dagtid p\u00e5 v\u00e5ra h\u00e4lsocentraler, inte minst nu under Corona-pandemin.\u00a0Detta <a class=\"read-more-link\" href=\"https:\/\/wp.kristdemokraterna.se\/vasternorrland\/\">Read More<\/a><\/p>\n","protected":false},"author":407,"featured_media":0,"parent":0,"menu_order":0,"comment_status":"closed","ping_status":"closed","template":"index.php","meta":{"_acf_changed":false,"footnotes":""},"class_list":["post-92741","page","type-page","status-publish","hentry"],"acf":[],"yoast_head":"<!-- This site is optimized with the Yoast SEO plugin v27.3 - https:\/\/yoast.com\/product\/yoast-seo-wordpress\/ -->\n<title>V\u00e5rda v\u00e5rden - utveckla prim\u00e4rv\u00e5rden i V\u00e4sternorrland | KD V\u00e4sternorrland<\/title>\n<meta name=\"description\" content=\"V\u00e4sternorrland l\u00e4gger n\u00e4st minst pengar i landet p\u00e5 prim\u00e4rv\u00e5rden per inv\u00e5nare. Det m\u00e5ste vi \u00e4ndra p\u00e5 genom att v\u00e5rda v\u00e5rden och utveckla prim\u00e4rv\u00e5rden!\" \/>\n<meta name=\"robots\" content=\"index, follow, max-snippet:-1, max-image-preview:large, max-video-preview:-1\" \/>\n<link rel=\"canonical\" href=\"https:\/\/wp.kristdemokraterna.se\/vasternorrland\/\" \/>\n<meta property=\"og:locale\" content=\"sv_SE\" \/>\n<meta property=\"og:type\" content=\"article\" \/>\n<meta property=\"og:title\" content=\"V\u00e5rda v\u00e5rden - utveckla prim\u00e4rv\u00e5rden i V\u00e4sternorrland | KD V\u00e4sternorrland\" \/>\n<meta property=\"og:description\" content=\"V\u00e4sternorrland l\u00e4gger n\u00e4st minst pengar i landet p\u00e5 prim\u00e4rv\u00e5rden per inv\u00e5nare. Det m\u00e5ste vi \u00e4ndra p\u00e5 genom att v\u00e5rda v\u00e5rden och utveckla prim\u00e4rv\u00e5rden!\" \/>\n<meta property=\"og:url\" content=\"https:\/\/wp.kristdemokraterna.se\/vasternorrland\/\" \/>\n<meta property=\"og:site_name\" content=\"KD V\u00e4sternorrland\" \/>\n<meta property=\"article:publisher\" content=\"https:\/\/www.facebook.com\/kdrvn\/\" \/>\n<meta property=\"article:modified_time\" content=\"2021-05-26T07:06:39+00:00\" \/>\n<meta property=\"og:image\" content=\"http:\/\/wp.kristdemokraterna.se\/vasternorrland\/files\/2019\/06\/primarvard-halsocentralen-kramfors-540x304.jpg\" \/>\n<meta name=\"twitter:card\" content=\"summary_large_image\" \/>\n<meta name=\"twitter:label1\" content=\"Ber\u00e4knad l\u00e4stid\" \/>\n\t<meta name=\"twitter:data1\" content=\"2 minuter\" \/>\n<script type=\"application\/ld+json\" class=\"yoast-schema-graph\">{\"@context\":\"https:\\\/\\\/schema.org\",\"@graph\":[{\"@type\":\"WebPage\",\"@id\":\"https:\\\/\\\/wp.kristdemokraterna.se\\\/vasternorrland\\\/\",\"url\":\"https:\\\/\\\/wp.kristdemokraterna.se\\\/vasternorrland\\\/\",\"name\":\"V\u00e5rda v\u00e5rden - utveckla prim\u00e4rv\u00e5rden i V\u00e4sternorrland | KD V\u00e4sternorrland\",\"isPartOf\":{\"@id\":\"https:\\\/\\\/wp.kristdemokraterna.se\\\/vasternorrland\\\/#website\"},\"primaryImageOfPage\":{\"@id\":\"https:\\\/\\\/wp.kristdemokraterna.se\\\/vasternorrland\\\/#primaryimage\"},\"image\":{\"@id\":\"https:\\\/\\\/wp.kristdemokraterna.se\\\/vasternorrland\\\/#primaryimage\"},\"thumbnailUrl\":\"http:\\\/\\\/wp.kristdemokraterna.se\\\/vasternorrland\\\/files\\\/2019\\\/06\\\/primarvard-halsocentralen-kramfors-540x304.jpg\",\"datePublished\":\"2018-04-12T11:35:35+00:00\",\"dateModified\":\"2021-05-26T07:06:39+00:00\",\"description\":\"V\u00e4sternorrland l\u00e4gger n\u00e4st minst pengar i landet p\u00e5 prim\u00e4rv\u00e5rden per inv\u00e5nare. Det m\u00e5ste vi \u00e4ndra p\u00e5 genom att v\u00e5rda v\u00e5rden och utveckla prim\u00e4rv\u00e5rden!\",\"breadcrumb\":{\"@id\":\"https:\\\/\\\/wp.kristdemokraterna.se\\\/vasternorrland\\\/#breadcrumb\"},\"inLanguage\":\"sv-SE\",\"potentialAction\":[{\"@type\":\"ReadAction\",\"target\":[\"https:\\\/\\\/wp.kristdemokraterna.se\\\/vasternorrland\\\/\"]}]},{\"@type\":\"ImageObject\",\"inLanguage\":\"sv-SE\",\"@id\":\"https:\\\/\\\/wp.kristdemokraterna.se\\\/vasternorrland\\\/#primaryimage\",\"url\":\"https:\\\/\\\/wp.kristdemokraterna.se\\\/vasternorrland\\\/files\\\/2019\\\/06\\\/primarvard-halsocentralen-kramfors.jpg\",\"contentUrl\":\"https:\\\/\\\/wp.kristdemokraterna.se\\\/vasternorrland\\\/files\\\/2019\\\/06\\\/primarvard-halsocentralen-kramfors.jpg\",\"width\":1920,\"height\":1080,\"caption\":\"Bilden \u00f6verst: H\u00e4lsocentralen Kramfors. Foto av Henrik Sendelbach (CC-BY-SA 4.0).\"},{\"@type\":\"BreadcrumbList\",\"@id\":\"https:\\\/\\\/wp.kristdemokraterna.se\\\/vasternorrland\\\/#breadcrumb\",\"itemListElement\":[{\"@type\":\"ListItem\",\"position\":1,\"name\":\"Hem\",\"item\":\"https:\\\/\\\/wp.kristdemokraterna.se\\\/vasternorrland\\\/\"},{\"@type\":\"ListItem\",\"position\":2,\"name\":\"V\u00e5rda v\u00e5rden &#8211; utveckla prim\u00e4rv\u00e5rden i V\u00e4sternorrland\"}]},{\"@type\":\"WebSite\",\"@id\":\"https:\\\/\\\/wp.kristdemokraterna.se\\\/vasternorrland\\\/#website\",\"url\":\"https:\\\/\\\/wp.kristdemokraterna.se\\\/vasternorrland\\\/\",\"name\":\"KD V\u00e4sternorrland\",\"description\":\"V\u00e5rda v\u00e5rden - utveckla prim\u00e4rv\u00e5rden\",\"inLanguage\":\"sv-SE\"}]}<\/script>\n<!-- \/ Yoast SEO plugin. -->","yoast_head_json":{"title":"V\u00e5rda v\u00e5rden - utveckla prim\u00e4rv\u00e5rden i V\u00e4sternorrland | KD V\u00e4sternorrland","description":"V\u00e4sternorrland l\u00e4gger n\u00e4st minst pengar i landet p\u00e5 prim\u00e4rv\u00e5rden per inv\u00e5nare. Det m\u00e5ste vi \u00e4ndra p\u00e5 genom att v\u00e5rda v\u00e5rden och utveckla prim\u00e4rv\u00e5rden!","robots":{"index":"index","follow":"follow","max-snippet":"max-snippet:-1","max-image-preview":"max-image-preview:large","max-video-preview":"max-video-preview:-1"},"canonical":"https:\/\/wp.kristdemokraterna.se\/vasternorrland\/","og_locale":"sv_SE","og_type":"article","og_title":"V\u00e5rda v\u00e5rden - utveckla prim\u00e4rv\u00e5rden i V\u00e4sternorrland | KD V\u00e4sternorrland","og_description":"V\u00e4sternorrland l\u00e4gger n\u00e4st minst pengar i landet p\u00e5 prim\u00e4rv\u00e5rden per inv\u00e5nare. Det m\u00e5ste vi \u00e4ndra p\u00e5 genom att v\u00e5rda v\u00e5rden och utveckla prim\u00e4rv\u00e5rden!","og_url":"https:\/\/wp.kristdemokraterna.se\/vasternorrland\/","og_site_name":"KD V\u00e4sternorrland","article_publisher":"https:\/\/www.facebook.com\/kdrvn\/","article_modified_time":"2021-05-26T07:06:39+00:00","og_image":[{"url":"http:\/\/wp.kristdemokraterna.se\/vasternorrland\/files\/2019\/06\/primarvard-halsocentralen-kramfors-540x304.jpg","type":"","width":"","height":""}],"twitter_card":"summary_large_image","twitter_misc":{"Ber\u00e4knad l\u00e4stid":"2 minuter"},"schema":{"@context":"https:\/\/schema.org","@graph":[{"@type":"WebPage","@id":"https:\/\/wp.kristdemokraterna.se\/vasternorrland\/","url":"https:\/\/wp.kristdemokraterna.se\/vasternorrland\/","name":"V\u00e5rda v\u00e5rden - utveckla prim\u00e4rv\u00e5rden i V\u00e4sternorrland | KD V\u00e4sternorrland","isPartOf":{"@id":"https:\/\/wp.kristdemokraterna.se\/vasternorrland\/#website"},"primaryImageOfPage":{"@id":"https:\/\/wp.kristdemokraterna.se\/vasternorrland\/#primaryimage"},"image":{"@id":"https:\/\/wp.kristdemokraterna.se\/vasternorrland\/#primaryimage"},"thumbnailUrl":"http:\/\/wp.kristdemokraterna.se\/vasternorrland\/files\/2019\/06\/primarvard-halsocentralen-kramfors-540x304.jpg","datePublished":"2018-04-12T11:35:35+00:00","dateModified":"2021-05-26T07:06:39+00:00","description":"V\u00e4sternorrland l\u00e4gger n\u00e4st minst pengar i landet p\u00e5 prim\u00e4rv\u00e5rden per inv\u00e5nare. Det m\u00e5ste vi \u00e4ndra p\u00e5 genom att v\u00e5rda v\u00e5rden och utveckla prim\u00e4rv\u00e5rden!","breadcrumb":{"@id":"https:\/\/wp.kristdemokraterna.se\/vasternorrland\/#breadcrumb"},"inLanguage":"sv-SE","potentialAction":[{"@type":"ReadAction","target":["https:\/\/wp.kristdemokraterna.se\/vasternorrland\/"]}]},{"@type":"ImageObject","inLanguage":"sv-SE","@id":"https:\/\/wp.kristdemokraterna.se\/vasternorrland\/#primaryimage","url":"https:\/\/wp.kristdemokraterna.se\/vasternorrland\/files\/2019\/06\/primarvard-halsocentralen-kramfors.jpg","contentUrl":"https:\/\/wp.kristdemokraterna.se\/vasternorrland\/files\/2019\/06\/primarvard-halsocentralen-kramfors.jpg","width":1920,"height":1080,"caption":"Bilden \u00f6verst: H\u00e4lsocentralen Kramfors. Foto av Henrik Sendelbach (CC-BY-SA 4.0)."},{"@type":"BreadcrumbList","@id":"https:\/\/wp.kristdemokraterna.se\/vasternorrland\/#breadcrumb","itemListElement":[{"@type":"ListItem","position":1,"name":"Hem","item":"https:\/\/wp.kristdemokraterna.se\/vasternorrland\/"},{"@type":"ListItem","position":2,"name":"V\u00e5rda v\u00e5rden &#8211; utveckla prim\u00e4rv\u00e5rden i V\u00e4sternorrland"}]},{"@type":"WebSite","@id":"https:\/\/wp.kristdemokraterna.se\/vasternorrland\/#website","url":"https:\/\/wp.kristdemokraterna.se\/vasternorrland\/","name":"KD V\u00e4sternorrland","description":"V\u00e5rda v\u00e5rden - utveckla prim\u00e4rv\u00e5rden","inLanguage":"sv-SE"}]}},"_links":{"self":[{"href":"https:\/\/wp.kristdemokraterna.se\/vasternorrland\/wp-json\/wp\/v2\/pages\/92741","targetHints":{"allow":["GET"]}}],"collection":[{"href":"https:\/\/wp.kristdemokraterna.se\/vasternorrland\/wp-json\/wp\/v2\/pages"}],"about":[{"href":"https:\/\/wp.kristdemokraterna.se\/vasternorrland\/wp-json\/wp\/v2\/types\/page"}],"author":[{"embeddable":true,"href":"https:\/\/wp.kristdemokraterna.se\/vasternorrland\/wp-json\/wp\/v2\/users\/407"}],"replies":[{"embeddable":true,"href":"https:\/\/wp.kristdemokraterna.se\/vasternorrland\/wp-json\/wp\/v2\/comments?post=92741"}],"version-history":[{"count":72,"href":"https:\/\/wp.kristdemokraterna.se\/vasternorrland\/wp-json\/wp\/v2\/pages\/92741\/revisions"}],"predecessor-version":[{"id":351909,"href":"https:\/\/wp.kristdemokraterna.se\/vasternorrland\/wp-json\/wp\/v2\/pages\/92741\/revisions\/351909"}],"wp:attachment":[{"href":"https:\/\/wp.kristdemokraterna.se\/vasternorrland\/wp-json\/wp\/v2\/media?parent=92741"}],"curies":[{"name":"wp","href":"https:\/\/api.w.org\/{rel}","templated":true}]}}