{"id":363,"date":"2017-12-04T16:11:27","date_gmt":"2017-12-04T15:11:27","guid":{"rendered":"http:\/\/wp.kristdemokraterna.se\/vaxholm\/?page_id=363"},"modified":"2021-04-12T14:18:02","modified_gmt":"2021-04-12T12:18:02","slug":"kontakta-oss-2","status":"publish","type":"page","link":"https:\/\/wp.kristdemokraterna.se\/vaxholm\/textsida-med-vanster-sidebar\/kontakta-oss-2\/","title":{"rendered":"Kontakta oss"},"content":{"rendered":"<p><a href=\"http:\/\/wp.kristdemokraterna.se\/vaxholm\/files\/2014\/04\/fallback2.png\"><img loading=\"lazy\" decoding=\"async\" class=\"alignnone wp-image-284\" src=\"http:\/\/wp.kristdemokraterna.se\/vaxholm\/files\/2014\/04\/fallback2-150x150.png\" alt=\"\" width=\"13\" height=\"13\" srcset=\"https:\/\/wp.kristdemokraterna.se\/vaxholm\/files\/2014\/04\/fallback2-150x150.png 150w, https:\/\/wp.kristdemokraterna.se\/vaxholm\/files\/2014\/04\/fallback2-90x90.png 90w, https:\/\/wp.kristdemokraterna.se\/vaxholm\/files\/2014\/04\/fallback2-239x212.png 239w\" sizes=\"auto, (max-width: 13px) 100vw, 13px\" \/><\/a><\/p>\n<p>Vill du engagera dig i Kristdemokraterna i Vaxholm? Vi v\u00e4lkomnar nya medlemmar!<\/p>\n<p>Har du fr\u00e5gor tveka inte kontakta oss.<\/p>\n<ul>\n<li>Du kan bli st\u00f6djande medlem<\/li>\n<li>komma med i v\u00e5r styrelse f\u00f6r mera aktivt politisk arbete i Vaxholms kommun.<\/li>\n<li>Du kan eventuellt st\u00e5 med\u00a0 p\u00e5 v\u00e5r valsedel (VAL2022) och ha chans att kunna p\u00e5verka genom n\u00e5gon av v\u00e5ra n\u00e4mnder.<\/li>\n<\/ul>\n<p>&nbsp;<\/p>\n<p>kontaktperson: Kerstin Olander<\/p>\n<p>e-post: kerstinol@hotmail.com<\/p>\n<p>&nbsp;<\/p>\n","protected":false},"excerpt":{"rendered":"<p>Vill du engagera dig i Kristdemokraterna i Vaxholm? Vi v\u00e4lkomnar nya medlemmar! Har du fr\u00e5gor tveka inte kontakta oss. Du kan bli st\u00f6djande medlem komma med i v\u00e5r styrelse f\u00f6r mera aktivt politisk arbete i Vaxholms kommun. Du kan eventuellt st\u00e5 med\u00a0 p\u00e5 v\u00e5r valsedel (VAL2022) och ha chans att kunna p\u00e5verka genom n\u00e5gon av <a class=\"read-more-link\" href=\"https:\/\/wp.kristdemokraterna.se\/vaxholm\/textsida-med-vanster-sidebar\/kontakta-oss-2\/\">L\u00e4s mer<\/a><\/p>\n","protected":false},"author":955,"featured_media":0,"parent":269,"menu_order":0,"comment_status":"closed","ping_status":"closed","template":"page.php","meta":{"_acf_changed":false,"footnotes":""},"class_list":["post-363","page","type-page","status-publish","hentry"],"acf":[],"yoast_head":"<!-- This site is optimized with the Yoast SEO plugin v27.4 - https:\/\/yoast.com\/product\/yoast-seo-wordpress\/ -->\n<title>Kontakta oss - Kristdemokraterna | Vaxholm<\/title>\n<meta name=\"robots\" content=\"index, follow, max-snippet:-1, max-image-preview:large, max-video-preview:-1\" \/>\n<link rel=\"canonical\" href=\"https:\/\/wp.kristdemokraterna.se\/vaxholm\/textsida-med-vanster-sidebar\/kontakta-oss-2\/\" \/>\n<meta property=\"og:locale\" content=\"sv_SE\" \/>\n<meta property=\"og:type\" content=\"article\" \/>\n<meta property=\"og:title\" content=\"Kontakta oss - Kristdemokraterna | Vaxholm\" \/>\n<meta property=\"og:description\" content=\"Vill du engagera dig i Kristdemokraterna i Vaxholm? Vi v\u00e4lkomnar nya medlemmar! Har du fr\u00e5gor tveka inte kontakta oss. Du kan bli st\u00f6djande medlem komma med i v\u00e5r styrelse f\u00f6r mera aktivt politisk arbete i Vaxholms kommun. Du kan eventuellt st\u00e5 med\u00a0 p\u00e5 v\u00e5r valsedel (VAL2022) och ha chans att kunna p\u00e5verka genom n\u00e5gon av L\u00e4s mer\" \/>\n<meta property=\"og:url\" content=\"https:\/\/wp.kristdemokraterna.se\/vaxholm\/textsida-med-vanster-sidebar\/kontakta-oss-2\/\" \/>\n<meta property=\"og:site_name\" content=\"Kristdemokraterna | Vaxholm\" \/>\n<meta property=\"article:modified_time\" content=\"2021-04-12T12:18:02+00:00\" \/>\n<meta property=\"og:image\" content=\"http:\/\/wp.kristdemokraterna.se\/vaxholm\/files\/2014\/04\/fallback2-150x150.png\" \/>\n<meta name=\"twitter:card\" content=\"summary_large_image\" \/>\n<meta name=\"twitter:label1\" content=\"Ber\u00e4knad l\u00e4stid\" \/>\n\t<meta name=\"twitter:data1\" content=\"1 minut\" \/>\n<script type=\"application\/ld+json\" class=\"yoast-schema-graph\">{\"@context\":\"https:\\\/\\\/schema.org\",\"@graph\":[{\"@type\":\"WebPage\",\"@id\":\"https:\\\/\\\/wp.kristdemokraterna.se\\\/vaxholm\\\/textsida-med-vanster-sidebar\\\/kontakta-oss-2\\\/\",\"url\":\"https:\\\/\\\/wp.kristdemokraterna.se\\\/vaxholm\\\/textsida-med-vanster-sidebar\\\/kontakta-oss-2\\\/\",\"name\":\"Kontakta oss - Kristdemokraterna | Vaxholm\",\"isPartOf\":{\"@id\":\"https:\\\/\\\/wp.kristdemokraterna.se\\\/vaxholm\\\/#website\"},\"primaryImageOfPage\":{\"@id\":\"https:\\\/\\\/wp.kristdemokraterna.se\\\/vaxholm\\\/textsida-med-vanster-sidebar\\\/kontakta-oss-2\\\/#primaryimage\"},\"image\":{\"@id\":\"https:\\\/\\\/wp.kristdemokraterna.se\\\/vaxholm\\\/textsida-med-vanster-sidebar\\\/kontakta-oss-2\\\/#primaryimage\"},\"thumbnailUrl\":\"http:\\\/\\\/wp.kristdemokraterna.se\\\/vaxholm\\\/files\\\/2014\\\/04\\\/fallback2-150x150.png\",\"datePublished\":\"2017-12-04T15:11:27+00:00\",\"dateModified\":\"2021-04-12T12:18:02+00:00\",\"breadcrumb\":{\"@id\":\"https:\\\/\\\/wp.kristdemokraterna.se\\\/vaxholm\\\/textsida-med-vanster-sidebar\\\/kontakta-oss-2\\\/#breadcrumb\"},\"inLanguage\":\"sv-SE\",\"potentialAction\":[{\"@type\":\"ReadAction\",\"target\":[\"https:\\\/\\\/wp.kristdemokraterna.se\\\/vaxholm\\\/textsida-med-vanster-sidebar\\\/kontakta-oss-2\\\/\"]}]},{\"@type\":\"ImageObject\",\"inLanguage\":\"sv-SE\",\"@id\":\"https:\\\/\\\/wp.kristdemokraterna.se\\\/vaxholm\\\/textsida-med-vanster-sidebar\\\/kontakta-oss-2\\\/#primaryimage\",\"url\":\"http:\\\/\\\/wp.kristdemokraterna.se\\\/vaxholm\\\/files\\\/2014\\\/04\\\/fallback2-150x150.png\",\"contentUrl\":\"http:\\\/\\\/wp.kristdemokraterna.se\\\/vaxholm\\\/files\\\/2014\\\/04\\\/fallback2-150x150.png\"},{\"@type\":\"BreadcrumbList\",\"@id\":\"https:\\\/\\\/wp.kristdemokraterna.se\\\/vaxholm\\\/textsida-med-vanster-sidebar\\\/kontakta-oss-2\\\/#breadcrumb\",\"itemListElement\":[{\"@type\":\"ListItem\",\"position\":1,\"name\":\"Hem\",\"item\":\"https:\\\/\\\/wp.kristdemokraterna.se\\\/vaxholm\\\/\"},{\"@type\":\"ListItem\",\"position\":2,\"name\":\"V\u00e5r partiavdelning\",\"item\":\"https:\\\/\\\/wp.kristdemokraterna.se\\\/vaxholm\\\/textsida-med-vanster-sidebar\\\/\"},{\"@type\":\"ListItem\",\"position\":3,\"name\":\"Kontakta oss\"}]},{\"@type\":\"WebSite\",\"@id\":\"https:\\\/\\\/wp.kristdemokraterna.se\\\/vaxholm\\\/#website\",\"url\":\"https:\\\/\\\/wp.kristdemokraterna.se\\\/vaxholm\\\/\",\"name\":\"Kristdemokraterna | Vaxholm\",\"description\":\"\u00c4nnu en webbplats hos Kristdemokraterna\",\"inLanguage\":\"sv-SE\"}]}<\/script>\n<!-- \/ Yoast SEO plugin. -->","yoast_head_json":{"title":"Kontakta oss - Kristdemokraterna | Vaxholm","robots":{"index":"index","follow":"follow","max-snippet":"max-snippet:-1","max-image-preview":"max-image-preview:large","max-video-preview":"max-video-preview:-1"},"canonical":"https:\/\/wp.kristdemokraterna.se\/vaxholm\/textsida-med-vanster-sidebar\/kontakta-oss-2\/","og_locale":"sv_SE","og_type":"article","og_title":"Kontakta oss - Kristdemokraterna | Vaxholm","og_description":"Vill du engagera dig i Kristdemokraterna i Vaxholm? Vi v\u00e4lkomnar nya medlemmar! Har du fr\u00e5gor tveka inte kontakta oss. Du kan bli st\u00f6djande medlem komma med i v\u00e5r styrelse f\u00f6r mera aktivt politisk arbete i Vaxholms kommun. Du kan eventuellt st\u00e5 med\u00a0 p\u00e5 v\u00e5r valsedel (VAL2022) och ha chans att kunna p\u00e5verka genom n\u00e5gon av L\u00e4s mer","og_url":"https:\/\/wp.kristdemokraterna.se\/vaxholm\/textsida-med-vanster-sidebar\/kontakta-oss-2\/","og_site_name":"Kristdemokraterna | Vaxholm","article_modified_time":"2021-04-12T12:18:02+00:00","og_image":[{"url":"http:\/\/wp.kristdemokraterna.se\/vaxholm\/files\/2014\/04\/fallback2-150x150.png","type":"","width":"","height":""}],"twitter_card":"summary_large_image","twitter_misc":{"Ber\u00e4knad l\u00e4stid":"1 minut"},"schema":{"@context":"https:\/\/schema.org","@graph":[{"@type":"WebPage","@id":"https:\/\/wp.kristdemokraterna.se\/vaxholm\/textsida-med-vanster-sidebar\/kontakta-oss-2\/","url":"https:\/\/wp.kristdemokraterna.se\/vaxholm\/textsida-med-vanster-sidebar\/kontakta-oss-2\/","name":"Kontakta oss - Kristdemokraterna | Vaxholm","isPartOf":{"@id":"https:\/\/wp.kristdemokraterna.se\/vaxholm\/#website"},"primaryImageOfPage":{"@id":"https:\/\/wp.kristdemokraterna.se\/vaxholm\/textsida-med-vanster-sidebar\/kontakta-oss-2\/#primaryimage"},"image":{"@id":"https:\/\/wp.kristdemokraterna.se\/vaxholm\/textsida-med-vanster-sidebar\/kontakta-oss-2\/#primaryimage"},"thumbnailUrl":"http:\/\/wp.kristdemokraterna.se\/vaxholm\/files\/2014\/04\/fallback2-150x150.png","datePublished":"2017-12-04T15:11:27+00:00","dateModified":"2021-04-12T12:18:02+00:00","breadcrumb":{"@id":"https:\/\/wp.kristdemokraterna.se\/vaxholm\/textsida-med-vanster-sidebar\/kontakta-oss-2\/#breadcrumb"},"inLanguage":"sv-SE","potentialAction":[{"@type":"ReadAction","target":["https:\/\/wp.kristdemokraterna.se\/vaxholm\/textsida-med-vanster-sidebar\/kontakta-oss-2\/"]}]},{"@type":"ImageObject","inLanguage":"sv-SE","@id":"https:\/\/wp.kristdemokraterna.se\/vaxholm\/textsida-med-vanster-sidebar\/kontakta-oss-2\/#primaryimage","url":"http:\/\/wp.kristdemokraterna.se\/vaxholm\/files\/2014\/04\/fallback2-150x150.png","contentUrl":"http:\/\/wp.kristdemokraterna.se\/vaxholm\/files\/2014\/04\/fallback2-150x150.png"},{"@type":"BreadcrumbList","@id":"https:\/\/wp.kristdemokraterna.se\/vaxholm\/textsida-med-vanster-sidebar\/kontakta-oss-2\/#breadcrumb","itemListElement":[{"@type":"ListItem","position":1,"name":"Hem","item":"https:\/\/wp.kristdemokraterna.se\/vaxholm\/"},{"@type":"ListItem","position":2,"name":"V\u00e5r partiavdelning","item":"https:\/\/wp.kristdemokraterna.se\/vaxholm\/textsida-med-vanster-sidebar\/"},{"@type":"ListItem","position":3,"name":"Kontakta oss"}]},{"@type":"WebSite","@id":"https:\/\/wp.kristdemokraterna.se\/vaxholm\/#website","url":"https:\/\/wp.kristdemokraterna.se\/vaxholm\/","name":"Kristdemokraterna | Vaxholm","description":"\u00c4nnu en webbplats hos Kristdemokraterna","inLanguage":"sv-SE"}]}},"_links":{"self":[{"href":"https:\/\/wp.kristdemokraterna.se\/vaxholm\/wp-json\/wp\/v2\/pages\/363","targetHints":{"allow":["GET"]}}],"collection":[{"href":"https:\/\/wp.kristdemokraterna.se\/vaxholm\/wp-json\/wp\/v2\/pages"}],"about":[{"href":"https:\/\/wp.kristdemokraterna.se\/vaxholm\/wp-json\/wp\/v2\/types\/page"}],"author":[{"embeddable":true,"href":"https:\/\/wp.kristdemokraterna.se\/vaxholm\/wp-json\/wp\/v2\/users\/955"}],"replies":[{"embeddable":true,"href":"https:\/\/wp.kristdemokraterna.se\/vaxholm\/wp-json\/wp\/v2\/comments?post=363"}],"version-history":[{"count":4,"href":"https:\/\/wp.kristdemokraterna.se\/vaxholm\/wp-json\/wp\/v2\/pages\/363\/revisions"}],"predecessor-version":[{"id":545,"href":"https:\/\/wp.kristdemokraterna.se\/vaxholm\/wp-json\/wp\/v2\/pages\/363\/revisions\/545"}],"up":[{"embeddable":true,"href":"https:\/\/wp.kristdemokraterna.se\/vaxholm\/wp-json\/wp\/v2\/pages\/269"}],"wp:attachment":[{"href":"https:\/\/wp.kristdemokraterna.se\/vaxholm\/wp-json\/wp\/v2\/media?parent=363"}],"curies":[{"name":"wp","href":"https:\/\/api.w.org\/{rel}","templated":true}]}}