{"id":368,"date":"2017-12-04T16:44:15","date_gmt":"2017-12-04T15:44:15","guid":{"rendered":"http:\/\/wp.kristdemokraterna.se\/vaxholm\/?page_id=368"},"modified":"2021-04-12T14:20:59","modified_gmt":"2021-04-12T12:20:59","slug":"om-kristdemokraterna","status":"publish","type":"page","link":"https:\/\/wp.kristdemokraterna.se\/vaxholm\/textsida-fullbredd\/om-kristdemokraterna\/","title":{"rendered":"Om Kristdemokraterna Vaxholm"},"content":{"rendered":"<p>Efter senaste valet representeras Kristdemokraterna i Vaxholm i<\/p>\n<ul>\n<li>Kommunfullm\u00e4ktiga, (ord + ers)<\/li>\n<li>Barn- och utbildningsn\u00e4mnden (ers)<\/li>\n<li>Socialn\u00e4mnden (wers)<\/li>\n<\/ul>\n<p>&nbsp;<\/p>\n<p>Om Kristdemokraterna i Sverige<\/p>\n<p>\u2013 Kristdemokraterna i Sverige bildades 1964.<br \/>\n\u2013 Alf Svensson var partiledare mellan \u00e5ren 1973-2004.<br \/>\n\u2013 G\u00f6ran H\u00e4gglund valdes till partiledare 3 april 2004.I januari 2015 meddelade han sin avg\u00e5ng.<br \/>\n\u2013 Ebba Busch Thor valdes till partiledare den 25 april 2015.<br \/>\n\u2013 I det senaste riksdagsvalet fick Kristdemokraterna 4,6 % av r\u00f6sterna.<\/p>\n<p>Kristdemokraterna kom in i Riksdagen f\u00f6r f\u00f6rsta g\u00e5ngen 1985. D\u00e5 var partiledaren Alf Svensson ensam riksdagsledamot f\u00f6r Kristdemokraterna. 1991 \u2013 1994 satt Kristdemokraterna i regeringen tillsammans med Moderaterna, Folkpartiet och Centern. Mandatperioderna 2006-2010 och 2010-2014 hade Kristdemokraterna regeringsmakten tillsammans med Moderaterna, Folkpartiet och Centern under namnet Alliansen. Under den mandatperiodien var G\u00f6ran H\u00e4gglund socialminister med ansvar f\u00f6r bland annat familjepolitik. Maria Larsson \u00e4ldre- och folkh\u00e4lsominister och Stefan Attefall Civil- och bostadsminister.<br \/>\nKristdemokraterna \u00e4r representerat i EU-parlamentet av Sara Skyttedal och David Lega.<\/p>\n","protected":false},"excerpt":{"rendered":"<p>Efter senaste valet representeras Kristdemokraterna i Vaxholm i Kommunfullm\u00e4ktiga, (ord + ers) Barn- och utbildningsn\u00e4mnden (ers) Socialn\u00e4mnden (wers) &nbsp; Om Kristdemokraterna i Sverige \u2013 Kristdemokraterna i Sverige bildades 1964. \u2013 Alf Svensson var partiledare mellan \u00e5ren 1973-2004. \u2013 G\u00f6ran H\u00e4gglund valdes till partiledare 3 april 2004.I januari 2015 meddelade han sin avg\u00e5ng. \u2013 Ebba Busch <a class=\"read-more-link\" href=\"https:\/\/wp.kristdemokraterna.se\/vaxholm\/textsida-fullbredd\/om-kristdemokraterna\/\">L\u00e4s mer<\/a><\/p>\n","protected":false},"author":955,"featured_media":0,"parent":272,"menu_order":0,"comment_status":"closed","ping_status":"closed","template":"page.php","meta":{"_acf_changed":false,"footnotes":""},"class_list":["post-368","page","type-page","status-publish","hentry"],"acf":[],"yoast_head":"<!-- This site is optimized with the Yoast SEO plugin v27.4 - https:\/\/yoast.com\/product\/yoast-seo-wordpress\/ -->\n<title>Om Kristdemokraterna Vaxholm - Kristdemokraterna | Vaxholm<\/title>\n<meta name=\"robots\" content=\"index, follow, max-snippet:-1, max-image-preview:large, max-video-preview:-1\" \/>\n<link rel=\"canonical\" href=\"https:\/\/wp.kristdemokraterna.se\/vaxholm\/textsida-fullbredd\/om-kristdemokraterna\/\" \/>\n<meta property=\"og:locale\" content=\"sv_SE\" \/>\n<meta property=\"og:type\" content=\"article\" \/>\n<meta property=\"og:title\" content=\"Om Kristdemokraterna Vaxholm - Kristdemokraterna | Vaxholm\" \/>\n<meta property=\"og:description\" content=\"Efter senaste valet representeras Kristdemokraterna i Vaxholm i Kommunfullm\u00e4ktiga, (ord + ers) Barn- och utbildningsn\u00e4mnden (ers) Socialn\u00e4mnden (wers) &nbsp; Om Kristdemokraterna i Sverige \u2013 Kristdemokraterna i Sverige bildades 1964. \u2013 Alf Svensson var partiledare mellan \u00e5ren 1973-2004. \u2013 G\u00f6ran H\u00e4gglund valdes till partiledare 3 april 2004.I januari 2015 meddelade han sin avg\u00e5ng. \u2013 Ebba Busch L\u00e4s mer\" \/>\n<meta property=\"og:url\" content=\"https:\/\/wp.kristdemokraterna.se\/vaxholm\/textsida-fullbredd\/om-kristdemokraterna\/\" \/>\n<meta property=\"og:site_name\" content=\"Kristdemokraterna | Vaxholm\" \/>\n<meta property=\"article:modified_time\" content=\"2021-04-12T12:20:59+00:00\" \/>\n<meta name=\"twitter:card\" content=\"summary_large_image\" \/>\n<meta name=\"twitter:label1\" content=\"Ber\u00e4knad l\u00e4stid\" \/>\n\t<meta name=\"twitter:data1\" content=\"1 minut\" \/>\n<script type=\"application\/ld+json\" class=\"yoast-schema-graph\">{\"@context\":\"https:\\\/\\\/schema.org\",\"@graph\":[{\"@type\":\"WebPage\",\"@id\":\"https:\\\/\\\/wp.kristdemokraterna.se\\\/vaxholm\\\/textsida-fullbredd\\\/om-kristdemokraterna\\\/\",\"url\":\"https:\\\/\\\/wp.kristdemokraterna.se\\\/vaxholm\\\/textsida-fullbredd\\\/om-kristdemokraterna\\\/\",\"name\":\"Om Kristdemokraterna Vaxholm - Kristdemokraterna | Vaxholm\",\"isPartOf\":{\"@id\":\"https:\\\/\\\/wp.kristdemokraterna.se\\\/vaxholm\\\/#website\"},\"datePublished\":\"2017-12-04T15:44:15+00:00\",\"dateModified\":\"2021-04-12T12:20:59+00:00\",\"breadcrumb\":{\"@id\":\"https:\\\/\\\/wp.kristdemokraterna.se\\\/vaxholm\\\/textsida-fullbredd\\\/om-kristdemokraterna\\\/#breadcrumb\"},\"inLanguage\":\"sv-SE\",\"potentialAction\":[{\"@type\":\"ReadAction\",\"target\":[\"https:\\\/\\\/wp.kristdemokraterna.se\\\/vaxholm\\\/textsida-fullbredd\\\/om-kristdemokraterna\\\/\"]}]},{\"@type\":\"BreadcrumbList\",\"@id\":\"https:\\\/\\\/wp.kristdemokraterna.se\\\/vaxholm\\\/textsida-fullbredd\\\/om-kristdemokraterna\\\/#breadcrumb\",\"itemListElement\":[{\"@type\":\"ListItem\",\"position\":1,\"name\":\"Hem\",\"item\":\"https:\\\/\\\/wp.kristdemokraterna.se\\\/vaxholm\\\/\"},{\"@type\":\"ListItem\",\"position\":2,\"name\":\"Vad vi st\u00e5r f\u00f6r!\",\"item\":\"https:\\\/\\\/wp.kristdemokraterna.se\\\/vaxholm\\\/textsida-fullbredd\\\/\"},{\"@type\":\"ListItem\",\"position\":3,\"name\":\"Om Kristdemokraterna Vaxholm\"}]},{\"@type\":\"WebSite\",\"@id\":\"https:\\\/\\\/wp.kristdemokraterna.se\\\/vaxholm\\\/#website\",\"url\":\"https:\\\/\\\/wp.kristdemokraterna.se\\\/vaxholm\\\/\",\"name\":\"Kristdemokraterna | Vaxholm\",\"description\":\"\u00c4nnu en webbplats hos Kristdemokraterna\",\"inLanguage\":\"sv-SE\"}]}<\/script>\n<!-- \/ Yoast SEO plugin. -->","yoast_head_json":{"title":"Om Kristdemokraterna Vaxholm - Kristdemokraterna | Vaxholm","robots":{"index":"index","follow":"follow","max-snippet":"max-snippet:-1","max-image-preview":"max-image-preview:large","max-video-preview":"max-video-preview:-1"},"canonical":"https:\/\/wp.kristdemokraterna.se\/vaxholm\/textsida-fullbredd\/om-kristdemokraterna\/","og_locale":"sv_SE","og_type":"article","og_title":"Om Kristdemokraterna Vaxholm - Kristdemokraterna | Vaxholm","og_description":"Efter senaste valet representeras Kristdemokraterna i Vaxholm i Kommunfullm\u00e4ktiga, (ord + ers) Barn- och utbildningsn\u00e4mnden (ers) Socialn\u00e4mnden (wers) &nbsp; Om Kristdemokraterna i Sverige \u2013 Kristdemokraterna i Sverige bildades 1964. \u2013 Alf Svensson var partiledare mellan \u00e5ren 1973-2004. \u2013 G\u00f6ran H\u00e4gglund valdes till partiledare 3 april 2004.I januari 2015 meddelade han sin avg\u00e5ng. \u2013 Ebba Busch L\u00e4s mer","og_url":"https:\/\/wp.kristdemokraterna.se\/vaxholm\/textsida-fullbredd\/om-kristdemokraterna\/","og_site_name":"Kristdemokraterna | Vaxholm","article_modified_time":"2021-04-12T12:20:59+00:00","twitter_card":"summary_large_image","twitter_misc":{"Ber\u00e4knad l\u00e4stid":"1 minut"},"schema":{"@context":"https:\/\/schema.org","@graph":[{"@type":"WebPage","@id":"https:\/\/wp.kristdemokraterna.se\/vaxholm\/textsida-fullbredd\/om-kristdemokraterna\/","url":"https:\/\/wp.kristdemokraterna.se\/vaxholm\/textsida-fullbredd\/om-kristdemokraterna\/","name":"Om Kristdemokraterna Vaxholm - Kristdemokraterna | Vaxholm","isPartOf":{"@id":"https:\/\/wp.kristdemokraterna.se\/vaxholm\/#website"},"datePublished":"2017-12-04T15:44:15+00:00","dateModified":"2021-04-12T12:20:59+00:00","breadcrumb":{"@id":"https:\/\/wp.kristdemokraterna.se\/vaxholm\/textsida-fullbredd\/om-kristdemokraterna\/#breadcrumb"},"inLanguage":"sv-SE","potentialAction":[{"@type":"ReadAction","target":["https:\/\/wp.kristdemokraterna.se\/vaxholm\/textsida-fullbredd\/om-kristdemokraterna\/"]}]},{"@type":"BreadcrumbList","@id":"https:\/\/wp.kristdemokraterna.se\/vaxholm\/textsida-fullbredd\/om-kristdemokraterna\/#breadcrumb","itemListElement":[{"@type":"ListItem","position":1,"name":"Hem","item":"https:\/\/wp.kristdemokraterna.se\/vaxholm\/"},{"@type":"ListItem","position":2,"name":"Vad vi st\u00e5r f\u00f6r!","item":"https:\/\/wp.kristdemokraterna.se\/vaxholm\/textsida-fullbredd\/"},{"@type":"ListItem","position":3,"name":"Om Kristdemokraterna Vaxholm"}]},{"@type":"WebSite","@id":"https:\/\/wp.kristdemokraterna.se\/vaxholm\/#website","url":"https:\/\/wp.kristdemokraterna.se\/vaxholm\/","name":"Kristdemokraterna | Vaxholm","description":"\u00c4nnu en webbplats hos Kristdemokraterna","inLanguage":"sv-SE"}]}},"_links":{"self":[{"href":"https:\/\/wp.kristdemokraterna.se\/vaxholm\/wp-json\/wp\/v2\/pages\/368","targetHints":{"allow":["GET"]}}],"collection":[{"href":"https:\/\/wp.kristdemokraterna.se\/vaxholm\/wp-json\/wp\/v2\/pages"}],"about":[{"href":"https:\/\/wp.kristdemokraterna.se\/vaxholm\/wp-json\/wp\/v2\/types\/page"}],"author":[{"embeddable":true,"href":"https:\/\/wp.kristdemokraterna.se\/vaxholm\/wp-json\/wp\/v2\/users\/955"}],"replies":[{"embeddable":true,"href":"https:\/\/wp.kristdemokraterna.se\/vaxholm\/wp-json\/wp\/v2\/comments?post=368"}],"version-history":[{"count":6,"href":"https:\/\/wp.kristdemokraterna.se\/vaxholm\/wp-json\/wp\/v2\/pages\/368\/revisions"}],"predecessor-version":[{"id":546,"href":"https:\/\/wp.kristdemokraterna.se\/vaxholm\/wp-json\/wp\/v2\/pages\/368\/revisions\/546"}],"up":[{"embeddable":true,"href":"https:\/\/wp.kristdemokraterna.se\/vaxholm\/wp-json\/wp\/v2\/pages\/272"}],"wp:attachment":[{"href":"https:\/\/wp.kristdemokraterna.se\/vaxholm\/wp-json\/wp\/v2\/media?parent=368"}],"curies":[{"name":"wp","href":"https:\/\/api.w.org\/{rel}","templated":true}]}}