{"id":373,"date":"2017-12-04T16:47:18","date_gmt":"2017-12-04T15:47:18","guid":{"rendered":"http:\/\/wp.kristdemokraterna.se\/vaxholm\/?page_id=373"},"modified":"2021-04-12T13:45:50","modified_gmt":"2021-04-12T11:45:50","slug":"var-politik-i-kommunen","status":"publish","type":"page","link":"https:\/\/wp.kristdemokraterna.se\/vaxholm\/textsida-fullbredd\/var-politik-i-kommunen\/","title":{"rendered":"V\u00e5r politik i kommunen"},"content":{"rendered":"<p><strong>Barn\/ungdom och utbildning<\/strong><\/p>\n<p>Barn och ungdomar \u00e4r viktiga h\u00f6rnstenar i byggandet av v\u00e5rt samh\u00e4lle. Kristdemokraterna vill ge dem den allra b\u00e4sta utbildningen och arbetar f\u00f6r att barngrupperna i v\u00e5ra f\u00f6rskolor skall vara sm\u00e5, dvs 12 barn\/grupp. Alla barn har r\u00e4tt att k\u00e4nna sig trygga och att f\u00e5 lyckas i sina studier. Tryggheten st\u00e4rks med flera speciall\u00e4rare och elevst\u00f6djare. Vi vill att alla barn och ungdomar skall undervisas av beh\u00f6riga pedagoger p\u00e5 alla niv\u00e5er. Utbildning skall inte vara n\u00e5got som Vaxholm sparar p\u00e5.<\/p>\n<p><strong>Kristdemokraterna <\/strong>vill \u00f6ka anslagen till f\u00f6rskolor och skolor.<\/p>\n<p><strong>\u00a0<\/strong><\/p>\n<p><strong>Psykisk oh\u00e4lsa<\/strong><\/p>\n<p>Den psykiska oh\u00e4lsan kryper allt l\u00e4ngre ner i \u00e5ldrarna s\u00e5 \u00e4ven i Vaxholm.\u00a0 Barn och ungdomar m\u00e5ste uppm\u00e4rksammas tidigare n\u00e4r det finns oh\u00e4lsa med i bilden. Kompetensen hos pedagoger och skolpersonal b\u00f6r \u00f6ka s\u00e5 att riskungdomar uppm\u00e4rksammas tidigt \u2013 g\u00e4rna p\u00e5 l\u00e5gstadiet.<\/p>\n<p><strong>Kristdemokraterna <\/strong>vill att anslagen till kompetensutbildning s\u00e4kerst\u00e4lls och att utbildning sker inom relevanta omr\u00e5den.<\/p>\n<p><strong>\u00a0<\/strong><\/p>\n<p><strong>Trafik<\/strong><\/p>\n<p>Tryggheten \u00e4r ocks\u00e5 att v\u00e5r trafikmilj\u00f6 \u00e4r s\u00e4ker. Trafikomr\u00e5dena kring v\u00e5ra f\u00f6rskolor\/skolor b\u00f6r g\u00f6ras s\u00e4krare.<\/p>\n<p><strong>Kristdemokraterna <\/strong>vill att fartgr\u00e4nserna s\u00e4nks runt v\u00e5ra verksamheter f\u00f6r att g\u00f6ra v\u00e4gen till och fr\u00e5n barnomsorg och skola trygg.<\/p>\n<p><strong>\u00a0<\/strong><\/p>\n<p><strong>V\u00e5rt samh\u00e4lle<\/strong><\/p>\n<p>Att f\u00e5 k\u00e4nna trygghet i sin n\u00e4rmilj\u00f6 \u00e4r ett sj\u00e4lvklart privilegium f\u00f6r oss alla.<\/p>\n<p>V\u00e5ldet kryper n\u00e4rmare inp\u00e5 oss och vi beh\u00f6ver s\u00e4kra v\u00e5rt samh\u00e4lle s\u00e5 att vi alla kan k\u00e4nna oss trygga. V\u00e5ldet sprider sig snabbt och \u00f6kar med en v\u00e5ldsspiral i v\u00e5ra storst\u00e4der s\u00e5v\u00e4l som i Vaxholm. R\u00e5n och st\u00f6lder beg\u00e5s i mycket h\u00f6gre takt och blir mera raffinerade. V\u00e5ldet har blivit r\u00e5are och har g\u00e5tt ner i \u00e5ldrarna.<\/p>\n<p><strong>Kristdemokraterna<\/strong> vill utveckla f\u00f6rebyggande \u00e5tg\u00e4rder tillsammans med kommunen, inom skola, st\u00f6dgrupper, fritidsg\u00e5rdar och med polisen.<\/p>\n<p><strong>Kristdemokraterna <\/strong>vill arbeta f\u00f6r att fler lokalomr\u00e5despoliser \u00e4r n\u00e4rvarande f\u00f6r att \u00f6ka tryggheten och s\u00e4kerheten i Vaxholm. Polisen skall bes\u00f6ka v\u00e5ra skolor f\u00f6r att informera.<\/p>\n<p>&nbsp;<\/p>\n<p><strong>Omsorg<\/strong><\/p>\n<p>De \u00e4ldre tillsammans med riskgrupper i v\u00e5rt samh\u00e4lle, har f\u00e5tt lida f\u00f6r nerdragningar inom v\u00e5rd och omsorg. Det har funnits en avsaknad av regelbunden och relevant information ifr\u00e5n kommunen under kristid, en avsaknad av f\u00f6rebyggande \u00e5tg\u00e4rder inom v\u00e5rd och omsorg.<\/p>\n<p>Vi har en \u00f6kande \u00e4ldre befolkning i Vaxholm som \u00e4r i behov av en l\u00e5ngtidsplanering; en framtida planering och utbyggnad av olika typer av \u00e4ldreboende, s\u00e5som serviceboendet med en station\u00e4r medicinsk kompetens som kvalificerade sjuksk\u00f6terskor och l\u00e4kare.<\/p>\n<p>\u00c4ldrev\u00e5rden och de \u00e4ldre p\u00e5 v\u00e5ra \u00e4ldreboende beh\u00f6ver k\u00e4nna sig s\u00e4kra p\u00e5 god omv\u00e5rdnad. Personal skall vara utbildad f\u00f6r sitt arbete, v\u00e4l k\u00e4nna till f\u00f6rebyggande rutiner och regler. Kompetensutbildning av personal \u00e4r av stor vikt i framtiden.<\/p>\n<p><strong>Kristdemokraterna<\/strong> vill d\u00e4rf\u00f6r \u00f6ka anslagen till kommunala \u00e4ldreomsorgen och skapa en \u00e4ldre-vision.<\/p>\n<p>&nbsp;<\/p>\n<p>&nbsp;<\/p>\n<p><strong>ARBETE OCH N\u00c4RINGSLIV<\/strong><\/p>\n<p><strong>N\u00e4ringsliv<\/strong><\/p>\n<p>Nya f\u00f6retag beh\u00f6vs i Vaxholm. F\u00f6retag som \u00f6ppnar restauranger, nya butiker och som skapar fler \u00f6vernattningsm\u00f6jligheter bidrar till att fr\u00e4mja gemenskapen oss emellan. Samtidigt \u00f6kar de ekonomiska int\u00e4kterna f\u00f6r kommunen vilka beh\u00f6vs f\u00f6r satsningar inom h\u00e4lso- och sjukv\u00e5rd, infrastruktur och skola. Vi beh\u00f6ver, med syfte att fr\u00e4mja n\u00e4ringslivet, d\u00e4rf\u00f6r genomf\u00f6ra en grundlig analys av vad kommunen kan g\u00f6ra f\u00f6r att maximera kommunens potential f\u00f6r l\u00e5ngsiktig tillv\u00e4xt. Kommunen beh\u00f6ver djupare insikter om de lokala f\u00f6retagens behov.<\/p>\n<p><strong>Kristdemokraterna<\/strong> vill se \u00f6ver och f\u00f6rb\u00e4ttra\/effektivisera beslutsprocessen f\u00f6r tillst\u00e5nd och bygglov. Vi vill unders\u00f6ka om kommunen kan beh\u00f6va agera som medfinansi\u00e4r i projekt som skapar attraktionskraft. F\u00f6retagsr\u00e5dgivning b\u00f6r vara l\u00e4tt att f\u00e5.<\/p>\n<p>&nbsp;<\/p>\n<p><strong>Turism och bes\u00f6ksn\u00e4ring<\/strong><\/p>\n<p>Vaxholm har en l\u00e5ng tradition och historia som g\u00e5r tillbaka till Gustav Vasas tid. Ett historiskt f\u00e4stningsbygge fr\u00e5n Wasa-tiden \u00e4r Kastellet. Med ett fantastiskt l\u00e4ge vid Vaxholms stads inlopp och som en del av den viktiga stadsmilj\u00f6n profilerar det sig vackert p\u00e5 Vaxholms framsida. Kastellet har mycket att erbjuda i form av svensk historia, bed &amp; breakfast, konferensm\u00f6jligheter, restaurang, gallerier och butiker.<\/p>\n<p>Dock saknas en fast f\u00f6rbindelse till Kastellet trots att det endast ligger c:a 30 meter fr\u00e5n Vax\u00f6n. F\u00e4rjef\u00f6rbindelse\/linf\u00e4rja fr\u00e5n fastland till Kastellet g\u00e5r fr\u00e5n maj\u2013september och Waxholmsbolaget trafikerar under resten av \u00e5ret, men med tider som ej \u00e4r anpassade till bes\u00f6k av turism eller f\u00f6r permanentboende. Detta \u00e4r dyrt, ogenomt\u00e4nkt och gynnar varken n\u00e4ringsliv eller turism.<\/p>\n<p><strong>Kristdemokraterna<\/strong> anser att Vaxholm beh\u00f6ver ett brof\u00e4ste och g\u00e5ngbro \u00f6ver till Kastellet f\u00f6r att i framtiden m\u00f6ta den \u00f6kande turism och allm\u00e4nhetens intresse. En naturlig n\u00e4rhet till stadsmilj\u00f6n med Kastellet som ett sj\u00e4lvklart turistm\u00e5l. En expansion av butiker, olika verksamheter och event kan d\u00e5 utvecklas tillsammans med kommunen. St\u00f6rre b\u00e5tar kan som idag passera genom \u00f6stra sundet.<\/p>\n<p>&nbsp;<\/p>\n<p><strong>Hamnarna<\/strong><\/p>\n<p>Vi \u00e4r stolta \u00f6ver v\u00e5rt Vaxholm med dess l\u00e4ge, stadsdel och hamnar.<\/p>\n<p>P\u00e5g\u00e5ende \u00e4r en totalrenovering av Vaxholms gamla tr\u00e4bryggor och hamnar. Detta ska kunna ge oss b\u00e4ttre f\u00f6ruts\u00e4ttningar f\u00f6r en framtida h\u00e5llbarhet.<\/p>\n<p><strong>Kristdemokraterna <\/strong>vill g\u00e4rna utveckla och planera f\u00f6r ytterligare ett steg mot ett framtida Vaxholm; ett brett promenadd\u00e4ck mellan v\u00e4ster- och \u00f6sterhamnen. H\u00e4r ska allm\u00e4nhet och turister f\u00e5 m\u00f6jlighet att promenera p\u00e5 ett och samma d\u00e4ck. Med n\u00e4rhet till blomstrande butiker, konstn\u00e4rsmilj\u00f6er, hotell och cafeer\/restauranger ska detta promenadd\u00e4ck inbjuda till ett attraktivt turistm\u00e5l \u00e5ret runt.<\/p>\n<p>&nbsp;<\/p>\n<p><strong>Parkeringsm\u00f6jligheter<\/strong><\/p>\n<p>Vaxholm har i dag f\u00f6r f\u00e5 infartsparkeringar f\u00f6r pendlare. Likas\u00e5 saknar parkeringsm\u00f6jligheter f\u00f6r bes\u00f6kande i den omfattning som beh\u00f6vs.<\/p>\n<p><strong>Kristdemokraterna<\/strong> vill ut\u00f6ka parkeringsplatser f\u00f6r pendlare p\u00e5 Rind\u00f6 och vid Engarn.<\/p>\n<p>I centrala Vaxholm finns L\u00e4gret som \u00e4r stadens gr\u00f6na lunga och <strong>Kristdemokraterna<\/strong> vill bevara denna oas men d\u00e4remot ta utrymmet under L\u00e4gret i anspr\u00e5k f\u00f6r ett parkeringsgarage.<\/p>\n<p>&nbsp;<\/p>\n<p>&nbsp;<\/p>\n<p>&nbsp;<\/p>\n<p>&nbsp;<\/p>\n","protected":false},"excerpt":{"rendered":"<p>Barn\/ungdom och utbildning Barn och ungdomar \u00e4r viktiga h\u00f6rnstenar i byggandet av v\u00e5rt samh\u00e4lle. Kristdemokraterna vill ge dem den allra b\u00e4sta utbildningen och arbetar f\u00f6r att barngrupperna i v\u00e5ra f\u00f6rskolor skall vara sm\u00e5, dvs 12 barn\/grupp. Alla barn har r\u00e4tt att k\u00e4nna sig trygga och att f\u00e5 lyckas i sina studier. Tryggheten st\u00e4rks med flera <a class=\"read-more-link\" href=\"https:\/\/wp.kristdemokraterna.se\/vaxholm\/textsida-fullbredd\/var-politik-i-kommunen\/\">L\u00e4s mer<\/a><\/p>\n","protected":false},"author":955,"featured_media":0,"parent":272,"menu_order":0,"comment_status":"closed","ping_status":"closed","template":"page.php","meta":{"_acf_changed":false,"footnotes":""},"class_list":["post-373","page","type-page","status-publish","hentry"],"acf":[],"yoast_head":"<!-- This site is optimized with the Yoast SEO plugin v27.4 - https:\/\/yoast.com\/product\/yoast-seo-wordpress\/ -->\n<title>V\u00e5r politik i kommunen - Kristdemokraterna | Vaxholm<\/title>\n<meta name=\"robots\" content=\"index, follow, max-snippet:-1, max-image-preview:large, max-video-preview:-1\" \/>\n<link rel=\"canonical\" href=\"https:\/\/wp.kristdemokraterna.se\/vaxholm\/textsida-fullbredd\/var-politik-i-kommunen\/\" \/>\n<meta property=\"og:locale\" content=\"sv_SE\" \/>\n<meta property=\"og:type\" content=\"article\" \/>\n<meta property=\"og:title\" content=\"V\u00e5r politik i kommunen - Kristdemokraterna | Vaxholm\" \/>\n<meta property=\"og:description\" content=\"Barn\/ungdom och utbildning Barn och ungdomar \u00e4r viktiga h\u00f6rnstenar i byggandet av v\u00e5rt samh\u00e4lle. Kristdemokraterna vill ge dem den allra b\u00e4sta utbildningen och arbetar f\u00f6r att barngrupperna i v\u00e5ra f\u00f6rskolor skall vara sm\u00e5, dvs 12 barn\/grupp. Alla barn har r\u00e4tt att k\u00e4nna sig trygga och att f\u00e5 lyckas i sina studier. Tryggheten st\u00e4rks med flera L\u00e4s mer\" \/>\n<meta property=\"og:url\" content=\"https:\/\/wp.kristdemokraterna.se\/vaxholm\/textsida-fullbredd\/var-politik-i-kommunen\/\" \/>\n<meta property=\"og:site_name\" content=\"Kristdemokraterna | Vaxholm\" \/>\n<meta property=\"article:modified_time\" content=\"2021-04-12T11:45:50+00:00\" \/>\n<meta name=\"twitter:card\" content=\"summary_large_image\" \/>\n<meta name=\"twitter:label1\" content=\"Ber\u00e4knad l\u00e4stid\" \/>\n\t<meta name=\"twitter:data1\" content=\"4 minuter\" \/>\n<script type=\"application\/ld+json\" class=\"yoast-schema-graph\">{\"@context\":\"https:\\\/\\\/schema.org\",\"@graph\":[{\"@type\":\"WebPage\",\"@id\":\"https:\\\/\\\/wp.kristdemokraterna.se\\\/vaxholm\\\/textsida-fullbredd\\\/var-politik-i-kommunen\\\/\",\"url\":\"https:\\\/\\\/wp.kristdemokraterna.se\\\/vaxholm\\\/textsida-fullbredd\\\/var-politik-i-kommunen\\\/\",\"name\":\"V\u00e5r politik i kommunen - Kristdemokraterna | Vaxholm\",\"isPartOf\":{\"@id\":\"https:\\\/\\\/wp.kristdemokraterna.se\\\/vaxholm\\\/#website\"},\"datePublished\":\"2017-12-04T15:47:18+00:00\",\"dateModified\":\"2021-04-12T11:45:50+00:00\",\"breadcrumb\":{\"@id\":\"https:\\\/\\\/wp.kristdemokraterna.se\\\/vaxholm\\\/textsida-fullbredd\\\/var-politik-i-kommunen\\\/#breadcrumb\"},\"inLanguage\":\"sv-SE\",\"potentialAction\":[{\"@type\":\"ReadAction\",\"target\":[\"https:\\\/\\\/wp.kristdemokraterna.se\\\/vaxholm\\\/textsida-fullbredd\\\/var-politik-i-kommunen\\\/\"]}]},{\"@type\":\"BreadcrumbList\",\"@id\":\"https:\\\/\\\/wp.kristdemokraterna.se\\\/vaxholm\\\/textsida-fullbredd\\\/var-politik-i-kommunen\\\/#breadcrumb\",\"itemListElement\":[{\"@type\":\"ListItem\",\"position\":1,\"name\":\"Hem\",\"item\":\"https:\\\/\\\/wp.kristdemokraterna.se\\\/vaxholm\\\/\"},{\"@type\":\"ListItem\",\"position\":2,\"name\":\"Vad vi st\u00e5r f\u00f6r!\",\"item\":\"https:\\\/\\\/wp.kristdemokraterna.se\\\/vaxholm\\\/textsida-fullbredd\\\/\"},{\"@type\":\"ListItem\",\"position\":3,\"name\":\"V\u00e5r politik i kommunen\"}]},{\"@type\":\"WebSite\",\"@id\":\"https:\\\/\\\/wp.kristdemokraterna.se\\\/vaxholm\\\/#website\",\"url\":\"https:\\\/\\\/wp.kristdemokraterna.se\\\/vaxholm\\\/\",\"name\":\"Kristdemokraterna | Vaxholm\",\"description\":\"\u00c4nnu en webbplats hos Kristdemokraterna\",\"inLanguage\":\"sv-SE\"}]}<\/script>\n<!-- \/ Yoast SEO plugin. -->","yoast_head_json":{"title":"V\u00e5r politik i kommunen - Kristdemokraterna | Vaxholm","robots":{"index":"index","follow":"follow","max-snippet":"max-snippet:-1","max-image-preview":"max-image-preview:large","max-video-preview":"max-video-preview:-1"},"canonical":"https:\/\/wp.kristdemokraterna.se\/vaxholm\/textsida-fullbredd\/var-politik-i-kommunen\/","og_locale":"sv_SE","og_type":"article","og_title":"V\u00e5r politik i kommunen - Kristdemokraterna | Vaxholm","og_description":"Barn\/ungdom och utbildning Barn och ungdomar \u00e4r viktiga h\u00f6rnstenar i byggandet av v\u00e5rt samh\u00e4lle. Kristdemokraterna vill ge dem den allra b\u00e4sta utbildningen och arbetar f\u00f6r att barngrupperna i v\u00e5ra f\u00f6rskolor skall vara sm\u00e5, dvs 12 barn\/grupp. Alla barn har r\u00e4tt att k\u00e4nna sig trygga och att f\u00e5 lyckas i sina studier. Tryggheten st\u00e4rks med flera L\u00e4s mer","og_url":"https:\/\/wp.kristdemokraterna.se\/vaxholm\/textsida-fullbredd\/var-politik-i-kommunen\/","og_site_name":"Kristdemokraterna | Vaxholm","article_modified_time":"2021-04-12T11:45:50+00:00","twitter_card":"summary_large_image","twitter_misc":{"Ber\u00e4knad l\u00e4stid":"4 minuter"},"schema":{"@context":"https:\/\/schema.org","@graph":[{"@type":"WebPage","@id":"https:\/\/wp.kristdemokraterna.se\/vaxholm\/textsida-fullbredd\/var-politik-i-kommunen\/","url":"https:\/\/wp.kristdemokraterna.se\/vaxholm\/textsida-fullbredd\/var-politik-i-kommunen\/","name":"V\u00e5r politik i kommunen - Kristdemokraterna | Vaxholm","isPartOf":{"@id":"https:\/\/wp.kristdemokraterna.se\/vaxholm\/#website"},"datePublished":"2017-12-04T15:47:18+00:00","dateModified":"2021-04-12T11:45:50+00:00","breadcrumb":{"@id":"https:\/\/wp.kristdemokraterna.se\/vaxholm\/textsida-fullbredd\/var-politik-i-kommunen\/#breadcrumb"},"inLanguage":"sv-SE","potentialAction":[{"@type":"ReadAction","target":["https:\/\/wp.kristdemokraterna.se\/vaxholm\/textsida-fullbredd\/var-politik-i-kommunen\/"]}]},{"@type":"BreadcrumbList","@id":"https:\/\/wp.kristdemokraterna.se\/vaxholm\/textsida-fullbredd\/var-politik-i-kommunen\/#breadcrumb","itemListElement":[{"@type":"ListItem","position":1,"name":"Hem","item":"https:\/\/wp.kristdemokraterna.se\/vaxholm\/"},{"@type":"ListItem","position":2,"name":"Vad vi st\u00e5r f\u00f6r!","item":"https:\/\/wp.kristdemokraterna.se\/vaxholm\/textsida-fullbredd\/"},{"@type":"ListItem","position":3,"name":"V\u00e5r politik i kommunen"}]},{"@type":"WebSite","@id":"https:\/\/wp.kristdemokraterna.se\/vaxholm\/#website","url":"https:\/\/wp.kristdemokraterna.se\/vaxholm\/","name":"Kristdemokraterna | Vaxholm","description":"\u00c4nnu en webbplats hos Kristdemokraterna","inLanguage":"sv-SE"}]}},"_links":{"self":[{"href":"https:\/\/wp.kristdemokraterna.se\/vaxholm\/wp-json\/wp\/v2\/pages\/373","targetHints":{"allow":["GET"]}}],"collection":[{"href":"https:\/\/wp.kristdemokraterna.se\/vaxholm\/wp-json\/wp\/v2\/pages"}],"about":[{"href":"https:\/\/wp.kristdemokraterna.se\/vaxholm\/wp-json\/wp\/v2\/types\/page"}],"author":[{"embeddable":true,"href":"https:\/\/wp.kristdemokraterna.se\/vaxholm\/wp-json\/wp\/v2\/users\/955"}],"replies":[{"embeddable":true,"href":"https:\/\/wp.kristdemokraterna.se\/vaxholm\/wp-json\/wp\/v2\/comments?post=373"}],"version-history":[{"count":3,"href":"https:\/\/wp.kristdemokraterna.se\/vaxholm\/wp-json\/wp\/v2\/pages\/373\/revisions"}],"predecessor-version":[{"id":536,"href":"https:\/\/wp.kristdemokraterna.se\/vaxholm\/wp-json\/wp\/v2\/pages\/373\/revisions\/536"}],"up":[{"embeddable":true,"href":"https:\/\/wp.kristdemokraterna.se\/vaxholm\/wp-json\/wp\/v2\/pages\/272"}],"wp:attachment":[{"href":"https:\/\/wp.kristdemokraterna.se\/vaxholm\/wp-json\/wp\/v2\/media?parent=373"}],"curies":[{"name":"wp","href":"https:\/\/api.w.org\/{rel}","templated":true}]}}