{"id":2129,"date":"2023-01-25T16:54:50","date_gmt":"2023-01-25T15:54:50","guid":{"rendered":"https:\/\/wp.kristdemokraterna.se\/vaxjo\/?page_id=2129"},"modified":"2023-01-25T16:54:50","modified_gmt":"2023-01-25T15:54:50","slug":"kontakta-oss","status":"publish","type":"page","link":"https:\/\/wp.kristdemokraterna.se\/vaxjo\/kontakta-oss\/","title":{"rendered":"Kontakta oss"},"content":{"rendered":"<p><a href=\"https:\/\/wp.kristdemokraterna.se\/vaxjo\/files\/2023\/01\/kontakt-patrik.png\"><img loading=\"lazy\" decoding=\"async\" class=\"size-thumbnail wp-image-2124 alignnone\" src=\"https:\/\/wp.kristdemokraterna.se\/vaxjo\/files\/2023\/01\/kontakt-patrik-150x150.png\" alt=\"\" width=\"150\" height=\"150\" srcset=\"https:\/\/wp.kristdemokraterna.se\/vaxjo\/files\/2023\/01\/kontakt-patrik-150x150.png 150w, https:\/\/wp.kristdemokraterna.se\/vaxjo\/files\/2023\/01\/kontakt-patrik-90x90.png 90w\" sizes=\"auto, (max-width: 150px) 100vw, 150px\" \/><\/a><\/p>\n<p>Patrik \u00c5kesson<br \/>\nGruppledare, KD V\u00e4xj\u00f6<\/p>\n<p>Mail: sturkofast@gmail.com<\/p>\n","protected":false},"excerpt":{"rendered":"<p>Patrik \u00c5kesson Gruppledare, KD V\u00e4xj\u00f6 Mail: sturkofast@gmail.com<\/p>\n","protected":false},"author":896,"featured_media":714,"parent":0,"menu_order":0,"comment_status":"closed","ping_status":"closed","template":"","meta":{"_acf_changed":false,"footnotes":""},"class_list":["post-2129","page","type-page","status-publish","hentry"],"acf":[],"yoast_head":"<!-- This site is optimized with the Yoast SEO plugin v27.4 - https:\/\/yoast.com\/product\/yoast-seo-wordpress\/ -->\n<title>Kontakta oss - Kristdemokraterna | V\u00e4xj\u00f6<\/title>\n<meta name=\"robots\" content=\"index, follow, max-snippet:-1, max-image-preview:large, max-video-preview:-1\" \/>\n<link rel=\"canonical\" href=\"https:\/\/wp.kristdemokraterna.se\/vaxjo\/kontakta-oss\/\" \/>\n<meta property=\"og:locale\" content=\"sv_SE\" \/>\n<meta property=\"og:type\" content=\"article\" \/>\n<meta property=\"og:title\" content=\"Kontakta oss - Kristdemokraterna | V\u00e4xj\u00f6\" \/>\n<meta property=\"og:description\" content=\"Patrik \u00c5kesson Gruppledare, KD V\u00e4xj\u00f6 Mail: sturkofast@gmail.com\" \/>\n<meta property=\"og:url\" content=\"https:\/\/wp.kristdemokraterna.se\/vaxjo\/kontakta-oss\/\" \/>\n<meta property=\"og:site_name\" content=\"Kristdemokraterna | V\u00e4xj\u00f6\" \/>\n<meta property=\"og:image\" content=\"https:\/\/wp.kristdemokraterna.se\/vaxjo\/files\/2023\/01\/kontakt-patrik-150x150.png\" \/>\n<meta name=\"twitter:card\" content=\"summary_large_image\" \/>\n<meta name=\"twitter:label1\" content=\"Ber\u00e4knad l\u00e4stid\" \/>\n\t<meta name=\"twitter:data1\" content=\"1 minut\" \/>\n<script type=\"application\/ld+json\" class=\"yoast-schema-graph\">{\"@context\":\"https:\\\/\\\/schema.org\",\"@graph\":[{\"@type\":\"WebPage\",\"@id\":\"https:\\\/\\\/wp.kristdemokraterna.se\\\/vaxjo\\\/kontakta-oss\\\/\",\"url\":\"https:\\\/\\\/wp.kristdemokraterna.se\\\/vaxjo\\\/kontakta-oss\\\/\",\"name\":\"Kontakta oss - Kristdemokraterna | V\u00e4xj\u00f6\",\"isPartOf\":{\"@id\":\"https:\\\/\\\/wp.kristdemokraterna.se\\\/vaxjo\\\/#website\"},\"primaryImageOfPage\":{\"@id\":\"https:\\\/\\\/wp.kristdemokraterna.se\\\/vaxjo\\\/kontakta-oss\\\/#primaryimage\"},\"image\":{\"@id\":\"https:\\\/\\\/wp.kristdemokraterna.se\\\/vaxjo\\\/kontakta-oss\\\/#primaryimage\"},\"thumbnailUrl\":\"\",\"datePublished\":\"2023-01-25T15:54:50+00:00\",\"breadcrumb\":{\"@id\":\"https:\\\/\\\/wp.kristdemokraterna.se\\\/vaxjo\\\/kontakta-oss\\\/#breadcrumb\"},\"inLanguage\":\"sv-SE\",\"potentialAction\":[{\"@type\":\"ReadAction\",\"target\":[\"https:\\\/\\\/wp.kristdemokraterna.se\\\/vaxjo\\\/kontakta-oss\\\/\"]}]},{\"@type\":\"ImageObject\",\"inLanguage\":\"sv-SE\",\"@id\":\"https:\\\/\\\/wp.kristdemokraterna.se\\\/vaxjo\\\/kontakta-oss\\\/#primaryimage\",\"url\":\"\",\"contentUrl\":\"\"},{\"@type\":\"BreadcrumbList\",\"@id\":\"https:\\\/\\\/wp.kristdemokraterna.se\\\/vaxjo\\\/kontakta-oss\\\/#breadcrumb\",\"itemListElement\":[{\"@type\":\"ListItem\",\"position\":1,\"name\":\"Hem\",\"item\":\"https:\\\/\\\/wp.kristdemokraterna.se\\\/vaxjo\\\/\"},{\"@type\":\"ListItem\",\"position\":2,\"name\":\"Kontakta oss\"}]},{\"@type\":\"WebSite\",\"@id\":\"https:\\\/\\\/wp.kristdemokraterna.se\\\/vaxjo\\\/#website\",\"url\":\"https:\\\/\\\/wp.kristdemokraterna.se\\\/vaxjo\\\/\",\"name\":\"Kristdemokraterna | V\u00e4xj\u00f6\",\"description\":\"En till Kristdemokraterna webbplats\",\"inLanguage\":\"sv-SE\"}]}<\/script>\n<!-- \/ Yoast SEO plugin. -->","yoast_head_json":{"title":"Kontakta oss - Kristdemokraterna | V\u00e4xj\u00f6","robots":{"index":"index","follow":"follow","max-snippet":"max-snippet:-1","max-image-preview":"max-image-preview:large","max-video-preview":"max-video-preview:-1"},"canonical":"https:\/\/wp.kristdemokraterna.se\/vaxjo\/kontakta-oss\/","og_locale":"sv_SE","og_type":"article","og_title":"Kontakta oss - Kristdemokraterna | V\u00e4xj\u00f6","og_description":"Patrik \u00c5kesson Gruppledare, KD V\u00e4xj\u00f6 Mail: sturkofast@gmail.com","og_url":"https:\/\/wp.kristdemokraterna.se\/vaxjo\/kontakta-oss\/","og_site_name":"Kristdemokraterna | V\u00e4xj\u00f6","og_image":[{"url":"https:\/\/wp.kristdemokraterna.se\/vaxjo\/files\/2023\/01\/kontakt-patrik-150x150.png","type":"","width":"","height":""}],"twitter_card":"summary_large_image","twitter_misc":{"Ber\u00e4knad l\u00e4stid":"1 minut"},"schema":{"@context":"https:\/\/schema.org","@graph":[{"@type":"WebPage","@id":"https:\/\/wp.kristdemokraterna.se\/vaxjo\/kontakta-oss\/","url":"https:\/\/wp.kristdemokraterna.se\/vaxjo\/kontakta-oss\/","name":"Kontakta oss - Kristdemokraterna | V\u00e4xj\u00f6","isPartOf":{"@id":"https:\/\/wp.kristdemokraterna.se\/vaxjo\/#website"},"primaryImageOfPage":{"@id":"https:\/\/wp.kristdemokraterna.se\/vaxjo\/kontakta-oss\/#primaryimage"},"image":{"@id":"https:\/\/wp.kristdemokraterna.se\/vaxjo\/kontakta-oss\/#primaryimage"},"thumbnailUrl":"","datePublished":"2023-01-25T15:54:50+00:00","breadcrumb":{"@id":"https:\/\/wp.kristdemokraterna.se\/vaxjo\/kontakta-oss\/#breadcrumb"},"inLanguage":"sv-SE","potentialAction":[{"@type":"ReadAction","target":["https:\/\/wp.kristdemokraterna.se\/vaxjo\/kontakta-oss\/"]}]},{"@type":"ImageObject","inLanguage":"sv-SE","@id":"https:\/\/wp.kristdemokraterna.se\/vaxjo\/kontakta-oss\/#primaryimage","url":"","contentUrl":""},{"@type":"BreadcrumbList","@id":"https:\/\/wp.kristdemokraterna.se\/vaxjo\/kontakta-oss\/#breadcrumb","itemListElement":[{"@type":"ListItem","position":1,"name":"Hem","item":"https:\/\/wp.kristdemokraterna.se\/vaxjo\/"},{"@type":"ListItem","position":2,"name":"Kontakta oss"}]},{"@type":"WebSite","@id":"https:\/\/wp.kristdemokraterna.se\/vaxjo\/#website","url":"https:\/\/wp.kristdemokraterna.se\/vaxjo\/","name":"Kristdemokraterna | V\u00e4xj\u00f6","description":"En till Kristdemokraterna webbplats","inLanguage":"sv-SE"}]}},"_links":{"self":[{"href":"https:\/\/wp.kristdemokraterna.se\/vaxjo\/wp-json\/wp\/v2\/pages\/2129","targetHints":{"allow":["GET"]}}],"collection":[{"href":"https:\/\/wp.kristdemokraterna.se\/vaxjo\/wp-json\/wp\/v2\/pages"}],"about":[{"href":"https:\/\/wp.kristdemokraterna.se\/vaxjo\/wp-json\/wp\/v2\/types\/page"}],"author":[{"embeddable":true,"href":"https:\/\/wp.kristdemokraterna.se\/vaxjo\/wp-json\/wp\/v2\/users\/896"}],"replies":[{"embeddable":true,"href":"https:\/\/wp.kristdemokraterna.se\/vaxjo\/wp-json\/wp\/v2\/comments?post=2129"}],"version-history":[{"count":1,"href":"https:\/\/wp.kristdemokraterna.se\/vaxjo\/wp-json\/wp\/v2\/pages\/2129\/revisions"}],"predecessor-version":[{"id":2130,"href":"https:\/\/wp.kristdemokraterna.se\/vaxjo\/wp-json\/wp\/v2\/pages\/2129\/revisions\/2130"}],"wp:featuredmedia":[{"embeddable":true,"href":"https:\/\/wp.kristdemokraterna.se\/vaxjo\/wp-json\/"}],"wp:attachment":[{"href":"https:\/\/wp.kristdemokraterna.se\/vaxjo\/wp-json\/wp\/v2\/media?parent=2129"}],"curies":[{"name":"wp","href":"https:\/\/api.w.org\/{rel}","templated":true}]}}