{"id":2172,"date":"2023-01-25T22:49:14","date_gmt":"2023-01-25T21:49:14","guid":{"rendered":"https:\/\/wp.kristdemokraterna.se\/vaxjo\/?page_id=2172"},"modified":"2023-01-25T22:49:14","modified_gmt":"2023-01-25T21:49:14","slug":"var-politik","status":"publish","type":"page","link":"https:\/\/wp.kristdemokraterna.se\/vaxjo\/var-politik\/","title":{"rendered":"V\u00e5r politik"},"content":{"rendered":"<p><a href=\"https:\/\/wp.kristdemokraterna.se\/vaxjo\/files\/2023\/01\/1.png\"><img loading=\"lazy\" decoding=\"async\" class=\"aligncenter size-large wp-image-548\" src=\"https:\/\/wp.kristdemokraterna.se\/vaxjo\/files\/2023\/01\/1-1024x720.png\" alt=\"\" width=\"1024\" height=\"720\" srcset=\"https:\/\/wp.kristdemokraterna.se\/vaxjo\/files\/2023\/01\/1-1024x720.png 1024w, https:\/\/wp.kristdemokraterna.se\/vaxjo\/files\/2023\/01\/1-300x211.png 300w, https:\/\/wp.kristdemokraterna.se\/vaxjo\/files\/2023\/01\/1-768x540.png 768w, https:\/\/wp.kristdemokraterna.se\/vaxjo\/files\/2023\/01\/1-1536x1080.png 1536w, https:\/\/wp.kristdemokraterna.se\/vaxjo\/files\/2023\/01\/1-284x200.png 284w, https:\/\/wp.kristdemokraterna.se\/vaxjo\/files\/2023\/01\/1-370x260.png 370w, https:\/\/wp.kristdemokraterna.se\/vaxjo\/files\/2023\/01\/1-770x542.png 770w, https:\/\/wp.kristdemokraterna.se\/vaxjo\/files\/2023\/01\/1-450x316.png 450w, https:\/\/wp.kristdemokraterna.se\/vaxjo\/files\/2023\/01\/1-280x197.png 280w, https:\/\/wp.kristdemokraterna.se\/vaxjo\/files\/2023\/01\/1-340x239.png 340w, https:\/\/wp.kristdemokraterna.se\/vaxjo\/files\/2023\/01\/1-200x141.png 200w, https:\/\/wp.kristdemokraterna.se\/vaxjo\/files\/2023\/01\/1-80x56.png 80w, https:\/\/wp.kristdemokraterna.se\/vaxjo\/files\/2023\/01\/1.png 1776w\" sizes=\"auto, (max-width: 1024px) 100vw, 1024px\" \/><\/a><\/p>\n<p><a href=\"https:\/\/wp.kristdemokraterna.se\/vaxjo\/files\/2023\/01\/2.png\"><img loading=\"lazy\" decoding=\"async\" class=\"aligncenter size-large wp-image-2110\" src=\"https:\/\/wp.kristdemokraterna.se\/vaxjo\/files\/2023\/01\/2-1024x723.png\" alt=\"\" width=\"1024\" height=\"723\" srcset=\"https:\/\/wp.kristdemokraterna.se\/vaxjo\/files\/2023\/01\/2-1024x723.png 1024w, https:\/\/wp.kristdemokraterna.se\/vaxjo\/files\/2023\/01\/2-300x212.png 300w, https:\/\/wp.kristdemokraterna.se\/vaxjo\/files\/2023\/01\/2-768x542.png 768w, https:\/\/wp.kristdemokraterna.se\/vaxjo\/files\/2023\/01\/2-1536x1085.png 1536w, https:\/\/wp.kristdemokraterna.se\/vaxjo\/files\/2023\/01\/2-283x200.png 283w, https:\/\/wp.kristdemokraterna.se\/vaxjo\/files\/2023\/01\/2-370x261.png 370w, https:\/\/wp.kristdemokraterna.se\/vaxjo\/files\/2023\/01\/2-770x544.png 770w, https:\/\/wp.kristdemokraterna.se\/vaxjo\/files\/2023\/01\/2-450x318.png 450w, https:\/\/wp.kristdemokraterna.se\/vaxjo\/files\/2023\/01\/2-280x198.png 280w, https:\/\/wp.kristdemokraterna.se\/vaxjo\/files\/2023\/01\/2-340x240.png 340w, https:\/\/wp.kristdemokraterna.se\/vaxjo\/files\/2023\/01\/2-200x141.png 200w, https:\/\/wp.kristdemokraterna.se\/vaxjo\/files\/2023\/01\/2-79x56.png 79w, https:\/\/wp.kristdemokraterna.se\/vaxjo\/files\/2023\/01\/2.png 1781w\" sizes=\"auto, (max-width: 1024px) 100vw, 1024px\" \/><\/a><\/p>\n","protected":false},"excerpt":{"rendered":"","protected":false},"author":896,"featured_media":714,"parent":0,"menu_order":0,"comment_status":"closed","ping_status":"closed","template":"","meta":{"_acf_changed":false,"footnotes":""},"class_list":["post-2172","page","type-page","status-publish","hentry"],"acf":[],"yoast_head":"<!-- This site is optimized with the Yoast SEO plugin v27.3 - https:\/\/yoast.com\/product\/yoast-seo-wordpress\/ -->\n<title>V\u00e5r politik - Kristdemokraterna | V\u00e4xj\u00f6<\/title>\n<meta name=\"robots\" content=\"index, follow, max-snippet:-1, max-image-preview:large, max-video-preview:-1\" \/>\n<link rel=\"canonical\" href=\"https:\/\/wp.kristdemokraterna.se\/vaxjo\/var-politik\/\" \/>\n<meta property=\"og:locale\" content=\"sv_SE\" \/>\n<meta property=\"og:type\" content=\"article\" \/>\n<meta property=\"og:title\" content=\"V\u00e5r politik - Kristdemokraterna | V\u00e4xj\u00f6\" \/>\n<meta property=\"og:url\" content=\"https:\/\/wp.kristdemokraterna.se\/vaxjo\/var-politik\/\" \/>\n<meta property=\"og:site_name\" content=\"Kristdemokraterna | V\u00e4xj\u00f6\" \/>\n<meta property=\"og:image\" content=\"https:\/\/wp.kristdemokraterna.se\/vaxjo\/files\/2023\/01\/1-1024x720.png\" \/>\n<meta name=\"twitter:card\" content=\"summary_large_image\" \/>\n<meta name=\"twitter:label1\" content=\"Ber\u00e4knad l\u00e4stid\" \/>\n\t<meta name=\"twitter:data1\" content=\"1 minut\" \/>\n<script type=\"application\/ld+json\" class=\"yoast-schema-graph\">{\"@context\":\"https:\\\/\\\/schema.org\",\"@graph\":[{\"@type\":\"WebPage\",\"@id\":\"https:\\\/\\\/wp.kristdemokraterna.se\\\/vaxjo\\\/var-politik\\\/\",\"url\":\"https:\\\/\\\/wp.kristdemokraterna.se\\\/vaxjo\\\/var-politik\\\/\",\"name\":\"V\u00e5r politik - Kristdemokraterna | V\u00e4xj\u00f6\",\"isPartOf\":{\"@id\":\"https:\\\/\\\/wp.kristdemokraterna.se\\\/vaxjo\\\/#website\"},\"primaryImageOfPage\":{\"@id\":\"https:\\\/\\\/wp.kristdemokraterna.se\\\/vaxjo\\\/var-politik\\\/#primaryimage\"},\"image\":{\"@id\":\"https:\\\/\\\/wp.kristdemokraterna.se\\\/vaxjo\\\/var-politik\\\/#primaryimage\"},\"thumbnailUrl\":\"\",\"datePublished\":\"2023-01-25T21:49:14+00:00\",\"breadcrumb\":{\"@id\":\"https:\\\/\\\/wp.kristdemokraterna.se\\\/vaxjo\\\/var-politik\\\/#breadcrumb\"},\"inLanguage\":\"sv-SE\",\"potentialAction\":[{\"@type\":\"ReadAction\",\"target\":[\"https:\\\/\\\/wp.kristdemokraterna.se\\\/vaxjo\\\/var-politik\\\/\"]}]},{\"@type\":\"ImageObject\",\"inLanguage\":\"sv-SE\",\"@id\":\"https:\\\/\\\/wp.kristdemokraterna.se\\\/vaxjo\\\/var-politik\\\/#primaryimage\",\"url\":\"\",\"contentUrl\":\"\"},{\"@type\":\"BreadcrumbList\",\"@id\":\"https:\\\/\\\/wp.kristdemokraterna.se\\\/vaxjo\\\/var-politik\\\/#breadcrumb\",\"itemListElement\":[{\"@type\":\"ListItem\",\"position\":1,\"name\":\"Hem\",\"item\":\"https:\\\/\\\/wp.kristdemokraterna.se\\\/vaxjo\\\/\"},{\"@type\":\"ListItem\",\"position\":2,\"name\":\"V\u00e5r politik\"}]},{\"@type\":\"WebSite\",\"@id\":\"https:\\\/\\\/wp.kristdemokraterna.se\\\/vaxjo\\\/#website\",\"url\":\"https:\\\/\\\/wp.kristdemokraterna.se\\\/vaxjo\\\/\",\"name\":\"Kristdemokraterna | V\u00e4xj\u00f6\",\"description\":\"En till Kristdemokraterna webbplats\",\"inLanguage\":\"sv-SE\"}]}<\/script>\n<!-- \/ Yoast SEO plugin. -->","yoast_head_json":{"title":"V\u00e5r politik - Kristdemokraterna | V\u00e4xj\u00f6","robots":{"index":"index","follow":"follow","max-snippet":"max-snippet:-1","max-image-preview":"max-image-preview:large","max-video-preview":"max-video-preview:-1"},"canonical":"https:\/\/wp.kristdemokraterna.se\/vaxjo\/var-politik\/","og_locale":"sv_SE","og_type":"article","og_title":"V\u00e5r politik - Kristdemokraterna | V\u00e4xj\u00f6","og_url":"https:\/\/wp.kristdemokraterna.se\/vaxjo\/var-politik\/","og_site_name":"Kristdemokraterna | V\u00e4xj\u00f6","og_image":[{"url":"https:\/\/wp.kristdemokraterna.se\/vaxjo\/files\/2023\/01\/1-1024x720.png","type":"","width":"","height":""}],"twitter_card":"summary_large_image","twitter_misc":{"Ber\u00e4knad l\u00e4stid":"1 minut"},"schema":{"@context":"https:\/\/schema.org","@graph":[{"@type":"WebPage","@id":"https:\/\/wp.kristdemokraterna.se\/vaxjo\/var-politik\/","url":"https:\/\/wp.kristdemokraterna.se\/vaxjo\/var-politik\/","name":"V\u00e5r politik - Kristdemokraterna | V\u00e4xj\u00f6","isPartOf":{"@id":"https:\/\/wp.kristdemokraterna.se\/vaxjo\/#website"},"primaryImageOfPage":{"@id":"https:\/\/wp.kristdemokraterna.se\/vaxjo\/var-politik\/#primaryimage"},"image":{"@id":"https:\/\/wp.kristdemokraterna.se\/vaxjo\/var-politik\/#primaryimage"},"thumbnailUrl":"","datePublished":"2023-01-25T21:49:14+00:00","breadcrumb":{"@id":"https:\/\/wp.kristdemokraterna.se\/vaxjo\/var-politik\/#breadcrumb"},"inLanguage":"sv-SE","potentialAction":[{"@type":"ReadAction","target":["https:\/\/wp.kristdemokraterna.se\/vaxjo\/var-politik\/"]}]},{"@type":"ImageObject","inLanguage":"sv-SE","@id":"https:\/\/wp.kristdemokraterna.se\/vaxjo\/var-politik\/#primaryimage","url":"","contentUrl":""},{"@type":"BreadcrumbList","@id":"https:\/\/wp.kristdemokraterna.se\/vaxjo\/var-politik\/#breadcrumb","itemListElement":[{"@type":"ListItem","position":1,"name":"Hem","item":"https:\/\/wp.kristdemokraterna.se\/vaxjo\/"},{"@type":"ListItem","position":2,"name":"V\u00e5r politik"}]},{"@type":"WebSite","@id":"https:\/\/wp.kristdemokraterna.se\/vaxjo\/#website","url":"https:\/\/wp.kristdemokraterna.se\/vaxjo\/","name":"Kristdemokraterna | V\u00e4xj\u00f6","description":"En till Kristdemokraterna webbplats","inLanguage":"sv-SE"}]}},"_links":{"self":[{"href":"https:\/\/wp.kristdemokraterna.se\/vaxjo\/wp-json\/wp\/v2\/pages\/2172","targetHints":{"allow":["GET"]}}],"collection":[{"href":"https:\/\/wp.kristdemokraterna.se\/vaxjo\/wp-json\/wp\/v2\/pages"}],"about":[{"href":"https:\/\/wp.kristdemokraterna.se\/vaxjo\/wp-json\/wp\/v2\/types\/page"}],"author":[{"embeddable":true,"href":"https:\/\/wp.kristdemokraterna.se\/vaxjo\/wp-json\/wp\/v2\/users\/896"}],"replies":[{"embeddable":true,"href":"https:\/\/wp.kristdemokraterna.se\/vaxjo\/wp-json\/wp\/v2\/comments?post=2172"}],"version-history":[{"count":1,"href":"https:\/\/wp.kristdemokraterna.se\/vaxjo\/wp-json\/wp\/v2\/pages\/2172\/revisions"}],"predecessor-version":[{"id":2173,"href":"https:\/\/wp.kristdemokraterna.se\/vaxjo\/wp-json\/wp\/v2\/pages\/2172\/revisions\/2173"}],"wp:featuredmedia":[{"embeddable":true,"href":"https:\/\/wp.kristdemokraterna.se\/vaxjo\/wp-json\/"}],"wp:attachment":[{"href":"https:\/\/wp.kristdemokraterna.se\/vaxjo\/wp-json\/wp\/v2\/media?parent=2172"}],"curies":[{"name":"wp","href":"https:\/\/api.w.org\/{rel}","templated":true}]}}