{"id":2180,"date":"2023-01-25T22:56:14","date_gmt":"2023-01-25T21:56:14","guid":{"rendered":"https:\/\/wp.kristdemokraterna.se\/vaxjo\/?page_id=2180"},"modified":"2023-01-25T22:56:14","modified_gmt":"2023-01-25T21:56:14","slug":"kristdemokraterna-vaxjo","status":"publish","type":"page","link":"https:\/\/wp.kristdemokraterna.se\/vaxjo\/kristdemokraterna-vaxjo\/","title":{"rendered":"Kristdemokraterna V\u00e4xj\u00f6"},"content":{"rendered":"","protected":false},"excerpt":{"rendered":"","protected":false},"author":896,"featured_media":714,"parent":0,"menu_order":0,"comment_status":"closed","ping_status":"closed","template":"","meta":{"_acf_changed":false,"footnotes":""},"class_list":["post-2180","page","type-page","status-publish","hentry"],"acf":[],"yoast_head":"<!-- This site is optimized with the Yoast SEO plugin v27.3 - https:\/\/yoast.com\/product\/yoast-seo-wordpress\/ -->\n<title>Kristdemokraterna V\u00e4xj\u00f6 - Kristdemokraterna | V\u00e4xj\u00f6<\/title>\n<meta name=\"robots\" content=\"index, follow, max-snippet:-1, max-image-preview:large, max-video-preview:-1\" \/>\n<link rel=\"canonical\" href=\"https:\/\/wp.kristdemokraterna.se\/vaxjo\/kristdemokraterna-vaxjo\/\" \/>\n<meta property=\"og:locale\" content=\"sv_SE\" \/>\n<meta property=\"og:type\" content=\"article\" \/>\n<meta property=\"og:title\" content=\"Kristdemokraterna V\u00e4xj\u00f6 - Kristdemokraterna | V\u00e4xj\u00f6\" \/>\n<meta property=\"og:url\" content=\"https:\/\/wp.kristdemokraterna.se\/vaxjo\/kristdemokraterna-vaxjo\/\" \/>\n<meta property=\"og:site_name\" content=\"Kristdemokraterna | V\u00e4xj\u00f6\" \/>\n<meta name=\"twitter:card\" content=\"summary_large_image\" \/>\n<script type=\"application\/ld+json\" class=\"yoast-schema-graph\">{\"@context\":\"https:\\\/\\\/schema.org\",\"@graph\":[{\"@type\":\"WebPage\",\"@id\":\"https:\\\/\\\/wp.kristdemokraterna.se\\\/vaxjo\\\/kristdemokraterna-vaxjo\\\/\",\"url\":\"https:\\\/\\\/wp.kristdemokraterna.se\\\/vaxjo\\\/kristdemokraterna-vaxjo\\\/\",\"name\":\"Kristdemokraterna V\u00e4xj\u00f6 - Kristdemokraterna | V\u00e4xj\u00f6\",\"isPartOf\":{\"@id\":\"https:\\\/\\\/wp.kristdemokraterna.se\\\/vaxjo\\\/#website\"},\"primaryImageOfPage\":{\"@id\":\"https:\\\/\\\/wp.kristdemokraterna.se\\\/vaxjo\\\/kristdemokraterna-vaxjo\\\/#primaryimage\"},\"image\":{\"@id\":\"https:\\\/\\\/wp.kristdemokraterna.se\\\/vaxjo\\\/kristdemokraterna-vaxjo\\\/#primaryimage\"},\"thumbnailUrl\":\"\",\"datePublished\":\"2023-01-25T21:56:14+00:00\",\"breadcrumb\":{\"@id\":\"https:\\\/\\\/wp.kristdemokraterna.se\\\/vaxjo\\\/kristdemokraterna-vaxjo\\\/#breadcrumb\"},\"inLanguage\":\"sv-SE\",\"potentialAction\":[{\"@type\":\"ReadAction\",\"target\":[\"https:\\\/\\\/wp.kristdemokraterna.se\\\/vaxjo\\\/kristdemokraterna-vaxjo\\\/\"]}]},{\"@type\":\"ImageObject\",\"inLanguage\":\"sv-SE\",\"@id\":\"https:\\\/\\\/wp.kristdemokraterna.se\\\/vaxjo\\\/kristdemokraterna-vaxjo\\\/#primaryimage\",\"url\":\"\",\"contentUrl\":\"\"},{\"@type\":\"BreadcrumbList\",\"@id\":\"https:\\\/\\\/wp.kristdemokraterna.se\\\/vaxjo\\\/kristdemokraterna-vaxjo\\\/#breadcrumb\",\"itemListElement\":[{\"@type\":\"ListItem\",\"position\":1,\"name\":\"Hem\",\"item\":\"https:\\\/\\\/wp.kristdemokraterna.se\\\/vaxjo\\\/\"},{\"@type\":\"ListItem\",\"position\":2,\"name\":\"Kristdemokraterna V\u00e4xj\u00f6\"}]},{\"@type\":\"WebSite\",\"@id\":\"https:\\\/\\\/wp.kristdemokraterna.se\\\/vaxjo\\\/#website\",\"url\":\"https:\\\/\\\/wp.kristdemokraterna.se\\\/vaxjo\\\/\",\"name\":\"Kristdemokraterna | V\u00e4xj\u00f6\",\"description\":\"En till Kristdemokraterna webbplats\",\"inLanguage\":\"sv-SE\"}]}<\/script>\n<!-- \/ Yoast SEO plugin. -->","yoast_head_json":{"title":"Kristdemokraterna V\u00e4xj\u00f6 - Kristdemokraterna | V\u00e4xj\u00f6","robots":{"index":"index","follow":"follow","max-snippet":"max-snippet:-1","max-image-preview":"max-image-preview:large","max-video-preview":"max-video-preview:-1"},"canonical":"https:\/\/wp.kristdemokraterna.se\/vaxjo\/kristdemokraterna-vaxjo\/","og_locale":"sv_SE","og_type":"article","og_title":"Kristdemokraterna V\u00e4xj\u00f6 - Kristdemokraterna | V\u00e4xj\u00f6","og_url":"https:\/\/wp.kristdemokraterna.se\/vaxjo\/kristdemokraterna-vaxjo\/","og_site_name":"Kristdemokraterna | V\u00e4xj\u00f6","twitter_card":"summary_large_image","schema":{"@context":"https:\/\/schema.org","@graph":[{"@type":"WebPage","@id":"https:\/\/wp.kristdemokraterna.se\/vaxjo\/kristdemokraterna-vaxjo\/","url":"https:\/\/wp.kristdemokraterna.se\/vaxjo\/kristdemokraterna-vaxjo\/","name":"Kristdemokraterna V\u00e4xj\u00f6 - Kristdemokraterna | V\u00e4xj\u00f6","isPartOf":{"@id":"https:\/\/wp.kristdemokraterna.se\/vaxjo\/#website"},"primaryImageOfPage":{"@id":"https:\/\/wp.kristdemokraterna.se\/vaxjo\/kristdemokraterna-vaxjo\/#primaryimage"},"image":{"@id":"https:\/\/wp.kristdemokraterna.se\/vaxjo\/kristdemokraterna-vaxjo\/#primaryimage"},"thumbnailUrl":"","datePublished":"2023-01-25T21:56:14+00:00","breadcrumb":{"@id":"https:\/\/wp.kristdemokraterna.se\/vaxjo\/kristdemokraterna-vaxjo\/#breadcrumb"},"inLanguage":"sv-SE","potentialAction":[{"@type":"ReadAction","target":["https:\/\/wp.kristdemokraterna.se\/vaxjo\/kristdemokraterna-vaxjo\/"]}]},{"@type":"ImageObject","inLanguage":"sv-SE","@id":"https:\/\/wp.kristdemokraterna.se\/vaxjo\/kristdemokraterna-vaxjo\/#primaryimage","url":"","contentUrl":""},{"@type":"BreadcrumbList","@id":"https:\/\/wp.kristdemokraterna.se\/vaxjo\/kristdemokraterna-vaxjo\/#breadcrumb","itemListElement":[{"@type":"ListItem","position":1,"name":"Hem","item":"https:\/\/wp.kristdemokraterna.se\/vaxjo\/"},{"@type":"ListItem","position":2,"name":"Kristdemokraterna V\u00e4xj\u00f6"}]},{"@type":"WebSite","@id":"https:\/\/wp.kristdemokraterna.se\/vaxjo\/#website","url":"https:\/\/wp.kristdemokraterna.se\/vaxjo\/","name":"Kristdemokraterna | V\u00e4xj\u00f6","description":"En till Kristdemokraterna webbplats","inLanguage":"sv-SE"}]}},"_links":{"self":[{"href":"https:\/\/wp.kristdemokraterna.se\/vaxjo\/wp-json\/wp\/v2\/pages\/2180","targetHints":{"allow":["GET"]}}],"collection":[{"href":"https:\/\/wp.kristdemokraterna.se\/vaxjo\/wp-json\/wp\/v2\/pages"}],"about":[{"href":"https:\/\/wp.kristdemokraterna.se\/vaxjo\/wp-json\/wp\/v2\/types\/page"}],"author":[{"embeddable":true,"href":"https:\/\/wp.kristdemokraterna.se\/vaxjo\/wp-json\/wp\/v2\/users\/896"}],"replies":[{"embeddable":true,"href":"https:\/\/wp.kristdemokraterna.se\/vaxjo\/wp-json\/wp\/v2\/comments?post=2180"}],"version-history":[{"count":1,"href":"https:\/\/wp.kristdemokraterna.se\/vaxjo\/wp-json\/wp\/v2\/pages\/2180\/revisions"}],"predecessor-version":[{"id":2181,"href":"https:\/\/wp.kristdemokraterna.se\/vaxjo\/wp-json\/wp\/v2\/pages\/2180\/revisions\/2181"}],"wp:featuredmedia":[{"embeddable":true,"href":"https:\/\/wp.kristdemokraterna.se\/vaxjo\/wp-json\/"}],"wp:attachment":[{"href":"https:\/\/wp.kristdemokraterna.se\/vaxjo\/wp-json\/wp\/v2\/media?parent=2180"}],"curies":[{"name":"wp","href":"https:\/\/api.w.org\/{rel}","templated":true}]}}