{"id":352,"date":"2017-12-01T09:56:02","date_gmt":"2017-12-01T08:56:02","guid":{"rendered":"http:\/\/wp.kristdemokraterna.se\/vellinge\/?page_id=352"},"modified":"2026-02-04T10:11:41","modified_gmt":"2026-02-04T09:11:41","slug":"kontakta-oss","status":"publish","type":"page","link":"https:\/\/wp.kristdemokraterna.se\/vellinge\/styrelsen\/kontakta-oss\/","title":{"rendered":"Partiavdelningsstyrelsen"},"content":{"rendered":"<p><a href=\"mailto:petra.kdvellinge@gmail.com\"><strong>Petra Carryson<\/strong><\/a><br \/>\nPartiavdelningsordf\u00f6rande<\/p>\n<p><a href=\"mailto:madeleine@almer.se\"><strong>Madeleine Alm\u00e9r<\/strong><\/a><br \/>\n1:e vice partiavdelningsordf\u00f6rande<\/p>\n<p><a href=\"mailto:Anna.kdvellinge@gmail.com\"><strong>Anna Wendel<\/strong><\/a><br \/>\nPartiavdelningsstyrelseledamot<\/p>\n<p><a href=\"mailto:mariestjarnakjellberg.kd@gmail.com\"><strong>Marie Stj\u00e4rna-Kjellberg<\/strong><\/a><br \/>\nPartiavdelningsstyrelseledamot<\/p>\n<p><b>Tony Rydberg<\/b><br \/>\nPartiavdelningsstyrelseledamot<\/p>\n<p><b>Bengt Stenman<\/b><br \/>\nErs\u00e4ttare Partiavdelningsstyrelseledamot<\/p>\n<p><b>Marcus Hanesk\u00e4r<\/b><br \/>\nErs\u00e4ttare Partiavdelningsstyrelseledamot<\/p>\n<p><b>Stefan Olsson<\/b><br \/>\nErs\u00e4ttare Partiavdelningsstyrelseledamot<\/p>\n","protected":false},"excerpt":{"rendered":"<p>Petra Carryson Partiavdelningsordf\u00f6rande Madeleine Alm\u00e9r 1:e vice partiavdelningsordf\u00f6rande Anna Wendel Partiavdelningsstyrelseledamot Marie Stj\u00e4rna-Kjellberg Partiavdelningsstyrelseledamot Tony Rydberg Partiavdelningsstyrelseledamot Bengt Stenman Ers\u00e4ttare Partiavdelningsstyrelseledamot Marcus Hanesk\u00e4r Ers\u00e4ttare Partiavdelningsstyrelseledamot Stefan Olsson Ers\u00e4ttare Partiavdelningsstyrelseledamot<\/p>\n","protected":false},"author":947,"featured_media":0,"parent":269,"menu_order":2,"comment_status":"closed","ping_status":"closed","template":"page.php","meta":{"_acf_changed":false,"footnotes":""},"class_list":["post-352","page","type-page","status-publish","hentry"],"acf":[],"yoast_head":"<!-- This site is optimized with the Yoast SEO plugin v27.3 - https:\/\/yoast.com\/product\/yoast-seo-wordpress\/ -->\n<title>Partiavdelningsstyrelsen - Kristdemokraterna | Vellinge<\/title>\n<meta name=\"description\" content=\"Kontakta oss g\u00e4rna i styrelsen. Alla synpunkter st\u00e4rker v\u00e5r medlemsbaserade politik\" \/>\n<meta name=\"robots\" content=\"index, follow, max-snippet:-1, max-image-preview:large, max-video-preview:-1\" \/>\n<link rel=\"canonical\" href=\"https:\/\/wp.kristdemokraterna.se\/vellinge\/styrelsen\/kontakta-oss\/\" \/>\n<meta property=\"og:locale\" content=\"sv_SE\" \/>\n<meta property=\"og:type\" content=\"article\" \/>\n<meta property=\"og:title\" content=\"Partiavdelningsstyrelsen - Kristdemokraterna | Vellinge\" \/>\n<meta property=\"og:description\" content=\"Kontakta oss g\u00e4rna i styrelsen. Alla synpunkter st\u00e4rker v\u00e5r medlemsbaserade politik\" \/>\n<meta property=\"og:url\" content=\"https:\/\/wp.kristdemokraterna.se\/vellinge\/styrelsen\/kontakta-oss\/\" \/>\n<meta property=\"og:site_name\" content=\"Kristdemokraterna | Vellinge\" \/>\n<meta property=\"article:modified_time\" content=\"2026-02-04T09:11:41+00:00\" \/>\n<meta name=\"twitter:card\" content=\"summary_large_image\" \/>\n<meta name=\"twitter:label1\" content=\"Ber\u00e4knad l\u00e4stid\" \/>\n\t<meta name=\"twitter:data1\" content=\"1 minut\" \/>\n<script type=\"application\/ld+json\" class=\"yoast-schema-graph\">{\"@context\":\"https:\\\/\\\/schema.org\",\"@graph\":[{\"@type\":[\"WebPage\",\"ContactPage\"],\"@id\":\"https:\\\/\\\/wp.kristdemokraterna.se\\\/vellinge\\\/styrelsen\\\/kontakta-oss\\\/\",\"url\":\"https:\\\/\\\/wp.kristdemokraterna.se\\\/vellinge\\\/styrelsen\\\/kontakta-oss\\\/\",\"name\":\"Partiavdelningsstyrelsen - Kristdemokraterna | Vellinge\",\"isPartOf\":{\"@id\":\"https:\\\/\\\/wp.kristdemokraterna.se\\\/vellinge\\\/#website\"},\"datePublished\":\"2017-12-01T08:56:02+00:00\",\"dateModified\":\"2026-02-04T09:11:41+00:00\",\"description\":\"Kontakta oss g\u00e4rna i styrelsen. Alla synpunkter st\u00e4rker v\u00e5r medlemsbaserade politik\",\"breadcrumb\":{\"@id\":\"https:\\\/\\\/wp.kristdemokraterna.se\\\/vellinge\\\/styrelsen\\\/kontakta-oss\\\/#breadcrumb\"},\"inLanguage\":\"sv-SE\",\"potentialAction\":[{\"@type\":\"ReadAction\",\"target\":[\"https:\\\/\\\/wp.kristdemokraterna.se\\\/vellinge\\\/styrelsen\\\/kontakta-oss\\\/\"]}]},{\"@type\":\"BreadcrumbList\",\"@id\":\"https:\\\/\\\/wp.kristdemokraterna.se\\\/vellinge\\\/styrelsen\\\/kontakta-oss\\\/#breadcrumb\",\"itemListElement\":[{\"@type\":\"ListItem\",\"position\":1,\"name\":\"Hem\",\"item\":\"https:\\\/\\\/wp.kristdemokraterna.se\\\/vellinge\\\/\"},{\"@type\":\"ListItem\",\"position\":2,\"name\":\"Partiavdelningen\",\"item\":\"https:\\\/\\\/wp.kristdemokraterna.se\\\/vellinge\\\/styrelsen\\\/\"},{\"@type\":\"ListItem\",\"position\":3,\"name\":\"Partiavdelningsstyrelsen\"}]},{\"@type\":\"WebSite\",\"@id\":\"https:\\\/\\\/wp.kristdemokraterna.se\\\/vellinge\\\/#website\",\"url\":\"https:\\\/\\\/wp.kristdemokraterna.se\\\/vellinge\\\/\",\"name\":\"Kristdemokraterna | Vellinge\",\"description\":\"F\u00f6r ett b\u00e4ttre Vellinge\",\"inLanguage\":\"sv-SE\"}]}<\/script>\n<!-- \/ Yoast SEO plugin. -->","yoast_head_json":{"title":"Partiavdelningsstyrelsen - Kristdemokraterna | Vellinge","description":"Kontakta oss g\u00e4rna i styrelsen. Alla synpunkter st\u00e4rker v\u00e5r medlemsbaserade politik","robots":{"index":"index","follow":"follow","max-snippet":"max-snippet:-1","max-image-preview":"max-image-preview:large","max-video-preview":"max-video-preview:-1"},"canonical":"https:\/\/wp.kristdemokraterna.se\/vellinge\/styrelsen\/kontakta-oss\/","og_locale":"sv_SE","og_type":"article","og_title":"Partiavdelningsstyrelsen - Kristdemokraterna | Vellinge","og_description":"Kontakta oss g\u00e4rna i styrelsen. Alla synpunkter st\u00e4rker v\u00e5r medlemsbaserade politik","og_url":"https:\/\/wp.kristdemokraterna.se\/vellinge\/styrelsen\/kontakta-oss\/","og_site_name":"Kristdemokraterna | Vellinge","article_modified_time":"2026-02-04T09:11:41+00:00","twitter_card":"summary_large_image","twitter_misc":{"Ber\u00e4knad l\u00e4stid":"1 minut"},"schema":{"@context":"https:\/\/schema.org","@graph":[{"@type":["WebPage","ContactPage"],"@id":"https:\/\/wp.kristdemokraterna.se\/vellinge\/styrelsen\/kontakta-oss\/","url":"https:\/\/wp.kristdemokraterna.se\/vellinge\/styrelsen\/kontakta-oss\/","name":"Partiavdelningsstyrelsen - Kristdemokraterna | Vellinge","isPartOf":{"@id":"https:\/\/wp.kristdemokraterna.se\/vellinge\/#website"},"datePublished":"2017-12-01T08:56:02+00:00","dateModified":"2026-02-04T09:11:41+00:00","description":"Kontakta oss g\u00e4rna i styrelsen. Alla synpunkter st\u00e4rker v\u00e5r medlemsbaserade politik","breadcrumb":{"@id":"https:\/\/wp.kristdemokraterna.se\/vellinge\/styrelsen\/kontakta-oss\/#breadcrumb"},"inLanguage":"sv-SE","potentialAction":[{"@type":"ReadAction","target":["https:\/\/wp.kristdemokraterna.se\/vellinge\/styrelsen\/kontakta-oss\/"]}]},{"@type":"BreadcrumbList","@id":"https:\/\/wp.kristdemokraterna.se\/vellinge\/styrelsen\/kontakta-oss\/#breadcrumb","itemListElement":[{"@type":"ListItem","position":1,"name":"Hem","item":"https:\/\/wp.kristdemokraterna.se\/vellinge\/"},{"@type":"ListItem","position":2,"name":"Partiavdelningen","item":"https:\/\/wp.kristdemokraterna.se\/vellinge\/styrelsen\/"},{"@type":"ListItem","position":3,"name":"Partiavdelningsstyrelsen"}]},{"@type":"WebSite","@id":"https:\/\/wp.kristdemokraterna.se\/vellinge\/#website","url":"https:\/\/wp.kristdemokraterna.se\/vellinge\/","name":"Kristdemokraterna | Vellinge","description":"F\u00f6r ett b\u00e4ttre Vellinge","inLanguage":"sv-SE"}]}},"_links":{"self":[{"href":"https:\/\/wp.kristdemokraterna.se\/vellinge\/wp-json\/wp\/v2\/pages\/352","targetHints":{"allow":["GET"]}}],"collection":[{"href":"https:\/\/wp.kristdemokraterna.se\/vellinge\/wp-json\/wp\/v2\/pages"}],"about":[{"href":"https:\/\/wp.kristdemokraterna.se\/vellinge\/wp-json\/wp\/v2\/types\/page"}],"author":[{"embeddable":true,"href":"https:\/\/wp.kristdemokraterna.se\/vellinge\/wp-json\/wp\/v2\/users\/947"}],"replies":[{"embeddable":true,"href":"https:\/\/wp.kristdemokraterna.se\/vellinge\/wp-json\/wp\/v2\/comments?post=352"}],"version-history":[{"count":26,"href":"https:\/\/wp.kristdemokraterna.se\/vellinge\/wp-json\/wp\/v2\/pages\/352\/revisions"}],"predecessor-version":[{"id":773,"href":"https:\/\/wp.kristdemokraterna.se\/vellinge\/wp-json\/wp\/v2\/pages\/352\/revisions\/773"}],"up":[{"embeddable":true,"href":"https:\/\/wp.kristdemokraterna.se\/vellinge\/wp-json\/wp\/v2\/pages\/269"}],"wp:attachment":[{"href":"https:\/\/wp.kristdemokraterna.se\/vellinge\/wp-json\/wp\/v2\/media?parent=352"}],"curies":[{"name":"wp","href":"https:\/\/api.w.org\/{rel}","templated":true}]}}