{"id":363,"date":"2017-12-04T16:11:27","date_gmt":"2017-12-04T15:11:27","guid":{"rendered":"http:\/\/wp.kristdemokraterna.se\/vellinge\/?page_id=363"},"modified":"2023-02-12T12:11:28","modified_gmt":"2023-02-12T11:11:28","slug":"kontakta-oss-2","status":"publish","type":"page","link":"https:\/\/wp.kristdemokraterna.se\/vellinge\/styrelsen\/kontakta-oss-2\/","title":{"rendered":"Kontakta oss"},"content":{"rendered":"<p><a href=\"http:\/\/wp.kristdemokraterna.se\/vellinge\/files\/2017\/04\/vellinge.png\"><img loading=\"lazy\" decoding=\"async\" class=\"alignnone wp-image-213\" src=\"http:\/\/wp.kristdemokraterna.se\/vellinge\/files\/2017\/04\/vellinge.png\" alt=\"\" width=\"205\" height=\"226\" srcset=\"https:\/\/wp.kristdemokraterna.se\/vellinge\/files\/2017\/04\/vellinge.png 209w, https:\/\/wp.kristdemokraterna.se\/vellinge\/files\/2017\/04\/vellinge-182x200.png 182w, https:\/\/wp.kristdemokraterna.se\/vellinge\/files\/2017\/04\/vellinge-51x56.png 51w\" sizes=\"auto, (max-width: 205px) 100vw, 205px\" \/><\/a><\/p>\n<p>Partiavdelningen<\/p>\n<p>Postadress:<br \/>\n<a href=\"mailto:petra.kdvellinge@gmail.com\">Petra Carryson<\/a><br \/>\nC\/O KD Vellinge<br \/>\nStefan L\u00f6fvings v\u00e4g 33, 239 31 Skan\u00f6r<\/p>\n","protected":false},"excerpt":{"rendered":"<p>Partiavdelningen Postadress: Petra Carryson C\/O KD Vellinge Stefan L\u00f6fvings v\u00e4g 33, 239 31 Skan\u00f6r<\/p>\n","protected":false},"author":947,"featured_media":0,"parent":269,"menu_order":4,"comment_status":"closed","ping_status":"closed","template":"page.php","meta":{"_acf_changed":false,"footnotes":""},"class_list":["post-363","page","type-page","status-publish","hentry"],"acf":[],"yoast_head":"<!-- This site is optimized with the Yoast SEO plugin v27.3 - https:\/\/yoast.com\/product\/yoast-seo-wordpress\/ -->\n<title>Kontakta oss - Kristdemokraterna | Vellinge<\/title>\n<meta name=\"robots\" content=\"index, follow, max-snippet:-1, max-image-preview:large, max-video-preview:-1\" \/>\n<link rel=\"canonical\" href=\"https:\/\/wp.kristdemokraterna.se\/vellinge\/styrelsen\/kontakta-oss-2\/\" \/>\n<meta property=\"og:locale\" content=\"sv_SE\" \/>\n<meta property=\"og:type\" content=\"article\" \/>\n<meta property=\"og:title\" content=\"Kontakta oss - Kristdemokraterna | Vellinge\" \/>\n<meta property=\"og:description\" content=\"Partiavdelningen Postadress: Petra Carryson C\/O KD Vellinge Stefan L\u00f6fvings v\u00e4g 33, 239 31 Skan\u00f6r\" \/>\n<meta property=\"og:url\" content=\"https:\/\/wp.kristdemokraterna.se\/vellinge\/styrelsen\/kontakta-oss-2\/\" \/>\n<meta property=\"og:site_name\" content=\"Kristdemokraterna | Vellinge\" \/>\n<meta property=\"article:modified_time\" content=\"2023-02-12T11:11:28+00:00\" \/>\n<meta property=\"og:image\" content=\"http:\/\/wp.kristdemokraterna.se\/vellinge\/files\/2017\/04\/vellinge.png\" \/>\n<meta name=\"twitter:card\" content=\"summary_large_image\" \/>\n<meta name=\"twitter:label1\" content=\"Ber\u00e4knad l\u00e4stid\" \/>\n\t<meta name=\"twitter:data1\" content=\"1 minut\" \/>\n<script type=\"application\/ld+json\" class=\"yoast-schema-graph\">{\"@context\":\"https:\\\/\\\/schema.org\",\"@graph\":[{\"@type\":\"WebPage\",\"@id\":\"https:\\\/\\\/wp.kristdemokraterna.se\\\/vellinge\\\/styrelsen\\\/kontakta-oss-2\\\/\",\"url\":\"https:\\\/\\\/wp.kristdemokraterna.se\\\/vellinge\\\/styrelsen\\\/kontakta-oss-2\\\/\",\"name\":\"Kontakta oss - Kristdemokraterna | Vellinge\",\"isPartOf\":{\"@id\":\"https:\\\/\\\/wp.kristdemokraterna.se\\\/vellinge\\\/#website\"},\"primaryImageOfPage\":{\"@id\":\"https:\\\/\\\/wp.kristdemokraterna.se\\\/vellinge\\\/styrelsen\\\/kontakta-oss-2\\\/#primaryimage\"},\"image\":{\"@id\":\"https:\\\/\\\/wp.kristdemokraterna.se\\\/vellinge\\\/styrelsen\\\/kontakta-oss-2\\\/#primaryimage\"},\"thumbnailUrl\":\"http:\\\/\\\/wp.kristdemokraterna.se\\\/vellinge\\\/files\\\/2017\\\/04\\\/vellinge.png\",\"datePublished\":\"2017-12-04T15:11:27+00:00\",\"dateModified\":\"2023-02-12T11:11:28+00:00\",\"breadcrumb\":{\"@id\":\"https:\\\/\\\/wp.kristdemokraterna.se\\\/vellinge\\\/styrelsen\\\/kontakta-oss-2\\\/#breadcrumb\"},\"inLanguage\":\"sv-SE\",\"potentialAction\":[{\"@type\":\"ReadAction\",\"target\":[\"https:\\\/\\\/wp.kristdemokraterna.se\\\/vellinge\\\/styrelsen\\\/kontakta-oss-2\\\/\"]}]},{\"@type\":\"ImageObject\",\"inLanguage\":\"sv-SE\",\"@id\":\"https:\\\/\\\/wp.kristdemokraterna.se\\\/vellinge\\\/styrelsen\\\/kontakta-oss-2\\\/#primaryimage\",\"url\":\"http:\\\/\\\/wp.kristdemokraterna.se\\\/vellinge\\\/files\\\/2017\\\/04\\\/vellinge.png\",\"contentUrl\":\"http:\\\/\\\/wp.kristdemokraterna.se\\\/vellinge\\\/files\\\/2017\\\/04\\\/vellinge.png\"},{\"@type\":\"BreadcrumbList\",\"@id\":\"https:\\\/\\\/wp.kristdemokraterna.se\\\/vellinge\\\/styrelsen\\\/kontakta-oss-2\\\/#breadcrumb\",\"itemListElement\":[{\"@type\":\"ListItem\",\"position\":1,\"name\":\"Hem\",\"item\":\"https:\\\/\\\/wp.kristdemokraterna.se\\\/vellinge\\\/\"},{\"@type\":\"ListItem\",\"position\":2,\"name\":\"Partiavdelningen\",\"item\":\"https:\\\/\\\/wp.kristdemokraterna.se\\\/vellinge\\\/styrelsen\\\/\"},{\"@type\":\"ListItem\",\"position\":3,\"name\":\"Kontakta oss\"}]},{\"@type\":\"WebSite\",\"@id\":\"https:\\\/\\\/wp.kristdemokraterna.se\\\/vellinge\\\/#website\",\"url\":\"https:\\\/\\\/wp.kristdemokraterna.se\\\/vellinge\\\/\",\"name\":\"Kristdemokraterna | Vellinge\",\"description\":\"F\u00f6r ett b\u00e4ttre Vellinge\",\"inLanguage\":\"sv-SE\"}]}<\/script>\n<!-- \/ Yoast SEO plugin. -->","yoast_head_json":{"title":"Kontakta oss - Kristdemokraterna | Vellinge","robots":{"index":"index","follow":"follow","max-snippet":"max-snippet:-1","max-image-preview":"max-image-preview:large","max-video-preview":"max-video-preview:-1"},"canonical":"https:\/\/wp.kristdemokraterna.se\/vellinge\/styrelsen\/kontakta-oss-2\/","og_locale":"sv_SE","og_type":"article","og_title":"Kontakta oss - Kristdemokraterna | Vellinge","og_description":"Partiavdelningen Postadress: Petra Carryson C\/O KD Vellinge Stefan L\u00f6fvings v\u00e4g 33, 239 31 Skan\u00f6r","og_url":"https:\/\/wp.kristdemokraterna.se\/vellinge\/styrelsen\/kontakta-oss-2\/","og_site_name":"Kristdemokraterna | Vellinge","article_modified_time":"2023-02-12T11:11:28+00:00","og_image":[{"url":"http:\/\/wp.kristdemokraterna.se\/vellinge\/files\/2017\/04\/vellinge.png","type":"","width":"","height":""}],"twitter_card":"summary_large_image","twitter_misc":{"Ber\u00e4knad l\u00e4stid":"1 minut"},"schema":{"@context":"https:\/\/schema.org","@graph":[{"@type":"WebPage","@id":"https:\/\/wp.kristdemokraterna.se\/vellinge\/styrelsen\/kontakta-oss-2\/","url":"https:\/\/wp.kristdemokraterna.se\/vellinge\/styrelsen\/kontakta-oss-2\/","name":"Kontakta oss - Kristdemokraterna | Vellinge","isPartOf":{"@id":"https:\/\/wp.kristdemokraterna.se\/vellinge\/#website"},"primaryImageOfPage":{"@id":"https:\/\/wp.kristdemokraterna.se\/vellinge\/styrelsen\/kontakta-oss-2\/#primaryimage"},"image":{"@id":"https:\/\/wp.kristdemokraterna.se\/vellinge\/styrelsen\/kontakta-oss-2\/#primaryimage"},"thumbnailUrl":"http:\/\/wp.kristdemokraterna.se\/vellinge\/files\/2017\/04\/vellinge.png","datePublished":"2017-12-04T15:11:27+00:00","dateModified":"2023-02-12T11:11:28+00:00","breadcrumb":{"@id":"https:\/\/wp.kristdemokraterna.se\/vellinge\/styrelsen\/kontakta-oss-2\/#breadcrumb"},"inLanguage":"sv-SE","potentialAction":[{"@type":"ReadAction","target":["https:\/\/wp.kristdemokraterna.se\/vellinge\/styrelsen\/kontakta-oss-2\/"]}]},{"@type":"ImageObject","inLanguage":"sv-SE","@id":"https:\/\/wp.kristdemokraterna.se\/vellinge\/styrelsen\/kontakta-oss-2\/#primaryimage","url":"http:\/\/wp.kristdemokraterna.se\/vellinge\/files\/2017\/04\/vellinge.png","contentUrl":"http:\/\/wp.kristdemokraterna.se\/vellinge\/files\/2017\/04\/vellinge.png"},{"@type":"BreadcrumbList","@id":"https:\/\/wp.kristdemokraterna.se\/vellinge\/styrelsen\/kontakta-oss-2\/#breadcrumb","itemListElement":[{"@type":"ListItem","position":1,"name":"Hem","item":"https:\/\/wp.kristdemokraterna.se\/vellinge\/"},{"@type":"ListItem","position":2,"name":"Partiavdelningen","item":"https:\/\/wp.kristdemokraterna.se\/vellinge\/styrelsen\/"},{"@type":"ListItem","position":3,"name":"Kontakta oss"}]},{"@type":"WebSite","@id":"https:\/\/wp.kristdemokraterna.se\/vellinge\/#website","url":"https:\/\/wp.kristdemokraterna.se\/vellinge\/","name":"Kristdemokraterna | Vellinge","description":"F\u00f6r ett b\u00e4ttre Vellinge","inLanguage":"sv-SE"}]}},"_links":{"self":[{"href":"https:\/\/wp.kristdemokraterna.se\/vellinge\/wp-json\/wp\/v2\/pages\/363","targetHints":{"allow":["GET"]}}],"collection":[{"href":"https:\/\/wp.kristdemokraterna.se\/vellinge\/wp-json\/wp\/v2\/pages"}],"about":[{"href":"https:\/\/wp.kristdemokraterna.se\/vellinge\/wp-json\/wp\/v2\/types\/page"}],"author":[{"embeddable":true,"href":"https:\/\/wp.kristdemokraterna.se\/vellinge\/wp-json\/wp\/v2\/users\/947"}],"replies":[{"embeddable":true,"href":"https:\/\/wp.kristdemokraterna.se\/vellinge\/wp-json\/wp\/v2\/comments?post=363"}],"version-history":[{"count":5,"href":"https:\/\/wp.kristdemokraterna.se\/vellinge\/wp-json\/wp\/v2\/pages\/363\/revisions"}],"predecessor-version":[{"id":661,"href":"https:\/\/wp.kristdemokraterna.se\/vellinge\/wp-json\/wp\/v2\/pages\/363\/revisions\/661"}],"up":[{"embeddable":true,"href":"https:\/\/wp.kristdemokraterna.se\/vellinge\/wp-json\/wp\/v2\/pages\/269"}],"wp:attachment":[{"href":"https:\/\/wp.kristdemokraterna.se\/vellinge\/wp-json\/wp\/v2\/media?parent=363"}],"curies":[{"name":"wp","href":"https:\/\/api.w.org\/{rel}","templated":true}]}}