{"id":35,"date":"2014-08-12T21:37:44","date_gmt":"2014-08-12T19:37:44","guid":{"rendered":"http:\/\/wp.kristdemokraterna.se\/vetlanda\/?page_id=35"},"modified":"2023-02-21T14:36:02","modified_gmt":"2023-02-21T13:36:02","slug":"styrelse-och-funktionarer","status":"publish","type":"page","link":"https:\/\/wp.kristdemokraterna.se\/vetlanda\/styrelse-och-funktionarer\/","title":{"rendered":"Styrelse och funktion\u00e4rer"},"content":{"rendered":"<h2 class=\"oneComWebmail-MsoNormal\"><span lang=\"SV\">Styrelse<\/span><\/h2>\n<ul>\n<li>Hans Svensson, ordf\u00f6rande<\/li>\n<li>Monica Samuelsson, vice ordf\u00f6rande<\/li>\n<li>Gun-Britt Sigfridsson, sekreterare<\/li>\n<li>Peter Karlkvist, kass\u00f6r<\/li>\n<li>Marie-Louise Sollin, ordinarie ledamot<\/li>\n<li>Lars R\u00e5sberg, ordinarie ledamot<\/li>\n<li>Lars-Gunnar Jonsson, ordinarie ledamot<\/li>\n<li>Jan-Erik Josefsson, ordinarie ledamot<\/li>\n<li>Kristoffer Kaspersson, ordinarie ledamot<\/li>\n<li>Irene L\u00f6vgren, ers\u00e4ttare<\/li>\n<li>Kjell Enell, ers\u00e4ttare<\/li>\n<\/ul>\n<h2 class=\"oneComWebmail-MsoNormal\"><span lang=\"SV\">Revisorer<\/span><\/h2>\n<p class=\"oneComWebmail-MsoNormal\"><strong><span lang=\"SV\">Ordi<\/span><span lang=\"SV\">narie<\/span><\/strong><\/p>\n<ul>\n<li class=\"oneComWebmail-MsoNormal\"><span lang=\"SV\">Sven Karlsson<\/span><\/li>\n<li class=\"oneComWebmail-MsoNormal\"><span lang=\"SV\">Johan Cederholm<\/span><\/li>\n<\/ul>\n<h2 class=\"oneComWebmail-MsoNormal\"><span lang=\"SV\">Kommunpolitisk gruppledare<\/span><b><\/b><\/h2>\n<ul>\n<li>Monica Samuelsson, gruppledare<\/li>\n<li>Hans Svensson, vice gruppledare<\/li>\n<\/ul>\n<h2 class=\"oneComWebmail-MsoNormal\"><span lang=\"SV\">Medlemsregisteransvarig<\/span><b><\/b><\/h2>\n<ul>\n<li>Gun-Britt Sigfridsson<\/li>\n<\/ul>\n","protected":false},"excerpt":{"rendered":"<p>Styrelse Hans Svensson, ordf\u00f6rande Monica Samuelsson, vice ordf\u00f6rande Gun-Britt Sigfridsson, sekreterare Peter Karlkvist, kass\u00f6r Marie-Louise Sollin, ordinarie ledamot Lars R\u00e5sberg, ordinarie ledamot Lars-Gunnar Jonsson, ordinarie ledamot Jan-Erik Josefsson, ordinarie ledamot Kristoffer Kaspersson, ordinarie ledamot Irene L\u00f6vgren, ers\u00e4ttare Kjell Enell, ers\u00e4ttare Revisorer Ordinarie Sven Karlsson Johan Cederholm Kommunpolitisk gruppledare Monica Samuelsson, gruppledare Hans Svensson, vice gruppledare <a class=\"read-more-link\" href=\"https:\/\/wp.kristdemokraterna.se\/vetlanda\/styrelse-och-funktionarer\/\">Read More<\/a><\/p>\n","protected":false},"author":633,"featured_media":0,"parent":0,"menu_order":0,"comment_status":"closed","ping_status":"closed","template":"","meta":{"_acf_changed":false,"footnotes":""},"class_list":["post-35","page","type-page","status-publish","hentry"],"acf":[],"yoast_head":"<!-- This site is optimized with the Yoast SEO plugin v27.4 - https:\/\/yoast.com\/product\/yoast-seo-wordpress\/ -->\n<title>Styrelse och funktion\u00e4rer - Vetlanda<\/title>\n<meta name=\"robots\" content=\"index, follow, max-snippet:-1, max-image-preview:large, max-video-preview:-1\" \/>\n<link rel=\"canonical\" href=\"https:\/\/wp.kristdemokraterna.se\/vetlanda\/styrelse-och-funktionarer\/\" \/>\n<meta property=\"og:locale\" content=\"sv_SE\" \/>\n<meta property=\"og:type\" content=\"article\" \/>\n<meta property=\"og:title\" content=\"Styrelse och funktion\u00e4rer - Vetlanda\" \/>\n<meta property=\"og:description\" content=\"Styrelse Hans Svensson, ordf\u00f6rande Monica Samuelsson, vice ordf\u00f6rande Gun-Britt Sigfridsson, sekreterare Peter Karlkvist, kass\u00f6r Marie-Louise Sollin, ordinarie ledamot Lars R\u00e5sberg, ordinarie ledamot Lars-Gunnar Jonsson, ordinarie ledamot Jan-Erik Josefsson, ordinarie ledamot Kristoffer Kaspersson, ordinarie ledamot Irene L\u00f6vgren, ers\u00e4ttare Kjell Enell, ers\u00e4ttare Revisorer Ordinarie Sven Karlsson Johan Cederholm Kommunpolitisk gruppledare Monica Samuelsson, gruppledare Hans Svensson, vice gruppledare Read More\" \/>\n<meta property=\"og:url\" content=\"https:\/\/wp.kristdemokraterna.se\/vetlanda\/styrelse-och-funktionarer\/\" \/>\n<meta property=\"og:site_name\" content=\"Vetlanda\" \/>\n<meta property=\"article:modified_time\" content=\"2023-02-21T13:36:02+00:00\" \/>\n<meta name=\"twitter:card\" content=\"summary_large_image\" \/>\n<meta name=\"twitter:label1\" content=\"Ber\u00e4knad l\u00e4stid\" \/>\n\t<meta name=\"twitter:data1\" content=\"1 minut\" \/>\n<script type=\"application\/ld+json\" class=\"yoast-schema-graph\">{\"@context\":\"https:\\\/\\\/schema.org\",\"@graph\":[{\"@type\":\"WebPage\",\"@id\":\"https:\\\/\\\/wp.kristdemokraterna.se\\\/vetlanda\\\/styrelse-och-funktionarer\\\/\",\"url\":\"https:\\\/\\\/wp.kristdemokraterna.se\\\/vetlanda\\\/styrelse-och-funktionarer\\\/\",\"name\":\"Styrelse och funktion\u00e4rer - Vetlanda\",\"isPartOf\":{\"@id\":\"https:\\\/\\\/wp.kristdemokraterna.se\\\/vetlanda\\\/#website\"},\"datePublished\":\"2014-08-12T19:37:44+00:00\",\"dateModified\":\"2023-02-21T13:36:02+00:00\",\"breadcrumb\":{\"@id\":\"https:\\\/\\\/wp.kristdemokraterna.se\\\/vetlanda\\\/styrelse-och-funktionarer\\\/#breadcrumb\"},\"inLanguage\":\"sv-SE\",\"potentialAction\":[{\"@type\":\"ReadAction\",\"target\":[\"https:\\\/\\\/wp.kristdemokraterna.se\\\/vetlanda\\\/styrelse-och-funktionarer\\\/\"]}]},{\"@type\":\"BreadcrumbList\",\"@id\":\"https:\\\/\\\/wp.kristdemokraterna.se\\\/vetlanda\\\/styrelse-och-funktionarer\\\/#breadcrumb\",\"itemListElement\":[{\"@type\":\"ListItem\",\"position\":1,\"name\":\"Hem\",\"item\":\"https:\\\/\\\/wp.kristdemokraterna.se\\\/vetlanda\\\/\"},{\"@type\":\"ListItem\",\"position\":2,\"name\":\"Styrelse och funktion\u00e4rer\"}]},{\"@type\":\"WebSite\",\"@id\":\"https:\\\/\\\/wp.kristdemokraterna.se\\\/vetlanda\\\/#website\",\"url\":\"https:\\\/\\\/wp.kristdemokraterna.se\\\/vetlanda\\\/\",\"name\":\"Vetlanda\",\"description\":\"\",\"inLanguage\":\"sv-SE\"}]}<\/script>\n<!-- \/ Yoast SEO plugin. -->","yoast_head_json":{"title":"Styrelse och funktion\u00e4rer - Vetlanda","robots":{"index":"index","follow":"follow","max-snippet":"max-snippet:-1","max-image-preview":"max-image-preview:large","max-video-preview":"max-video-preview:-1"},"canonical":"https:\/\/wp.kristdemokraterna.se\/vetlanda\/styrelse-och-funktionarer\/","og_locale":"sv_SE","og_type":"article","og_title":"Styrelse och funktion\u00e4rer - Vetlanda","og_description":"Styrelse Hans Svensson, ordf\u00f6rande Monica Samuelsson, vice ordf\u00f6rande Gun-Britt Sigfridsson, sekreterare Peter Karlkvist, kass\u00f6r Marie-Louise Sollin, ordinarie ledamot Lars R\u00e5sberg, ordinarie ledamot Lars-Gunnar Jonsson, ordinarie ledamot Jan-Erik Josefsson, ordinarie ledamot Kristoffer Kaspersson, ordinarie ledamot Irene L\u00f6vgren, ers\u00e4ttare Kjell Enell, ers\u00e4ttare Revisorer Ordinarie Sven Karlsson Johan Cederholm Kommunpolitisk gruppledare Monica Samuelsson, gruppledare Hans Svensson, vice gruppledare Read More","og_url":"https:\/\/wp.kristdemokraterna.se\/vetlanda\/styrelse-och-funktionarer\/","og_site_name":"Vetlanda","article_modified_time":"2023-02-21T13:36:02+00:00","twitter_card":"summary_large_image","twitter_misc":{"Ber\u00e4knad l\u00e4stid":"1 minut"},"schema":{"@context":"https:\/\/schema.org","@graph":[{"@type":"WebPage","@id":"https:\/\/wp.kristdemokraterna.se\/vetlanda\/styrelse-och-funktionarer\/","url":"https:\/\/wp.kristdemokraterna.se\/vetlanda\/styrelse-och-funktionarer\/","name":"Styrelse och funktion\u00e4rer - Vetlanda","isPartOf":{"@id":"https:\/\/wp.kristdemokraterna.se\/vetlanda\/#website"},"datePublished":"2014-08-12T19:37:44+00:00","dateModified":"2023-02-21T13:36:02+00:00","breadcrumb":{"@id":"https:\/\/wp.kristdemokraterna.se\/vetlanda\/styrelse-och-funktionarer\/#breadcrumb"},"inLanguage":"sv-SE","potentialAction":[{"@type":"ReadAction","target":["https:\/\/wp.kristdemokraterna.se\/vetlanda\/styrelse-och-funktionarer\/"]}]},{"@type":"BreadcrumbList","@id":"https:\/\/wp.kristdemokraterna.se\/vetlanda\/styrelse-och-funktionarer\/#breadcrumb","itemListElement":[{"@type":"ListItem","position":1,"name":"Hem","item":"https:\/\/wp.kristdemokraterna.se\/vetlanda\/"},{"@type":"ListItem","position":2,"name":"Styrelse och funktion\u00e4rer"}]},{"@type":"WebSite","@id":"https:\/\/wp.kristdemokraterna.se\/vetlanda\/#website","url":"https:\/\/wp.kristdemokraterna.se\/vetlanda\/","name":"Vetlanda","description":"","inLanguage":"sv-SE"}]}},"_links":{"self":[{"href":"https:\/\/wp.kristdemokraterna.se\/vetlanda\/wp-json\/wp\/v2\/pages\/35","targetHints":{"allow":["GET"]}}],"collection":[{"href":"https:\/\/wp.kristdemokraterna.se\/vetlanda\/wp-json\/wp\/v2\/pages"}],"about":[{"href":"https:\/\/wp.kristdemokraterna.se\/vetlanda\/wp-json\/wp\/v2\/types\/page"}],"author":[{"embeddable":true,"href":"https:\/\/wp.kristdemokraterna.se\/vetlanda\/wp-json\/wp\/v2\/users\/633"}],"replies":[{"embeddable":true,"href":"https:\/\/wp.kristdemokraterna.se\/vetlanda\/wp-json\/wp\/v2\/comments?post=35"}],"version-history":[{"count":21,"href":"https:\/\/wp.kristdemokraterna.se\/vetlanda\/wp-json\/wp\/v2\/pages\/35\/revisions"}],"predecessor-version":[{"id":450,"href":"https:\/\/wp.kristdemokraterna.se\/vetlanda\/wp-json\/wp\/v2\/pages\/35\/revisions\/450"}],"wp:attachment":[{"href":"https:\/\/wp.kristdemokraterna.se\/vetlanda\/wp-json\/wp\/v2\/media?parent=35"}],"curies":[{"name":"wp","href":"https:\/\/api.w.org\/{rel}","templated":true}]}}