{"id":38,"date":"2014-08-12T21:38:04","date_gmt":"2014-08-12T19:38:04","guid":{"rendered":"http:\/\/wp.kristdemokraterna.se\/vetlanda\/?page_id=38"},"modified":"2025-04-05T14:15:11","modified_gmt":"2025-04-05T12:15:11","slug":"politiker","status":"publish","type":"page","link":"https:\/\/wp.kristdemokraterna.se\/vetlanda\/politiker\/","title":{"rendered":"Politiker"},"content":{"rendered":"<p>H\u00e4r nedan finns en lista p\u00e5 Kristdemokraternas alla politiska uppdrag i Vetlanda kommun:<\/p>\n<h2>Kommunstyrelsen<\/h2>\n<p>Monica Samuelsson<br \/>\nHans Svensson<\/p>\n<h2><strong>Kommunstyrelsens arbetsutskott<\/strong><\/h2>\n<p>Monica Samuelsson<\/p>\n<h2><strong>Kommunfullm\u00e4ktige<\/strong><\/h2>\n<p><strong>Ordinarie:<\/strong><br \/>\nMonica Samuelsson, ledamot<br \/>\nHans Svensson, ledamot<br \/>\nLars R\u00e5sberg, ledamot<br \/>\nJan-Erik Josefsson, ledamot<span lang=\"SV\"><br \/>\n<\/span><\/p>\n<p><strong>Ers\u00e4ttare:<br \/>\n<\/strong><span lang=\"SV\">Kristoffer Kaspersson<br \/>\n<\/span>Irene L\u00f6vgren<\/p>\n<h2>Revisionen<\/h2>\n<p>Lars-G\u00f6ran Axelsson, ledamot<\/p>\n<h2><strong>Barn- och utbildningsn\u00e4mnden<\/strong><\/h2>\n<p>Marie-Louise Sollin, ordinarie ledamot<br \/>\nIrene L\u00f6vgren, ers\u00e4ttare<\/p>\n<h2><strong>Kultur- och fritidsn\u00e4mnden<\/strong><\/h2>\n<p>Gun-Britt Sigfridsson, 2 vice ordf\u00f6rande<\/p>\n<h2><strong>Milj\u00f6- och byggn\u00e4mnden<\/strong><\/h2>\n<p>Martin Claesson, ers\u00e4ttare<\/p>\n<h2><strong>Tekniska n\u00e4mnden<\/strong><\/h2>\n<p>Lars-Gunnar Jonsson, ers\u00e4ttare<\/p>\n<h2><strong>V\u00e5rd- och omsorgsn\u00e4mnden<\/strong><\/h2>\n<p>Jan-Erik Josefsson, 2 vice ordf\u00f6rande<br \/>\nPeter Karlkvist, ers\u00e4ttare<\/p>\n<h2><strong>Valn\u00e4mnden<\/strong><\/h2>\n<p>Jan-Erik Aspegren, ordinarie<\/p>\n<h2><strong>Alseda kommundelsr\u00e5d<\/strong><\/h2>\n<p>Kenneth Petersson, ledamot<\/p>\n<h2><strong>B\u00e4ckaby kommundelsr\u00e5d<\/strong><\/h2>\n<p>Kristoffer Kaspersson, ledamot<\/p>\n<h2>Eken\u00e4s kommundelsr\u00e5d<\/h2>\n<p>Anders Rodewald, ledamot<\/p>\n<h2><strong>Lannaskede kommundelsr\u00e5d<\/strong><\/h2>\n<p>Jan-Erik Aspegren, ledamot<\/p>\n<h2><strong>Vetlanda-B\u00e4ckseda kommundelsr\u00e5d<\/strong><\/h2>\n<p>Harrieth Andersson, ledamot<\/p>\n<h2>Vetlanda Stadshus AB (kommunkoncernen)<\/h2>\n<p>Hans Svensson, ledamot<\/p>\n<h2>Witalabost\u00e4der, styrelsen<\/h2>\n<p>Lars R\u00e5sberg, ledamot<\/p>\n<h2>Vetlanda Industrilokaler, styrelsen<\/h2>\n<p>Lars R\u00e5sberg, ledamot<\/p>\n<h2>Njudung Energi i Vetlanda AB<\/h2>\n<p>Monica Samuelsson, ledamot<\/p>\n<h2>Budgetberedningen<\/h2>\n<p>Monica Samuelsson, ledamot<\/p>\n<h2>Parlamentariska kommitt\u00e9n<\/h2>\n<p>Hans Svensson, ledamot<br \/>\nMonica Samuelsson, ers\u00e4ttare<\/p>\n","protected":false},"excerpt":{"rendered":"<p>H\u00e4r nedan finns en lista p\u00e5 Kristdemokraternas alla politiska uppdrag i Vetlanda kommun: Kommunstyrelsen Monica Samuelsson Hans Svensson Kommunstyrelsens arbetsutskott Monica Samuelsson Kommunfullm\u00e4ktige Ordinarie: Monica Samuelsson, ledamot Hans Svensson, ledamot Lars R\u00e5sberg, ledamot Jan-Erik Josefsson, ledamot Ers\u00e4ttare: Kristoffer Kaspersson Irene L\u00f6vgren Revisionen Lars-G\u00f6ran Axelsson, ledamot Barn- och utbildningsn\u00e4mnden Marie-Louise Sollin, ordinarie ledamot Irene L\u00f6vgren, ers\u00e4ttare <a class=\"read-more-link\" href=\"https:\/\/wp.kristdemokraterna.se\/vetlanda\/politiker\/\">Read More<\/a><\/p>\n","protected":false},"author":633,"featured_media":0,"parent":0,"menu_order":0,"comment_status":"closed","ping_status":"closed","template":"","meta":{"_acf_changed":false,"footnotes":""},"class_list":["post-38","page","type-page","status-publish","hentry"],"acf":[],"yoast_head":"<!-- This site is optimized with the Yoast SEO plugin v27.3 - https:\/\/yoast.com\/product\/yoast-seo-wordpress\/ -->\n<title>Politiker - Vetlanda<\/title>\n<meta name=\"robots\" content=\"index, follow, max-snippet:-1, max-image-preview:large, max-video-preview:-1\" \/>\n<link rel=\"canonical\" href=\"https:\/\/wp.kristdemokraterna.se\/vetlanda\/politiker\/\" \/>\n<meta property=\"og:locale\" content=\"sv_SE\" \/>\n<meta property=\"og:type\" content=\"article\" \/>\n<meta property=\"og:title\" content=\"Politiker - Vetlanda\" \/>\n<meta property=\"og:description\" content=\"H\u00e4r nedan finns en lista p\u00e5 Kristdemokraternas alla politiska uppdrag i Vetlanda kommun: Kommunstyrelsen Monica Samuelsson Hans Svensson Kommunstyrelsens arbetsutskott Monica Samuelsson Kommunfullm\u00e4ktige Ordinarie: Monica Samuelsson, ledamot Hans Svensson, ledamot Lars R\u00e5sberg, ledamot Jan-Erik Josefsson, ledamot Ers\u00e4ttare: Kristoffer Kaspersson Irene L\u00f6vgren Revisionen Lars-G\u00f6ran Axelsson, ledamot Barn- och utbildningsn\u00e4mnden Marie-Louise Sollin, ordinarie ledamot Irene L\u00f6vgren, ers\u00e4ttare Read More\" \/>\n<meta property=\"og:url\" content=\"https:\/\/wp.kristdemokraterna.se\/vetlanda\/politiker\/\" \/>\n<meta property=\"og:site_name\" content=\"Vetlanda\" \/>\n<meta property=\"article:modified_time\" content=\"2025-04-05T12:15:11+00:00\" \/>\n<meta name=\"twitter:card\" content=\"summary_large_image\" \/>\n<meta name=\"twitter:label1\" content=\"Ber\u00e4knad l\u00e4stid\" \/>\n\t<meta name=\"twitter:data1\" content=\"1 minut\" \/>\n<script type=\"application\/ld+json\" class=\"yoast-schema-graph\">{\"@context\":\"https:\\\/\\\/schema.org\",\"@graph\":[{\"@type\":\"WebPage\",\"@id\":\"https:\\\/\\\/wp.kristdemokraterna.se\\\/vetlanda\\\/politiker\\\/\",\"url\":\"https:\\\/\\\/wp.kristdemokraterna.se\\\/vetlanda\\\/politiker\\\/\",\"name\":\"Politiker - Vetlanda\",\"isPartOf\":{\"@id\":\"https:\\\/\\\/wp.kristdemokraterna.se\\\/vetlanda\\\/#website\"},\"datePublished\":\"2014-08-12T19:38:04+00:00\",\"dateModified\":\"2025-04-05T12:15:11+00:00\",\"breadcrumb\":{\"@id\":\"https:\\\/\\\/wp.kristdemokraterna.se\\\/vetlanda\\\/politiker\\\/#breadcrumb\"},\"inLanguage\":\"sv-SE\",\"potentialAction\":[{\"@type\":\"ReadAction\",\"target\":[\"https:\\\/\\\/wp.kristdemokraterna.se\\\/vetlanda\\\/politiker\\\/\"]}]},{\"@type\":\"BreadcrumbList\",\"@id\":\"https:\\\/\\\/wp.kristdemokraterna.se\\\/vetlanda\\\/politiker\\\/#breadcrumb\",\"itemListElement\":[{\"@type\":\"ListItem\",\"position\":1,\"name\":\"Hem\",\"item\":\"https:\\\/\\\/wp.kristdemokraterna.se\\\/vetlanda\\\/\"},{\"@type\":\"ListItem\",\"position\":2,\"name\":\"Politiker\"}]},{\"@type\":\"WebSite\",\"@id\":\"https:\\\/\\\/wp.kristdemokraterna.se\\\/vetlanda\\\/#website\",\"url\":\"https:\\\/\\\/wp.kristdemokraterna.se\\\/vetlanda\\\/\",\"name\":\"Vetlanda\",\"description\":\"\",\"inLanguage\":\"sv-SE\"}]}<\/script>\n<!-- \/ Yoast SEO plugin. -->","yoast_head_json":{"title":"Politiker - Vetlanda","robots":{"index":"index","follow":"follow","max-snippet":"max-snippet:-1","max-image-preview":"max-image-preview:large","max-video-preview":"max-video-preview:-1"},"canonical":"https:\/\/wp.kristdemokraterna.se\/vetlanda\/politiker\/","og_locale":"sv_SE","og_type":"article","og_title":"Politiker - Vetlanda","og_description":"H\u00e4r nedan finns en lista p\u00e5 Kristdemokraternas alla politiska uppdrag i Vetlanda kommun: Kommunstyrelsen Monica Samuelsson Hans Svensson Kommunstyrelsens arbetsutskott Monica Samuelsson Kommunfullm\u00e4ktige Ordinarie: Monica Samuelsson, ledamot Hans Svensson, ledamot Lars R\u00e5sberg, ledamot Jan-Erik Josefsson, ledamot Ers\u00e4ttare: Kristoffer Kaspersson Irene L\u00f6vgren Revisionen Lars-G\u00f6ran Axelsson, ledamot Barn- och utbildningsn\u00e4mnden Marie-Louise Sollin, ordinarie ledamot Irene L\u00f6vgren, ers\u00e4ttare Read More","og_url":"https:\/\/wp.kristdemokraterna.se\/vetlanda\/politiker\/","og_site_name":"Vetlanda","article_modified_time":"2025-04-05T12:15:11+00:00","twitter_card":"summary_large_image","twitter_misc":{"Ber\u00e4knad l\u00e4stid":"1 minut"},"schema":{"@context":"https:\/\/schema.org","@graph":[{"@type":"WebPage","@id":"https:\/\/wp.kristdemokraterna.se\/vetlanda\/politiker\/","url":"https:\/\/wp.kristdemokraterna.se\/vetlanda\/politiker\/","name":"Politiker - Vetlanda","isPartOf":{"@id":"https:\/\/wp.kristdemokraterna.se\/vetlanda\/#website"},"datePublished":"2014-08-12T19:38:04+00:00","dateModified":"2025-04-05T12:15:11+00:00","breadcrumb":{"@id":"https:\/\/wp.kristdemokraterna.se\/vetlanda\/politiker\/#breadcrumb"},"inLanguage":"sv-SE","potentialAction":[{"@type":"ReadAction","target":["https:\/\/wp.kristdemokraterna.se\/vetlanda\/politiker\/"]}]},{"@type":"BreadcrumbList","@id":"https:\/\/wp.kristdemokraterna.se\/vetlanda\/politiker\/#breadcrumb","itemListElement":[{"@type":"ListItem","position":1,"name":"Hem","item":"https:\/\/wp.kristdemokraterna.se\/vetlanda\/"},{"@type":"ListItem","position":2,"name":"Politiker"}]},{"@type":"WebSite","@id":"https:\/\/wp.kristdemokraterna.se\/vetlanda\/#website","url":"https:\/\/wp.kristdemokraterna.se\/vetlanda\/","name":"Vetlanda","description":"","inLanguage":"sv-SE"}]}},"_links":{"self":[{"href":"https:\/\/wp.kristdemokraterna.se\/vetlanda\/wp-json\/wp\/v2\/pages\/38","targetHints":{"allow":["GET"]}}],"collection":[{"href":"https:\/\/wp.kristdemokraterna.se\/vetlanda\/wp-json\/wp\/v2\/pages"}],"about":[{"href":"https:\/\/wp.kristdemokraterna.se\/vetlanda\/wp-json\/wp\/v2\/types\/page"}],"author":[{"embeddable":true,"href":"https:\/\/wp.kristdemokraterna.se\/vetlanda\/wp-json\/wp\/v2\/users\/633"}],"replies":[{"embeddable":true,"href":"https:\/\/wp.kristdemokraterna.se\/vetlanda\/wp-json\/wp\/v2\/comments?post=38"}],"version-history":[{"count":24,"href":"https:\/\/wp.kristdemokraterna.se\/vetlanda\/wp-json\/wp\/v2\/pages\/38\/revisions"}],"predecessor-version":[{"id":457,"href":"https:\/\/wp.kristdemokraterna.se\/vetlanda\/wp-json\/wp\/v2\/pages\/38\/revisions\/457"}],"wp:attachment":[{"href":"https:\/\/wp.kristdemokraterna.se\/vetlanda\/wp-json\/wp\/v2\/media?parent=38"}],"curies":[{"name":"wp","href":"https:\/\/api.w.org\/{rel}","templated":true}]}}