{"id":53,"date":"2014-08-12T21:42:37","date_gmt":"2014-08-12T19:42:37","guid":{"rendered":"http:\/\/wp.kristdemokraterna.se\/vetlanda\/?page_id=53"},"modified":"2019-01-25T15:50:30","modified_gmt":"2019-01-25T14:50:30","slug":"bli-medlem-eller-fa-mer-information","status":"publish","type":"page","link":"https:\/\/wp.kristdemokraterna.se\/vetlanda\/bli-medlem-eller-fa-mer-information\/","title":{"rendered":"Bli medlem eller f\u00e5 mer information"},"content":{"rendered":"<p>Vi skickar g\u00e4rna information om oss kristdemokrater. H\u00f6r av dig till n\u00e5gon av oss och ber\u00e4tta g\u00e4rna om det \u00e4r n\u00e5gon speciell fr\u00e5ga du vill veta mer om.<\/p>\n<p>Om du delar v\u00e5ra v\u00e4rderingar \u00e4r det ocks\u00e5 mycket trevligt om du v\u00e4ljer att bli medlem i v\u00e5r lokalavdelning.<\/p>\n<ul>\n<li><a href=\"http:\/\/wp.kristdemokraterna.se\/vetlanda\/kontaktuppgifter\/\">H\u00e4r hittar du v\u00e5ra kontaktuppgifter<\/a><\/li>\n<\/ul>\n","protected":false},"excerpt":{"rendered":"<p>Vi skickar g\u00e4rna information om oss kristdemokrater. H\u00f6r av dig till n\u00e5gon av oss och ber\u00e4tta g\u00e4rna om det \u00e4r n\u00e5gon speciell fr\u00e5ga du vill veta mer om. Om du delar v\u00e5ra v\u00e4rderingar \u00e4r det ocks\u00e5 mycket trevligt om du v\u00e4ljer att bli medlem i v\u00e5r lokalavdelning. H\u00e4r hittar du v\u00e5ra kontaktuppgifter<\/p>\n","protected":false},"author":633,"featured_media":0,"parent":0,"menu_order":0,"comment_status":"closed","ping_status":"closed","template":"","meta":{"_acf_changed":false,"footnotes":""},"class_list":["post-53","page","type-page","status-publish","hentry"],"acf":[],"yoast_head":"<!-- This site is optimized with the Yoast SEO plugin v27.5 - https:\/\/yoast.com\/product\/yoast-seo-wordpress\/ -->\n<title>Bli medlem eller f\u00e5 mer information - Vetlanda<\/title>\n<meta name=\"robots\" content=\"index, follow, max-snippet:-1, max-image-preview:large, max-video-preview:-1\" \/>\n<link rel=\"canonical\" href=\"https:\/\/wp.kristdemokraterna.se\/vetlanda\/bli-medlem-eller-fa-mer-information\/\" \/>\n<meta property=\"og:locale\" content=\"sv_SE\" \/>\n<meta property=\"og:type\" content=\"article\" \/>\n<meta property=\"og:title\" content=\"Bli medlem eller f\u00e5 mer information - Vetlanda\" \/>\n<meta property=\"og:description\" content=\"Vi skickar g\u00e4rna information om oss kristdemokrater. H\u00f6r av dig till n\u00e5gon av oss och ber\u00e4tta g\u00e4rna om det \u00e4r n\u00e5gon speciell fr\u00e5ga du vill veta mer om. Om du delar v\u00e5ra v\u00e4rderingar \u00e4r det ocks\u00e5 mycket trevligt om du v\u00e4ljer att bli medlem i v\u00e5r lokalavdelning. H\u00e4r hittar du v\u00e5ra kontaktuppgifter\" \/>\n<meta property=\"og:url\" content=\"https:\/\/wp.kristdemokraterna.se\/vetlanda\/bli-medlem-eller-fa-mer-information\/\" \/>\n<meta property=\"og:site_name\" content=\"Vetlanda\" \/>\n<meta property=\"article:modified_time\" content=\"2019-01-25T14:50:30+00:00\" \/>\n<meta name=\"twitter:card\" content=\"summary_large_image\" \/>\n<script type=\"application\/ld+json\" class=\"yoast-schema-graph\">{\"@context\":\"https:\\\/\\\/schema.org\",\"@graph\":[{\"@type\":\"WebPage\",\"@id\":\"https:\\\/\\\/wp.kristdemokraterna.se\\\/vetlanda\\\/bli-medlem-eller-fa-mer-information\\\/\",\"url\":\"https:\\\/\\\/wp.kristdemokraterna.se\\\/vetlanda\\\/bli-medlem-eller-fa-mer-information\\\/\",\"name\":\"Bli medlem eller f\u00e5 mer information - Vetlanda\",\"isPartOf\":{\"@id\":\"https:\\\/\\\/wp.kristdemokraterna.se\\\/vetlanda\\\/#website\"},\"datePublished\":\"2014-08-12T19:42:37+00:00\",\"dateModified\":\"2019-01-25T14:50:30+00:00\",\"breadcrumb\":{\"@id\":\"https:\\\/\\\/wp.kristdemokraterna.se\\\/vetlanda\\\/bli-medlem-eller-fa-mer-information\\\/#breadcrumb\"},\"inLanguage\":\"sv-SE\",\"potentialAction\":[{\"@type\":\"ReadAction\",\"target\":[\"https:\\\/\\\/wp.kristdemokraterna.se\\\/vetlanda\\\/bli-medlem-eller-fa-mer-information\\\/\"]}]},{\"@type\":\"BreadcrumbList\",\"@id\":\"https:\\\/\\\/wp.kristdemokraterna.se\\\/vetlanda\\\/bli-medlem-eller-fa-mer-information\\\/#breadcrumb\",\"itemListElement\":[{\"@type\":\"ListItem\",\"position\":1,\"name\":\"Hem\",\"item\":\"https:\\\/\\\/wp.kristdemokraterna.se\\\/vetlanda\\\/\"},{\"@type\":\"ListItem\",\"position\":2,\"name\":\"Bli medlem eller f\u00e5 mer information\"}]},{\"@type\":\"WebSite\",\"@id\":\"https:\\\/\\\/wp.kristdemokraterna.se\\\/vetlanda\\\/#website\",\"url\":\"https:\\\/\\\/wp.kristdemokraterna.se\\\/vetlanda\\\/\",\"name\":\"Vetlanda\",\"description\":\"\",\"inLanguage\":\"sv-SE\"}]}<\/script>\n<!-- \/ Yoast SEO plugin. -->","yoast_head_json":{"title":"Bli medlem eller f\u00e5 mer information - Vetlanda","robots":{"index":"index","follow":"follow","max-snippet":"max-snippet:-1","max-image-preview":"max-image-preview:large","max-video-preview":"max-video-preview:-1"},"canonical":"https:\/\/wp.kristdemokraterna.se\/vetlanda\/bli-medlem-eller-fa-mer-information\/","og_locale":"sv_SE","og_type":"article","og_title":"Bli medlem eller f\u00e5 mer information - Vetlanda","og_description":"Vi skickar g\u00e4rna information om oss kristdemokrater. H\u00f6r av dig till n\u00e5gon av oss och ber\u00e4tta g\u00e4rna om det \u00e4r n\u00e5gon speciell fr\u00e5ga du vill veta mer om. Om du delar v\u00e5ra v\u00e4rderingar \u00e4r det ocks\u00e5 mycket trevligt om du v\u00e4ljer att bli medlem i v\u00e5r lokalavdelning. H\u00e4r hittar du v\u00e5ra kontaktuppgifter","og_url":"https:\/\/wp.kristdemokraterna.se\/vetlanda\/bli-medlem-eller-fa-mer-information\/","og_site_name":"Vetlanda","article_modified_time":"2019-01-25T14:50:30+00:00","twitter_card":"summary_large_image","schema":{"@context":"https:\/\/schema.org","@graph":[{"@type":"WebPage","@id":"https:\/\/wp.kristdemokraterna.se\/vetlanda\/bli-medlem-eller-fa-mer-information\/","url":"https:\/\/wp.kristdemokraterna.se\/vetlanda\/bli-medlem-eller-fa-mer-information\/","name":"Bli medlem eller f\u00e5 mer information - Vetlanda","isPartOf":{"@id":"https:\/\/wp.kristdemokraterna.se\/vetlanda\/#website"},"datePublished":"2014-08-12T19:42:37+00:00","dateModified":"2019-01-25T14:50:30+00:00","breadcrumb":{"@id":"https:\/\/wp.kristdemokraterna.se\/vetlanda\/bli-medlem-eller-fa-mer-information\/#breadcrumb"},"inLanguage":"sv-SE","potentialAction":[{"@type":"ReadAction","target":["https:\/\/wp.kristdemokraterna.se\/vetlanda\/bli-medlem-eller-fa-mer-information\/"]}]},{"@type":"BreadcrumbList","@id":"https:\/\/wp.kristdemokraterna.se\/vetlanda\/bli-medlem-eller-fa-mer-information\/#breadcrumb","itemListElement":[{"@type":"ListItem","position":1,"name":"Hem","item":"https:\/\/wp.kristdemokraterna.se\/vetlanda\/"},{"@type":"ListItem","position":2,"name":"Bli medlem eller f\u00e5 mer information"}]},{"@type":"WebSite","@id":"https:\/\/wp.kristdemokraterna.se\/vetlanda\/#website","url":"https:\/\/wp.kristdemokraterna.se\/vetlanda\/","name":"Vetlanda","description":"","inLanguage":"sv-SE"}]}},"_links":{"self":[{"href":"https:\/\/wp.kristdemokraterna.se\/vetlanda\/wp-json\/wp\/v2\/pages\/53","targetHints":{"allow":["GET"]}}],"collection":[{"href":"https:\/\/wp.kristdemokraterna.se\/vetlanda\/wp-json\/wp\/v2\/pages"}],"about":[{"href":"https:\/\/wp.kristdemokraterna.se\/vetlanda\/wp-json\/wp\/v2\/types\/page"}],"author":[{"embeddable":true,"href":"https:\/\/wp.kristdemokraterna.se\/vetlanda\/wp-json\/wp\/v2\/users\/633"}],"replies":[{"embeddable":true,"href":"https:\/\/wp.kristdemokraterna.se\/vetlanda\/wp-json\/wp\/v2\/comments?post=53"}],"version-history":[{"count":9,"href":"https:\/\/wp.kristdemokraterna.se\/vetlanda\/wp-json\/wp\/v2\/pages\/53\/revisions"}],"predecessor-version":[{"id":370,"href":"https:\/\/wp.kristdemokraterna.se\/vetlanda\/wp-json\/wp\/v2\/pages\/53\/revisions\/370"}],"wp:attachment":[{"href":"https:\/\/wp.kristdemokraterna.se\/vetlanda\/wp-json\/wp\/v2\/media?parent=53"}],"curies":[{"name":"wp","href":"https:\/\/api.w.org\/{rel}","templated":true}]}}