{"id":57,"date":"2014-08-12T21:43:27","date_gmt":"2014-08-12T19:43:27","guid":{"rendered":"http:\/\/wp.kristdemokraterna.se\/vetlanda\/?page_id=57"},"modified":"2019-01-25T15:53:10","modified_gmt":"2019-01-25T14:53:10","slug":"lamna-dina-synpunkter-och-forslag","status":"publish","type":"page","link":"https:\/\/wp.kristdemokraterna.se\/vetlanda\/lamna-dina-synpunkter-och-forslag\/","title":{"rendered":"L\u00e4mna dina synpunkter och f\u00f6rslag"},"content":{"rendered":"<p>Vi \u00e4r ett parti som vill vara lyh\u00f6rt f\u00f6r vad du som kommuninv\u00e5nare tycker. Vi \u00e4r d\u00e4rf\u00f6r tacksamma om du ger oss tips, f\u00f6rslag och synpunkter om hur vi kan g\u00f6ra Vetlanda\u00a0kommun \u00e4nnu b\u00e4ttre!<\/p>\n<ul>\n<li><a href=\"http:\/\/wp.kristdemokraterna.se\/vetlanda\/kontaktuppgifter\/\">H\u00e4r hittar du v\u00e5ra kontaktuppgifter<\/a><\/li>\n<\/ul>\n","protected":false},"excerpt":{"rendered":"<p>Vi \u00e4r ett parti som vill vara lyh\u00f6rt f\u00f6r vad du som kommuninv\u00e5nare tycker. Vi \u00e4r d\u00e4rf\u00f6r tacksamma om du ger oss tips, f\u00f6rslag och synpunkter om hur vi kan g\u00f6ra Vetlanda\u00a0kommun \u00e4nnu b\u00e4ttre! H\u00e4r hittar du v\u00e5ra kontaktuppgifter<\/p>\n","protected":false},"author":633,"featured_media":0,"parent":0,"menu_order":0,"comment_status":"closed","ping_status":"closed","template":"","meta":{"_acf_changed":false,"footnotes":""},"class_list":["post-57","page","type-page","status-publish","hentry"],"acf":[],"yoast_head":"<!-- This site is optimized with the Yoast SEO plugin v27.4 - https:\/\/yoast.com\/product\/yoast-seo-wordpress\/ -->\n<title>L\u00e4mna dina synpunkter och f\u00f6rslag - Vetlanda<\/title>\n<meta name=\"robots\" content=\"index, follow, max-snippet:-1, max-image-preview:large, max-video-preview:-1\" \/>\n<link rel=\"canonical\" href=\"https:\/\/wp.kristdemokraterna.se\/vetlanda\/lamna-dina-synpunkter-och-forslag\/\" \/>\n<meta property=\"og:locale\" content=\"sv_SE\" \/>\n<meta property=\"og:type\" content=\"article\" \/>\n<meta property=\"og:title\" content=\"L\u00e4mna dina synpunkter och f\u00f6rslag - Vetlanda\" \/>\n<meta property=\"og:description\" content=\"Vi \u00e4r ett parti som vill vara lyh\u00f6rt f\u00f6r vad du som kommuninv\u00e5nare tycker. Vi \u00e4r d\u00e4rf\u00f6r tacksamma om du ger oss tips, f\u00f6rslag och synpunkter om hur vi kan g\u00f6ra Vetlanda\u00a0kommun \u00e4nnu b\u00e4ttre! H\u00e4r hittar du v\u00e5ra kontaktuppgifter\" \/>\n<meta property=\"og:url\" content=\"https:\/\/wp.kristdemokraterna.se\/vetlanda\/lamna-dina-synpunkter-och-forslag\/\" \/>\n<meta property=\"og:site_name\" content=\"Vetlanda\" \/>\n<meta property=\"article:modified_time\" content=\"2019-01-25T14:53:10+00:00\" \/>\n<meta name=\"twitter:card\" content=\"summary_large_image\" \/>\n<script type=\"application\/ld+json\" class=\"yoast-schema-graph\">{\"@context\":\"https:\\\/\\\/schema.org\",\"@graph\":[{\"@type\":\"WebPage\",\"@id\":\"https:\\\/\\\/wp.kristdemokraterna.se\\\/vetlanda\\\/lamna-dina-synpunkter-och-forslag\\\/\",\"url\":\"https:\\\/\\\/wp.kristdemokraterna.se\\\/vetlanda\\\/lamna-dina-synpunkter-och-forslag\\\/\",\"name\":\"L\u00e4mna dina synpunkter och f\u00f6rslag - Vetlanda\",\"isPartOf\":{\"@id\":\"https:\\\/\\\/wp.kristdemokraterna.se\\\/vetlanda\\\/#website\"},\"datePublished\":\"2014-08-12T19:43:27+00:00\",\"dateModified\":\"2019-01-25T14:53:10+00:00\",\"breadcrumb\":{\"@id\":\"https:\\\/\\\/wp.kristdemokraterna.se\\\/vetlanda\\\/lamna-dina-synpunkter-och-forslag\\\/#breadcrumb\"},\"inLanguage\":\"sv-SE\",\"potentialAction\":[{\"@type\":\"ReadAction\",\"target\":[\"https:\\\/\\\/wp.kristdemokraterna.se\\\/vetlanda\\\/lamna-dina-synpunkter-och-forslag\\\/\"]}]},{\"@type\":\"BreadcrumbList\",\"@id\":\"https:\\\/\\\/wp.kristdemokraterna.se\\\/vetlanda\\\/lamna-dina-synpunkter-och-forslag\\\/#breadcrumb\",\"itemListElement\":[{\"@type\":\"ListItem\",\"position\":1,\"name\":\"Hem\",\"item\":\"https:\\\/\\\/wp.kristdemokraterna.se\\\/vetlanda\\\/\"},{\"@type\":\"ListItem\",\"position\":2,\"name\":\"L\u00e4mna dina synpunkter och f\u00f6rslag\"}]},{\"@type\":\"WebSite\",\"@id\":\"https:\\\/\\\/wp.kristdemokraterna.se\\\/vetlanda\\\/#website\",\"url\":\"https:\\\/\\\/wp.kristdemokraterna.se\\\/vetlanda\\\/\",\"name\":\"Vetlanda\",\"description\":\"\",\"inLanguage\":\"sv-SE\"}]}<\/script>\n<!-- \/ Yoast SEO plugin. -->","yoast_head_json":{"title":"L\u00e4mna dina synpunkter och f\u00f6rslag - Vetlanda","robots":{"index":"index","follow":"follow","max-snippet":"max-snippet:-1","max-image-preview":"max-image-preview:large","max-video-preview":"max-video-preview:-1"},"canonical":"https:\/\/wp.kristdemokraterna.se\/vetlanda\/lamna-dina-synpunkter-och-forslag\/","og_locale":"sv_SE","og_type":"article","og_title":"L\u00e4mna dina synpunkter och f\u00f6rslag - Vetlanda","og_description":"Vi \u00e4r ett parti som vill vara lyh\u00f6rt f\u00f6r vad du som kommuninv\u00e5nare tycker. Vi \u00e4r d\u00e4rf\u00f6r tacksamma om du ger oss tips, f\u00f6rslag och synpunkter om hur vi kan g\u00f6ra Vetlanda\u00a0kommun \u00e4nnu b\u00e4ttre! H\u00e4r hittar du v\u00e5ra kontaktuppgifter","og_url":"https:\/\/wp.kristdemokraterna.se\/vetlanda\/lamna-dina-synpunkter-och-forslag\/","og_site_name":"Vetlanda","article_modified_time":"2019-01-25T14:53:10+00:00","twitter_card":"summary_large_image","schema":{"@context":"https:\/\/schema.org","@graph":[{"@type":"WebPage","@id":"https:\/\/wp.kristdemokraterna.se\/vetlanda\/lamna-dina-synpunkter-och-forslag\/","url":"https:\/\/wp.kristdemokraterna.se\/vetlanda\/lamna-dina-synpunkter-och-forslag\/","name":"L\u00e4mna dina synpunkter och f\u00f6rslag - Vetlanda","isPartOf":{"@id":"https:\/\/wp.kristdemokraterna.se\/vetlanda\/#website"},"datePublished":"2014-08-12T19:43:27+00:00","dateModified":"2019-01-25T14:53:10+00:00","breadcrumb":{"@id":"https:\/\/wp.kristdemokraterna.se\/vetlanda\/lamna-dina-synpunkter-och-forslag\/#breadcrumb"},"inLanguage":"sv-SE","potentialAction":[{"@type":"ReadAction","target":["https:\/\/wp.kristdemokraterna.se\/vetlanda\/lamna-dina-synpunkter-och-forslag\/"]}]},{"@type":"BreadcrumbList","@id":"https:\/\/wp.kristdemokraterna.se\/vetlanda\/lamna-dina-synpunkter-och-forslag\/#breadcrumb","itemListElement":[{"@type":"ListItem","position":1,"name":"Hem","item":"https:\/\/wp.kristdemokraterna.se\/vetlanda\/"},{"@type":"ListItem","position":2,"name":"L\u00e4mna dina synpunkter och f\u00f6rslag"}]},{"@type":"WebSite","@id":"https:\/\/wp.kristdemokraterna.se\/vetlanda\/#website","url":"https:\/\/wp.kristdemokraterna.se\/vetlanda\/","name":"Vetlanda","description":"","inLanguage":"sv-SE"}]}},"_links":{"self":[{"href":"https:\/\/wp.kristdemokraterna.se\/vetlanda\/wp-json\/wp\/v2\/pages\/57","targetHints":{"allow":["GET"]}}],"collection":[{"href":"https:\/\/wp.kristdemokraterna.se\/vetlanda\/wp-json\/wp\/v2\/pages"}],"about":[{"href":"https:\/\/wp.kristdemokraterna.se\/vetlanda\/wp-json\/wp\/v2\/types\/page"}],"author":[{"embeddable":true,"href":"https:\/\/wp.kristdemokraterna.se\/vetlanda\/wp-json\/wp\/v2\/users\/633"}],"replies":[{"embeddable":true,"href":"https:\/\/wp.kristdemokraterna.se\/vetlanda\/wp-json\/wp\/v2\/comments?post=57"}],"version-history":[{"count":6,"href":"https:\/\/wp.kristdemokraterna.se\/vetlanda\/wp-json\/wp\/v2\/pages\/57\/revisions"}],"predecessor-version":[{"id":371,"href":"https:\/\/wp.kristdemokraterna.se\/vetlanda\/wp-json\/wp\/v2\/pages\/57\/revisions\/371"}],"wp:attachment":[{"href":"https:\/\/wp.kristdemokraterna.se\/vetlanda\/wp-json\/wp\/v2\/media?parent=57"}],"curies":[{"name":"wp","href":"https:\/\/api.w.org\/{rel}","templated":true}]}}