{"id":63,"date":"2014-08-12T21:45:22","date_gmt":"2014-08-12T19:45:22","guid":{"rendered":"http:\/\/wp.kristdemokraterna.se\/vetlanda\/?page_id=63"},"modified":"2025-04-05T14:40:55","modified_gmt":"2025-04-05T12:40:55","slug":"kriterier-for-vitsippspriset","status":"publish","type":"page","link":"https:\/\/wp.kristdemokraterna.se\/vetlanda\/kriterier-for-vitsippspriset\/","title":{"rendered":"Vitsippspriset"},"content":{"rendered":"<p>Kristdemokraterna i Vetlandakommun delar \u00e5rligen ut ett\u00a0\u201dVitsippspris\u201d f\u00f6r att uppmuntra och uppm\u00e4rksamma positiva f\u00f6reteelser i v\u00e5rt n\u00e4rsamh\u00e4lle oavsett om de sker i det tysta eller i str\u00e5lkastarljuset. Priset ska i f\u00f6rsta hand ses som en uppmuntran och ett erk\u00e4nnande till n\u00e5gon enskild eller organisation som har utr\u00e4ttat n\u00e5got ut\u00f6ver det vanliga.<\/p>\n<p>Hittills har Vitsippspriset delats ut till f\u00f6ljande mottagare i Vetlanda\u00a0kommun:<\/p>\n<ul>\n<li>2024 Birgitta Yavari Ilan, konstn\u00e4r<\/li>\n<li>2024 Ronny S\u00f6derlund, Fotbollssskolan<\/li>\n<li>2017\u00a0 Korskyrkan i Vetlanda\/ Gemensamt julfirande<\/li>\n<li>2015 Anette Carlsson<\/li>\n<li>2012 \u00a0Stewe Jonsson<\/li>\n<li>2011 \u00a0\u00a0Litauenhj\u00e4lpen<\/li>\n<li>2010 \u00a0\u00a0Preach Boys<\/li>\n<li>2009 \u00a0\u00a0Anh\u00f6rigf\u00f6reningen<\/li>\n<li>2008 \u00a0\u00a0Caf\u00e9vagnen<\/li>\n<li>2007 \u00a0\u00a0Power House<\/li>\n<li>2006 \u00a0\u00a0Bygdespelet &#8221;D\u00e4 \u00e4 som d\u00e4 \u00e4&#8221;, Stenberga<\/li>\n<li>2005 \u00a0\u00a0Trycket, Landsbro<\/li>\n<li>2004 \u00a0\u00a0Frivilliga flyktingarbetet, Eken\u00e4ssj\u00f6n<\/li>\n<li>2003 \u00a0\u00a0R\u00e4dda Barnen<\/li>\n<li>2002 \u00a0\u00a0Kvinnojouren Linn\u00e9orna<\/li>\n<\/ul>\n\n\t\t<style type=\"text\/css\">\n\t\t\t#gallery-1 {\n\t\t\t\tmargin: auto;\n\t\t\t}\n\t\t\t#gallery-1 .gallery-item {\n\t\t\t\tfloat: left;\n\t\t\t\tmargin-top: 10px;\n\t\t\t\ttext-align: center;\n\t\t\t\twidth: 33%;\n\t\t\t}\n\t\t\t#gallery-1 img {\n\t\t\t\tborder: 2px solid #cfcfcf;\n\t\t\t}\n\t\t\t#gallery-1 .gallery-caption {\n\t\t\t\tmargin-left: 0;\n\t\t\t}\n\t\t\t\/* see gallery_shortcode() in wp-includes\/media.php *\/\n\t\t<\/style>\n\t\t<div id='gallery-1' class='gallery galleryid-63 gallery-columns-3 gallery-size-thumbnail'><dl class='gallery-item'>\n\t\t\t<dt class='gallery-icon portrait'>\n\t\t\t\t<a href='https:\/\/wp.kristdemokraterna.se\/vetlanda\/?attachment_id=459'><img loading=\"lazy\" decoding=\"async\" width=\"150\" height=\"150\" src=\"https:\/\/wp.kristdemokraterna.se\/vetlanda\/files\/2025\/04\/vitsippspris-2025-150x150.jpg\" class=\"attachment-thumbnail size-thumbnail\" alt=\"\" aria-describedby=\"gallery-1-459\" \/><\/a>\n\t\t\t<\/dt>\n\t\t\t\t<dd class='wp-caption-text gallery-caption' id='gallery-1-459'>\n\t\t\t\tRonny S\u00f6derlund, Fotbollsskolan, 2024\n\t\t\t\t<\/dd><\/dl><dl class='gallery-item'>\n\t\t\t<dt class='gallery-icon portrait'>\n\t\t\t\t<a href='https:\/\/wp.kristdemokraterna.se\/vetlanda\/?attachment_id=458'><img loading=\"lazy\" decoding=\"async\" width=\"150\" height=\"150\" src=\"https:\/\/wp.kristdemokraterna.se\/vetlanda\/files\/2025\/04\/vitsippspris-birgitta-yavari-150x150.jpg\" class=\"attachment-thumbnail size-thumbnail\" alt=\"\" aria-describedby=\"gallery-1-458\" \/><\/a>\n\t\t\t<\/dt>\n\t\t\t\t<dd class='wp-caption-text gallery-caption' id='gallery-1-458'>\n\t\t\t\tBirgitta Yavari Ilan, konstn\u00e4r, 2024.\n\t\t\t\t<\/dd><\/dl><dl class='gallery-item'>\n\t\t\t<dt class='gallery-icon portrait'>\n\t\t\t\t<a href='https:\/\/wp.kristdemokraterna.se\/vetlanda\/?attachment_id=252'><img loading=\"lazy\" decoding=\"async\" width=\"150\" height=\"150\" src=\"https:\/\/wp.kristdemokraterna.se\/vetlanda\/files\/2014\/08\/anette-carlsson-150x150.jpg\" class=\"attachment-thumbnail size-thumbnail\" alt=\"Anette Carlsson fick Vitsippspriset 2015\" aria-describedby=\"gallery-1-252\" \/><\/a>\n\t\t\t<\/dt>\n\t\t\t\t<dd class='wp-caption-text gallery-caption' id='gallery-1-252'>\n\t\t\t\tAnette Carlsson, 2015\n\t\t\t\t<\/dd><\/dl><br style=\"clear: both\" \/><dl class='gallery-item'>\n\t\t\t<dt class='gallery-icon landscape'>\n\t\t\t\t<a href='https:\/\/wp.kristdemokraterna.se\/vetlanda\/?attachment_id=245'><img loading=\"lazy\" decoding=\"async\" width=\"150\" height=\"150\" src=\"https:\/\/wp.kristdemokraterna.se\/vetlanda\/files\/2014\/08\/vitsipp_sj_72dpi-150x150.jpg\" class=\"attachment-thumbnail size-thumbnail\" alt=\"Vitsippspriset 2012\" aria-describedby=\"gallery-1-245\" \/><\/a>\n\t\t\t<\/dt>\n\t\t\t\t<dd class='wp-caption-text gallery-caption' id='gallery-1-245'>\n\t\t\t\tDavid Lega, kristdemokratiskt kommunalr\u00e5d i G\u00f6teborg, var p\u00e5 bes\u00f6k i Vetlanda d\u00e5 Vitsippspriset delades ut till Stewe Jonsson.\n\t\t\t\t<\/dd><\/dl>\n\t\t\t<br style='clear: both' \/>\n\t\t<\/div>\n\n","protected":false},"excerpt":{"rendered":"<p>Kristdemokraterna i Vetlandakommun delar \u00e5rligen ut ett\u00a0\u201dVitsippspris\u201d f\u00f6r att uppmuntra och uppm\u00e4rksamma positiva f\u00f6reteelser i v\u00e5rt n\u00e4rsamh\u00e4lle oavsett om de sker i det tysta eller i str\u00e5lkastarljuset. Priset ska i f\u00f6rsta hand ses som en uppmuntran och ett erk\u00e4nnande till n\u00e5gon enskild eller organisation som har utr\u00e4ttat n\u00e5got ut\u00f6ver det vanliga. Hittills har Vitsippspriset delats <a class=\"read-more-link\" href=\"https:\/\/wp.kristdemokraterna.se\/vetlanda\/kriterier-for-vitsippspriset\/\">Read More<\/a><\/p>\n","protected":false},"author":633,"featured_media":0,"parent":0,"menu_order":0,"comment_status":"closed","ping_status":"closed","template":"","meta":{"_acf_changed":false,"footnotes":""},"class_list":["post-63","page","type-page","status-publish","hentry"],"acf":[],"yoast_head":"<!-- This site is optimized with the Yoast SEO plugin v27.3 - https:\/\/yoast.com\/product\/yoast-seo-wordpress\/ -->\n<title>Vitsippspriset - Vetlanda<\/title>\n<meta name=\"robots\" content=\"index, follow, max-snippet:-1, max-image-preview:large, max-video-preview:-1\" \/>\n<link rel=\"canonical\" href=\"https:\/\/wp.kristdemokraterna.se\/vetlanda\/kriterier-for-vitsippspriset\/\" \/>\n<meta property=\"og:locale\" content=\"sv_SE\" \/>\n<meta property=\"og:type\" content=\"article\" \/>\n<meta property=\"og:title\" content=\"Vitsippspriset - Vetlanda\" \/>\n<meta property=\"og:description\" content=\"Kristdemokraterna i Vetlandakommun delar \u00e5rligen ut ett\u00a0\u201dVitsippspris\u201d f\u00f6r att uppmuntra och uppm\u00e4rksamma positiva f\u00f6reteelser i v\u00e5rt n\u00e4rsamh\u00e4lle oavsett om de sker i det tysta eller i str\u00e5lkastarljuset. Priset ska i f\u00f6rsta hand ses som en uppmuntran och ett erk\u00e4nnande till n\u00e5gon enskild eller organisation som har utr\u00e4ttat n\u00e5got ut\u00f6ver det vanliga. Hittills har Vitsippspriset delats Read More\" \/>\n<meta property=\"og:url\" content=\"https:\/\/wp.kristdemokraterna.se\/vetlanda\/kriterier-for-vitsippspriset\/\" \/>\n<meta property=\"og:site_name\" content=\"Vetlanda\" \/>\n<meta property=\"article:modified_time\" content=\"2025-04-05T12:40:55+00:00\" \/>\n<meta property=\"og:image\" content=\"http:\/\/wp.kristdemokraterna.se\/vetlanda\/files\/2025\/04\/vitsippspris-2025-150x150.jpg\" \/>\n<meta name=\"twitter:card\" content=\"summary_large_image\" \/>\n<meta name=\"twitter:label1\" content=\"Ber\u00e4knad l\u00e4stid\" \/>\n\t<meta name=\"twitter:data1\" content=\"1 minut\" \/>\n<script type=\"application\/ld+json\" class=\"yoast-schema-graph\">{\"@context\":\"https:\\\/\\\/schema.org\",\"@graph\":[{\"@type\":\"WebPage\",\"@id\":\"https:\\\/\\\/wp.kristdemokraterna.se\\\/vetlanda\\\/kriterier-for-vitsippspriset\\\/\",\"url\":\"https:\\\/\\\/wp.kristdemokraterna.se\\\/vetlanda\\\/kriterier-for-vitsippspriset\\\/\",\"name\":\"Vitsippspriset - Vetlanda\",\"isPartOf\":{\"@id\":\"https:\\\/\\\/wp.kristdemokraterna.se\\\/vetlanda\\\/#website\"},\"datePublished\":\"2014-08-12T19:45:22+00:00\",\"dateModified\":\"2025-04-05T12:40:55+00:00\",\"breadcrumb\":{\"@id\":\"https:\\\/\\\/wp.kristdemokraterna.se\\\/vetlanda\\\/kriterier-for-vitsippspriset\\\/#breadcrumb\"},\"inLanguage\":\"sv-SE\",\"potentialAction\":[{\"@type\":\"ReadAction\",\"target\":[\"https:\\\/\\\/wp.kristdemokraterna.se\\\/vetlanda\\\/kriterier-for-vitsippspriset\\\/\"]}]},{\"@type\":\"BreadcrumbList\",\"@id\":\"https:\\\/\\\/wp.kristdemokraterna.se\\\/vetlanda\\\/kriterier-for-vitsippspriset\\\/#breadcrumb\",\"itemListElement\":[{\"@type\":\"ListItem\",\"position\":1,\"name\":\"Hem\",\"item\":\"https:\\\/\\\/wp.kristdemokraterna.se\\\/vetlanda\\\/\"},{\"@type\":\"ListItem\",\"position\":2,\"name\":\"Vitsippspriset\"}]},{\"@type\":\"WebSite\",\"@id\":\"https:\\\/\\\/wp.kristdemokraterna.se\\\/vetlanda\\\/#website\",\"url\":\"https:\\\/\\\/wp.kristdemokraterna.se\\\/vetlanda\\\/\",\"name\":\"Vetlanda\",\"description\":\"\",\"inLanguage\":\"sv-SE\"}]}<\/script>\n<!-- \/ Yoast SEO plugin. -->","yoast_head_json":{"title":"Vitsippspriset - Vetlanda","robots":{"index":"index","follow":"follow","max-snippet":"max-snippet:-1","max-image-preview":"max-image-preview:large","max-video-preview":"max-video-preview:-1"},"canonical":"https:\/\/wp.kristdemokraterna.se\/vetlanda\/kriterier-for-vitsippspriset\/","og_locale":"sv_SE","og_type":"article","og_title":"Vitsippspriset - Vetlanda","og_description":"Kristdemokraterna i Vetlandakommun delar \u00e5rligen ut ett\u00a0\u201dVitsippspris\u201d f\u00f6r att uppmuntra och uppm\u00e4rksamma positiva f\u00f6reteelser i v\u00e5rt n\u00e4rsamh\u00e4lle oavsett om de sker i det tysta eller i str\u00e5lkastarljuset. Priset ska i f\u00f6rsta hand ses som en uppmuntran och ett erk\u00e4nnande till n\u00e5gon enskild eller organisation som har utr\u00e4ttat n\u00e5got ut\u00f6ver det vanliga. Hittills har Vitsippspriset delats Read More","og_url":"https:\/\/wp.kristdemokraterna.se\/vetlanda\/kriterier-for-vitsippspriset\/","og_site_name":"Vetlanda","article_modified_time":"2025-04-05T12:40:55+00:00","og_image":[{"url":"http:\/\/wp.kristdemokraterna.se\/vetlanda\/files\/2025\/04\/vitsippspris-2025-150x150.jpg","type":"","width":"","height":""}],"twitter_card":"summary_large_image","twitter_misc":{"Ber\u00e4knad l\u00e4stid":"1 minut"},"schema":{"@context":"https:\/\/schema.org","@graph":[{"@type":"WebPage","@id":"https:\/\/wp.kristdemokraterna.se\/vetlanda\/kriterier-for-vitsippspriset\/","url":"https:\/\/wp.kristdemokraterna.se\/vetlanda\/kriterier-for-vitsippspriset\/","name":"Vitsippspriset - Vetlanda","isPartOf":{"@id":"https:\/\/wp.kristdemokraterna.se\/vetlanda\/#website"},"datePublished":"2014-08-12T19:45:22+00:00","dateModified":"2025-04-05T12:40:55+00:00","breadcrumb":{"@id":"https:\/\/wp.kristdemokraterna.se\/vetlanda\/kriterier-for-vitsippspriset\/#breadcrumb"},"inLanguage":"sv-SE","potentialAction":[{"@type":"ReadAction","target":["https:\/\/wp.kristdemokraterna.se\/vetlanda\/kriterier-for-vitsippspriset\/"]}]},{"@type":"BreadcrumbList","@id":"https:\/\/wp.kristdemokraterna.se\/vetlanda\/kriterier-for-vitsippspriset\/#breadcrumb","itemListElement":[{"@type":"ListItem","position":1,"name":"Hem","item":"https:\/\/wp.kristdemokraterna.se\/vetlanda\/"},{"@type":"ListItem","position":2,"name":"Vitsippspriset"}]},{"@type":"WebSite","@id":"https:\/\/wp.kristdemokraterna.se\/vetlanda\/#website","url":"https:\/\/wp.kristdemokraterna.se\/vetlanda\/","name":"Vetlanda","description":"","inLanguage":"sv-SE"}]}},"_links":{"self":[{"href":"https:\/\/wp.kristdemokraterna.se\/vetlanda\/wp-json\/wp\/v2\/pages\/63","targetHints":{"allow":["GET"]}}],"collection":[{"href":"https:\/\/wp.kristdemokraterna.se\/vetlanda\/wp-json\/wp\/v2\/pages"}],"about":[{"href":"https:\/\/wp.kristdemokraterna.se\/vetlanda\/wp-json\/wp\/v2\/types\/page"}],"author":[{"embeddable":true,"href":"https:\/\/wp.kristdemokraterna.se\/vetlanda\/wp-json\/wp\/v2\/users\/633"}],"replies":[{"embeddable":true,"href":"https:\/\/wp.kristdemokraterna.se\/vetlanda\/wp-json\/wp\/v2\/comments?post=63"}],"version-history":[{"count":2,"href":"https:\/\/wp.kristdemokraterna.se\/vetlanda\/wp-json\/wp\/v2\/pages\/63\/revisions"}],"predecessor-version":[{"id":464,"href":"https:\/\/wp.kristdemokraterna.se\/vetlanda\/wp-json\/wp\/v2\/pages\/63\/revisions\/464"}],"wp:attachment":[{"href":"https:\/\/wp.kristdemokraterna.se\/vetlanda\/wp-json\/wp\/v2\/media?parent=63"}],"curies":[{"name":"wp","href":"https:\/\/api.w.org\/{rel}","templated":true}]}}