{"id":45,"date":"2016-03-17T21:59:36","date_gmt":"2016-03-17T20:59:36","guid":{"rendered":"http:\/\/wp.kristdemokraterna.se\/vg\/?page_id=45"},"modified":"2024-06-24T14:55:00","modified_gmt":"2024-06-24T12:55:00","slug":"kontaktuppgifter","status":"publish","type":"page","link":"https:\/\/wp.kristdemokraterna.se\/vg\/kontaktuppgifter\/","title":{"rendered":"Kontaktuppgifter"},"content":{"rendered":"<p><strong>Regionkansliet<\/strong><br \/>\nKristdemokraterna i V\u00e4stra G\u00f6talandsregionen<br \/>\nResidenset Torget, 462 80 V\u00e4nersborg<\/p>\n<p><strong>Stefan Svensson<\/strong><br \/>\nRegionr\u00e5d, gruppledare<br \/>\nMobil: 076 &#8211; 496 27 75<br \/>\nE-post: stefan.k.svensson@vgregion.se<\/p>\n<p><strong>Pernilla Wendesten<\/strong><br \/>\nErs\u00e4ttare i regionstyrelsen<br \/>\nMobil: 073-554 66 58<br \/>\nE-post: pernilla.wendesten@kristdemokraterna.se<\/p>\n<p><strong>Conny Br\u00e4nnberg<\/strong><br \/>\nVice ordf\u00f6rande i regionfullm\u00e4ktige<br \/>\n<span style=\"line-height: 1.5\">Mobil: 070-341 05 65<br \/>\n<\/span><span style=\"line-height: 1.5\">E-post: conny.brannberg@vgregion.se<\/span><\/p>\n<p><strong>Michael Kihlstr\u00f6m<\/strong><br \/>\nPolitisk sekreterare<br \/>\nMobil: 070 &#8211; 984 54 71<br \/>\nE-post: michael.kihlstrom@vgregion.se<\/p>\n<p><strong>Thomas Palmgren<\/strong><br \/>\nPolitisk sekreterare<br \/>\nMobil: 076-213 39 21<br \/>\nE-post: thomas.palmgren@vgregion.se<\/p>\n<p><strong>Per Landgren<\/strong><br \/>\nPolitisk sekreterare<br \/>\nE-post: per.landgren@vgregion.se<\/p>\n","protected":false},"excerpt":{"rendered":"<p>Regionkansliet Kristdemokraterna i V\u00e4stra G\u00f6talandsregionen Residenset Torget, 462 80 V\u00e4nersborg Stefan Svensson Regionr\u00e5d, gruppledare Mobil: 076 &#8211; 496 27 75 E-post: stefan.k.svensson@vgregion.se Pernilla Wendesten Ers\u00e4ttare i regionstyrelsen Mobil: 073-554 66 58 E-post: pernilla.wendesten@kristdemokraterna.se Conny Br\u00e4nnberg Vice ordf\u00f6rande i regionfullm\u00e4ktige Mobil: 070-341 05 65 E-post: conny.brannberg@vgregion.se Michael Kihlstr\u00f6m Politisk sekreterare Mobil: 070 &#8211; 984 54 71 <a class=\"read-more-link\" href=\"https:\/\/wp.kristdemokraterna.se\/vg\/kontaktuppgifter\/\">Read More<\/a><\/p>\n","protected":false},"author":726,"featured_media":203,"parent":0,"menu_order":0,"comment_status":"closed","ping_status":"closed","template":"","meta":{"_acf_changed":false,"footnotes":""},"class_list":["post-45","page","type-page","status-publish","has-post-thumbnail","hentry"],"acf":[],"yoast_head":"<!-- This site is optimized with the Yoast SEO plugin v27.3 - https:\/\/yoast.com\/product\/yoast-seo-wordpress\/ -->\n<title>Kontaktuppgifter - V\u00e4stra G\u00f6talandsregionen<\/title>\n<meta name=\"robots\" content=\"index, follow, max-snippet:-1, max-image-preview:large, max-video-preview:-1\" \/>\n<link rel=\"canonical\" href=\"https:\/\/wp.kristdemokraterna.se\/vg\/kontaktuppgifter\/\" \/>\n<meta property=\"og:locale\" content=\"sv_SE\" \/>\n<meta property=\"og:type\" content=\"article\" \/>\n<meta property=\"og:title\" content=\"Kontaktuppgifter - V\u00e4stra G\u00f6talandsregionen\" \/>\n<meta property=\"og:description\" content=\"Regionkansliet Kristdemokraterna i V\u00e4stra G\u00f6talandsregionen Residenset Torget, 462 80 V\u00e4nersborg Stefan Svensson Regionr\u00e5d, gruppledare Mobil: 076 &#8211; 496 27 75 E-post: stefan.k.svensson@vgregion.se Pernilla Wendesten Ers\u00e4ttare i regionstyrelsen Mobil: 073-554 66 58 E-post: pernilla.wendesten@kristdemokraterna.se Conny Br\u00e4nnberg Vice ordf\u00f6rande i regionfullm\u00e4ktige Mobil: 070-341 05 65 E-post: conny.brannberg@vgregion.se Michael Kihlstr\u00f6m Politisk sekreterare Mobil: 070 &#8211; 984 54 71 Read More\" \/>\n<meta property=\"og:url\" content=\"https:\/\/wp.kristdemokraterna.se\/vg\/kontaktuppgifter\/\" \/>\n<meta property=\"og:site_name\" content=\"V\u00e4stra G\u00f6talandsregionen\" \/>\n<meta property=\"article:modified_time\" content=\"2024-06-24T12:55:00+00:00\" \/>\n<meta property=\"og:image\" content=\"http:\/\/wp.kristdemokraterna.se\/vg\/files\/2016\/04\/barn-nalle.jpg\" \/>\n\t<meta property=\"og:image:width\" content=\"640\" \/>\n\t<meta property=\"og:image:height\" content=\"426\" \/>\n\t<meta property=\"og:image:type\" content=\"image\/jpeg\" \/>\n<meta name=\"twitter:card\" content=\"summary_large_image\" \/>\n<meta name=\"twitter:site\" content=\"@KD_VGR\" \/>\n<meta name=\"twitter:label1\" content=\"Ber\u00e4knad l\u00e4stid\" \/>\n\t<meta name=\"twitter:data1\" content=\"1 minut\" \/>\n<script type=\"application\/ld+json\" class=\"yoast-schema-graph\">{\"@context\":\"https:\\\/\\\/schema.org\",\"@graph\":[{\"@type\":\"WebPage\",\"@id\":\"https:\\\/\\\/wp.kristdemokraterna.se\\\/vg\\\/kontaktuppgifter\\\/\",\"url\":\"https:\\\/\\\/wp.kristdemokraterna.se\\\/vg\\\/kontaktuppgifter\\\/\",\"name\":\"Kontaktuppgifter - V\u00e4stra G\u00f6talandsregionen\",\"isPartOf\":{\"@id\":\"https:\\\/\\\/wp.kristdemokraterna.se\\\/vg\\\/#website\"},\"primaryImageOfPage\":{\"@id\":\"https:\\\/\\\/wp.kristdemokraterna.se\\\/vg\\\/kontaktuppgifter\\\/#primaryimage\"},\"image\":{\"@id\":\"https:\\\/\\\/wp.kristdemokraterna.se\\\/vg\\\/kontaktuppgifter\\\/#primaryimage\"},\"thumbnailUrl\":\"https:\\\/\\\/wp.kristdemokraterna.se\\\/vg\\\/files\\\/2016\\\/04\\\/barn-nalle.jpg\",\"datePublished\":\"2016-03-17T20:59:36+00:00\",\"dateModified\":\"2024-06-24T12:55:00+00:00\",\"breadcrumb\":{\"@id\":\"https:\\\/\\\/wp.kristdemokraterna.se\\\/vg\\\/kontaktuppgifter\\\/#breadcrumb\"},\"inLanguage\":\"sv-SE\",\"potentialAction\":[{\"@type\":\"ReadAction\",\"target\":[\"https:\\\/\\\/wp.kristdemokraterna.se\\\/vg\\\/kontaktuppgifter\\\/\"]}]},{\"@type\":\"ImageObject\",\"inLanguage\":\"sv-SE\",\"@id\":\"https:\\\/\\\/wp.kristdemokraterna.se\\\/vg\\\/kontaktuppgifter\\\/#primaryimage\",\"url\":\"https:\\\/\\\/wp.kristdemokraterna.se\\\/vg\\\/files\\\/2016\\\/04\\\/barn-nalle.jpg\",\"contentUrl\":\"https:\\\/\\\/wp.kristdemokraterna.se\\\/vg\\\/files\\\/2016\\\/04\\\/barn-nalle.jpg\",\"width\":640,\"height\":426},{\"@type\":\"BreadcrumbList\",\"@id\":\"https:\\\/\\\/wp.kristdemokraterna.se\\\/vg\\\/kontaktuppgifter\\\/#breadcrumb\",\"itemListElement\":[{\"@type\":\"ListItem\",\"position\":1,\"name\":\"Hem\",\"item\":\"https:\\\/\\\/wp.kristdemokraterna.se\\\/vg\\\/\"},{\"@type\":\"ListItem\",\"position\":2,\"name\":\"Kontaktuppgifter\"}]},{\"@type\":\"WebSite\",\"@id\":\"https:\\\/\\\/wp.kristdemokraterna.se\\\/vg\\\/#website\",\"url\":\"https:\\\/\\\/wp.kristdemokraterna.se\\\/vg\\\/\",\"name\":\"V\u00e4stra G\u00f6talandsregionen\",\"description\":\"\",\"inLanguage\":\"sv-SE\"}]}<\/script>\n<!-- \/ Yoast SEO plugin. -->","yoast_head_json":{"title":"Kontaktuppgifter - V\u00e4stra G\u00f6talandsregionen","robots":{"index":"index","follow":"follow","max-snippet":"max-snippet:-1","max-image-preview":"max-image-preview:large","max-video-preview":"max-video-preview:-1"},"canonical":"https:\/\/wp.kristdemokraterna.se\/vg\/kontaktuppgifter\/","og_locale":"sv_SE","og_type":"article","og_title":"Kontaktuppgifter - V\u00e4stra G\u00f6talandsregionen","og_description":"Regionkansliet Kristdemokraterna i V\u00e4stra G\u00f6talandsregionen Residenset Torget, 462 80 V\u00e4nersborg Stefan Svensson Regionr\u00e5d, gruppledare Mobil: 076 &#8211; 496 27 75 E-post: stefan.k.svensson@vgregion.se Pernilla Wendesten Ers\u00e4ttare i regionstyrelsen Mobil: 073-554 66 58 E-post: pernilla.wendesten@kristdemokraterna.se Conny Br\u00e4nnberg Vice ordf\u00f6rande i regionfullm\u00e4ktige Mobil: 070-341 05 65 E-post: conny.brannberg@vgregion.se Michael Kihlstr\u00f6m Politisk sekreterare Mobil: 070 &#8211; 984 54 71 Read More","og_url":"https:\/\/wp.kristdemokraterna.se\/vg\/kontaktuppgifter\/","og_site_name":"V\u00e4stra G\u00f6talandsregionen","article_modified_time":"2024-06-24T12:55:00+00:00","og_image":[{"width":640,"height":426,"url":"http:\/\/wp.kristdemokraterna.se\/vg\/files\/2016\/04\/barn-nalle.jpg","type":"image\/jpeg"}],"twitter_card":"summary_large_image","twitter_site":"@KD_VGR","twitter_misc":{"Ber\u00e4knad l\u00e4stid":"1 minut"},"schema":{"@context":"https:\/\/schema.org","@graph":[{"@type":"WebPage","@id":"https:\/\/wp.kristdemokraterna.se\/vg\/kontaktuppgifter\/","url":"https:\/\/wp.kristdemokraterna.se\/vg\/kontaktuppgifter\/","name":"Kontaktuppgifter - V\u00e4stra G\u00f6talandsregionen","isPartOf":{"@id":"https:\/\/wp.kristdemokraterna.se\/vg\/#website"},"primaryImageOfPage":{"@id":"https:\/\/wp.kristdemokraterna.se\/vg\/kontaktuppgifter\/#primaryimage"},"image":{"@id":"https:\/\/wp.kristdemokraterna.se\/vg\/kontaktuppgifter\/#primaryimage"},"thumbnailUrl":"https:\/\/wp.kristdemokraterna.se\/vg\/files\/2016\/04\/barn-nalle.jpg","datePublished":"2016-03-17T20:59:36+00:00","dateModified":"2024-06-24T12:55:00+00:00","breadcrumb":{"@id":"https:\/\/wp.kristdemokraterna.se\/vg\/kontaktuppgifter\/#breadcrumb"},"inLanguage":"sv-SE","potentialAction":[{"@type":"ReadAction","target":["https:\/\/wp.kristdemokraterna.se\/vg\/kontaktuppgifter\/"]}]},{"@type":"ImageObject","inLanguage":"sv-SE","@id":"https:\/\/wp.kristdemokraterna.se\/vg\/kontaktuppgifter\/#primaryimage","url":"https:\/\/wp.kristdemokraterna.se\/vg\/files\/2016\/04\/barn-nalle.jpg","contentUrl":"https:\/\/wp.kristdemokraterna.se\/vg\/files\/2016\/04\/barn-nalle.jpg","width":640,"height":426},{"@type":"BreadcrumbList","@id":"https:\/\/wp.kristdemokraterna.se\/vg\/kontaktuppgifter\/#breadcrumb","itemListElement":[{"@type":"ListItem","position":1,"name":"Hem","item":"https:\/\/wp.kristdemokraterna.se\/vg\/"},{"@type":"ListItem","position":2,"name":"Kontaktuppgifter"}]},{"@type":"WebSite","@id":"https:\/\/wp.kristdemokraterna.se\/vg\/#website","url":"https:\/\/wp.kristdemokraterna.se\/vg\/","name":"V\u00e4stra G\u00f6talandsregionen","description":"","inLanguage":"sv-SE"}]}},"_links":{"self":[{"href":"https:\/\/wp.kristdemokraterna.se\/vg\/wp-json\/wp\/v2\/pages\/45","targetHints":{"allow":["GET"]}}],"collection":[{"href":"https:\/\/wp.kristdemokraterna.se\/vg\/wp-json\/wp\/v2\/pages"}],"about":[{"href":"https:\/\/wp.kristdemokraterna.se\/vg\/wp-json\/wp\/v2\/types\/page"}],"author":[{"embeddable":true,"href":"https:\/\/wp.kristdemokraterna.se\/vg\/wp-json\/wp\/v2\/users\/726"}],"replies":[{"embeddable":true,"href":"https:\/\/wp.kristdemokraterna.se\/vg\/wp-json\/wp\/v2\/comments?post=45"}],"version-history":[{"count":28,"href":"https:\/\/wp.kristdemokraterna.se\/vg\/wp-json\/wp\/v2\/pages\/45\/revisions"}],"predecessor-version":[{"id":1258,"href":"https:\/\/wp.kristdemokraterna.se\/vg\/wp-json\/wp\/v2\/pages\/45\/revisions\/1258"}],"wp:featuredmedia":[{"embeddable":true,"href":"https:\/\/wp.kristdemokraterna.se\/vg\/wp-json\/wp\/v2\/media\/203"}],"wp:attachment":[{"href":"https:\/\/wp.kristdemokraterna.se\/vg\/wp-json\/wp\/v2\/media?parent=45"}],"curies":[{"name":"wp","href":"https:\/\/api.w.org\/{rel}","templated":true}]}}