{"id":72,"date":"2016-03-18T01:12:24","date_gmt":"2016-03-18T00:12:24","guid":{"rendered":"http:\/\/wp.kristdemokraterna.se\/vg\/?page_id=72"},"modified":"2023-03-10T14:27:56","modified_gmt":"2023-03-10T13:27:56","slug":"om-oss","status":"publish","type":"page","link":"https:\/\/wp.kristdemokraterna.se\/vg\/om-oss\/","title":{"rendered":"Om oss"},"content":{"rendered":"<p>Stefan Svensson \u00e4r <span style=\"line-height: 1.5\">partiets regionr\u00e5d och gruppledare i V\u00e4stra G\u00f6talandsregionen.\u00a0<\/span><span style=\"line-height: 1.5\"><br \/>\n<a href=\"http:\/\/wp.kristdemokraterna.se\/vg\/files\/2018\/03\/hemsida-logga.jpg\"><img loading=\"lazy\" decoding=\"async\" class=\"alignnone size-full wp-image-649\" src=\"http:\/\/wp.kristdemokraterna.se\/vg\/files\/2018\/03\/hemsida-logga.jpg\" alt=\"\" width=\"471\" height=\"258\" srcset=\"https:\/\/wp.kristdemokraterna.se\/vg\/files\/2018\/03\/hemsida-logga.jpg 471w, https:\/\/wp.kristdemokraterna.se\/vg\/files\/2018\/03\/hemsida-logga-300x164.jpg 300w\" sizes=\"auto, (max-width: 471px) 100vw, 471px\" \/><\/a><\/span><\/p>\n","protected":false},"excerpt":{"rendered":"<p>Stefan Svensson \u00e4r partiets regionr\u00e5d och gruppledare i V\u00e4stra G\u00f6talandsregionen.\u00a0<\/p>\n","protected":false},"author":726,"featured_media":649,"parent":0,"menu_order":0,"comment_status":"closed","ping_status":"closed","template":"","meta":{"_acf_changed":false,"footnotes":""},"class_list":["post-72","page","type-page","status-publish","has-post-thumbnail","hentry"],"acf":[],"yoast_head":"<!-- This site is optimized with the Yoast SEO plugin v27.3 - https:\/\/yoast.com\/product\/yoast-seo-wordpress\/ -->\n<title>Om oss - V\u00e4stra G\u00f6talandsregionen<\/title>\n<meta name=\"robots\" content=\"index, follow, max-snippet:-1, max-image-preview:large, max-video-preview:-1\" \/>\n<link rel=\"canonical\" href=\"https:\/\/wp.kristdemokraterna.se\/vg\/om-oss\/\" \/>\n<meta property=\"og:locale\" content=\"sv_SE\" \/>\n<meta property=\"og:type\" content=\"article\" \/>\n<meta property=\"og:title\" content=\"Om oss - V\u00e4stra G\u00f6talandsregionen\" \/>\n<meta property=\"og:description\" content=\"Stefan Svensson \u00e4r partiets regionr\u00e5d och gruppledare i V\u00e4stra G\u00f6talandsregionen.\u00a0\" \/>\n<meta property=\"og:url\" content=\"https:\/\/wp.kristdemokraterna.se\/vg\/om-oss\/\" \/>\n<meta property=\"og:site_name\" content=\"V\u00e4stra G\u00f6talandsregionen\" \/>\n<meta property=\"article:modified_time\" content=\"2023-03-10T13:27:56+00:00\" \/>\n<meta property=\"og:image\" content=\"http:\/\/wp.kristdemokraterna.se\/vg\/files\/2018\/03\/hemsida-logga.jpg\" \/>\n\t<meta property=\"og:image:width\" content=\"471\" \/>\n\t<meta property=\"og:image:height\" content=\"258\" \/>\n\t<meta property=\"og:image:type\" content=\"image\/jpeg\" \/>\n<meta name=\"twitter:card\" content=\"summary_large_image\" \/>\n<meta name=\"twitter:site\" content=\"@KD_VGR\" \/>\n<meta name=\"twitter:label1\" content=\"Ber\u00e4knad l\u00e4stid\" \/>\n\t<meta name=\"twitter:data1\" content=\"1 minut\" \/>\n<script type=\"application\/ld+json\" class=\"yoast-schema-graph\">{\"@context\":\"https:\\\/\\\/schema.org\",\"@graph\":[{\"@type\":\"WebPage\",\"@id\":\"https:\\\/\\\/wp.kristdemokraterna.se\\\/vg\\\/om-oss\\\/\",\"url\":\"https:\\\/\\\/wp.kristdemokraterna.se\\\/vg\\\/om-oss\\\/\",\"name\":\"Om oss - V\u00e4stra G\u00f6talandsregionen\",\"isPartOf\":{\"@id\":\"https:\\\/\\\/wp.kristdemokraterna.se\\\/vg\\\/#website\"},\"primaryImageOfPage\":{\"@id\":\"https:\\\/\\\/wp.kristdemokraterna.se\\\/vg\\\/om-oss\\\/#primaryimage\"},\"image\":{\"@id\":\"https:\\\/\\\/wp.kristdemokraterna.se\\\/vg\\\/om-oss\\\/#primaryimage\"},\"thumbnailUrl\":\"https:\\\/\\\/wp.kristdemokraterna.se\\\/vg\\\/files\\\/2018\\\/03\\\/hemsida-logga.jpg\",\"datePublished\":\"2016-03-18T00:12:24+00:00\",\"dateModified\":\"2023-03-10T13:27:56+00:00\",\"breadcrumb\":{\"@id\":\"https:\\\/\\\/wp.kristdemokraterna.se\\\/vg\\\/om-oss\\\/#breadcrumb\"},\"inLanguage\":\"sv-SE\",\"potentialAction\":[{\"@type\":\"ReadAction\",\"target\":[\"https:\\\/\\\/wp.kristdemokraterna.se\\\/vg\\\/om-oss\\\/\"]}]},{\"@type\":\"ImageObject\",\"inLanguage\":\"sv-SE\",\"@id\":\"https:\\\/\\\/wp.kristdemokraterna.se\\\/vg\\\/om-oss\\\/#primaryimage\",\"url\":\"https:\\\/\\\/wp.kristdemokraterna.se\\\/vg\\\/files\\\/2018\\\/03\\\/hemsida-logga.jpg\",\"contentUrl\":\"https:\\\/\\\/wp.kristdemokraterna.se\\\/vg\\\/files\\\/2018\\\/03\\\/hemsida-logga.jpg\",\"width\":471,\"height\":258},{\"@type\":\"BreadcrumbList\",\"@id\":\"https:\\\/\\\/wp.kristdemokraterna.se\\\/vg\\\/om-oss\\\/#breadcrumb\",\"itemListElement\":[{\"@type\":\"ListItem\",\"position\":1,\"name\":\"Hem\",\"item\":\"https:\\\/\\\/wp.kristdemokraterna.se\\\/vg\\\/\"},{\"@type\":\"ListItem\",\"position\":2,\"name\":\"Om oss\"}]},{\"@type\":\"WebSite\",\"@id\":\"https:\\\/\\\/wp.kristdemokraterna.se\\\/vg\\\/#website\",\"url\":\"https:\\\/\\\/wp.kristdemokraterna.se\\\/vg\\\/\",\"name\":\"V\u00e4stra G\u00f6talandsregionen\",\"description\":\"\",\"inLanguage\":\"sv-SE\"}]}<\/script>\n<!-- \/ Yoast SEO plugin. -->","yoast_head_json":{"title":"Om oss - V\u00e4stra G\u00f6talandsregionen","robots":{"index":"index","follow":"follow","max-snippet":"max-snippet:-1","max-image-preview":"max-image-preview:large","max-video-preview":"max-video-preview:-1"},"canonical":"https:\/\/wp.kristdemokraterna.se\/vg\/om-oss\/","og_locale":"sv_SE","og_type":"article","og_title":"Om oss - V\u00e4stra G\u00f6talandsregionen","og_description":"Stefan Svensson \u00e4r partiets regionr\u00e5d och gruppledare i V\u00e4stra G\u00f6talandsregionen.\u00a0","og_url":"https:\/\/wp.kristdemokraterna.se\/vg\/om-oss\/","og_site_name":"V\u00e4stra G\u00f6talandsregionen","article_modified_time":"2023-03-10T13:27:56+00:00","og_image":[{"width":471,"height":258,"url":"http:\/\/wp.kristdemokraterna.se\/vg\/files\/2018\/03\/hemsida-logga.jpg","type":"image\/jpeg"}],"twitter_card":"summary_large_image","twitter_site":"@KD_VGR","twitter_misc":{"Ber\u00e4knad l\u00e4stid":"1 minut"},"schema":{"@context":"https:\/\/schema.org","@graph":[{"@type":"WebPage","@id":"https:\/\/wp.kristdemokraterna.se\/vg\/om-oss\/","url":"https:\/\/wp.kristdemokraterna.se\/vg\/om-oss\/","name":"Om oss - V\u00e4stra G\u00f6talandsregionen","isPartOf":{"@id":"https:\/\/wp.kristdemokraterna.se\/vg\/#website"},"primaryImageOfPage":{"@id":"https:\/\/wp.kristdemokraterna.se\/vg\/om-oss\/#primaryimage"},"image":{"@id":"https:\/\/wp.kristdemokraterna.se\/vg\/om-oss\/#primaryimage"},"thumbnailUrl":"https:\/\/wp.kristdemokraterna.se\/vg\/files\/2018\/03\/hemsida-logga.jpg","datePublished":"2016-03-18T00:12:24+00:00","dateModified":"2023-03-10T13:27:56+00:00","breadcrumb":{"@id":"https:\/\/wp.kristdemokraterna.se\/vg\/om-oss\/#breadcrumb"},"inLanguage":"sv-SE","potentialAction":[{"@type":"ReadAction","target":["https:\/\/wp.kristdemokraterna.se\/vg\/om-oss\/"]}]},{"@type":"ImageObject","inLanguage":"sv-SE","@id":"https:\/\/wp.kristdemokraterna.se\/vg\/om-oss\/#primaryimage","url":"https:\/\/wp.kristdemokraterna.se\/vg\/files\/2018\/03\/hemsida-logga.jpg","contentUrl":"https:\/\/wp.kristdemokraterna.se\/vg\/files\/2018\/03\/hemsida-logga.jpg","width":471,"height":258},{"@type":"BreadcrumbList","@id":"https:\/\/wp.kristdemokraterna.se\/vg\/om-oss\/#breadcrumb","itemListElement":[{"@type":"ListItem","position":1,"name":"Hem","item":"https:\/\/wp.kristdemokraterna.se\/vg\/"},{"@type":"ListItem","position":2,"name":"Om oss"}]},{"@type":"WebSite","@id":"https:\/\/wp.kristdemokraterna.se\/vg\/#website","url":"https:\/\/wp.kristdemokraterna.se\/vg\/","name":"V\u00e4stra G\u00f6talandsregionen","description":"","inLanguage":"sv-SE"}]}},"_links":{"self":[{"href":"https:\/\/wp.kristdemokraterna.se\/vg\/wp-json\/wp\/v2\/pages\/72","targetHints":{"allow":["GET"]}}],"collection":[{"href":"https:\/\/wp.kristdemokraterna.se\/vg\/wp-json\/wp\/v2\/pages"}],"about":[{"href":"https:\/\/wp.kristdemokraterna.se\/vg\/wp-json\/wp\/v2\/types\/page"}],"author":[{"embeddable":true,"href":"https:\/\/wp.kristdemokraterna.se\/vg\/wp-json\/wp\/v2\/users\/726"}],"replies":[{"embeddable":true,"href":"https:\/\/wp.kristdemokraterna.se\/vg\/wp-json\/wp\/v2\/comments?post=72"}],"version-history":[{"count":24,"href":"https:\/\/wp.kristdemokraterna.se\/vg\/wp-json\/wp\/v2\/pages\/72\/revisions"}],"predecessor-version":[{"id":1168,"href":"https:\/\/wp.kristdemokraterna.se\/vg\/wp-json\/wp\/v2\/pages\/72\/revisions\/1168"}],"wp:featuredmedia":[{"embeddable":true,"href":"https:\/\/wp.kristdemokraterna.se\/vg\/wp-json\/wp\/v2\/media\/649"}],"wp:attachment":[{"href":"https:\/\/wp.kristdemokraterna.se\/vg\/wp-json\/wp\/v2\/media?parent=72"}],"curies":[{"name":"wp","href":"https:\/\/api.w.org\/{rel}","templated":true}]}}