{"id":75,"date":"2016-03-18T01:17:23","date_gmt":"2016-03-18T00:17:23","guid":{"rendered":"http:\/\/wp.kristdemokraterna.se\/vg\/?page_id=75"},"modified":"2025-11-25T13:43:36","modified_gmt":"2025-11-25T12:43:36","slug":"regionfullmaktigegruppen","status":"publish","type":"page","link":"https:\/\/wp.kristdemokraterna.se\/vg\/regionfullmaktigegruppen\/","title":{"rendered":"RF-gruppen"},"content":{"rendered":"<p><strong>Ordinarie ledam\u00f6ter i regionfullm\u00e4ktige:<\/strong><\/p>\n<p><em>G\u00f6teborgs kommun<\/em><br \/>\nPernilla Wendesten<br \/>\nOscar Pihlblad<br \/>\nPer-Olof Blomqvist<\/p>\n<p><em>V\u00e4stra G\u00f6talands l\u00e4n v\u00e4stra<\/em><br \/>\nStefan Svensson<br \/>\n&#8211;<br \/>\nGun-Marie Daun<\/p>\n<p><em>V\u00e4stra G\u00f6talands l\u00e4n norra<\/em><br \/>\nMaria Nilsson<br \/>\nDavid Sahlsten<\/p>\n<p><em>V\u00e4stra G\u00f6talands l\u00e4n s\u00f6dra<\/em><br \/>\nLisa Berglund<br \/>\nStaffan Setterberg<\/p>\n<p>V\u00e4stra G\u00f6talands l\u00e4n \u00f6stra<br \/>\nConny Br\u00e4nnberg<br \/>\nMaria Bruckshaw<\/p>\n<p><strong>Ers\u00e4ttare i regionfullm\u00e4ktige<\/strong><\/p>\n<p><em>Valkrets: G\u00f6teborg<br \/>\n<\/em>1. Pernilla Paijkull<br \/>\n2. S\u00f6ren Runsteen<br \/>\n3. Johanna Holmdahl<\/p>\n<p><em>Valkrets: V\u00e4stra<br \/>\n<\/em>1. Jan Utbult<br \/>\n2. Anders Karlsson<em><br \/>\n<\/em>3. Anette Nord<\/p>\n<p><em>Valkrets: Norra<br \/>\n<\/em>1. Marie-Louise B\u00e4ckman<br \/>\n2. Hans-Carl Carlson<br \/>\n3. Fredrik Olsson<\/p>\n<p>V<em>\u00e4stra G\u00f6talands l\u00e4n s\u00f6dra<\/em><br \/>\n1. Lars-Inge Andersson<br \/>\n2. Hans Thornander<br \/>\n3. Agneta Jansson<br \/>\n<em><br \/>\nValkrets: \u00d6stra<br \/>\n<\/em>1. Tommy Larsson<br \/>\n2. Anna Wallgren<br \/>\n3. Zimon Brohede<span style=\"line-height: 1.5\"><br \/>\n<\/span><span style=\"line-height: 1.5\"><br \/>\n<\/span><\/p>\n<p>&nbsp;<\/p>\n","protected":false},"excerpt":{"rendered":"<p>Ordinarie ledam\u00f6ter i regionfullm\u00e4ktige: G\u00f6teborgs kommun Pernilla Wendesten Oscar Pihlblad Per-Olof Blomqvist V\u00e4stra G\u00f6talands l\u00e4n v\u00e4stra Stefan Svensson &#8211; Gun-Marie Daun V\u00e4stra G\u00f6talands l\u00e4n norra Maria Nilsson David Sahlsten V\u00e4stra G\u00f6talands l\u00e4n s\u00f6dra Lisa Berglund Staffan Setterberg V\u00e4stra G\u00f6talands l\u00e4n \u00f6stra Conny Br\u00e4nnberg Maria Bruckshaw Ers\u00e4ttare i regionfullm\u00e4ktige Valkrets: G\u00f6teborg 1. Pernilla Paijkull 2. S\u00f6ren <a class=\"read-more-link\" href=\"https:\/\/wp.kristdemokraterna.se\/vg\/regionfullmaktigegruppen\/\">Read More<\/a><\/p>\n","protected":false},"author":726,"featured_media":0,"parent":0,"menu_order":0,"comment_status":"closed","ping_status":"closed","template":"","meta":{"_acf_changed":false,"footnotes":""},"class_list":["post-75","page","type-page","status-publish","hentry"],"acf":[],"yoast_head":"<!-- This site is optimized with the Yoast SEO plugin v27.3 - https:\/\/yoast.com\/product\/yoast-seo-wordpress\/ -->\n<title>RF-gruppen - V\u00e4stra G\u00f6talandsregionen<\/title>\n<meta name=\"robots\" content=\"index, follow, max-snippet:-1, max-image-preview:large, max-video-preview:-1\" \/>\n<link rel=\"canonical\" href=\"https:\/\/wp.kristdemokraterna.se\/vg\/regionfullmaktigegruppen\/\" \/>\n<meta property=\"og:locale\" content=\"sv_SE\" \/>\n<meta property=\"og:type\" content=\"article\" \/>\n<meta property=\"og:title\" content=\"RF-gruppen - V\u00e4stra G\u00f6talandsregionen\" \/>\n<meta property=\"og:description\" content=\"Ordinarie ledam\u00f6ter i regionfullm\u00e4ktige: G\u00f6teborgs kommun Pernilla Wendesten Oscar Pihlblad Per-Olof Blomqvist V\u00e4stra G\u00f6talands l\u00e4n v\u00e4stra Stefan Svensson &#8211; Gun-Marie Daun V\u00e4stra G\u00f6talands l\u00e4n norra Maria Nilsson David Sahlsten V\u00e4stra G\u00f6talands l\u00e4n s\u00f6dra Lisa Berglund Staffan Setterberg V\u00e4stra G\u00f6talands l\u00e4n \u00f6stra Conny Br\u00e4nnberg Maria Bruckshaw Ers\u00e4ttare i regionfullm\u00e4ktige Valkrets: G\u00f6teborg 1. Pernilla Paijkull 2. S\u00f6ren Read More\" \/>\n<meta property=\"og:url\" content=\"https:\/\/wp.kristdemokraterna.se\/vg\/regionfullmaktigegruppen\/\" \/>\n<meta property=\"og:site_name\" content=\"V\u00e4stra G\u00f6talandsregionen\" \/>\n<meta property=\"article:modified_time\" content=\"2025-11-25T12:43:36+00:00\" \/>\n<meta property=\"og:image\" content=\"https:\/\/wp.kristdemokraterna.se\/vg\/files\/2022\/06\/logga.jpg\" \/>\n\t<meta property=\"og:image:width\" content=\"754\" \/>\n\t<meta property=\"og:image:height\" content=\"698\" \/>\n\t<meta property=\"og:image:type\" content=\"image\/jpeg\" \/>\n<meta name=\"twitter:card\" content=\"summary_large_image\" \/>\n<meta name=\"twitter:site\" content=\"@KD_VGR\" \/>\n<meta name=\"twitter:label1\" content=\"Ber\u00e4knad l\u00e4stid\" \/>\n\t<meta name=\"twitter:data1\" content=\"1 minut\" \/>\n<script type=\"application\/ld+json\" class=\"yoast-schema-graph\">{\"@context\":\"https:\\\/\\\/schema.org\",\"@graph\":[{\"@type\":\"WebPage\",\"@id\":\"https:\\\/\\\/wp.kristdemokraterna.se\\\/vg\\\/regionfullmaktigegruppen\\\/\",\"url\":\"https:\\\/\\\/wp.kristdemokraterna.se\\\/vg\\\/regionfullmaktigegruppen\\\/\",\"name\":\"RF-gruppen - V\u00e4stra G\u00f6talandsregionen\",\"isPartOf\":{\"@id\":\"https:\\\/\\\/wp.kristdemokraterna.se\\\/vg\\\/#website\"},\"datePublished\":\"2016-03-18T00:17:23+00:00\",\"dateModified\":\"2025-11-25T12:43:36+00:00\",\"breadcrumb\":{\"@id\":\"https:\\\/\\\/wp.kristdemokraterna.se\\\/vg\\\/regionfullmaktigegruppen\\\/#breadcrumb\"},\"inLanguage\":\"sv-SE\",\"potentialAction\":[{\"@type\":\"ReadAction\",\"target\":[\"https:\\\/\\\/wp.kristdemokraterna.se\\\/vg\\\/regionfullmaktigegruppen\\\/\"]}]},{\"@type\":\"BreadcrumbList\",\"@id\":\"https:\\\/\\\/wp.kristdemokraterna.se\\\/vg\\\/regionfullmaktigegruppen\\\/#breadcrumb\",\"itemListElement\":[{\"@type\":\"ListItem\",\"position\":1,\"name\":\"Hem\",\"item\":\"https:\\\/\\\/wp.kristdemokraterna.se\\\/vg\\\/\"},{\"@type\":\"ListItem\",\"position\":2,\"name\":\"RF-gruppen\"}]},{\"@type\":\"WebSite\",\"@id\":\"https:\\\/\\\/wp.kristdemokraterna.se\\\/vg\\\/#website\",\"url\":\"https:\\\/\\\/wp.kristdemokraterna.se\\\/vg\\\/\",\"name\":\"V\u00e4stra G\u00f6talandsregionen\",\"description\":\"\",\"inLanguage\":\"sv-SE\"}]}<\/script>\n<!-- \/ Yoast SEO plugin. -->","yoast_head_json":{"title":"RF-gruppen - V\u00e4stra G\u00f6talandsregionen","robots":{"index":"index","follow":"follow","max-snippet":"max-snippet:-1","max-image-preview":"max-image-preview:large","max-video-preview":"max-video-preview:-1"},"canonical":"https:\/\/wp.kristdemokraterna.se\/vg\/regionfullmaktigegruppen\/","og_locale":"sv_SE","og_type":"article","og_title":"RF-gruppen - V\u00e4stra G\u00f6talandsregionen","og_description":"Ordinarie ledam\u00f6ter i regionfullm\u00e4ktige: G\u00f6teborgs kommun Pernilla Wendesten Oscar Pihlblad Per-Olof Blomqvist V\u00e4stra G\u00f6talands l\u00e4n v\u00e4stra Stefan Svensson &#8211; Gun-Marie Daun V\u00e4stra G\u00f6talands l\u00e4n norra Maria Nilsson David Sahlsten V\u00e4stra G\u00f6talands l\u00e4n s\u00f6dra Lisa Berglund Staffan Setterberg V\u00e4stra G\u00f6talands l\u00e4n \u00f6stra Conny Br\u00e4nnberg Maria Bruckshaw Ers\u00e4ttare i regionfullm\u00e4ktige Valkrets: G\u00f6teborg 1. Pernilla Paijkull 2. S\u00f6ren Read More","og_url":"https:\/\/wp.kristdemokraterna.se\/vg\/regionfullmaktigegruppen\/","og_site_name":"V\u00e4stra G\u00f6talandsregionen","article_modified_time":"2025-11-25T12:43:36+00:00","og_image":[{"width":754,"height":698,"url":"https:\/\/wp.kristdemokraterna.se\/vg\/files\/2022\/06\/logga.jpg","type":"image\/jpeg"}],"twitter_card":"summary_large_image","twitter_site":"@KD_VGR","twitter_misc":{"Ber\u00e4knad l\u00e4stid":"1 minut"},"schema":{"@context":"https:\/\/schema.org","@graph":[{"@type":"WebPage","@id":"https:\/\/wp.kristdemokraterna.se\/vg\/regionfullmaktigegruppen\/","url":"https:\/\/wp.kristdemokraterna.se\/vg\/regionfullmaktigegruppen\/","name":"RF-gruppen - V\u00e4stra G\u00f6talandsregionen","isPartOf":{"@id":"https:\/\/wp.kristdemokraterna.se\/vg\/#website"},"datePublished":"2016-03-18T00:17:23+00:00","dateModified":"2025-11-25T12:43:36+00:00","breadcrumb":{"@id":"https:\/\/wp.kristdemokraterna.se\/vg\/regionfullmaktigegruppen\/#breadcrumb"},"inLanguage":"sv-SE","potentialAction":[{"@type":"ReadAction","target":["https:\/\/wp.kristdemokraterna.se\/vg\/regionfullmaktigegruppen\/"]}]},{"@type":"BreadcrumbList","@id":"https:\/\/wp.kristdemokraterna.se\/vg\/regionfullmaktigegruppen\/#breadcrumb","itemListElement":[{"@type":"ListItem","position":1,"name":"Hem","item":"https:\/\/wp.kristdemokraterna.se\/vg\/"},{"@type":"ListItem","position":2,"name":"RF-gruppen"}]},{"@type":"WebSite","@id":"https:\/\/wp.kristdemokraterna.se\/vg\/#website","url":"https:\/\/wp.kristdemokraterna.se\/vg\/","name":"V\u00e4stra G\u00f6talandsregionen","description":"","inLanguage":"sv-SE"}]}},"_links":{"self":[{"href":"https:\/\/wp.kristdemokraterna.se\/vg\/wp-json\/wp\/v2\/pages\/75","targetHints":{"allow":["GET"]}}],"collection":[{"href":"https:\/\/wp.kristdemokraterna.se\/vg\/wp-json\/wp\/v2\/pages"}],"about":[{"href":"https:\/\/wp.kristdemokraterna.se\/vg\/wp-json\/wp\/v2\/types\/page"}],"author":[{"embeddable":true,"href":"https:\/\/wp.kristdemokraterna.se\/vg\/wp-json\/wp\/v2\/users\/726"}],"replies":[{"embeddable":true,"href":"https:\/\/wp.kristdemokraterna.se\/vg\/wp-json\/wp\/v2\/comments?post=75"}],"version-history":[{"count":27,"href":"https:\/\/wp.kristdemokraterna.se\/vg\/wp-json\/wp\/v2\/pages\/75\/revisions"}],"predecessor-version":[{"id":1338,"href":"https:\/\/wp.kristdemokraterna.se\/vg\/wp-json\/wp\/v2\/pages\/75\/revisions\/1338"}],"wp:attachment":[{"href":"https:\/\/wp.kristdemokraterna.se\/vg\/wp-json\/wp\/v2\/media?parent=75"}],"curies":[{"name":"wp","href":"https:\/\/api.w.org\/{rel}","templated":true}]}}