{"id":375,"date":"2017-12-04T16:48:06","date_gmt":"2017-12-04T15:48:06","guid":{"rendered":"https:\/\/wp.kristdemokraterna.se\/vimmerby2\/?page_id=375"},"modified":"2022-05-17T23:04:56","modified_gmt":"2022-05-17T21:04:56","slug":"var-politik-i-landstinget","status":"publish","type":"page","link":"https:\/\/wp.kristdemokraterna.se\/vimmerby\/textsida-fullbredd\/var-politik-i-landstinget\/","title":{"rendered":"V\u00e5r politik i Regionen"},"content":{"rendered":"<p><strong>God och likv\u00e4rdig v\u00e5rd i hela Sverige<br \/>\n<\/strong>Den som \u00e4r sjuk har r\u00e4tt till god sjukv\u00e5rd, var man \u00e4n bor i landet. Din adress ska inte avg\u00f6ra vilken v\u00e5rd du f\u00e5r. V\u00e5rden m\u00e5ste utg\u00e5 fr\u00e5n m\u00e4nniskors olika behov och erfarenheter.<\/p>\n<p>Vi vill:<\/p>\n<ul>\n<li>Att staten tar \u00f6ver ansvaret f\u00f6r sjukhusv\u00e5rden s\u00e5 att varje patient f\u00e5r en god och j\u00e4mlik v\u00e5rd.<\/li>\n<li>Korta v\u00e5rdk\u00f6erna generellt och inr\u00e4tta en v\u00e5rdplatsgaranti. Vi vill ocks\u00e5 s\u00e4rksilt satsa 500 miljoner kronor per \u00e5r p\u00e5 f\u00f6rb\u00e4ttrad cancersjukv\u00e5rd.<\/li>\n<li>F\u00f6rb\u00e4ttra ungas psykiska h\u00e4lsa genom att satsa p\u00e5 elevh\u00e4lsov\u00e5rden, \u00f6ka st\u00f6det till ton\u00e5rsf\u00f6r\u00e4ldrar och korta k\u00f6erna till barn- och ungdomspsykiatrin.<\/li>\n<li>F\u00f6rb\u00e4ttra f\u00f6rlossningsv\u00e5rden<\/li>\n<li>Ambulanshelikopter till Kalmar l\u00e4n och regionen, f\u00f6r snabb insats vid olyckor eller allvarliga akuta sjukdomar.<\/li>\n<\/ul>\n","protected":false},"excerpt":{"rendered":"<p>God och likv\u00e4rdig v\u00e5rd i hela Sverige Den som \u00e4r sjuk har r\u00e4tt till god sjukv\u00e5rd, var man \u00e4n bor i landet. Din adress ska inte avg\u00f6ra vilken v\u00e5rd du f\u00e5r. V\u00e5rden m\u00e5ste utg\u00e5 fr\u00e5n m\u00e4nniskors olika behov och erfarenheter. Vi vill: Att staten tar \u00f6ver ansvaret f\u00f6r sjukhusv\u00e5rden s\u00e5 att varje patient f\u00e5r en <a class=\"read-more-link\" href=\"https:\/\/wp.kristdemokraterna.se\/vimmerby\/textsida-fullbredd\/var-politik-i-landstinget\/\">L\u00e4s mer<\/a><\/p>\n","protected":false},"author":411,"featured_media":714,"parent":272,"menu_order":0,"comment_status":"closed","ping_status":"closed","template":"page.php","meta":{"_acf_changed":false,"footnotes":""},"class_list":["post-375","page","type-page","status-publish","hentry"],"acf":[],"yoast_head":"<!-- This site is optimized with the Yoast SEO plugin v27.3 - https:\/\/yoast.com\/product\/yoast-seo-wordpress\/ -->\n<title>V\u00e5r politik i Regionen - Kristdemokraterna | Vimmerby<\/title>\n<meta name=\"robots\" content=\"index, follow, max-snippet:-1, max-image-preview:large, max-video-preview:-1\" \/>\n<link rel=\"canonical\" href=\"https:\/\/wp.kristdemokraterna.se\/vimmerby\/textsida-fullbredd\/var-politik-i-landstinget\/\" \/>\n<meta property=\"og:locale\" content=\"sv_SE\" \/>\n<meta property=\"og:type\" content=\"article\" \/>\n<meta property=\"og:title\" content=\"V\u00e5r politik i Regionen - Kristdemokraterna | Vimmerby\" \/>\n<meta property=\"og:description\" content=\"God och likv\u00e4rdig v\u00e5rd i hela Sverige Den som \u00e4r sjuk har r\u00e4tt till god sjukv\u00e5rd, var man \u00e4n bor i landet. Din adress ska inte avg\u00f6ra vilken v\u00e5rd du f\u00e5r. V\u00e5rden m\u00e5ste utg\u00e5 fr\u00e5n m\u00e4nniskors olika behov och erfarenheter. Vi vill: Att staten tar \u00f6ver ansvaret f\u00f6r sjukhusv\u00e5rden s\u00e5 att varje patient f\u00e5r en L\u00e4s mer\" \/>\n<meta property=\"og:url\" content=\"https:\/\/wp.kristdemokraterna.se\/vimmerby\/textsida-fullbredd\/var-politik-i-landstinget\/\" \/>\n<meta property=\"og:site_name\" content=\"Kristdemokraterna | Vimmerby\" \/>\n<meta property=\"article:modified_time\" content=\"2022-05-17T21:04:56+00:00\" \/>\n<meta name=\"twitter:card\" content=\"summary_large_image\" \/>\n<meta name=\"twitter:label1\" content=\"Ber\u00e4knad l\u00e4stid\" \/>\n\t<meta name=\"twitter:data1\" content=\"1 minut\" \/>\n<script type=\"application\/ld+json\" class=\"yoast-schema-graph\">{\"@context\":\"https:\\\/\\\/schema.org\",\"@graph\":[{\"@type\":\"WebPage\",\"@id\":\"https:\\\/\\\/wp.kristdemokraterna.se\\\/vimmerby\\\/textsida-fullbredd\\\/var-politik-i-landstinget\\\/\",\"url\":\"https:\\\/\\\/wp.kristdemokraterna.se\\\/vimmerby\\\/textsida-fullbredd\\\/var-politik-i-landstinget\\\/\",\"name\":\"V\u00e5r politik i Regionen - Kristdemokraterna | Vimmerby\",\"isPartOf\":{\"@id\":\"https:\\\/\\\/wp.kristdemokraterna.se\\\/vimmerby\\\/#website\"},\"primaryImageOfPage\":{\"@id\":\"https:\\\/\\\/wp.kristdemokraterna.se\\\/vimmerby\\\/textsida-fullbredd\\\/var-politik-i-landstinget\\\/#primaryimage\"},\"image\":{\"@id\":\"https:\\\/\\\/wp.kristdemokraterna.se\\\/vimmerby\\\/textsida-fullbredd\\\/var-politik-i-landstinget\\\/#primaryimage\"},\"thumbnailUrl\":\"\",\"datePublished\":\"2017-12-04T15:48:06+00:00\",\"dateModified\":\"2022-05-17T21:04:56+00:00\",\"breadcrumb\":{\"@id\":\"https:\\\/\\\/wp.kristdemokraterna.se\\\/vimmerby\\\/textsida-fullbredd\\\/var-politik-i-landstinget\\\/#breadcrumb\"},\"inLanguage\":\"sv-SE\",\"potentialAction\":[{\"@type\":\"ReadAction\",\"target\":[\"https:\\\/\\\/wp.kristdemokraterna.se\\\/vimmerby\\\/textsida-fullbredd\\\/var-politik-i-landstinget\\\/\"]}]},{\"@type\":\"ImageObject\",\"inLanguage\":\"sv-SE\",\"@id\":\"https:\\\/\\\/wp.kristdemokraterna.se\\\/vimmerby\\\/textsida-fullbredd\\\/var-politik-i-landstinget\\\/#primaryimage\",\"url\":\"\",\"contentUrl\":\"\"},{\"@type\":\"BreadcrumbList\",\"@id\":\"https:\\\/\\\/wp.kristdemokraterna.se\\\/vimmerby\\\/textsida-fullbredd\\\/var-politik-i-landstinget\\\/#breadcrumb\",\"itemListElement\":[{\"@type\":\"ListItem\",\"position\":1,\"name\":\"Hem\",\"item\":\"https:\\\/\\\/wp.kristdemokraterna.se\\\/vimmerby\\\/\"},{\"@type\":\"ListItem\",\"position\":2,\"name\":\"Vad vi st\u00e5r f\u00f6r!\",\"item\":\"https:\\\/\\\/wp.kristdemokraterna.se\\\/vimmerby\\\/textsida-fullbredd\\\/\"},{\"@type\":\"ListItem\",\"position\":3,\"name\":\"V\u00e5r politik i Regionen\"}]},{\"@type\":\"WebSite\",\"@id\":\"https:\\\/\\\/wp.kristdemokraterna.se\\\/vimmerby\\\/#website\",\"url\":\"https:\\\/\\\/wp.kristdemokraterna.se\\\/vimmerby\\\/\",\"name\":\"Kristdemokraterna | Vimmerby\",\"description\":\"Kristdemokraterna i Vimmerbys webbplats\",\"inLanguage\":\"sv-SE\"}]}<\/script>\n<!-- \/ Yoast SEO plugin. -->","yoast_head_json":{"title":"V\u00e5r politik i Regionen - Kristdemokraterna | Vimmerby","robots":{"index":"index","follow":"follow","max-snippet":"max-snippet:-1","max-image-preview":"max-image-preview:large","max-video-preview":"max-video-preview:-1"},"canonical":"https:\/\/wp.kristdemokraterna.se\/vimmerby\/textsida-fullbredd\/var-politik-i-landstinget\/","og_locale":"sv_SE","og_type":"article","og_title":"V\u00e5r politik i Regionen - Kristdemokraterna | Vimmerby","og_description":"God och likv\u00e4rdig v\u00e5rd i hela Sverige Den som \u00e4r sjuk har r\u00e4tt till god sjukv\u00e5rd, var man \u00e4n bor i landet. Din adress ska inte avg\u00f6ra vilken v\u00e5rd du f\u00e5r. V\u00e5rden m\u00e5ste utg\u00e5 fr\u00e5n m\u00e4nniskors olika behov och erfarenheter. Vi vill: Att staten tar \u00f6ver ansvaret f\u00f6r sjukhusv\u00e5rden s\u00e5 att varje patient f\u00e5r en L\u00e4s mer","og_url":"https:\/\/wp.kristdemokraterna.se\/vimmerby\/textsida-fullbredd\/var-politik-i-landstinget\/","og_site_name":"Kristdemokraterna | Vimmerby","article_modified_time":"2022-05-17T21:04:56+00:00","twitter_card":"summary_large_image","twitter_misc":{"Ber\u00e4knad l\u00e4stid":"1 minut"},"schema":{"@context":"https:\/\/schema.org","@graph":[{"@type":"WebPage","@id":"https:\/\/wp.kristdemokraterna.se\/vimmerby\/textsida-fullbredd\/var-politik-i-landstinget\/","url":"https:\/\/wp.kristdemokraterna.se\/vimmerby\/textsida-fullbredd\/var-politik-i-landstinget\/","name":"V\u00e5r politik i Regionen - Kristdemokraterna | Vimmerby","isPartOf":{"@id":"https:\/\/wp.kristdemokraterna.se\/vimmerby\/#website"},"primaryImageOfPage":{"@id":"https:\/\/wp.kristdemokraterna.se\/vimmerby\/textsida-fullbredd\/var-politik-i-landstinget\/#primaryimage"},"image":{"@id":"https:\/\/wp.kristdemokraterna.se\/vimmerby\/textsida-fullbredd\/var-politik-i-landstinget\/#primaryimage"},"thumbnailUrl":"","datePublished":"2017-12-04T15:48:06+00:00","dateModified":"2022-05-17T21:04:56+00:00","breadcrumb":{"@id":"https:\/\/wp.kristdemokraterna.se\/vimmerby\/textsida-fullbredd\/var-politik-i-landstinget\/#breadcrumb"},"inLanguage":"sv-SE","potentialAction":[{"@type":"ReadAction","target":["https:\/\/wp.kristdemokraterna.se\/vimmerby\/textsida-fullbredd\/var-politik-i-landstinget\/"]}]},{"@type":"ImageObject","inLanguage":"sv-SE","@id":"https:\/\/wp.kristdemokraterna.se\/vimmerby\/textsida-fullbredd\/var-politik-i-landstinget\/#primaryimage","url":"","contentUrl":""},{"@type":"BreadcrumbList","@id":"https:\/\/wp.kristdemokraterna.se\/vimmerby\/textsida-fullbredd\/var-politik-i-landstinget\/#breadcrumb","itemListElement":[{"@type":"ListItem","position":1,"name":"Hem","item":"https:\/\/wp.kristdemokraterna.se\/vimmerby\/"},{"@type":"ListItem","position":2,"name":"Vad vi st\u00e5r f\u00f6r!","item":"https:\/\/wp.kristdemokraterna.se\/vimmerby\/textsida-fullbredd\/"},{"@type":"ListItem","position":3,"name":"V\u00e5r politik i Regionen"}]},{"@type":"WebSite","@id":"https:\/\/wp.kristdemokraterna.se\/vimmerby\/#website","url":"https:\/\/wp.kristdemokraterna.se\/vimmerby\/","name":"Kristdemokraterna | Vimmerby","description":"Kristdemokraterna i Vimmerbys webbplats","inLanguage":"sv-SE"}]}},"_links":{"self":[{"href":"https:\/\/wp.kristdemokraterna.se\/vimmerby\/wp-json\/wp\/v2\/pages\/375","targetHints":{"allow":["GET"]}}],"collection":[{"href":"https:\/\/wp.kristdemokraterna.se\/vimmerby\/wp-json\/wp\/v2\/pages"}],"about":[{"href":"https:\/\/wp.kristdemokraterna.se\/vimmerby\/wp-json\/wp\/v2\/types\/page"}],"author":[{"embeddable":true,"href":"https:\/\/wp.kristdemokraterna.se\/vimmerby\/wp-json\/wp\/v2\/users\/411"}],"replies":[{"embeddable":true,"href":"https:\/\/wp.kristdemokraterna.se\/vimmerby\/wp-json\/wp\/v2\/comments?post=375"}],"version-history":[{"count":4,"href":"https:\/\/wp.kristdemokraterna.se\/vimmerby\/wp-json\/wp\/v2\/pages\/375\/revisions"}],"predecessor-version":[{"id":663,"href":"https:\/\/wp.kristdemokraterna.se\/vimmerby\/wp-json\/wp\/v2\/pages\/375\/revisions\/663"}],"up":[{"embeddable":true,"href":"https:\/\/wp.kristdemokraterna.se\/vimmerby\/wp-json\/wp\/v2\/pages\/272"}],"wp:featuredmedia":[{"embeddable":true,"href":"https:\/\/wp.kristdemokraterna.se\/vimmerby\/wp-json\/"}],"wp:attachment":[{"href":"https:\/\/wp.kristdemokraterna.se\/vimmerby\/wp-json\/wp\/v2\/media?parent=375"}],"curies":[{"name":"wp","href":"https:\/\/api.w.org\/{rel}","templated":true}]}}