{"id":46,"date":"2013-04-30T19:01:45","date_gmt":"2013-04-30T17:01:45","guid":{"rendered":"http:\/\/wp.kristdemokraterna.se\/vimmerby\/?page_id=46"},"modified":"2013-04-30T19:01:45","modified_gmt":"2013-04-30T17:01:45","slug":"vara-foretradare","status":"publish","type":"page","link":"https:\/\/wp.kristdemokraterna.se\/vimmerby\/vara-foretradare\/","title":{"rendered":"V\u00e5ra f\u00f6retr\u00e4dare"},"content":{"rendered":"<div align=\"left\"><em><strong>Styrelse:<\/strong><\/em><\/div>\n<div align=\"left\">Ordf\u00f6rande: Gudrun Bruneg\u00e5rd<\/div>\n<div align=\"left\">Vice ordf\u00f6rande: Ola Gustafsson<\/div>\n<div align=\"left\">Ledam\u00f6ter:\u00a0Torbj\u00f6rn Sandberg<\/div>\n<div align=\"left\">\u00a0 \u00a0 \u00a0 \u00a0 \u00a0 \u00a0 \u00a0 \u00a0 \u00a0\u00a0 J\u00f6rgen Henriksson<\/div>\n<div align=\"left\">\u00a0 \u00a0 \u00a0 \u00a0 \u00a0 \u00a0 \u00a0 \u00a0 \u00a0\u00a0 Bjarne Lynbech<\/div>\n<div align=\"left\"><\/div>\n<div align=\"left\">Ers\u00e4ttare:\u00a0\u00a0 \u00a0<span style=\"float: none;background-color: #ffffff;color: inherit;font-family: 'Helvetica Neue',Helvetica,Arial,sans-serif;font-size: 15px;font-style: inherit;font-variant: normal;font-weight: inherit;letter-spacing: normal;line-height: 1.625;text-align: left;text-decoration: none;text-indent: 0px;text-transform: none\">Ann-Sofi Henriksson<\/span><\/div>\n<div align=\"left\">\u00a0\u00a0\u00a0\u00a0\u00a0\u00a0\u00a0\u00a0\u00a0\u00a0\u00a0\u00a0\u00a0 \u00a0 \u00a0 \u00a0\u00a0<span style=\"float: none;background-color: #ffffff;color: inherit;font-family: 'Helvetica Neue',Helvetica,Arial,sans-serif;font-size: 15px;font-style: inherit;font-variant: normal;font-weight: inherit;letter-spacing: normal;line-height: 1.625;text-align: left;text-decoration: none;text-indent: 0px;text-transform: none\">Nina Gustafsson<\/span><\/div>\n<div align=\"left\">\u00a0\u00a0\u00a0\u00a0\u00a0\u00a0\u00a0\u00a0\u00a0\u00a0\u00a0\u00a0\u00a0\u00a0\u00a0\u00a0\u00a0\u00a0\u00a0 Clara Castelblanco<\/div>\n<div align=\"left\"><\/div>\n<div align=\"left\"><em><strong>Politiska f\u00f6rtroendeuppdrag i Vimmerby kommun:<\/strong><\/em><\/div>\n<div align=\"left\">\n<div align=\"left\">\n<p><strong><em>Kommunfullm\u00e4ktige<\/em><\/strong><\/p>\n<p>Ledam\u00f6ter:\u00a0Gudrun Bruneg\u00e5rd (tillika fullm\u00e4ktiges 1:e vice ordf\u00f6rande),\u00a0Ola Gustafsson, Christina Sorsa, Nina Gustafsson, Torbj\u00f6rn Sandberg<\/p>\n<p>Ers\u00e4ttare: Clara Castelblanco, Ann-Sofi Henriksson, Thomas Karlsson<\/p>\n<p><em><strong>Kommunstyrelsen<\/strong><\/em><\/p>\n<p>Ledamot: Ola Gustafsson<\/p>\n<p>Ers\u00e4ttare: Torbj\u00f6rn Sandberg<\/p>\n<p>-arbetsutskott: Ola Gustafsson (ers\u00e4ttare)<\/p>\n<p>-samh\u00e4llsbyggnadsutskott: Ola Gustafsson (ledamot tillika ordf\u00f6rande)<\/p>\n<p>-kultur- o fritidsutskott: Ola Gustafsson (ledamot tillika ordf\u00f6rande)<\/p>\n<p><em><strong>Kommunfullm\u00e4ktiges valberedning:\u00a0\u00a0<\/strong><\/em><\/p>\n<p>Ledamot: Nina Gustafsson<\/p>\n<p>Ers\u00e4ttare: Torbj\u00f6rn Sandberg<\/p>\n<p><em><strong>Barn- o utbildningsn\u00e4mnd<\/strong><\/em><\/p>\n<p>Ledamot: Nina Gustafsson<\/p>\n<p>Ers\u00e4ttare: Christina Sorsa<\/p>\n<p><em><strong>Socialn\u00e4mnd<\/strong><\/em><\/p>\n<p>Ledamot: <span style=\"float: none;background-color: #ffffff;color: inherit;font-family: 'Helvetica Neue',Helvetica,Arial,sans-serif;font-size: 15px;font-style: inherit;font-variant: normal;font-weight: 300;letter-spacing: normal;line-height: 1.625;text-align: left;text-decoration: none;text-indent: 0px;text-transform: none\">Anders Bruneg\u00e5rd<\/span><\/p>\n<p>Ers\u00e4ttare: <span style=\"float: none;background-color: #ffffff;color: inherit;font-family: 'Helvetica Neue',Helvetica,Arial,sans-serif;font-size: 15px;font-style: inherit;font-variant: normal;font-weight: 300;letter-spacing: normal;line-height: 1.625;text-align: left;text-decoration: none;text-indent: 0px;text-transform: none\">Ann-Sofi Henriksson<\/span><\/p>\n<p><em><strong>Milj\u00f6- o byggn\u00e4mnd<\/strong><\/em><\/p>\n<p>Ledamot: G\u00f6ran Gustafsson<\/p>\n<p>Ers\u00e4ttare: Sven Weckfors<\/p>\n<p><em><strong>Vimarhem AB<\/strong><\/em><\/p>\n<p>Ledamot tillika vice ordf\u00f6rande: Thomas Karlsson<\/p>\n<p><em><strong>Vimmerby Energi och\u00a0Milj\u00f6 AB\u00a0+ dotterbolag\u00a0\u00a0\u00a0\u00a0\u00a0\u00a0\u00a0\u00a0\u00a0\u00a0\u00a0\u00a0\u00a0\u00a0\u00a0<\/strong> <\/em><\/p>\n<p>Ledamot tillika ordf\u00f6rande: Ola Gustafsson<\/p>\n<p><em><strong>Valn\u00e4mnd och Demokratiberedning\u00a0\u00a0<\/strong><\/em>(personunion)<\/p>\n<p>Ledamot tillika 1:e vice ordf\u00f6rande:\u00a0 Gudrun Bruneg\u00e5rd<\/p>\n<p>Ers\u00e4ttare: Christina Sorsa<\/p>\n<p><em><strong>Revisorer<\/strong><\/em><\/p>\n<p>Ledamot: Bjarne Lynbech<\/p>\n<p><em><strong>N\u00e4mndem\u00e4n tingsr\u00e4tt<\/strong><\/em><\/p>\n<p>Ledamot: Rebecka Fredriksson<\/p>\n<\/div>\n<\/div>\n<div align=\"left\">\n<div align=\"left\">\n<div align=\"left\"><\/div>\n<\/div>\n<\/div>\n","protected":false},"excerpt":{"rendered":"<p>Styrelse: Ordf\u00f6rande: Gudrun Bruneg\u00e5rd Vice ordf\u00f6rande: Ola Gustafsson Ledam\u00f6ter:\u00a0Torbj\u00f6rn Sandberg \u00a0 \u00a0 \u00a0 \u00a0 \u00a0 \u00a0 \u00a0 \u00a0 \u00a0\u00a0 J\u00f6rgen Henriksson \u00a0 \u00a0 \u00a0 \u00a0 \u00a0 \u00a0 \u00a0 \u00a0 \u00a0\u00a0 Bjarne Lynbech Ers\u00e4ttare:\u00a0\u00a0 \u00a0Ann-Sofi Henriksson \u00a0\u00a0\u00a0\u00a0\u00a0\u00a0\u00a0\u00a0\u00a0\u00a0\u00a0\u00a0\u00a0 \u00a0 \u00a0 \u00a0\u00a0Nina Gustafsson \u00a0\u00a0\u00a0\u00a0\u00a0\u00a0\u00a0\u00a0\u00a0\u00a0\u00a0\u00a0\u00a0\u00a0\u00a0\u00a0\u00a0\u00a0\u00a0 Clara Castelblanco Politiska f\u00f6rtroendeuppdrag i Vimmerby kommun: Kommunfullm\u00e4ktige Ledam\u00f6ter:\u00a0Gudrun Bruneg\u00e5rd (tillika fullm\u00e4ktiges 1:e vice <a class=\"read-more-link\" href=\"https:\/\/wp.kristdemokraterna.se\/vimmerby\/vara-foretradare\/\">L\u00e4s mer<\/a><\/p>\n","protected":false},"author":444,"featured_media":714,"parent":0,"menu_order":0,"comment_status":"closed","ping_status":"closed","template":"","meta":{"_acf_changed":false,"footnotes":""},"class_list":["post-46","page","type-page","status-publish","hentry"],"acf":[],"yoast_head":"<!-- This site is optimized with the Yoast SEO plugin v27.4 - https:\/\/yoast.com\/product\/yoast-seo-wordpress\/ -->\n<title>V\u00e5ra f\u00f6retr\u00e4dare - Kristdemokraterna | Vimmerby<\/title>\n<meta name=\"robots\" content=\"index, follow, max-snippet:-1, max-image-preview:large, max-video-preview:-1\" \/>\n<link rel=\"canonical\" href=\"https:\/\/wp.kristdemokraterna.se\/vimmerby\/vara-foretradare\/\" \/>\n<meta property=\"og:locale\" content=\"sv_SE\" \/>\n<meta property=\"og:type\" content=\"article\" \/>\n<meta property=\"og:title\" content=\"V\u00e5ra f\u00f6retr\u00e4dare - Kristdemokraterna | Vimmerby\" \/>\n<meta property=\"og:description\" content=\"Styrelse: Ordf\u00f6rande: Gudrun Bruneg\u00e5rd Vice ordf\u00f6rande: Ola Gustafsson Ledam\u00f6ter:\u00a0Torbj\u00f6rn Sandberg \u00a0 \u00a0 \u00a0 \u00a0 \u00a0 \u00a0 \u00a0 \u00a0 \u00a0\u00a0 J\u00f6rgen Henriksson \u00a0 \u00a0 \u00a0 \u00a0 \u00a0 \u00a0 \u00a0 \u00a0 \u00a0\u00a0 Bjarne Lynbech Ers\u00e4ttare:\u00a0\u00a0 \u00a0Ann-Sofi Henriksson \u00a0\u00a0\u00a0\u00a0\u00a0\u00a0\u00a0\u00a0\u00a0\u00a0\u00a0\u00a0\u00a0 \u00a0 \u00a0 \u00a0\u00a0Nina Gustafsson \u00a0\u00a0\u00a0\u00a0\u00a0\u00a0\u00a0\u00a0\u00a0\u00a0\u00a0\u00a0\u00a0\u00a0\u00a0\u00a0\u00a0\u00a0\u00a0 Clara Castelblanco Politiska f\u00f6rtroendeuppdrag i Vimmerby kommun: Kommunfullm\u00e4ktige Ledam\u00f6ter:\u00a0Gudrun Bruneg\u00e5rd (tillika fullm\u00e4ktiges 1:e vice L\u00e4s mer\" \/>\n<meta property=\"og:url\" content=\"https:\/\/wp.kristdemokraterna.se\/vimmerby\/vara-foretradare\/\" \/>\n<meta property=\"og:site_name\" content=\"Kristdemokraterna | Vimmerby\" \/>\n<meta name=\"twitter:card\" content=\"summary_large_image\" \/>\n<meta name=\"twitter:label1\" content=\"Ber\u00e4knad l\u00e4stid\" \/>\n\t<meta name=\"twitter:data1\" content=\"1 minut\" \/>\n<script type=\"application\/ld+json\" class=\"yoast-schema-graph\">{\"@context\":\"https:\\\/\\\/schema.org\",\"@graph\":[{\"@type\":\"WebPage\",\"@id\":\"https:\\\/\\\/wp.kristdemokraterna.se\\\/vimmerby\\\/vara-foretradare\\\/\",\"url\":\"https:\\\/\\\/wp.kristdemokraterna.se\\\/vimmerby\\\/vara-foretradare\\\/\",\"name\":\"V\u00e5ra f\u00f6retr\u00e4dare - Kristdemokraterna | Vimmerby\",\"isPartOf\":{\"@id\":\"https:\\\/\\\/wp.kristdemokraterna.se\\\/vimmerby\\\/#website\"},\"primaryImageOfPage\":{\"@id\":\"https:\\\/\\\/wp.kristdemokraterna.se\\\/vimmerby\\\/vara-foretradare\\\/#primaryimage\"},\"image\":{\"@id\":\"https:\\\/\\\/wp.kristdemokraterna.se\\\/vimmerby\\\/vara-foretradare\\\/#primaryimage\"},\"thumbnailUrl\":\"\",\"datePublished\":\"2013-04-30T17:01:45+00:00\",\"breadcrumb\":{\"@id\":\"https:\\\/\\\/wp.kristdemokraterna.se\\\/vimmerby\\\/vara-foretradare\\\/#breadcrumb\"},\"inLanguage\":\"sv-SE\",\"potentialAction\":[{\"@type\":\"ReadAction\",\"target\":[\"https:\\\/\\\/wp.kristdemokraterna.se\\\/vimmerby\\\/vara-foretradare\\\/\"]}]},{\"@type\":\"ImageObject\",\"inLanguage\":\"sv-SE\",\"@id\":\"https:\\\/\\\/wp.kristdemokraterna.se\\\/vimmerby\\\/vara-foretradare\\\/#primaryimage\",\"url\":\"\",\"contentUrl\":\"\"},{\"@type\":\"BreadcrumbList\",\"@id\":\"https:\\\/\\\/wp.kristdemokraterna.se\\\/vimmerby\\\/vara-foretradare\\\/#breadcrumb\",\"itemListElement\":[{\"@type\":\"ListItem\",\"position\":1,\"name\":\"Hem\",\"item\":\"https:\\\/\\\/wp.kristdemokraterna.se\\\/vimmerby\\\/\"},{\"@type\":\"ListItem\",\"position\":2,\"name\":\"V\u00e5ra f\u00f6retr\u00e4dare\"}]},{\"@type\":\"WebSite\",\"@id\":\"https:\\\/\\\/wp.kristdemokraterna.se\\\/vimmerby\\\/#website\",\"url\":\"https:\\\/\\\/wp.kristdemokraterna.se\\\/vimmerby\\\/\",\"name\":\"Kristdemokraterna | Vimmerby\",\"description\":\"Kristdemokraterna i Vimmerbys webbplats\",\"inLanguage\":\"sv-SE\"}]}<\/script>\n<!-- \/ Yoast SEO plugin. -->","yoast_head_json":{"title":"V\u00e5ra f\u00f6retr\u00e4dare - Kristdemokraterna | Vimmerby","robots":{"index":"index","follow":"follow","max-snippet":"max-snippet:-1","max-image-preview":"max-image-preview:large","max-video-preview":"max-video-preview:-1"},"canonical":"https:\/\/wp.kristdemokraterna.se\/vimmerby\/vara-foretradare\/","og_locale":"sv_SE","og_type":"article","og_title":"V\u00e5ra f\u00f6retr\u00e4dare - Kristdemokraterna | Vimmerby","og_description":"Styrelse: Ordf\u00f6rande: Gudrun Bruneg\u00e5rd Vice ordf\u00f6rande: Ola Gustafsson Ledam\u00f6ter:\u00a0Torbj\u00f6rn Sandberg \u00a0 \u00a0 \u00a0 \u00a0 \u00a0 \u00a0 \u00a0 \u00a0 \u00a0\u00a0 J\u00f6rgen Henriksson \u00a0 \u00a0 \u00a0 \u00a0 \u00a0 \u00a0 \u00a0 \u00a0 \u00a0\u00a0 Bjarne Lynbech Ers\u00e4ttare:\u00a0\u00a0 \u00a0Ann-Sofi Henriksson \u00a0\u00a0\u00a0\u00a0\u00a0\u00a0\u00a0\u00a0\u00a0\u00a0\u00a0\u00a0\u00a0 \u00a0 \u00a0 \u00a0\u00a0Nina Gustafsson \u00a0\u00a0\u00a0\u00a0\u00a0\u00a0\u00a0\u00a0\u00a0\u00a0\u00a0\u00a0\u00a0\u00a0\u00a0\u00a0\u00a0\u00a0\u00a0 Clara Castelblanco Politiska f\u00f6rtroendeuppdrag i Vimmerby kommun: Kommunfullm\u00e4ktige Ledam\u00f6ter:\u00a0Gudrun Bruneg\u00e5rd (tillika fullm\u00e4ktiges 1:e vice L\u00e4s mer","og_url":"https:\/\/wp.kristdemokraterna.se\/vimmerby\/vara-foretradare\/","og_site_name":"Kristdemokraterna | Vimmerby","twitter_card":"summary_large_image","twitter_misc":{"Ber\u00e4knad l\u00e4stid":"1 minut"},"schema":{"@context":"https:\/\/schema.org","@graph":[{"@type":"WebPage","@id":"https:\/\/wp.kristdemokraterna.se\/vimmerby\/vara-foretradare\/","url":"https:\/\/wp.kristdemokraterna.se\/vimmerby\/vara-foretradare\/","name":"V\u00e5ra f\u00f6retr\u00e4dare - Kristdemokraterna | Vimmerby","isPartOf":{"@id":"https:\/\/wp.kristdemokraterna.se\/vimmerby\/#website"},"primaryImageOfPage":{"@id":"https:\/\/wp.kristdemokraterna.se\/vimmerby\/vara-foretradare\/#primaryimage"},"image":{"@id":"https:\/\/wp.kristdemokraterna.se\/vimmerby\/vara-foretradare\/#primaryimage"},"thumbnailUrl":"","datePublished":"2013-04-30T17:01:45+00:00","breadcrumb":{"@id":"https:\/\/wp.kristdemokraterna.se\/vimmerby\/vara-foretradare\/#breadcrumb"},"inLanguage":"sv-SE","potentialAction":[{"@type":"ReadAction","target":["https:\/\/wp.kristdemokraterna.se\/vimmerby\/vara-foretradare\/"]}]},{"@type":"ImageObject","inLanguage":"sv-SE","@id":"https:\/\/wp.kristdemokraterna.se\/vimmerby\/vara-foretradare\/#primaryimage","url":"","contentUrl":""},{"@type":"BreadcrumbList","@id":"https:\/\/wp.kristdemokraterna.se\/vimmerby\/vara-foretradare\/#breadcrumb","itemListElement":[{"@type":"ListItem","position":1,"name":"Hem","item":"https:\/\/wp.kristdemokraterna.se\/vimmerby\/"},{"@type":"ListItem","position":2,"name":"V\u00e5ra f\u00f6retr\u00e4dare"}]},{"@type":"WebSite","@id":"https:\/\/wp.kristdemokraterna.se\/vimmerby\/#website","url":"https:\/\/wp.kristdemokraterna.se\/vimmerby\/","name":"Kristdemokraterna | Vimmerby","description":"Kristdemokraterna i Vimmerbys webbplats","inLanguage":"sv-SE"}]}},"_links":{"self":[{"href":"https:\/\/wp.kristdemokraterna.se\/vimmerby\/wp-json\/wp\/v2\/pages\/46","targetHints":{"allow":["GET"]}}],"collection":[{"href":"https:\/\/wp.kristdemokraterna.se\/vimmerby\/wp-json\/wp\/v2\/pages"}],"about":[{"href":"https:\/\/wp.kristdemokraterna.se\/vimmerby\/wp-json\/wp\/v2\/types\/page"}],"author":[{"embeddable":true,"href":"https:\/\/wp.kristdemokraterna.se\/vimmerby\/wp-json\/wp\/v2\/users\/444"}],"replies":[{"embeddable":true,"href":"https:\/\/wp.kristdemokraterna.se\/vimmerby\/wp-json\/wp\/v2\/comments?post=46"}],"version-history":[{"count":0,"href":"https:\/\/wp.kristdemokraterna.se\/vimmerby\/wp-json\/wp\/v2\/pages\/46\/revisions"}],"wp:featuredmedia":[{"embeddable":true,"href":"https:\/\/wp.kristdemokraterna.se\/vimmerby\/wp-json\/"}],"wp:attachment":[{"href":"https:\/\/wp.kristdemokraterna.se\/vimmerby\/wp-json\/wp\/v2\/media?parent=46"}],"curies":[{"name":"wp","href":"https:\/\/api.w.org\/{rel}","templated":true}]}}