{"id":515,"date":"2019-02-16T19:19:14","date_gmt":"2019-02-16T18:19:14","guid":{"rendered":"http:\/\/wp.kristdemokraterna.se\/vimmerby\/?page_id=515"},"modified":"2022-08-16T16:58:24","modified_gmt":"2022-08-16T14:58:24","slug":"kalendarium","status":"publish","type":"page","link":"https:\/\/wp.kristdemokraterna.se\/vimmerby\/kalendarium\/","title":{"rendered":"Kalendarium"},"content":{"rendered":"<p><b><span data-contrast=\"none\">Augusti<\/span><\/b><span data-ccp-props=\"{&quot;201341983&quot;:1,&quot;335559740&quot;:240}\">\u00a0<\/span><\/p>\n<p><span data-ccp-props=\"{&quot;201341983&quot;:1,&quot;335559740&quot;:240}\">\u00a0<\/span><span data-contrast=\"none\">Fredag 5<\/span> <span data-contrast=\"none\">Valr\u00f6relse upptakt nationellt<\/span><span data-ccp-props=\"{&quot;201341983&quot;:1,&quot;335559740&quot;:240}\">\u00a0<\/span><\/p>\n<p><span data-contrast=\"none\">Tisdag 9<\/span> <span data-contrast=\"none\">18:00<\/span> <span data-contrast=\"none\">PA styrelse hos Gudrun<\/span><span data-ccp-props=\"{&quot;201341983&quot;:1,&quot;335559740&quot;:240}\">\u00a0<\/span><\/p>\n<p><span data-contrast=\"none\">Torsdag 11<\/span> <span data-contrast=\"none\">18:00<\/span> <span data-contrast=\"none\">Valr\u00f6relse upptakt Kalmar l\u00e4n<\/span><span data-ccp-props=\"{&quot;201341983&quot;:1,&quot;335559740&quot;:240}\">\u00a0<\/span><\/p>\n<p><span data-contrast=\"none\">M\u00e5ndag 15<\/span> <span data-contrast=\"none\">18:00<\/span> <span data-contrast=\"none\">KPA<\/span><span data-ccp-props=\"{&quot;201341983&quot;:1,&quot;335559740&quot;:240}\">\u00a0<\/span><\/p>\n<p><span data-contrast=\"none\">Onsdag 24<\/span> <span data-contrast=\"none\">8:00<\/span> <span data-contrast=\"none\">F\u00f6rtidsr\u00f6stning b\u00f6rjar<\/span><span data-ccp-props=\"{&quot;201341983&quot;:1,&quot;335559740&quot;:240}\">\u00a0<\/span><\/p>\n<p><span data-contrast=\"none\">Torsdag 25<\/span> <span data-contrast=\"none\">18:00<\/span> Partidistriktsstyrelse (<span data-contrast=\"none\">PDS)<\/span><\/p>\n<p><span data-ccp-props=\"{&quot;201341983&quot;:1,&quot;335559740&quot;:240}\">\u00a0<\/span><\/p>\n<p><b><span data-contrast=\"none\">September<\/span><\/b><span data-ccp-props=\"{&quot;201341983&quot;:1,&quot;335559740&quot;:240}\">\u00a0<\/span><span data-ccp-props=\"{&quot;201341983&quot;:1,&quot;335559740&quot;:240}\">\u00a0<\/span><\/p>\n<p><span data-contrast=\"none\">Fr 2 &#8211; v.36<\/span> <span data-contrast=\"none\">Valspurt<\/span><span data-ccp-props=\"{&quot;201341983&quot;:1,&quot;335559740&quot;:240}\">\u00a0<\/span><\/p>\n<p><span data-contrast=\"none\">S\u00f6ndag 11<\/span> <span data-contrast=\"none\">8:00-20:00<\/span> <span data-contrast=\"none\">Val till riksdag, region och kommun<\/span><span data-ccp-props=\"{&quot;201341983&quot;:1,&quot;335559740&quot;:240}\">\u00a0<\/span><\/p>\n<p><span data-contrast=\"none\">M\u00e5ndag 12<\/span> <span data-contrast=\"none\">18:00<\/span> <span data-contrast=\"none\">PA styrelse, valuppf\u00f6ljning<\/span><span data-ccp-props=\"{&quot;201341983&quot;:1,&quot;335559740&quot;:240}\">\u00a0<\/span><\/p>\n<p><span data-contrast=\"none\">Tisdag 13<\/span> <span data-contrast=\"none\">18:00<\/span> <span data-contrast=\"none\">KF<\/span><span data-ccp-props=\"{&quot;201341983&quot;:1,&quot;335559740&quot;:240}\">\u00a0<\/span><\/p>\n<p><span data-contrast=\"none\">Torsdag 15<\/span> <span data-contrast=\"none\">18:00<\/span> <span data-contrast=\"none\">PDS<\/span><span data-ccp-props=\"{&quot;201341983&quot;:1,&quot;335559740&quot;:240}\">\u00a0<\/span><\/p>\n<p><span data-contrast=\"none\">Fredag 16-<\/span><span data-ccp-props=\"{&quot;201341983&quot;:1,&quot;335559740&quot;:240}\">\u00a0<\/span><\/p>\n<p><span data-contrast=\"none\">l\u00f6rdag 17<\/span> <span data-contrast=\"none\">Eftervalskonferens<\/span><span data-ccp-props=\"{&quot;201341983&quot;:1,&quot;335559740&quot;:240}\">\u00a0<\/span><\/p>\n<p><span data-contrast=\"none\">M\u00e5ndag 19<\/span> <span data-contrast=\"none\">18:00<\/span> <span data-contrast=\"none\">KPA<\/span><span data-ccp-props=\"{&quot;201341983&quot;:1,&quot;335559740&quot;:240}\">\u00a0<\/span><\/p>\n<p><span data-ccp-props=\"{&quot;201341983&quot;:1,&quot;335559740&quot;:240}\">\u00a0<\/span><\/p>\n<p><b><span data-contrast=\"none\">Oktober<\/span><\/b><span data-ccp-props=\"{&quot;201341983&quot;:1,&quot;335559740&quot;:240}\">\u00a0<\/span><\/p>\n<p><span data-contrast=\"none\">M\u00e5ndag 3<\/span> <span data-contrast=\"none\">18:00<\/span> <span data-contrast=\"none\">PA styrelse<\/span><span data-ccp-props=\"{&quot;201341983&quot;:1,&quot;335559740&quot;:240}\">\u00a0<\/span><\/p>\n<p><span data-contrast=\"none\">M\u00e5ndag 17<\/span> <span data-contrast=\"none\">18:00<\/span> <span data-contrast=\"none\">KF, f\u00f6rsta f\u00f6r mandatperioden<\/span><span data-ccp-props=\"{&quot;201341983&quot;:1,&quot;335559740&quot;:240}\">\u00a0<\/span><\/p>\n<p><span data-contrast=\"none\">M\u00e5ndag 24<\/span> <span data-contrast=\"none\">18:00<\/span> <span data-contrast=\"none\">KPA<\/span><span data-ccp-props=\"{&quot;201341983&quot;:1,&quot;335559740&quot;:240}\">\u00a0<\/span><\/p>\n<p><span data-contrast=\"none\">M\u00e5ndag 31<\/span> <span data-contrast=\"none\">18:00<\/span> <span data-contrast=\"none\">PA styrelse<\/span><span data-ccp-props=\"{&quot;201341983&quot;:1,&quot;335559740&quot;:240}\">\u00a0<\/span><\/p>\n<p><span data-ccp-props=\"{&quot;201341983&quot;:1,&quot;335559740&quot;:240}\">\u00a0<\/span><\/p>\n<p><b><span data-contrast=\"none\">November\u00a0<\/span><\/b><span data-ccp-props=\"{&quot;201341983&quot;:1,&quot;335559740&quot;:240}\">\u00a0<\/span><\/p>\n<p><span data-ccp-props=\"{&quot;201341983&quot;:1,&quot;335559740&quot;:240}\">\u00a0<\/span><span data-contrast=\"none\">Onsdag 2<\/span> <span data-contrast=\"none\">18:00<\/span> <span data-contrast=\"none\">PDS<\/span><span data-ccp-props=\"{&quot;201341983&quot;:1,&quot;335559740&quot;:240}\">\u00a0<\/span><\/p>\n<p><span data-contrast=\"none\">M\u00e5ndag 7<\/span> <span data-contrast=\"none\">18:00<\/span> <span data-contrast=\"none\">H\u00f6stfest<\/span><span data-ccp-props=\"{&quot;201341983&quot;:1,&quot;335559740&quot;:240}\">\u00a0<\/span><\/p>\n<p><span data-contrast=\"none\">M\u00e5ndag 14<\/span> <span data-contrast=\"none\">18:00<\/span> <span data-contrast=\"none\">KF<\/span><span data-ccp-props=\"{&quot;201341983&quot;:1,&quot;335559740&quot;:240}\">\u00a0<\/span><\/p>\n<p><span data-contrast=\"none\">L\u00f6rdag 19<\/span> <span data-contrast=\"none\">H\u00f6stst\u00e4mma<\/span><span data-ccp-props=\"{&quot;201341983&quot;:1,&quot;335559740&quot;:240}\">\u00a0<\/span><\/p>\n<p><span data-contrast=\"none\">M\u00e5ndag 28<\/span> <span data-contrast=\"none\">18:00<\/span> <span data-contrast=\"none\">KPA<\/span><span data-ccp-props=\"{&quot;201341983&quot;:1,&quot;335559740&quot;:240}\">\u00a0<\/span><\/p>\n<p><span data-ccp-props=\"{&quot;201341983&quot;:1,&quot;335559740&quot;:240}\">\u00a0<\/span><\/p>\n<p><b><span data-contrast=\"none\">December\u00a0<\/span><\/b><span data-ccp-props=\"{&quot;201341983&quot;:1,&quot;335559740&quot;:240}\">\u00a0<\/span><\/p>\n<p><span data-ccp-props=\"{&quot;201341983&quot;:1,&quot;335559740&quot;:240}\">\u00a0<\/span><span data-contrast=\"none\">M\u00e5ndag 19<\/span> <span data-contrast=\"none\">18:00<\/span> <span data-contrast=\"none\">KF<\/span><span data-ccp-props=\"{&quot;201341983&quot;:1,&quot;335559740&quot;:240}\">\u00a0<\/span><\/p>\n","protected":false},"excerpt":{"rendered":"<p>Augusti\u00a0 \u00a0Fredag 5 Valr\u00f6relse upptakt nationellt\u00a0 Tisdag 9 18:00 PA styrelse hos Gudrun\u00a0 Torsdag 11 18:00 Valr\u00f6relse upptakt Kalmar l\u00e4n\u00a0 M\u00e5ndag 15 18:00 KPA\u00a0 Onsdag 24 8:00 F\u00f6rtidsr\u00f6stning b\u00f6rjar\u00a0 Torsdag 25 18:00 Partidistriktsstyrelse (PDS) \u00a0 September\u00a0\u00a0 Fr 2 &#8211; v.36 Valspurt\u00a0 S\u00f6ndag 11 8:00-20:00 Val till riksdag, region och kommun\u00a0 M\u00e5ndag 12 18:00 PA styrelse, <a class=\"read-more-link\" href=\"https:\/\/wp.kristdemokraterna.se\/vimmerby\/kalendarium\/\">L\u00e4s mer<\/a><\/p>\n","protected":false},"author":444,"featured_media":714,"parent":0,"menu_order":0,"comment_status":"closed","ping_status":"closed","template":"","meta":{"_acf_changed":false,"footnotes":""},"class_list":["post-515","page","type-page","status-publish","hentry"],"acf":[],"yoast_head":"<!-- This site is optimized with the Yoast SEO plugin v27.3 - https:\/\/yoast.com\/product\/yoast-seo-wordpress\/ -->\n<title>Kalendarium - Kristdemokraterna | Vimmerby<\/title>\n<meta name=\"robots\" content=\"index, follow, max-snippet:-1, max-image-preview:large, max-video-preview:-1\" \/>\n<link rel=\"canonical\" href=\"https:\/\/wp.kristdemokraterna.se\/vimmerby\/kalendarium\/\" \/>\n<meta property=\"og:locale\" content=\"sv_SE\" \/>\n<meta property=\"og:type\" content=\"article\" \/>\n<meta property=\"og:title\" content=\"Kalendarium - Kristdemokraterna | Vimmerby\" \/>\n<meta property=\"og:description\" content=\"Augusti\u00a0 \u00a0Fredag 5 Valr\u00f6relse upptakt nationellt\u00a0 Tisdag 9 18:00 PA styrelse hos Gudrun\u00a0 Torsdag 11 18:00 Valr\u00f6relse upptakt Kalmar l\u00e4n\u00a0 M\u00e5ndag 15 18:00 KPA\u00a0 Onsdag 24 8:00 F\u00f6rtidsr\u00f6stning b\u00f6rjar\u00a0 Torsdag 25 18:00 Partidistriktsstyrelse (PDS) \u00a0 September\u00a0\u00a0 Fr 2 &#8211; v.36 Valspurt\u00a0 S\u00f6ndag 11 8:00-20:00 Val till riksdag, region och kommun\u00a0 M\u00e5ndag 12 18:00 PA styrelse, L\u00e4s mer\" \/>\n<meta property=\"og:url\" content=\"https:\/\/wp.kristdemokraterna.se\/vimmerby\/kalendarium\/\" \/>\n<meta property=\"og:site_name\" content=\"Kristdemokraterna | Vimmerby\" \/>\n<meta property=\"article:modified_time\" content=\"2022-08-16T14:58:24+00:00\" \/>\n<meta name=\"twitter:card\" content=\"summary_large_image\" \/>\n<meta name=\"twitter:label1\" content=\"Ber\u00e4knad l\u00e4stid\" \/>\n\t<meta name=\"twitter:data1\" content=\"1 minut\" \/>\n<script type=\"application\/ld+json\" class=\"yoast-schema-graph\">{\"@context\":\"https:\\\/\\\/schema.org\",\"@graph\":[{\"@type\":\"WebPage\",\"@id\":\"https:\\\/\\\/wp.kristdemokraterna.se\\\/vimmerby\\\/kalendarium\\\/\",\"url\":\"https:\\\/\\\/wp.kristdemokraterna.se\\\/vimmerby\\\/kalendarium\\\/\",\"name\":\"Kalendarium - Kristdemokraterna | Vimmerby\",\"isPartOf\":{\"@id\":\"https:\\\/\\\/wp.kristdemokraterna.se\\\/vimmerby\\\/#website\"},\"primaryImageOfPage\":{\"@id\":\"https:\\\/\\\/wp.kristdemokraterna.se\\\/vimmerby\\\/kalendarium\\\/#primaryimage\"},\"image\":{\"@id\":\"https:\\\/\\\/wp.kristdemokraterna.se\\\/vimmerby\\\/kalendarium\\\/#primaryimage\"},\"thumbnailUrl\":\"\",\"datePublished\":\"2019-02-16T18:19:14+00:00\",\"dateModified\":\"2022-08-16T14:58:24+00:00\",\"breadcrumb\":{\"@id\":\"https:\\\/\\\/wp.kristdemokraterna.se\\\/vimmerby\\\/kalendarium\\\/#breadcrumb\"},\"inLanguage\":\"sv-SE\",\"potentialAction\":[{\"@type\":\"ReadAction\",\"target\":[\"https:\\\/\\\/wp.kristdemokraterna.se\\\/vimmerby\\\/kalendarium\\\/\"]}]},{\"@type\":\"ImageObject\",\"inLanguage\":\"sv-SE\",\"@id\":\"https:\\\/\\\/wp.kristdemokraterna.se\\\/vimmerby\\\/kalendarium\\\/#primaryimage\",\"url\":\"\",\"contentUrl\":\"\"},{\"@type\":\"BreadcrumbList\",\"@id\":\"https:\\\/\\\/wp.kristdemokraterna.se\\\/vimmerby\\\/kalendarium\\\/#breadcrumb\",\"itemListElement\":[{\"@type\":\"ListItem\",\"position\":1,\"name\":\"Hem\",\"item\":\"https:\\\/\\\/wp.kristdemokraterna.se\\\/vimmerby\\\/\"},{\"@type\":\"ListItem\",\"position\":2,\"name\":\"Kalendarium\"}]},{\"@type\":\"WebSite\",\"@id\":\"https:\\\/\\\/wp.kristdemokraterna.se\\\/vimmerby\\\/#website\",\"url\":\"https:\\\/\\\/wp.kristdemokraterna.se\\\/vimmerby\\\/\",\"name\":\"Kristdemokraterna | Vimmerby\",\"description\":\"Kristdemokraterna i Vimmerbys webbplats\",\"inLanguage\":\"sv-SE\"}]}<\/script>\n<!-- \/ Yoast SEO plugin. -->","yoast_head_json":{"title":"Kalendarium - Kristdemokraterna | Vimmerby","robots":{"index":"index","follow":"follow","max-snippet":"max-snippet:-1","max-image-preview":"max-image-preview:large","max-video-preview":"max-video-preview:-1"},"canonical":"https:\/\/wp.kristdemokraterna.se\/vimmerby\/kalendarium\/","og_locale":"sv_SE","og_type":"article","og_title":"Kalendarium - Kristdemokraterna | Vimmerby","og_description":"Augusti\u00a0 \u00a0Fredag 5 Valr\u00f6relse upptakt nationellt\u00a0 Tisdag 9 18:00 PA styrelse hos Gudrun\u00a0 Torsdag 11 18:00 Valr\u00f6relse upptakt Kalmar l\u00e4n\u00a0 M\u00e5ndag 15 18:00 KPA\u00a0 Onsdag 24 8:00 F\u00f6rtidsr\u00f6stning b\u00f6rjar\u00a0 Torsdag 25 18:00 Partidistriktsstyrelse (PDS) \u00a0 September\u00a0\u00a0 Fr 2 &#8211; v.36 Valspurt\u00a0 S\u00f6ndag 11 8:00-20:00 Val till riksdag, region och kommun\u00a0 M\u00e5ndag 12 18:00 PA styrelse, L\u00e4s mer","og_url":"https:\/\/wp.kristdemokraterna.se\/vimmerby\/kalendarium\/","og_site_name":"Kristdemokraterna | Vimmerby","article_modified_time":"2022-08-16T14:58:24+00:00","twitter_card":"summary_large_image","twitter_misc":{"Ber\u00e4knad l\u00e4stid":"1 minut"},"schema":{"@context":"https:\/\/schema.org","@graph":[{"@type":"WebPage","@id":"https:\/\/wp.kristdemokraterna.se\/vimmerby\/kalendarium\/","url":"https:\/\/wp.kristdemokraterna.se\/vimmerby\/kalendarium\/","name":"Kalendarium - Kristdemokraterna | Vimmerby","isPartOf":{"@id":"https:\/\/wp.kristdemokraterna.se\/vimmerby\/#website"},"primaryImageOfPage":{"@id":"https:\/\/wp.kristdemokraterna.se\/vimmerby\/kalendarium\/#primaryimage"},"image":{"@id":"https:\/\/wp.kristdemokraterna.se\/vimmerby\/kalendarium\/#primaryimage"},"thumbnailUrl":"","datePublished":"2019-02-16T18:19:14+00:00","dateModified":"2022-08-16T14:58:24+00:00","breadcrumb":{"@id":"https:\/\/wp.kristdemokraterna.se\/vimmerby\/kalendarium\/#breadcrumb"},"inLanguage":"sv-SE","potentialAction":[{"@type":"ReadAction","target":["https:\/\/wp.kristdemokraterna.se\/vimmerby\/kalendarium\/"]}]},{"@type":"ImageObject","inLanguage":"sv-SE","@id":"https:\/\/wp.kristdemokraterna.se\/vimmerby\/kalendarium\/#primaryimage","url":"","contentUrl":""},{"@type":"BreadcrumbList","@id":"https:\/\/wp.kristdemokraterna.se\/vimmerby\/kalendarium\/#breadcrumb","itemListElement":[{"@type":"ListItem","position":1,"name":"Hem","item":"https:\/\/wp.kristdemokraterna.se\/vimmerby\/"},{"@type":"ListItem","position":2,"name":"Kalendarium"}]},{"@type":"WebSite","@id":"https:\/\/wp.kristdemokraterna.se\/vimmerby\/#website","url":"https:\/\/wp.kristdemokraterna.se\/vimmerby\/","name":"Kristdemokraterna | Vimmerby","description":"Kristdemokraterna i Vimmerbys webbplats","inLanguage":"sv-SE"}]}},"_links":{"self":[{"href":"https:\/\/wp.kristdemokraterna.se\/vimmerby\/wp-json\/wp\/v2\/pages\/515","targetHints":{"allow":["GET"]}}],"collection":[{"href":"https:\/\/wp.kristdemokraterna.se\/vimmerby\/wp-json\/wp\/v2\/pages"}],"about":[{"href":"https:\/\/wp.kristdemokraterna.se\/vimmerby\/wp-json\/wp\/v2\/types\/page"}],"author":[{"embeddable":true,"href":"https:\/\/wp.kristdemokraterna.se\/vimmerby\/wp-json\/wp\/v2\/users\/444"}],"replies":[{"embeddable":true,"href":"https:\/\/wp.kristdemokraterna.se\/vimmerby\/wp-json\/wp\/v2\/comments?post=515"}],"version-history":[{"count":3,"href":"https:\/\/wp.kristdemokraterna.se\/vimmerby\/wp-json\/wp\/v2\/pages\/515\/revisions"}],"predecessor-version":[{"id":672,"href":"https:\/\/wp.kristdemokraterna.se\/vimmerby\/wp-json\/wp\/v2\/pages\/515\/revisions\/672"}],"wp:featuredmedia":[{"embeddable":true,"href":"https:\/\/wp.kristdemokraterna.se\/vimmerby\/wp-json\/"}],"wp:attachment":[{"href":"https:\/\/wp.kristdemokraterna.se\/vimmerby\/wp-json\/wp\/v2\/media?parent=515"}],"curies":[{"name":"wp","href":"https:\/\/api.w.org\/{rel}","templated":true}]}}