{"id":1001,"date":"2018-07-20T16:39:26","date_gmt":"2018-07-20T14:39:26","guid":{"rendered":"http:\/\/wp.kristdemokraterna.se\/ydre\/?page_id=1001"},"modified":"2018-07-20T16:40:33","modified_gmt":"2018-07-20T14:40:33","slug":"2016-05-26-ydre-kan","status":"publish","type":"page","link":"https:\/\/wp.kristdemokraterna.se\/ydre\/2016-05-26-ydre-kan\/","title":{"rendered":"2016-05-26 Ydre kan!"},"content":{"rendered":"<p>Nyligen h\u00f6lls den f\u00f6rsta Ydrem\u00e4ssan. \u00d6ver 30 f\u00f6retag st\u00e4llde ut i och utanf\u00f6r Ydresalen. Det var n\u00e5gra av de 650 registrerade f\u00f6retagen som finns h\u00e4r. 18% av ydreborna \u00e4r f\u00f6retagare.<\/p>\n<p><img loading=\"lazy\" decoding=\"async\" src=\"http:\/\/ydrebo.se\/kd\/veckobrev2016\/invigning.JPG\" width=\"400\" height=\"402\" \/><br \/>\nLandsh\u00f6vding Elisabeth Nilsson p\u00e5minde om detta n\u00e4r hon invigde m\u00e4ssan.<\/p>\n<p><img loading=\"lazy\" decoding=\"async\" src=\"http:\/\/ydrebo.se\/kd\/veckobrev2016\/ydremassa1.JPG\" width=\"600\" height=\"462\" \/><\/p>\n<p>Det var m\u00e5nga som kom f\u00f6r att bes\u00f6ka de olika montrarna.<\/p>\n<p><img loading=\"lazy\" decoding=\"async\" src=\"http:\/\/ydrebo.se\/kd\/veckobrev2016\/ydremassa2.JPG\" width=\"600\" height=\"461\" \/><\/p>\n<p>Landsh\u00f6vdingen n\u00e4mnde ocks\u00e5 att v\u00e5r kommun st\u00e5r inf\u00f6r stora utmaningar. Vi m\u00e5ste t.ex. k\u00e4mpa f\u00f6r att bli sedda av dem som best\u00e4mmer \u00f6ver kommunikationerna. V\u00e5r riksdagsman Magnus Oscarsson (kd) har tagit upp Ydres situation i riksdagen. Nu senast har han talat om de problem som uppst\u00e5r n\u00e4r kopparn\u00e4tet f\u00f6r telefoni tas bort.<\/p>\n<p><img loading=\"lazy\" decoding=\"async\" src=\"http:\/\/ydrebo.se\/kd\/veckobrev2016\/ydremassa3.JPG\" width=\"600\" height=\"450\" \/><br \/>\n<i>Ocks\u00e5 i skolan hade man f\u00f6rberett sig f\u00f6r m\u00e4ssan.<\/p>\n<p><\/i>Men det finns en stor f\u00f6retagsamhet bland ydreborna. Vi har industrier av olika slag. Och naturligtvis har vi skogsbruk och ett levande lantbruk (det finns dubbelt s\u00e5 m\u00e5nga n\u00f6tkreatur som m\u00e4nniskor).<\/p>\n<p><img loading=\"lazy\" decoding=\"async\" src=\"http:\/\/ydrebo.se\/kd\/veckobrev2016\/boskap.JPG\" width=\"600\" height=\"462\" \/><br \/>\n<i>Vi fick inte vara med p\u00e5 m\u00e4ssan. Men det g\u00e5r tv\u00e5 av oss p\u00e5 varje ydrebo.<\/p>\n<p><\/i><i>Bengt Malm, ordf.<br \/>\n26 maj 2016<\/i><\/p>\n","protected":false},"excerpt":{"rendered":"<p>Nyligen h\u00f6lls den f\u00f6rsta Ydrem\u00e4ssan. \u00d6ver 30 f\u00f6retag st\u00e4llde ut i och utanf\u00f6r Ydresalen. Det var n\u00e5gra av de 650 registrerade f\u00f6retagen som finns h\u00e4r. 18% av ydreborna \u00e4r f\u00f6retagare. Landsh\u00f6vding Elisabeth Nilsson p\u00e5minde om detta n\u00e4r hon invigde m\u00e4ssan. Det var m\u00e5nga som kom f\u00f6r att bes\u00f6ka de olika montrarna. Landsh\u00f6vdingen n\u00e4mnde ocks\u00e5 att <a class=\"read-more-link\" href=\"https:\/\/wp.kristdemokraterna.se\/ydre\/2016-05-26-ydre-kan\/\">L\u00e4s mer<\/a><\/p>\n","protected":false},"author":793,"featured_media":0,"parent":0,"menu_order":0,"comment_status":"closed","ping_status":"closed","template":"","meta":{"_acf_changed":false,"footnotes":""},"class_list":["post-1001","page","type-page","status-publish","hentry"],"acf":[],"yoast_head":"<!-- This site is optimized with the Yoast SEO plugin v27.5 - https:\/\/yoast.com\/product\/yoast-seo-wordpress\/ -->\n<title>2016-05-26 Ydre kan! - Kristdemokraterna i Ydre<\/title>\n<meta name=\"robots\" content=\"index, follow, max-snippet:-1, max-image-preview:large, max-video-preview:-1\" \/>\n<link rel=\"canonical\" href=\"https:\/\/wp.kristdemokraterna.se\/ydre\/2016-05-26-ydre-kan\/\" \/>\n<meta property=\"og:locale\" content=\"sv_SE\" \/>\n<meta property=\"og:type\" content=\"article\" \/>\n<meta property=\"og:title\" content=\"2016-05-26 Ydre kan! - Kristdemokraterna i Ydre\" \/>\n<meta property=\"og:description\" content=\"Nyligen h\u00f6lls den f\u00f6rsta Ydrem\u00e4ssan. \u00d6ver 30 f\u00f6retag st\u00e4llde ut i och utanf\u00f6r Ydresalen. Det var n\u00e5gra av de 650 registrerade f\u00f6retagen som finns h\u00e4r. 18% av ydreborna \u00e4r f\u00f6retagare. Landsh\u00f6vding Elisabeth Nilsson p\u00e5minde om detta n\u00e4r hon invigde m\u00e4ssan. Det var m\u00e5nga som kom f\u00f6r att bes\u00f6ka de olika montrarna. Landsh\u00f6vdingen n\u00e4mnde ocks\u00e5 att L\u00e4s mer\" \/>\n<meta property=\"og:url\" content=\"https:\/\/wp.kristdemokraterna.se\/ydre\/2016-05-26-ydre-kan\/\" \/>\n<meta property=\"og:site_name\" content=\"Kristdemokraterna i Ydre\" \/>\n<meta property=\"article:modified_time\" content=\"2018-07-20T14:40:33+00:00\" \/>\n<meta property=\"og:image\" content=\"http:\/\/ydrebo.se\/kd\/veckobrev2016\/invigning.JPG\" \/>\n<meta name=\"twitter:card\" content=\"summary_large_image\" \/>\n<meta name=\"twitter:label1\" content=\"Ber\u00e4knad l\u00e4stid\" \/>\n\t<meta name=\"twitter:data1\" content=\"1 minut\" \/>\n<script type=\"application\/ld+json\" class=\"yoast-schema-graph\">{\"@context\":\"https:\\\/\\\/schema.org\",\"@graph\":[{\"@type\":\"WebPage\",\"@id\":\"https:\\\/\\\/wp.kristdemokraterna.se\\\/ydre\\\/2016-05-26-ydre-kan\\\/\",\"url\":\"https:\\\/\\\/wp.kristdemokraterna.se\\\/ydre\\\/2016-05-26-ydre-kan\\\/\",\"name\":\"2016-05-26 Ydre kan! - Kristdemokraterna i Ydre\",\"isPartOf\":{\"@id\":\"https:\\\/\\\/wp.kristdemokraterna.se\\\/ydre\\\/#website\"},\"primaryImageOfPage\":{\"@id\":\"https:\\\/\\\/wp.kristdemokraterna.se\\\/ydre\\\/2016-05-26-ydre-kan\\\/#primaryimage\"},\"image\":{\"@id\":\"https:\\\/\\\/wp.kristdemokraterna.se\\\/ydre\\\/2016-05-26-ydre-kan\\\/#primaryimage\"},\"thumbnailUrl\":\"http:\\\/\\\/ydrebo.se\\\/kd\\\/veckobrev2016\\\/invigning.JPG\",\"datePublished\":\"2018-07-20T14:39:26+00:00\",\"dateModified\":\"2018-07-20T14:40:33+00:00\",\"breadcrumb\":{\"@id\":\"https:\\\/\\\/wp.kristdemokraterna.se\\\/ydre\\\/2016-05-26-ydre-kan\\\/#breadcrumb\"},\"inLanguage\":\"sv-SE\",\"potentialAction\":[{\"@type\":\"ReadAction\",\"target\":[\"https:\\\/\\\/wp.kristdemokraterna.se\\\/ydre\\\/2016-05-26-ydre-kan\\\/\"]}]},{\"@type\":\"ImageObject\",\"inLanguage\":\"sv-SE\",\"@id\":\"https:\\\/\\\/wp.kristdemokraterna.se\\\/ydre\\\/2016-05-26-ydre-kan\\\/#primaryimage\",\"url\":\"http:\\\/\\\/ydrebo.se\\\/kd\\\/veckobrev2016\\\/invigning.JPG\",\"contentUrl\":\"http:\\\/\\\/ydrebo.se\\\/kd\\\/veckobrev2016\\\/invigning.JPG\"},{\"@type\":\"BreadcrumbList\",\"@id\":\"https:\\\/\\\/wp.kristdemokraterna.se\\\/ydre\\\/2016-05-26-ydre-kan\\\/#breadcrumb\",\"itemListElement\":[{\"@type\":\"ListItem\",\"position\":1,\"name\":\"Hem\",\"item\":\"https:\\\/\\\/wp.kristdemokraterna.se\\\/ydre\\\/\"},{\"@type\":\"ListItem\",\"position\":2,\"name\":\"2016-05-26 Ydre kan!\"}]},{\"@type\":\"WebSite\",\"@id\":\"https:\\\/\\\/wp.kristdemokraterna.se\\\/ydre\\\/#website\",\"url\":\"https:\\\/\\\/wp.kristdemokraterna.se\\\/ydre\\\/\",\"name\":\"Kristdemokraterna i Ydre\",\"description\":\"En till Kristdemokraterna webbplats\",\"inLanguage\":\"sv-SE\"}]}<\/script>\n<!-- \/ Yoast SEO plugin. -->","yoast_head_json":{"title":"2016-05-26 Ydre kan! - Kristdemokraterna i Ydre","robots":{"index":"index","follow":"follow","max-snippet":"max-snippet:-1","max-image-preview":"max-image-preview:large","max-video-preview":"max-video-preview:-1"},"canonical":"https:\/\/wp.kristdemokraterna.se\/ydre\/2016-05-26-ydre-kan\/","og_locale":"sv_SE","og_type":"article","og_title":"2016-05-26 Ydre kan! - Kristdemokraterna i Ydre","og_description":"Nyligen h\u00f6lls den f\u00f6rsta Ydrem\u00e4ssan. \u00d6ver 30 f\u00f6retag st\u00e4llde ut i och utanf\u00f6r Ydresalen. Det var n\u00e5gra av de 650 registrerade f\u00f6retagen som finns h\u00e4r. 18% av ydreborna \u00e4r f\u00f6retagare. Landsh\u00f6vding Elisabeth Nilsson p\u00e5minde om detta n\u00e4r hon invigde m\u00e4ssan. Det var m\u00e5nga som kom f\u00f6r att bes\u00f6ka de olika montrarna. Landsh\u00f6vdingen n\u00e4mnde ocks\u00e5 att L\u00e4s mer","og_url":"https:\/\/wp.kristdemokraterna.se\/ydre\/2016-05-26-ydre-kan\/","og_site_name":"Kristdemokraterna i Ydre","article_modified_time":"2018-07-20T14:40:33+00:00","og_image":[{"url":"http:\/\/ydrebo.se\/kd\/veckobrev2016\/invigning.JPG","type":"","width":"","height":""}],"twitter_card":"summary_large_image","twitter_misc":{"Ber\u00e4knad l\u00e4stid":"1 minut"},"schema":{"@context":"https:\/\/schema.org","@graph":[{"@type":"WebPage","@id":"https:\/\/wp.kristdemokraterna.se\/ydre\/2016-05-26-ydre-kan\/","url":"https:\/\/wp.kristdemokraterna.se\/ydre\/2016-05-26-ydre-kan\/","name":"2016-05-26 Ydre kan! - Kristdemokraterna i Ydre","isPartOf":{"@id":"https:\/\/wp.kristdemokraterna.se\/ydre\/#website"},"primaryImageOfPage":{"@id":"https:\/\/wp.kristdemokraterna.se\/ydre\/2016-05-26-ydre-kan\/#primaryimage"},"image":{"@id":"https:\/\/wp.kristdemokraterna.se\/ydre\/2016-05-26-ydre-kan\/#primaryimage"},"thumbnailUrl":"http:\/\/ydrebo.se\/kd\/veckobrev2016\/invigning.JPG","datePublished":"2018-07-20T14:39:26+00:00","dateModified":"2018-07-20T14:40:33+00:00","breadcrumb":{"@id":"https:\/\/wp.kristdemokraterna.se\/ydre\/2016-05-26-ydre-kan\/#breadcrumb"},"inLanguage":"sv-SE","potentialAction":[{"@type":"ReadAction","target":["https:\/\/wp.kristdemokraterna.se\/ydre\/2016-05-26-ydre-kan\/"]}]},{"@type":"ImageObject","inLanguage":"sv-SE","@id":"https:\/\/wp.kristdemokraterna.se\/ydre\/2016-05-26-ydre-kan\/#primaryimage","url":"http:\/\/ydrebo.se\/kd\/veckobrev2016\/invigning.JPG","contentUrl":"http:\/\/ydrebo.se\/kd\/veckobrev2016\/invigning.JPG"},{"@type":"BreadcrumbList","@id":"https:\/\/wp.kristdemokraterna.se\/ydre\/2016-05-26-ydre-kan\/#breadcrumb","itemListElement":[{"@type":"ListItem","position":1,"name":"Hem","item":"https:\/\/wp.kristdemokraterna.se\/ydre\/"},{"@type":"ListItem","position":2,"name":"2016-05-26 Ydre kan!"}]},{"@type":"WebSite","@id":"https:\/\/wp.kristdemokraterna.se\/ydre\/#website","url":"https:\/\/wp.kristdemokraterna.se\/ydre\/","name":"Kristdemokraterna i Ydre","description":"En till Kristdemokraterna webbplats","inLanguage":"sv-SE"}]}},"_links":{"self":[{"href":"https:\/\/wp.kristdemokraterna.se\/ydre\/wp-json\/wp\/v2\/pages\/1001","targetHints":{"allow":["GET"]}}],"collection":[{"href":"https:\/\/wp.kristdemokraterna.se\/ydre\/wp-json\/wp\/v2\/pages"}],"about":[{"href":"https:\/\/wp.kristdemokraterna.se\/ydre\/wp-json\/wp\/v2\/types\/page"}],"author":[{"embeddable":true,"href":"https:\/\/wp.kristdemokraterna.se\/ydre\/wp-json\/wp\/v2\/users\/793"}],"replies":[{"embeddable":true,"href":"https:\/\/wp.kristdemokraterna.se\/ydre\/wp-json\/wp\/v2\/comments?post=1001"}],"version-history":[{"count":3,"href":"https:\/\/wp.kristdemokraterna.se\/ydre\/wp-json\/wp\/v2\/pages\/1001\/revisions"}],"predecessor-version":[{"id":1004,"href":"https:\/\/wp.kristdemokraterna.se\/ydre\/wp-json\/wp\/v2\/pages\/1001\/revisions\/1004"}],"wp:attachment":[{"href":"https:\/\/wp.kristdemokraterna.se\/ydre\/wp-json\/wp\/v2\/media?parent=1001"}],"curies":[{"name":"wp","href":"https:\/\/api.w.org\/{rel}","templated":true}]}}