{"id":1006,"date":"2018-07-20T16:42:32","date_gmt":"2018-07-20T14:42:32","guid":{"rendered":"http:\/\/wp.kristdemokraterna.se\/ydre\/?page_id=1006"},"modified":"2018-07-20T16:43:48","modified_gmt":"2018-07-20T14:43:48","slug":"2016-06-07-behovs-det-poliser-i-ydre","status":"publish","type":"page","link":"https:\/\/wp.kristdemokraterna.se\/ydre\/2016-06-07-behovs-det-poliser-i-ydre\/","title":{"rendered":"2016-06-07 Beh\u00f6vs det poliser i Ydre?"},"content":{"rendered":"<p>I Norrk\u00f6ping skall det bygges en skola som skall vara n\u00e5got extra, ja rent av ett f\u00f6red\u00f6me. Den kommer att ha det senaste och det b\u00e4sta av s\u00e4kerhetsutrustningar. Det g\u00e4ller att kunna f\u00f6rhindra eller \u00e5tminstone f\u00f6rsv\u00e5ra ett v\u00e4pnat angrepp.<br \/>\n\u00c4r det detta som beh\u00f6vs f\u00f6r att ett samh\u00e4lle skall fungera? Ja, vad beh\u00f6vs det egentligen?<\/p>\n<p><img loading=\"lazy\" decoding=\"async\" src=\"http:\/\/ydrebo.se\/kd\/veckobrev2016\/lagberget.JPG\" width=\"600\" height=\"450\" \/><br \/>\n<i>Utsikt fr\u00e5n Lagberget p\u00e5 Island. H\u00e4r samlades f\u00f6rr Alltinget.<br \/>\n&#8221;Land skall med lag byggas.&#8221;<\/p>\n<p><\/i>Nyligen hade jag tillf\u00e4lle att bes\u00f6ka Island tillsammans med en grupp fr\u00e5n Ydre med omnejd. P\u00e5 Lagberget (<i>L\u00f6gberg<\/i>) fick vi h\u00f6ra ber\u00e4ttelsen om hur man redan 930 inr\u00e4tta ett Allting som stiftade \u00f6ns lagar. Men man hade ingen regering och inga andra myndigheter som kunde se till att lagarna efterlevdes. I l\u00e4ngden gick det inte utan landets frihet gick f\u00f6rlorad.<br \/>\nDagens Island har s\u00e5v\u00e4l regering som alla myndigheter som nutida stater har. Naturligtvis har man ocks\u00e5 en polisk\u00e5r. P\u00e5 uniformerna st\u00e5r det isl\u00e4ndska ordet f\u00f6r polis n\u00e4mligen\u00a0<i>L\u00f6greglan<\/i>, som betyder Lagstyret. Valspr\u00e5ket \u00e4r &#8221;Land skall med lag byggas&#8221;. Det \u00e4r f\u00f6r att lagen skall efterlevas som vi m\u00e5ste ha poliser.<br \/>\nVisserligen stod det i en av v\u00e5ra landskapslagar att om alla gjorde r\u00e4tt skulle det inte beh\u00f6vas lagar. Tyv\u00e4rr \u00e4r det inte s\u00e5v\u00e4l.<br \/>\nHur \u00e4r det i Ydre? \u00c4ven i v\u00e5r lugna vr\u00e5 beh\u00f6vs ibland poliser. \u00c4ven i den b\u00e4sta av v\u00e4rldar (dvs Ydre) kan en och annan k\u00e4nna oro.<br \/>\nD\u00e4rf\u00f6r har polisen just nu medborgardialoger i Ydre. N\u00e4r detta skrivs \u00e5terst\u00e5r tv\u00e5.<br \/>\n<i>Ryz\u00e4tra i Rydsn\u00e4s m\u00e5ndag den 13 juni kl. 18.30<br \/>\nF\u00f6rsamlingshemmet i \u00d6sterbymo tisdag den 14 juni kl. 18.30<\/p>\n<p><\/i>Ocks\u00e5 h\u00e4r i Sverige g\u00e4ller det att land skall med lag byggas. Det har tagit sin tid. Vi har just firat nationaldagen. Den 6 juni 1523 proklamerade riksdagen landets oberoende genom att l\u00e5ta Sverige f\u00e5 en egen ordinarie statschef (det hade inte h\u00e4nt p\u00e5 ett halvt \u00e5rhundrade). Det har nu n\u00e4stan g\u00e5tt 500 \u00e5r av samh\u00e4llsbyggande s\u00e5 att vi kunnat f\u00e5 det land som vi \u00e4r stolta \u00f6ver.<\/p>\n<p><img loading=\"lazy\" decoding=\"async\" src=\"http:\/\/ydrebo.se\/kd\/veckobrev2015\/nationaldag_i_ydre.JPG\" width=\"600\" height=\"461\" \/><\/p>\n<p><i>Bengt Malm, ordf.<br \/>\n7 juni 2016<\/i><\/p>\n","protected":false},"excerpt":{"rendered":"<p>I Norrk\u00f6ping skall det bygges en skola som skall vara n\u00e5got extra, ja rent av ett f\u00f6red\u00f6me. Den kommer att ha det senaste och det b\u00e4sta av s\u00e4kerhetsutrustningar. Det g\u00e4ller att kunna f\u00f6rhindra eller \u00e5tminstone f\u00f6rsv\u00e5ra ett v\u00e4pnat angrepp. \u00c4r det detta som beh\u00f6vs f\u00f6r att ett samh\u00e4lle skall fungera? Ja, vad beh\u00f6vs det egentligen? <a class=\"read-more-link\" href=\"https:\/\/wp.kristdemokraterna.se\/ydre\/2016-06-07-behovs-det-poliser-i-ydre\/\">L\u00e4s mer<\/a><\/p>\n","protected":false},"author":793,"featured_media":0,"parent":0,"menu_order":0,"comment_status":"closed","ping_status":"closed","template":"","meta":{"_acf_changed":false,"footnotes":""},"class_list":["post-1006","page","type-page","status-publish","hentry"],"acf":[],"yoast_head":"<!-- This site is optimized with the Yoast SEO plugin v27.5 - https:\/\/yoast.com\/product\/yoast-seo-wordpress\/ -->\n<title>2016-06-07 Beh\u00f6vs det poliser i Ydre? - Kristdemokraterna i Ydre<\/title>\n<meta name=\"robots\" content=\"index, follow, max-snippet:-1, max-image-preview:large, max-video-preview:-1\" \/>\n<link rel=\"canonical\" href=\"https:\/\/wp.kristdemokraterna.se\/ydre\/2016-06-07-behovs-det-poliser-i-ydre\/\" \/>\n<meta property=\"og:locale\" content=\"sv_SE\" \/>\n<meta property=\"og:type\" content=\"article\" \/>\n<meta property=\"og:title\" content=\"2016-06-07 Beh\u00f6vs det poliser i Ydre? - Kristdemokraterna i Ydre\" \/>\n<meta property=\"og:description\" content=\"I Norrk\u00f6ping skall det bygges en skola som skall vara n\u00e5got extra, ja rent av ett f\u00f6red\u00f6me. Den kommer att ha det senaste och det b\u00e4sta av s\u00e4kerhetsutrustningar. Det g\u00e4ller att kunna f\u00f6rhindra eller \u00e5tminstone f\u00f6rsv\u00e5ra ett v\u00e4pnat angrepp. \u00c4r det detta som beh\u00f6vs f\u00f6r att ett samh\u00e4lle skall fungera? Ja, vad beh\u00f6vs det egentligen? L\u00e4s mer\" \/>\n<meta property=\"og:url\" content=\"https:\/\/wp.kristdemokraterna.se\/ydre\/2016-06-07-behovs-det-poliser-i-ydre\/\" \/>\n<meta property=\"og:site_name\" content=\"Kristdemokraterna i Ydre\" \/>\n<meta property=\"article:modified_time\" content=\"2018-07-20T14:43:48+00:00\" \/>\n<meta property=\"og:image\" content=\"http:\/\/ydrebo.se\/kd\/veckobrev2016\/lagberget.JPG\" \/>\n<meta name=\"twitter:card\" content=\"summary_large_image\" \/>\n<meta name=\"twitter:label1\" content=\"Ber\u00e4knad l\u00e4stid\" \/>\n\t<meta name=\"twitter:data1\" content=\"2 minuter\" \/>\n<script type=\"application\/ld+json\" class=\"yoast-schema-graph\">{\"@context\":\"https:\\\/\\\/schema.org\",\"@graph\":[{\"@type\":\"WebPage\",\"@id\":\"https:\\\/\\\/wp.kristdemokraterna.se\\\/ydre\\\/2016-06-07-behovs-det-poliser-i-ydre\\\/\",\"url\":\"https:\\\/\\\/wp.kristdemokraterna.se\\\/ydre\\\/2016-06-07-behovs-det-poliser-i-ydre\\\/\",\"name\":\"2016-06-07 Beh\u00f6vs det poliser i Ydre? - Kristdemokraterna i Ydre\",\"isPartOf\":{\"@id\":\"https:\\\/\\\/wp.kristdemokraterna.se\\\/ydre\\\/#website\"},\"primaryImageOfPage\":{\"@id\":\"https:\\\/\\\/wp.kristdemokraterna.se\\\/ydre\\\/2016-06-07-behovs-det-poliser-i-ydre\\\/#primaryimage\"},\"image\":{\"@id\":\"https:\\\/\\\/wp.kristdemokraterna.se\\\/ydre\\\/2016-06-07-behovs-det-poliser-i-ydre\\\/#primaryimage\"},\"thumbnailUrl\":\"http:\\\/\\\/ydrebo.se\\\/kd\\\/veckobrev2016\\\/lagberget.JPG\",\"datePublished\":\"2018-07-20T14:42:32+00:00\",\"dateModified\":\"2018-07-20T14:43:48+00:00\",\"breadcrumb\":{\"@id\":\"https:\\\/\\\/wp.kristdemokraterna.se\\\/ydre\\\/2016-06-07-behovs-det-poliser-i-ydre\\\/#breadcrumb\"},\"inLanguage\":\"sv-SE\",\"potentialAction\":[{\"@type\":\"ReadAction\",\"target\":[\"https:\\\/\\\/wp.kristdemokraterna.se\\\/ydre\\\/2016-06-07-behovs-det-poliser-i-ydre\\\/\"]}]},{\"@type\":\"ImageObject\",\"inLanguage\":\"sv-SE\",\"@id\":\"https:\\\/\\\/wp.kristdemokraterna.se\\\/ydre\\\/2016-06-07-behovs-det-poliser-i-ydre\\\/#primaryimage\",\"url\":\"http:\\\/\\\/ydrebo.se\\\/kd\\\/veckobrev2016\\\/lagberget.JPG\",\"contentUrl\":\"http:\\\/\\\/ydrebo.se\\\/kd\\\/veckobrev2016\\\/lagberget.JPG\"},{\"@type\":\"BreadcrumbList\",\"@id\":\"https:\\\/\\\/wp.kristdemokraterna.se\\\/ydre\\\/2016-06-07-behovs-det-poliser-i-ydre\\\/#breadcrumb\",\"itemListElement\":[{\"@type\":\"ListItem\",\"position\":1,\"name\":\"Hem\",\"item\":\"https:\\\/\\\/wp.kristdemokraterna.se\\\/ydre\\\/\"},{\"@type\":\"ListItem\",\"position\":2,\"name\":\"2016-06-07 Beh\u00f6vs det poliser i Ydre?\"}]},{\"@type\":\"WebSite\",\"@id\":\"https:\\\/\\\/wp.kristdemokraterna.se\\\/ydre\\\/#website\",\"url\":\"https:\\\/\\\/wp.kristdemokraterna.se\\\/ydre\\\/\",\"name\":\"Kristdemokraterna i Ydre\",\"description\":\"En till Kristdemokraterna webbplats\",\"inLanguage\":\"sv-SE\"}]}<\/script>\n<!-- \/ Yoast SEO plugin. -->","yoast_head_json":{"title":"2016-06-07 Beh\u00f6vs det poliser i Ydre? - Kristdemokraterna i Ydre","robots":{"index":"index","follow":"follow","max-snippet":"max-snippet:-1","max-image-preview":"max-image-preview:large","max-video-preview":"max-video-preview:-1"},"canonical":"https:\/\/wp.kristdemokraterna.se\/ydre\/2016-06-07-behovs-det-poliser-i-ydre\/","og_locale":"sv_SE","og_type":"article","og_title":"2016-06-07 Beh\u00f6vs det poliser i Ydre? - Kristdemokraterna i Ydre","og_description":"I Norrk\u00f6ping skall det bygges en skola som skall vara n\u00e5got extra, ja rent av ett f\u00f6red\u00f6me. Den kommer att ha det senaste och det b\u00e4sta av s\u00e4kerhetsutrustningar. Det g\u00e4ller att kunna f\u00f6rhindra eller \u00e5tminstone f\u00f6rsv\u00e5ra ett v\u00e4pnat angrepp. \u00c4r det detta som beh\u00f6vs f\u00f6r att ett samh\u00e4lle skall fungera? Ja, vad beh\u00f6vs det egentligen? L\u00e4s mer","og_url":"https:\/\/wp.kristdemokraterna.se\/ydre\/2016-06-07-behovs-det-poliser-i-ydre\/","og_site_name":"Kristdemokraterna i Ydre","article_modified_time":"2018-07-20T14:43:48+00:00","og_image":[{"url":"http:\/\/ydrebo.se\/kd\/veckobrev2016\/lagberget.JPG","type":"","width":"","height":""}],"twitter_card":"summary_large_image","twitter_misc":{"Ber\u00e4knad l\u00e4stid":"2 minuter"},"schema":{"@context":"https:\/\/schema.org","@graph":[{"@type":"WebPage","@id":"https:\/\/wp.kristdemokraterna.se\/ydre\/2016-06-07-behovs-det-poliser-i-ydre\/","url":"https:\/\/wp.kristdemokraterna.se\/ydre\/2016-06-07-behovs-det-poliser-i-ydre\/","name":"2016-06-07 Beh\u00f6vs det poliser i Ydre? - Kristdemokraterna i Ydre","isPartOf":{"@id":"https:\/\/wp.kristdemokraterna.se\/ydre\/#website"},"primaryImageOfPage":{"@id":"https:\/\/wp.kristdemokraterna.se\/ydre\/2016-06-07-behovs-det-poliser-i-ydre\/#primaryimage"},"image":{"@id":"https:\/\/wp.kristdemokraterna.se\/ydre\/2016-06-07-behovs-det-poliser-i-ydre\/#primaryimage"},"thumbnailUrl":"http:\/\/ydrebo.se\/kd\/veckobrev2016\/lagberget.JPG","datePublished":"2018-07-20T14:42:32+00:00","dateModified":"2018-07-20T14:43:48+00:00","breadcrumb":{"@id":"https:\/\/wp.kristdemokraterna.se\/ydre\/2016-06-07-behovs-det-poliser-i-ydre\/#breadcrumb"},"inLanguage":"sv-SE","potentialAction":[{"@type":"ReadAction","target":["https:\/\/wp.kristdemokraterna.se\/ydre\/2016-06-07-behovs-det-poliser-i-ydre\/"]}]},{"@type":"ImageObject","inLanguage":"sv-SE","@id":"https:\/\/wp.kristdemokraterna.se\/ydre\/2016-06-07-behovs-det-poliser-i-ydre\/#primaryimage","url":"http:\/\/ydrebo.se\/kd\/veckobrev2016\/lagberget.JPG","contentUrl":"http:\/\/ydrebo.se\/kd\/veckobrev2016\/lagberget.JPG"},{"@type":"BreadcrumbList","@id":"https:\/\/wp.kristdemokraterna.se\/ydre\/2016-06-07-behovs-det-poliser-i-ydre\/#breadcrumb","itemListElement":[{"@type":"ListItem","position":1,"name":"Hem","item":"https:\/\/wp.kristdemokraterna.se\/ydre\/"},{"@type":"ListItem","position":2,"name":"2016-06-07 Beh\u00f6vs det poliser i Ydre?"}]},{"@type":"WebSite","@id":"https:\/\/wp.kristdemokraterna.se\/ydre\/#website","url":"https:\/\/wp.kristdemokraterna.se\/ydre\/","name":"Kristdemokraterna i Ydre","description":"En till Kristdemokraterna webbplats","inLanguage":"sv-SE"}]}},"_links":{"self":[{"href":"https:\/\/wp.kristdemokraterna.se\/ydre\/wp-json\/wp\/v2\/pages\/1006","targetHints":{"allow":["GET"]}}],"collection":[{"href":"https:\/\/wp.kristdemokraterna.se\/ydre\/wp-json\/wp\/v2\/pages"}],"about":[{"href":"https:\/\/wp.kristdemokraterna.se\/ydre\/wp-json\/wp\/v2\/types\/page"}],"author":[{"embeddable":true,"href":"https:\/\/wp.kristdemokraterna.se\/ydre\/wp-json\/wp\/v2\/users\/793"}],"replies":[{"embeddable":true,"href":"https:\/\/wp.kristdemokraterna.se\/ydre\/wp-json\/wp\/v2\/comments?post=1006"}],"version-history":[{"count":3,"href":"https:\/\/wp.kristdemokraterna.se\/ydre\/wp-json\/wp\/v2\/pages\/1006\/revisions"}],"predecessor-version":[{"id":1009,"href":"https:\/\/wp.kristdemokraterna.se\/ydre\/wp-json\/wp\/v2\/pages\/1006\/revisions\/1009"}],"wp:attachment":[{"href":"https:\/\/wp.kristdemokraterna.se\/ydre\/wp-json\/wp\/v2\/media?parent=1006"}],"curies":[{"name":"wp","href":"https:\/\/api.w.org\/{rel}","templated":true}]}}