{"id":1011,"date":"2018-07-20T16:45:08","date_gmt":"2018-07-20T14:45:08","guid":{"rendered":"http:\/\/wp.kristdemokraterna.se\/ydre\/?page_id=1011"},"modified":"2018-07-20T16:48:51","modified_gmt":"2018-07-20T14:48:51","slug":"2016-06-14-sommarlov","status":"publish","type":"page","link":"https:\/\/wp.kristdemokraterna.se\/ydre\/2016-06-14-sommarlov\/","title":{"rendered":"2016-06-14 Sommarlov!"},"content":{"rendered":"<p>\u00c4ntligen har det kommit! F\u00f6rra veckan var det skolavslutningar i Ydre. Alla avslutningarna \u00e4gde rum i kyrkor. S\u00e5 vitt jag vet har detta inte varit s\u00e4rskilt kontroversiellt hos oss.<br \/>\nDet som har varit en stridsfr\u00e5ga, nu senast i riksdagen, har varit vad som f\u00e5r \u00e4ga rum vid en skolavslutning om den h\u00e5lls i en kyrka.<br \/>\nDet s\u00e4gs att skolan och samh\u00e4llet skall vara neutrala i f\u00f6rh\u00e5llande till livs\u00e5sk\u00e5dningar. Neutrala i f\u00f6rh\u00e5llande till vad? Vilka \u00e4r alternativen som vi skall f\u00f6rh\u00e5lla oss neutrala till?<br \/>\nDet r\u00e4cker att vi ser p\u00e5 v\u00e5r egen svenska kulturhistoria. Nu finns det inte s\u00e5 m\u00e5nga dokument och minnesm\u00e4rken som \u00e4r tusen \u00e5r gamla. Men vi vet en del om f\u00f6rh\u00e5llandena p\u00e5 Island d\u00e4r man ocks\u00e5 hade den gamla nordiska kulturen.<\/p>\n<p><img loading=\"lazy\" decoding=\"async\" src=\"http:\/\/ydrebo.se\/kd\/veckobrev2016\/ingolfur.JPG\" width=\"600\" height=\"461\" \/><br \/>\n<i>Tungt bev\u00e4pnade landstiger nordbor p\u00e5 Island (staty i Reykjav\u00edk).<\/i><\/p>\n<p>Det var mitt under vikingatiden (omkring \u00e5r 874) som\u00a0<a href=\"https:\/\/is.wikipedia.org\/wiki\/Ing%C3%B3lfur_Arnarson#\/media\/File:Ingolf_by_Raadsig.jpg\" target=\"_&quot;blank&quot;\"><b>Ing\u00f3lfur Arnarson<\/b><\/a>\u00a0och hans f\u00f6lje p\u00e5b\u00f6rjade den nordiska bos\u00e4ttningen p\u00e5 \u00f6n. De f\u00f6rsta slog sig ner i Reykjav\u00edk men snart fanns det bofast befolkning runt hela Island.<br \/>\nDet var som sagt under vikingatiden. Det var ber\u00f6mv\u00e4rt att h\u00e4rja. H\u00e4rjare var en mycket hedersam beteckning p\u00e5 de fria b\u00f6nderna. N\u00e4stan det finaste n\u00e5gon kunde bli var &#8221;alla h\u00e4rjares pr\u00e4st&#8221; (<i>allsherjargo\u00f0i<\/i>). Han skulle vid h\u00f6gtidliga tillf\u00e4llen leda tillbedjan av Oden och de andra gudarna.<br \/>\nOrdet &#8221;gode&#8221; (<i>go\u00f0i<\/i>) f\u00f6r pr\u00e4st h\u00f6r ihop med ordet &#8221;gud&#8221;. Det var helt enkelt gudomligt att kriga, h\u00e4rja och d\u00f6da. K\u00e4nns det igen?<br \/>\nI Sverige finns runstenar som uttrycker liknande tankar. H\u00e4r i \u00d6sterg\u00f6tland \u00e4gde det enligt sagan rum ett v\u00e4ldigt slag vid Br\u00e5valla. Oden sj\u00e4lv sades ha deltagit med liv och lust och personligen f\u00e4llt en av de inblandade kungarna.<br \/>\nVad skall vi med den bakgrunden mena med neutralitet? Inneb\u00e4r det att det \u00e4r lika bra att kalla sig &#8221;Soldiers of Odin&#8221; som att sjunga &#8221;Den blomstertid nu kommer&#8221;? Vad \u00e4r egentligen neutralitet?<\/p>\n<p><img loading=\"lazy\" decoding=\"async\" src=\"http:\/\/ydrebo.se\/kd\/veckobrev2016\/torpa.JPG\" width=\"600\" height=\"450\" \/><br \/>\n<i>Torpa kyrka d\u00e4r en av skolavslutningarna \u00e4gde rum.<\/i><\/p>\n<p><i>Bengt Malm, ordf.<br \/>\n14 juni 2016<\/i><\/p>\n","protected":false},"excerpt":{"rendered":"<p>\u00c4ntligen har det kommit! F\u00f6rra veckan var det skolavslutningar i Ydre. Alla avslutningarna \u00e4gde rum i kyrkor. S\u00e5 vitt jag vet har detta inte varit s\u00e4rskilt kontroversiellt hos oss. Det som har varit en stridsfr\u00e5ga, nu senast i riksdagen, har varit vad som f\u00e5r \u00e4ga rum vid en skolavslutning om den h\u00e5lls i en kyrka. <a class=\"read-more-link\" href=\"https:\/\/wp.kristdemokraterna.se\/ydre\/2016-06-14-sommarlov\/\">L\u00e4s mer<\/a><\/p>\n","protected":false},"author":793,"featured_media":0,"parent":0,"menu_order":0,"comment_status":"closed","ping_status":"closed","template":"","meta":{"_acf_changed":false,"footnotes":""},"class_list":["post-1011","page","type-page","status-publish","hentry"],"acf":[],"yoast_head":"<!-- This site is optimized with the Yoast SEO plugin v27.5 - https:\/\/yoast.com\/product\/yoast-seo-wordpress\/ -->\n<title>2016-06-14 Sommarlov! - Kristdemokraterna i Ydre<\/title>\n<meta name=\"robots\" content=\"index, follow, max-snippet:-1, max-image-preview:large, max-video-preview:-1\" \/>\n<link rel=\"canonical\" href=\"https:\/\/wp.kristdemokraterna.se\/ydre\/2016-06-14-sommarlov\/\" \/>\n<meta property=\"og:locale\" content=\"sv_SE\" \/>\n<meta property=\"og:type\" content=\"article\" \/>\n<meta property=\"og:title\" content=\"2016-06-14 Sommarlov! - Kristdemokraterna i Ydre\" \/>\n<meta property=\"og:description\" content=\"\u00c4ntligen har det kommit! F\u00f6rra veckan var det skolavslutningar i Ydre. Alla avslutningarna \u00e4gde rum i kyrkor. S\u00e5 vitt jag vet har detta inte varit s\u00e4rskilt kontroversiellt hos oss. Det som har varit en stridsfr\u00e5ga, nu senast i riksdagen, har varit vad som f\u00e5r \u00e4ga rum vid en skolavslutning om den h\u00e5lls i en kyrka. L\u00e4s mer\" \/>\n<meta property=\"og:url\" content=\"https:\/\/wp.kristdemokraterna.se\/ydre\/2016-06-14-sommarlov\/\" \/>\n<meta property=\"og:site_name\" content=\"Kristdemokraterna i Ydre\" \/>\n<meta property=\"article:modified_time\" content=\"2018-07-20T14:48:51+00:00\" \/>\n<meta property=\"og:image\" content=\"http:\/\/ydrebo.se\/kd\/veckobrev2016\/ingolfur.JPG\" \/>\n<meta name=\"twitter:card\" content=\"summary_large_image\" \/>\n<meta name=\"twitter:label1\" content=\"Ber\u00e4knad l\u00e4stid\" \/>\n\t<meta name=\"twitter:data1\" content=\"2 minuter\" \/>\n<script type=\"application\/ld+json\" class=\"yoast-schema-graph\">{\"@context\":\"https:\\\/\\\/schema.org\",\"@graph\":[{\"@type\":\"WebPage\",\"@id\":\"https:\\\/\\\/wp.kristdemokraterna.se\\\/ydre\\\/2016-06-14-sommarlov\\\/\",\"url\":\"https:\\\/\\\/wp.kristdemokraterna.se\\\/ydre\\\/2016-06-14-sommarlov\\\/\",\"name\":\"2016-06-14 Sommarlov! - Kristdemokraterna i Ydre\",\"isPartOf\":{\"@id\":\"https:\\\/\\\/wp.kristdemokraterna.se\\\/ydre\\\/#website\"},\"primaryImageOfPage\":{\"@id\":\"https:\\\/\\\/wp.kristdemokraterna.se\\\/ydre\\\/2016-06-14-sommarlov\\\/#primaryimage\"},\"image\":{\"@id\":\"https:\\\/\\\/wp.kristdemokraterna.se\\\/ydre\\\/2016-06-14-sommarlov\\\/#primaryimage\"},\"thumbnailUrl\":\"http:\\\/\\\/ydrebo.se\\\/kd\\\/veckobrev2016\\\/ingolfur.JPG\",\"datePublished\":\"2018-07-20T14:45:08+00:00\",\"dateModified\":\"2018-07-20T14:48:51+00:00\",\"breadcrumb\":{\"@id\":\"https:\\\/\\\/wp.kristdemokraterna.se\\\/ydre\\\/2016-06-14-sommarlov\\\/#breadcrumb\"},\"inLanguage\":\"sv-SE\",\"potentialAction\":[{\"@type\":\"ReadAction\",\"target\":[\"https:\\\/\\\/wp.kristdemokraterna.se\\\/ydre\\\/2016-06-14-sommarlov\\\/\"]}]},{\"@type\":\"ImageObject\",\"inLanguage\":\"sv-SE\",\"@id\":\"https:\\\/\\\/wp.kristdemokraterna.se\\\/ydre\\\/2016-06-14-sommarlov\\\/#primaryimage\",\"url\":\"http:\\\/\\\/ydrebo.se\\\/kd\\\/veckobrev2016\\\/ingolfur.JPG\",\"contentUrl\":\"http:\\\/\\\/ydrebo.se\\\/kd\\\/veckobrev2016\\\/ingolfur.JPG\"},{\"@type\":\"BreadcrumbList\",\"@id\":\"https:\\\/\\\/wp.kristdemokraterna.se\\\/ydre\\\/2016-06-14-sommarlov\\\/#breadcrumb\",\"itemListElement\":[{\"@type\":\"ListItem\",\"position\":1,\"name\":\"Hem\",\"item\":\"https:\\\/\\\/wp.kristdemokraterna.se\\\/ydre\\\/\"},{\"@type\":\"ListItem\",\"position\":2,\"name\":\"2016-06-14 Sommarlov!\"}]},{\"@type\":\"WebSite\",\"@id\":\"https:\\\/\\\/wp.kristdemokraterna.se\\\/ydre\\\/#website\",\"url\":\"https:\\\/\\\/wp.kristdemokraterna.se\\\/ydre\\\/\",\"name\":\"Kristdemokraterna i Ydre\",\"description\":\"En till Kristdemokraterna webbplats\",\"inLanguage\":\"sv-SE\"}]}<\/script>\n<!-- \/ Yoast SEO plugin. -->","yoast_head_json":{"title":"2016-06-14 Sommarlov! - Kristdemokraterna i Ydre","robots":{"index":"index","follow":"follow","max-snippet":"max-snippet:-1","max-image-preview":"max-image-preview:large","max-video-preview":"max-video-preview:-1"},"canonical":"https:\/\/wp.kristdemokraterna.se\/ydre\/2016-06-14-sommarlov\/","og_locale":"sv_SE","og_type":"article","og_title":"2016-06-14 Sommarlov! - Kristdemokraterna i Ydre","og_description":"\u00c4ntligen har det kommit! F\u00f6rra veckan var det skolavslutningar i Ydre. Alla avslutningarna \u00e4gde rum i kyrkor. S\u00e5 vitt jag vet har detta inte varit s\u00e4rskilt kontroversiellt hos oss. Det som har varit en stridsfr\u00e5ga, nu senast i riksdagen, har varit vad som f\u00e5r \u00e4ga rum vid en skolavslutning om den h\u00e5lls i en kyrka. L\u00e4s mer","og_url":"https:\/\/wp.kristdemokraterna.se\/ydre\/2016-06-14-sommarlov\/","og_site_name":"Kristdemokraterna i Ydre","article_modified_time":"2018-07-20T14:48:51+00:00","og_image":[{"url":"http:\/\/ydrebo.se\/kd\/veckobrev2016\/ingolfur.JPG","type":"","width":"","height":""}],"twitter_card":"summary_large_image","twitter_misc":{"Ber\u00e4knad l\u00e4stid":"2 minuter"},"schema":{"@context":"https:\/\/schema.org","@graph":[{"@type":"WebPage","@id":"https:\/\/wp.kristdemokraterna.se\/ydre\/2016-06-14-sommarlov\/","url":"https:\/\/wp.kristdemokraterna.se\/ydre\/2016-06-14-sommarlov\/","name":"2016-06-14 Sommarlov! - Kristdemokraterna i Ydre","isPartOf":{"@id":"https:\/\/wp.kristdemokraterna.se\/ydre\/#website"},"primaryImageOfPage":{"@id":"https:\/\/wp.kristdemokraterna.se\/ydre\/2016-06-14-sommarlov\/#primaryimage"},"image":{"@id":"https:\/\/wp.kristdemokraterna.se\/ydre\/2016-06-14-sommarlov\/#primaryimage"},"thumbnailUrl":"http:\/\/ydrebo.se\/kd\/veckobrev2016\/ingolfur.JPG","datePublished":"2018-07-20T14:45:08+00:00","dateModified":"2018-07-20T14:48:51+00:00","breadcrumb":{"@id":"https:\/\/wp.kristdemokraterna.se\/ydre\/2016-06-14-sommarlov\/#breadcrumb"},"inLanguage":"sv-SE","potentialAction":[{"@type":"ReadAction","target":["https:\/\/wp.kristdemokraterna.se\/ydre\/2016-06-14-sommarlov\/"]}]},{"@type":"ImageObject","inLanguage":"sv-SE","@id":"https:\/\/wp.kristdemokraterna.se\/ydre\/2016-06-14-sommarlov\/#primaryimage","url":"http:\/\/ydrebo.se\/kd\/veckobrev2016\/ingolfur.JPG","contentUrl":"http:\/\/ydrebo.se\/kd\/veckobrev2016\/ingolfur.JPG"},{"@type":"BreadcrumbList","@id":"https:\/\/wp.kristdemokraterna.se\/ydre\/2016-06-14-sommarlov\/#breadcrumb","itemListElement":[{"@type":"ListItem","position":1,"name":"Hem","item":"https:\/\/wp.kristdemokraterna.se\/ydre\/"},{"@type":"ListItem","position":2,"name":"2016-06-14 Sommarlov!"}]},{"@type":"WebSite","@id":"https:\/\/wp.kristdemokraterna.se\/ydre\/#website","url":"https:\/\/wp.kristdemokraterna.se\/ydre\/","name":"Kristdemokraterna i Ydre","description":"En till Kristdemokraterna webbplats","inLanguage":"sv-SE"}]}},"_links":{"self":[{"href":"https:\/\/wp.kristdemokraterna.se\/ydre\/wp-json\/wp\/v2\/pages\/1011","targetHints":{"allow":["GET"]}}],"collection":[{"href":"https:\/\/wp.kristdemokraterna.se\/ydre\/wp-json\/wp\/v2\/pages"}],"about":[{"href":"https:\/\/wp.kristdemokraterna.se\/ydre\/wp-json\/wp\/v2\/types\/page"}],"author":[{"embeddable":true,"href":"https:\/\/wp.kristdemokraterna.se\/ydre\/wp-json\/wp\/v2\/users\/793"}],"replies":[{"embeddable":true,"href":"https:\/\/wp.kristdemokraterna.se\/ydre\/wp-json\/wp\/v2\/comments?post=1011"}],"version-history":[{"count":4,"href":"https:\/\/wp.kristdemokraterna.se\/ydre\/wp-json\/wp\/v2\/pages\/1011\/revisions"}],"predecessor-version":[{"id":1015,"href":"https:\/\/wp.kristdemokraterna.se\/ydre\/wp-json\/wp\/v2\/pages\/1011\/revisions\/1015"}],"wp:attachment":[{"href":"https:\/\/wp.kristdemokraterna.se\/ydre\/wp-json\/wp\/v2\/media?parent=1011"}],"curies":[{"name":"wp","href":"https:\/\/api.w.org\/{rel}","templated":true}]}}