{"id":1021,"date":"2018-07-20T16:53:48","date_gmt":"2018-07-20T14:53:48","guid":{"rendered":"http:\/\/wp.kristdemokraterna.se\/ydre\/?page_id=1021"},"modified":"2018-07-20T16:55:02","modified_gmt":"2018-07-20T14:55:02","slug":"2016-06-29-rule-britannia","status":"publish","type":"page","link":"https:\/\/wp.kristdemokraterna.se\/ydre\/2016-06-29-rule-britannia\/","title":{"rendered":"2016-06-29 Rule Britannia!"},"content":{"rendered":"<p>N\u00e4r jag var barn (det var l\u00e4nge sedan) styrdes n\u00e4stan var fj\u00e4rde m\u00e4nniska p\u00e5 jorden fr\u00e5n London. S\u00e5 hade det varit i flera generationer.<\/p>\n<p><img loading=\"lazy\" decoding=\"async\" src=\"http:\/\/ydrebo.se\/kd\/veckobrev2016\/stora_sundsjon.JPG\" width=\"600\" height=\"400\" \/><br \/>\n<i>Hj\u00e4rtat av Ydre och en del av Europa (Stora Sundsj\u00f6n).<\/p>\n<p><\/i>Men sedan Storbritannien f\u00f6rra veckan r\u00f6stade f\u00f6r ett uttr\u00e4de ur Europeiska Unionen har landet varit i kris. Det \u00e4r inte nog med att imperiet f\u00f6rsvunnit utan landet som \u00e5terst\u00e5r drabbas av sv\u00e5r inre splittring. I Skottland, p\u00e5 Nordirland och i sj\u00e4lva London h\u00f6js r\u00f6ster f\u00f6r att deras omr\u00e5de skall uttr\u00e4da ur Storbritannien. Oppositionsledaren har f\u00f6rlorat en f\u00f6rtroendeomr\u00f6stning i sin parlamentsgrupp (172 mot 40).<br \/>\nAndra gl\u00e4ds \u00e5t folkomr\u00f6stningens resultat. Bland dem finns en del fr\u00e4mlingsfientliga som tydligen k\u00e4nt sig uppmuntrade att trakassera invandrare (\u00e4ven fr\u00e5n andra delar av Europa).<br \/>\nHur stora fel EU \u00e4n har s\u00e5 har unionen en enorm betydelse f\u00f6r v\u00e5rt dagliga liv. Gemenskapen mellan l\u00e4nderna och deras inv\u00e5nare \u00e4r betydelsefull. Det \u00e4r sv\u00e5rt att f\u00f6rst\u00e5 att s\u00e5 m\u00e5nga r\u00f6stat f\u00f6r att skrota en stor del av samh\u00e4llsordningen. Men det verkar som om de inte f\u00f6rst\u00e5tt konsekvenserna.<br \/>\nDessutom \u00e4r det bra att h\u00e5lla fred med varandra. Inget annat program f\u00f6r att bevara freden i v\u00e5r v\u00e4rldsdel har varit framg\u00e5ngsrikt. Det \u00e4r bara detta ursprungligen kristdemokratiska projekt som lyckats under s\u00e5 l\u00e5ng tid.<\/p>\n<p><b>Vi \u00e4r ydrebor och svenskar men ocks\u00e5 europeer.<\/p>\n<p><\/b><img loading=\"lazy\" decoding=\"async\" src=\"http:\/\/ydrebo.se\/kd\/veckobrev2016\/sommen.JPG\" width=\"600\" height=\"450\" \/><\/p>\n<p><i>Visst \u00e4r Ydre en oas men ocks\u00e5 h\u00e4r p\u00e5verkas vi av det som sker i omv\u00e4rlden.<\/i><\/p>\n<p><i>Bengt Malm, ordf.<br \/>\n29 juni 2016<\/i><\/p>\n","protected":false},"excerpt":{"rendered":"<p>N\u00e4r jag var barn (det var l\u00e4nge sedan) styrdes n\u00e4stan var fj\u00e4rde m\u00e4nniska p\u00e5 jorden fr\u00e5n London. S\u00e5 hade det varit i flera generationer. Hj\u00e4rtat av Ydre och en del av Europa (Stora Sundsj\u00f6n). Men sedan Storbritannien f\u00f6rra veckan r\u00f6stade f\u00f6r ett uttr\u00e4de ur Europeiska Unionen har landet varit i kris. Det \u00e4r inte nog <a class=\"read-more-link\" href=\"https:\/\/wp.kristdemokraterna.se\/ydre\/2016-06-29-rule-britannia\/\">L\u00e4s mer<\/a><\/p>\n","protected":false},"author":793,"featured_media":0,"parent":0,"menu_order":0,"comment_status":"closed","ping_status":"closed","template":"","meta":{"_acf_changed":false,"footnotes":""},"class_list":["post-1021","page","type-page","status-publish","hentry"],"acf":[],"yoast_head":"<!-- This site is optimized with the Yoast SEO plugin v27.5 - https:\/\/yoast.com\/product\/yoast-seo-wordpress\/ -->\n<title>2016-06-29 Rule Britannia! - Kristdemokraterna i Ydre<\/title>\n<meta name=\"robots\" content=\"index, follow, max-snippet:-1, max-image-preview:large, max-video-preview:-1\" \/>\n<link rel=\"canonical\" href=\"https:\/\/wp.kristdemokraterna.se\/ydre\/2016-06-29-rule-britannia\/\" \/>\n<meta property=\"og:locale\" content=\"sv_SE\" \/>\n<meta property=\"og:type\" content=\"article\" \/>\n<meta property=\"og:title\" content=\"2016-06-29 Rule Britannia! - Kristdemokraterna i Ydre\" \/>\n<meta property=\"og:description\" content=\"N\u00e4r jag var barn (det var l\u00e4nge sedan) styrdes n\u00e4stan var fj\u00e4rde m\u00e4nniska p\u00e5 jorden fr\u00e5n London. S\u00e5 hade det varit i flera generationer. Hj\u00e4rtat av Ydre och en del av Europa (Stora Sundsj\u00f6n). Men sedan Storbritannien f\u00f6rra veckan r\u00f6stade f\u00f6r ett uttr\u00e4de ur Europeiska Unionen har landet varit i kris. Det \u00e4r inte nog L\u00e4s mer\" \/>\n<meta property=\"og:url\" content=\"https:\/\/wp.kristdemokraterna.se\/ydre\/2016-06-29-rule-britannia\/\" \/>\n<meta property=\"og:site_name\" content=\"Kristdemokraterna i Ydre\" \/>\n<meta property=\"article:modified_time\" content=\"2018-07-20T14:55:02+00:00\" \/>\n<meta property=\"og:image\" content=\"http:\/\/ydrebo.se\/kd\/veckobrev2016\/stora_sundsjon.JPG\" \/>\n<meta name=\"twitter:card\" content=\"summary_large_image\" \/>\n<meta name=\"twitter:label1\" content=\"Ber\u00e4knad l\u00e4stid\" \/>\n\t<meta name=\"twitter:data1\" content=\"1 minut\" \/>\n<script type=\"application\/ld+json\" class=\"yoast-schema-graph\">{\"@context\":\"https:\\\/\\\/schema.org\",\"@graph\":[{\"@type\":\"WebPage\",\"@id\":\"https:\\\/\\\/wp.kristdemokraterna.se\\\/ydre\\\/2016-06-29-rule-britannia\\\/\",\"url\":\"https:\\\/\\\/wp.kristdemokraterna.se\\\/ydre\\\/2016-06-29-rule-britannia\\\/\",\"name\":\"2016-06-29 Rule Britannia! - Kristdemokraterna i Ydre\",\"isPartOf\":{\"@id\":\"https:\\\/\\\/wp.kristdemokraterna.se\\\/ydre\\\/#website\"},\"primaryImageOfPage\":{\"@id\":\"https:\\\/\\\/wp.kristdemokraterna.se\\\/ydre\\\/2016-06-29-rule-britannia\\\/#primaryimage\"},\"image\":{\"@id\":\"https:\\\/\\\/wp.kristdemokraterna.se\\\/ydre\\\/2016-06-29-rule-britannia\\\/#primaryimage\"},\"thumbnailUrl\":\"http:\\\/\\\/ydrebo.se\\\/kd\\\/veckobrev2016\\\/stora_sundsjon.JPG\",\"datePublished\":\"2018-07-20T14:53:48+00:00\",\"dateModified\":\"2018-07-20T14:55:02+00:00\",\"breadcrumb\":{\"@id\":\"https:\\\/\\\/wp.kristdemokraterna.se\\\/ydre\\\/2016-06-29-rule-britannia\\\/#breadcrumb\"},\"inLanguage\":\"sv-SE\",\"potentialAction\":[{\"@type\":\"ReadAction\",\"target\":[\"https:\\\/\\\/wp.kristdemokraterna.se\\\/ydre\\\/2016-06-29-rule-britannia\\\/\"]}]},{\"@type\":\"ImageObject\",\"inLanguage\":\"sv-SE\",\"@id\":\"https:\\\/\\\/wp.kristdemokraterna.se\\\/ydre\\\/2016-06-29-rule-britannia\\\/#primaryimage\",\"url\":\"http:\\\/\\\/ydrebo.se\\\/kd\\\/veckobrev2016\\\/stora_sundsjon.JPG\",\"contentUrl\":\"http:\\\/\\\/ydrebo.se\\\/kd\\\/veckobrev2016\\\/stora_sundsjon.JPG\"},{\"@type\":\"BreadcrumbList\",\"@id\":\"https:\\\/\\\/wp.kristdemokraterna.se\\\/ydre\\\/2016-06-29-rule-britannia\\\/#breadcrumb\",\"itemListElement\":[{\"@type\":\"ListItem\",\"position\":1,\"name\":\"Hem\",\"item\":\"https:\\\/\\\/wp.kristdemokraterna.se\\\/ydre\\\/\"},{\"@type\":\"ListItem\",\"position\":2,\"name\":\"2016-06-29 Rule Britannia!\"}]},{\"@type\":\"WebSite\",\"@id\":\"https:\\\/\\\/wp.kristdemokraterna.se\\\/ydre\\\/#website\",\"url\":\"https:\\\/\\\/wp.kristdemokraterna.se\\\/ydre\\\/\",\"name\":\"Kristdemokraterna i Ydre\",\"description\":\"En till Kristdemokraterna webbplats\",\"inLanguage\":\"sv-SE\"}]}<\/script>\n<!-- \/ Yoast SEO plugin. -->","yoast_head_json":{"title":"2016-06-29 Rule Britannia! - Kristdemokraterna i Ydre","robots":{"index":"index","follow":"follow","max-snippet":"max-snippet:-1","max-image-preview":"max-image-preview:large","max-video-preview":"max-video-preview:-1"},"canonical":"https:\/\/wp.kristdemokraterna.se\/ydre\/2016-06-29-rule-britannia\/","og_locale":"sv_SE","og_type":"article","og_title":"2016-06-29 Rule Britannia! - Kristdemokraterna i Ydre","og_description":"N\u00e4r jag var barn (det var l\u00e4nge sedan) styrdes n\u00e4stan var fj\u00e4rde m\u00e4nniska p\u00e5 jorden fr\u00e5n London. S\u00e5 hade det varit i flera generationer. Hj\u00e4rtat av Ydre och en del av Europa (Stora Sundsj\u00f6n). Men sedan Storbritannien f\u00f6rra veckan r\u00f6stade f\u00f6r ett uttr\u00e4de ur Europeiska Unionen har landet varit i kris. Det \u00e4r inte nog L\u00e4s mer","og_url":"https:\/\/wp.kristdemokraterna.se\/ydre\/2016-06-29-rule-britannia\/","og_site_name":"Kristdemokraterna i Ydre","article_modified_time":"2018-07-20T14:55:02+00:00","og_image":[{"url":"http:\/\/ydrebo.se\/kd\/veckobrev2016\/stora_sundsjon.JPG","type":"","width":"","height":""}],"twitter_card":"summary_large_image","twitter_misc":{"Ber\u00e4knad l\u00e4stid":"1 minut"},"schema":{"@context":"https:\/\/schema.org","@graph":[{"@type":"WebPage","@id":"https:\/\/wp.kristdemokraterna.se\/ydre\/2016-06-29-rule-britannia\/","url":"https:\/\/wp.kristdemokraterna.se\/ydre\/2016-06-29-rule-britannia\/","name":"2016-06-29 Rule Britannia! - Kristdemokraterna i Ydre","isPartOf":{"@id":"https:\/\/wp.kristdemokraterna.se\/ydre\/#website"},"primaryImageOfPage":{"@id":"https:\/\/wp.kristdemokraterna.se\/ydre\/2016-06-29-rule-britannia\/#primaryimage"},"image":{"@id":"https:\/\/wp.kristdemokraterna.se\/ydre\/2016-06-29-rule-britannia\/#primaryimage"},"thumbnailUrl":"http:\/\/ydrebo.se\/kd\/veckobrev2016\/stora_sundsjon.JPG","datePublished":"2018-07-20T14:53:48+00:00","dateModified":"2018-07-20T14:55:02+00:00","breadcrumb":{"@id":"https:\/\/wp.kristdemokraterna.se\/ydre\/2016-06-29-rule-britannia\/#breadcrumb"},"inLanguage":"sv-SE","potentialAction":[{"@type":"ReadAction","target":["https:\/\/wp.kristdemokraterna.se\/ydre\/2016-06-29-rule-britannia\/"]}]},{"@type":"ImageObject","inLanguage":"sv-SE","@id":"https:\/\/wp.kristdemokraterna.se\/ydre\/2016-06-29-rule-britannia\/#primaryimage","url":"http:\/\/ydrebo.se\/kd\/veckobrev2016\/stora_sundsjon.JPG","contentUrl":"http:\/\/ydrebo.se\/kd\/veckobrev2016\/stora_sundsjon.JPG"},{"@type":"BreadcrumbList","@id":"https:\/\/wp.kristdemokraterna.se\/ydre\/2016-06-29-rule-britannia\/#breadcrumb","itemListElement":[{"@type":"ListItem","position":1,"name":"Hem","item":"https:\/\/wp.kristdemokraterna.se\/ydre\/"},{"@type":"ListItem","position":2,"name":"2016-06-29 Rule Britannia!"}]},{"@type":"WebSite","@id":"https:\/\/wp.kristdemokraterna.se\/ydre\/#website","url":"https:\/\/wp.kristdemokraterna.se\/ydre\/","name":"Kristdemokraterna i Ydre","description":"En till Kristdemokraterna webbplats","inLanguage":"sv-SE"}]}},"_links":{"self":[{"href":"https:\/\/wp.kristdemokraterna.se\/ydre\/wp-json\/wp\/v2\/pages\/1021","targetHints":{"allow":["GET"]}}],"collection":[{"href":"https:\/\/wp.kristdemokraterna.se\/ydre\/wp-json\/wp\/v2\/pages"}],"about":[{"href":"https:\/\/wp.kristdemokraterna.se\/ydre\/wp-json\/wp\/v2\/types\/page"}],"author":[{"embeddable":true,"href":"https:\/\/wp.kristdemokraterna.se\/ydre\/wp-json\/wp\/v2\/users\/793"}],"replies":[{"embeddable":true,"href":"https:\/\/wp.kristdemokraterna.se\/ydre\/wp-json\/wp\/v2\/comments?post=1021"}],"version-history":[{"count":3,"href":"https:\/\/wp.kristdemokraterna.se\/ydre\/wp-json\/wp\/v2\/pages\/1021\/revisions"}],"predecessor-version":[{"id":1024,"href":"https:\/\/wp.kristdemokraterna.se\/ydre\/wp-json\/wp\/v2\/pages\/1021\/revisions\/1024"}],"wp:attachment":[{"href":"https:\/\/wp.kristdemokraterna.se\/ydre\/wp-json\/wp\/v2\/media?parent=1021"}],"curies":[{"name":"wp","href":"https:\/\/api.w.org\/{rel}","templated":true}]}}