{"id":1033,"date":"2018-07-20T17:02:57","date_gmt":"2018-07-20T15:02:57","guid":{"rendered":"http:\/\/wp.kristdemokraterna.se\/ydre\/?page_id=1033"},"modified":"2018-07-20T17:03:39","modified_gmt":"2018-07-20T15:03:39","slug":"2016-07-13-vad-far-man-for-en-tolvskilling-i-ydre","status":"publish","type":"page","link":"https:\/\/wp.kristdemokraterna.se\/ydre\/2016-07-13-vad-far-man-for-en-tolvskilling-i-ydre\/","title":{"rendered":"2016-07-13 Vad f\u00e5r man f\u00f6r en tolvskilling i Ydre?"},"content":{"rendered":"<p>F\u00f6r n\u00e5gra veckor sedan besl\u00f6t kommunfullm\u00e4ktige i stor enighet att h\u00f6ja skatten med 25 \u00f6re. Vad var orsaken?<\/p>\n<p><img loading=\"lazy\" decoding=\"async\" src=\"http:\/\/ydrebo.se\/kd\/veckobrev2016\/solviken.JPG\" width=\"600\" height=\"461\" \/><\/p>\n<p>Just nu skall kommunen bygga nya eller f\u00f6rb\u00e4ttrade lokaler f\u00f6r skola, f\u00f6rskola och fritidshem. Antalet barn \u00f6kar. Om n\u00e5gra \u00e5r \u00f6kar ocks\u00e5 antalet riktigt gamla ydrebor. Det kommer ocks\u00e5 att kr\u00e4va byggande eller renoveringar.<br \/>\n\u00c4ven om kommunen nu f\u00e5r litet mer pengar att r\u00f6ra sig med g\u00e4ller det att vara f\u00f6rsiktig. Vi m\u00e5ste t\u00e4nka l\u00e5ngsiktigt. Det har varit f\u00f6r mycket av kortsiktiga insatser under de g\u00e5ngna \u00e5ren.<br \/>\nKommunen kommer allts\u00e5 att bygga b\u00e5de f\u00f6r barn och gamla. Vi m\u00e5ste ju t\u00e4nka p\u00e5 att alla livets somrar och sommarlov n\u00e5gon g\u00e5ng tar slut.<\/p>\n<p><i>Bengt Malm, ordf.<br \/>\n13 juli 2016<\/i><\/p>\n<p><img loading=\"lazy\" decoding=\"async\" src=\"http:\/\/ydrebo.se\/kd\/veckobrev2016\/vinter.JPG\" width=\"600\" height=\"461\" \/><\/p>\n<p>P.S. 25-\u00f6ringen kallades ofta tolvskilling. F\u00f6r n\u00e4r den inf\u00f6rdes var den v\u00e4rd ungef\u00e4r tolv skilling av ett tidigare myntslag.<\/p>\n","protected":false},"excerpt":{"rendered":"<p>F\u00f6r n\u00e5gra veckor sedan besl\u00f6t kommunfullm\u00e4ktige i stor enighet att h\u00f6ja skatten med 25 \u00f6re. Vad var orsaken? Just nu skall kommunen bygga nya eller f\u00f6rb\u00e4ttrade lokaler f\u00f6r skola, f\u00f6rskola och fritidshem. Antalet barn \u00f6kar. Om n\u00e5gra \u00e5r \u00f6kar ocks\u00e5 antalet riktigt gamla ydrebor. Det kommer ocks\u00e5 att kr\u00e4va byggande eller renoveringar. \u00c4ven om kommunen <a class=\"read-more-link\" href=\"https:\/\/wp.kristdemokraterna.se\/ydre\/2016-07-13-vad-far-man-for-en-tolvskilling-i-ydre\/\">L\u00e4s mer<\/a><\/p>\n","protected":false},"author":793,"featured_media":0,"parent":0,"menu_order":0,"comment_status":"closed","ping_status":"closed","template":"","meta":{"_acf_changed":false,"footnotes":""},"class_list":["post-1033","page","type-page","status-publish","hentry"],"acf":[],"yoast_head":"<!-- This site is optimized with the Yoast SEO plugin v27.5 - https:\/\/yoast.com\/product\/yoast-seo-wordpress\/ -->\n<title>2016-07-13 Vad f\u00e5r man f\u00f6r en tolvskilling i Ydre? - Kristdemokraterna i Ydre<\/title>\n<meta name=\"robots\" content=\"index, follow, max-snippet:-1, max-image-preview:large, max-video-preview:-1\" \/>\n<link rel=\"canonical\" href=\"https:\/\/wp.kristdemokraterna.se\/ydre\/2016-07-13-vad-far-man-for-en-tolvskilling-i-ydre\/\" \/>\n<meta property=\"og:locale\" content=\"sv_SE\" \/>\n<meta property=\"og:type\" content=\"article\" \/>\n<meta property=\"og:title\" content=\"2016-07-13 Vad f\u00e5r man f\u00f6r en tolvskilling i Ydre? - Kristdemokraterna i Ydre\" \/>\n<meta property=\"og:description\" content=\"F\u00f6r n\u00e5gra veckor sedan besl\u00f6t kommunfullm\u00e4ktige i stor enighet att h\u00f6ja skatten med 25 \u00f6re. Vad var orsaken? Just nu skall kommunen bygga nya eller f\u00f6rb\u00e4ttrade lokaler f\u00f6r skola, f\u00f6rskola och fritidshem. Antalet barn \u00f6kar. Om n\u00e5gra \u00e5r \u00f6kar ocks\u00e5 antalet riktigt gamla ydrebor. Det kommer ocks\u00e5 att kr\u00e4va byggande eller renoveringar. \u00c4ven om kommunen L\u00e4s mer\" \/>\n<meta property=\"og:url\" content=\"https:\/\/wp.kristdemokraterna.se\/ydre\/2016-07-13-vad-far-man-for-en-tolvskilling-i-ydre\/\" \/>\n<meta property=\"og:site_name\" content=\"Kristdemokraterna i Ydre\" \/>\n<meta property=\"article:modified_time\" content=\"2018-07-20T15:03:39+00:00\" \/>\n<meta property=\"og:image\" content=\"http:\/\/ydrebo.se\/kd\/veckobrev2016\/solviken.JPG\" \/>\n<meta name=\"twitter:card\" content=\"summary_large_image\" \/>\n<meta name=\"twitter:label1\" content=\"Ber\u00e4knad l\u00e4stid\" \/>\n\t<meta name=\"twitter:data1\" content=\"1 minut\" \/>\n<script type=\"application\/ld+json\" class=\"yoast-schema-graph\">{\"@context\":\"https:\\\/\\\/schema.org\",\"@graph\":[{\"@type\":\"WebPage\",\"@id\":\"https:\\\/\\\/wp.kristdemokraterna.se\\\/ydre\\\/2016-07-13-vad-far-man-for-en-tolvskilling-i-ydre\\\/\",\"url\":\"https:\\\/\\\/wp.kristdemokraterna.se\\\/ydre\\\/2016-07-13-vad-far-man-for-en-tolvskilling-i-ydre\\\/\",\"name\":\"2016-07-13 Vad f\u00e5r man f\u00f6r en tolvskilling i Ydre? - Kristdemokraterna i Ydre\",\"isPartOf\":{\"@id\":\"https:\\\/\\\/wp.kristdemokraterna.se\\\/ydre\\\/#website\"},\"primaryImageOfPage\":{\"@id\":\"https:\\\/\\\/wp.kristdemokraterna.se\\\/ydre\\\/2016-07-13-vad-far-man-for-en-tolvskilling-i-ydre\\\/#primaryimage\"},\"image\":{\"@id\":\"https:\\\/\\\/wp.kristdemokraterna.se\\\/ydre\\\/2016-07-13-vad-far-man-for-en-tolvskilling-i-ydre\\\/#primaryimage\"},\"thumbnailUrl\":\"http:\\\/\\\/ydrebo.se\\\/kd\\\/veckobrev2016\\\/solviken.JPG\",\"datePublished\":\"2018-07-20T15:02:57+00:00\",\"dateModified\":\"2018-07-20T15:03:39+00:00\",\"breadcrumb\":{\"@id\":\"https:\\\/\\\/wp.kristdemokraterna.se\\\/ydre\\\/2016-07-13-vad-far-man-for-en-tolvskilling-i-ydre\\\/#breadcrumb\"},\"inLanguage\":\"sv-SE\",\"potentialAction\":[{\"@type\":\"ReadAction\",\"target\":[\"https:\\\/\\\/wp.kristdemokraterna.se\\\/ydre\\\/2016-07-13-vad-far-man-for-en-tolvskilling-i-ydre\\\/\"]}]},{\"@type\":\"ImageObject\",\"inLanguage\":\"sv-SE\",\"@id\":\"https:\\\/\\\/wp.kristdemokraterna.se\\\/ydre\\\/2016-07-13-vad-far-man-for-en-tolvskilling-i-ydre\\\/#primaryimage\",\"url\":\"http:\\\/\\\/ydrebo.se\\\/kd\\\/veckobrev2016\\\/solviken.JPG\",\"contentUrl\":\"http:\\\/\\\/ydrebo.se\\\/kd\\\/veckobrev2016\\\/solviken.JPG\"},{\"@type\":\"BreadcrumbList\",\"@id\":\"https:\\\/\\\/wp.kristdemokraterna.se\\\/ydre\\\/2016-07-13-vad-far-man-for-en-tolvskilling-i-ydre\\\/#breadcrumb\",\"itemListElement\":[{\"@type\":\"ListItem\",\"position\":1,\"name\":\"Hem\",\"item\":\"https:\\\/\\\/wp.kristdemokraterna.se\\\/ydre\\\/\"},{\"@type\":\"ListItem\",\"position\":2,\"name\":\"2016-07-13 Vad f\u00e5r man f\u00f6r en tolvskilling i Ydre?\"}]},{\"@type\":\"WebSite\",\"@id\":\"https:\\\/\\\/wp.kristdemokraterna.se\\\/ydre\\\/#website\",\"url\":\"https:\\\/\\\/wp.kristdemokraterna.se\\\/ydre\\\/\",\"name\":\"Kristdemokraterna i Ydre\",\"description\":\"En till Kristdemokraterna webbplats\",\"inLanguage\":\"sv-SE\"}]}<\/script>\n<!-- \/ Yoast SEO plugin. -->","yoast_head_json":{"title":"2016-07-13 Vad f\u00e5r man f\u00f6r en tolvskilling i Ydre? - Kristdemokraterna i Ydre","robots":{"index":"index","follow":"follow","max-snippet":"max-snippet:-1","max-image-preview":"max-image-preview:large","max-video-preview":"max-video-preview:-1"},"canonical":"https:\/\/wp.kristdemokraterna.se\/ydre\/2016-07-13-vad-far-man-for-en-tolvskilling-i-ydre\/","og_locale":"sv_SE","og_type":"article","og_title":"2016-07-13 Vad f\u00e5r man f\u00f6r en tolvskilling i Ydre? - Kristdemokraterna i Ydre","og_description":"F\u00f6r n\u00e5gra veckor sedan besl\u00f6t kommunfullm\u00e4ktige i stor enighet att h\u00f6ja skatten med 25 \u00f6re. Vad var orsaken? Just nu skall kommunen bygga nya eller f\u00f6rb\u00e4ttrade lokaler f\u00f6r skola, f\u00f6rskola och fritidshem. Antalet barn \u00f6kar. Om n\u00e5gra \u00e5r \u00f6kar ocks\u00e5 antalet riktigt gamla ydrebor. Det kommer ocks\u00e5 att kr\u00e4va byggande eller renoveringar. \u00c4ven om kommunen L\u00e4s mer","og_url":"https:\/\/wp.kristdemokraterna.se\/ydre\/2016-07-13-vad-far-man-for-en-tolvskilling-i-ydre\/","og_site_name":"Kristdemokraterna i Ydre","article_modified_time":"2018-07-20T15:03:39+00:00","og_image":[{"url":"http:\/\/ydrebo.se\/kd\/veckobrev2016\/solviken.JPG","type":"","width":"","height":""}],"twitter_card":"summary_large_image","twitter_misc":{"Ber\u00e4knad l\u00e4stid":"1 minut"},"schema":{"@context":"https:\/\/schema.org","@graph":[{"@type":"WebPage","@id":"https:\/\/wp.kristdemokraterna.se\/ydre\/2016-07-13-vad-far-man-for-en-tolvskilling-i-ydre\/","url":"https:\/\/wp.kristdemokraterna.se\/ydre\/2016-07-13-vad-far-man-for-en-tolvskilling-i-ydre\/","name":"2016-07-13 Vad f\u00e5r man f\u00f6r en tolvskilling i Ydre? - Kristdemokraterna i Ydre","isPartOf":{"@id":"https:\/\/wp.kristdemokraterna.se\/ydre\/#website"},"primaryImageOfPage":{"@id":"https:\/\/wp.kristdemokraterna.se\/ydre\/2016-07-13-vad-far-man-for-en-tolvskilling-i-ydre\/#primaryimage"},"image":{"@id":"https:\/\/wp.kristdemokraterna.se\/ydre\/2016-07-13-vad-far-man-for-en-tolvskilling-i-ydre\/#primaryimage"},"thumbnailUrl":"http:\/\/ydrebo.se\/kd\/veckobrev2016\/solviken.JPG","datePublished":"2018-07-20T15:02:57+00:00","dateModified":"2018-07-20T15:03:39+00:00","breadcrumb":{"@id":"https:\/\/wp.kristdemokraterna.se\/ydre\/2016-07-13-vad-far-man-for-en-tolvskilling-i-ydre\/#breadcrumb"},"inLanguage":"sv-SE","potentialAction":[{"@type":"ReadAction","target":["https:\/\/wp.kristdemokraterna.se\/ydre\/2016-07-13-vad-far-man-for-en-tolvskilling-i-ydre\/"]}]},{"@type":"ImageObject","inLanguage":"sv-SE","@id":"https:\/\/wp.kristdemokraterna.se\/ydre\/2016-07-13-vad-far-man-for-en-tolvskilling-i-ydre\/#primaryimage","url":"http:\/\/ydrebo.se\/kd\/veckobrev2016\/solviken.JPG","contentUrl":"http:\/\/ydrebo.se\/kd\/veckobrev2016\/solviken.JPG"},{"@type":"BreadcrumbList","@id":"https:\/\/wp.kristdemokraterna.se\/ydre\/2016-07-13-vad-far-man-for-en-tolvskilling-i-ydre\/#breadcrumb","itemListElement":[{"@type":"ListItem","position":1,"name":"Hem","item":"https:\/\/wp.kristdemokraterna.se\/ydre\/"},{"@type":"ListItem","position":2,"name":"2016-07-13 Vad f\u00e5r man f\u00f6r en tolvskilling i Ydre?"}]},{"@type":"WebSite","@id":"https:\/\/wp.kristdemokraterna.se\/ydre\/#website","url":"https:\/\/wp.kristdemokraterna.se\/ydre\/","name":"Kristdemokraterna i Ydre","description":"En till Kristdemokraterna webbplats","inLanguage":"sv-SE"}]}},"_links":{"self":[{"href":"https:\/\/wp.kristdemokraterna.se\/ydre\/wp-json\/wp\/v2\/pages\/1033","targetHints":{"allow":["GET"]}}],"collection":[{"href":"https:\/\/wp.kristdemokraterna.se\/ydre\/wp-json\/wp\/v2\/pages"}],"about":[{"href":"https:\/\/wp.kristdemokraterna.se\/ydre\/wp-json\/wp\/v2\/types\/page"}],"author":[{"embeddable":true,"href":"https:\/\/wp.kristdemokraterna.se\/ydre\/wp-json\/wp\/v2\/users\/793"}],"replies":[{"embeddable":true,"href":"https:\/\/wp.kristdemokraterna.se\/ydre\/wp-json\/wp\/v2\/comments?post=1033"}],"version-history":[{"count":2,"href":"https:\/\/wp.kristdemokraterna.se\/ydre\/wp-json\/wp\/v2\/pages\/1033\/revisions"}],"predecessor-version":[{"id":1035,"href":"https:\/\/wp.kristdemokraterna.se\/ydre\/wp-json\/wp\/v2\/pages\/1033\/revisions\/1035"}],"wp:attachment":[{"href":"https:\/\/wp.kristdemokraterna.se\/ydre\/wp-json\/wp\/v2\/media?parent=1033"}],"curies":[{"name":"wp","href":"https:\/\/api.w.org\/{rel}","templated":true}]}}