{"id":1037,"date":"2018-07-20T17:06:29","date_gmt":"2018-07-20T15:06:29","guid":{"rendered":"http:\/\/wp.kristdemokraterna.se\/ydre\/?page_id=1037"},"modified":"2018-07-20T17:06:53","modified_gmt":"2018-07-20T15:06:53","slug":"2016-07-18-engelsmannens-promenadvag","status":"publish","type":"page","link":"https:\/\/wp.kristdemokraterna.se\/ydre\/2016-07-18-engelsmannens-promenadvag\/","title":{"rendered":"2016-07-18 Engelsm\u00e4nnens promenadv\u00e4g"},"content":{"rendered":"<p>Det h\u00e4r skall inte handla om engelsm\u00e4nnens utt\u00e5g ur EU (det blir nog ingen l\u00e4tt promenad). Nej, det finns ett st\u00e4lle som faktiskt heter Engelsm\u00e4nnens Promenadv\u00e4g.<br \/>\nTurister i Nice kan knappast undg\u00e5 att se den vackra strandpromenden\u00a0<i>Promenade des Anglais<\/i>. Namnet f\u00e5r en att t\u00e4nka p\u00e5 rika engelsm\u00e4n som i forna tider\u00a0<a href=\"http:\/\/bilder.apollo.se\/21\/nice-37091695-1467205529-ImageGalleryLightbox.jpg\" target=\"_&quot;blank&quot;\"><b>str\u00f6vade under palmer<\/b><\/a>\u00a0vid Medelhavets strand l\u00e5ngt fr\u00e5n det ruggiga v\u00e4dret i hemlandet.<br \/>\nOm man nu skulle komma tillbaka blir det nog sv\u00e5rt att inte t\u00e4nka p\u00e5 attentatet p\u00e5 kv\u00e4llen den 14 juli. Det var d\u00e5 en lastbil k\u00f6rde ihj\u00e4l \u00f6ver 80 personer som befann sig p\u00e5 strandpromenaden.<br \/>\nTydligen fanns det gott om poliser vid sidan om v\u00e4gen. Men de hade sv\u00e5rt att hinna fram innan bilen redan k\u00f6rt vidare i h\u00f6g fart. N\u00e4r poliserna \u00e4ntligen kom \u00e5t sk\u00f6t de ursinnigt varvid attentatsmannen dog.<br \/>\nAtt sl\u00e5 till h\u00e5rt \u00e4r den nya stilen n\u00e4r ett attentat intr\u00e4ffar. G\u00e4rningsmannen m\u00e5ste genast oskadligg\u00f6ras innan han hinner g\u00f6ra n\u00e5got mer.<br \/>\nDet finns \u00e4nd\u00e5 n\u00e5gra risker med drastiska \u00e5tg\u00e4rder. De kan t.ex. r\u00e5ka drabba en som \u00e4r oskyldig (s\u00e5dant har h\u00e4nt utomlands).<br \/>\nEn \u00e4nnu st\u00f6rre fara \u00e4r att vissa regimer nu passar p\u00e5 att sl\u00e5 till mot misshagliga personer och organisationer. Ryssland s\u00e4ger sig bek\u00e4mpa terrorism genom att f\u00f6rsv\u00e5ra f\u00f6r tidningar och m\u00e4nniskor\u00e4ttsorganisationer och nu allra senast f\u00f6r protestantiska kyrkor (!). Och i Turkiet befarar en del att presidenten skall bli \u00e4nnu mer maktfullkomlig sedan han lyckats sl\u00e5 ner en milit\u00e4r revolt (\u00e4ven Frankrikes utrikesminister har uttryckt oro).<br \/>\nVi m\u00e5ste i v\u00e5rt land undvika att ta efter auktorit\u00e4ra ledare (det finns anledning att \u00e5terkomma till \u00e4mnet).<\/p>\n<p><img loading=\"lazy\" decoding=\"async\" src=\"http:\/\/ydrebo.se\/kd\/veckobrev2016\/Norra_Vi_hamn.jpg\" width=\"600\" height=\"462\" \/><br \/>\n<i>Ydres str\u00e4nder \u00e4r fredliga &#8211; \u00e4n s\u00e5 l\u00e4nge (hamnen i Norra Vi).<\/p>\n<p><\/i><i>Bengt Malm, ordf.<br \/>\n18 juli 2016<\/i><\/p>\n<p>P.S. N\u00e4r 700 personer samlades i Rydsn\u00e4s loge i g\u00e5r kv\u00e4ll till ett s\u00e5ng- och musikprogram konstaterade m\u00f6tesledaren att vi inte beh\u00f6vde befara att n\u00e5gon skulle komma in och skjuta&#8230;<\/p>\n","protected":false},"excerpt":{"rendered":"<p>Det h\u00e4r skall inte handla om engelsm\u00e4nnens utt\u00e5g ur EU (det blir nog ingen l\u00e4tt promenad). Nej, det finns ett st\u00e4lle som faktiskt heter Engelsm\u00e4nnens Promenadv\u00e4g. Turister i Nice kan knappast undg\u00e5 att se den vackra strandpromenden\u00a0Promenade des Anglais. Namnet f\u00e5r en att t\u00e4nka p\u00e5 rika engelsm\u00e4n som i forna tider\u00a0str\u00f6vade under palmer\u00a0vid Medelhavets strand <a class=\"read-more-link\" href=\"https:\/\/wp.kristdemokraterna.se\/ydre\/2016-07-18-engelsmannens-promenadvag\/\">L\u00e4s mer<\/a><\/p>\n","protected":false},"author":793,"featured_media":0,"parent":0,"menu_order":0,"comment_status":"closed","ping_status":"closed","template":"","meta":{"_acf_changed":false,"footnotes":""},"class_list":["post-1037","page","type-page","status-publish","hentry"],"acf":[],"yoast_head":"<!-- This site is optimized with the Yoast SEO plugin v27.5 - https:\/\/yoast.com\/product\/yoast-seo-wordpress\/ -->\n<title>2016-07-18 Engelsm\u00e4nnens promenadv\u00e4g - Kristdemokraterna i Ydre<\/title>\n<meta name=\"robots\" content=\"index, follow, max-snippet:-1, max-image-preview:large, max-video-preview:-1\" \/>\n<link rel=\"canonical\" href=\"https:\/\/wp.kristdemokraterna.se\/ydre\/2016-07-18-engelsmannens-promenadvag\/\" \/>\n<meta property=\"og:locale\" content=\"sv_SE\" \/>\n<meta property=\"og:type\" content=\"article\" \/>\n<meta property=\"og:title\" content=\"2016-07-18 Engelsm\u00e4nnens promenadv\u00e4g - Kristdemokraterna i Ydre\" \/>\n<meta property=\"og:description\" content=\"Det h\u00e4r skall inte handla om engelsm\u00e4nnens utt\u00e5g ur EU (det blir nog ingen l\u00e4tt promenad). Nej, det finns ett st\u00e4lle som faktiskt heter Engelsm\u00e4nnens Promenadv\u00e4g. Turister i Nice kan knappast undg\u00e5 att se den vackra strandpromenden\u00a0Promenade des Anglais. Namnet f\u00e5r en att t\u00e4nka p\u00e5 rika engelsm\u00e4n som i forna tider\u00a0str\u00f6vade under palmer\u00a0vid Medelhavets strand L\u00e4s mer\" \/>\n<meta property=\"og:url\" content=\"https:\/\/wp.kristdemokraterna.se\/ydre\/2016-07-18-engelsmannens-promenadvag\/\" \/>\n<meta property=\"og:site_name\" content=\"Kristdemokraterna i Ydre\" \/>\n<meta property=\"article:modified_time\" content=\"2018-07-20T15:06:53+00:00\" \/>\n<meta property=\"og:image\" content=\"http:\/\/ydrebo.se\/kd\/veckobrev2016\/Norra_Vi_hamn.jpg\" \/>\n<meta name=\"twitter:card\" content=\"summary_large_image\" \/>\n<meta name=\"twitter:label1\" content=\"Ber\u00e4knad l\u00e4stid\" \/>\n\t<meta name=\"twitter:data1\" content=\"2 minuter\" \/>\n<script type=\"application\/ld+json\" class=\"yoast-schema-graph\">{\"@context\":\"https:\\\/\\\/schema.org\",\"@graph\":[{\"@type\":\"WebPage\",\"@id\":\"https:\\\/\\\/wp.kristdemokraterna.se\\\/ydre\\\/2016-07-18-engelsmannens-promenadvag\\\/\",\"url\":\"https:\\\/\\\/wp.kristdemokraterna.se\\\/ydre\\\/2016-07-18-engelsmannens-promenadvag\\\/\",\"name\":\"2016-07-18 Engelsm\u00e4nnens promenadv\u00e4g - Kristdemokraterna i Ydre\",\"isPartOf\":{\"@id\":\"https:\\\/\\\/wp.kristdemokraterna.se\\\/ydre\\\/#website\"},\"primaryImageOfPage\":{\"@id\":\"https:\\\/\\\/wp.kristdemokraterna.se\\\/ydre\\\/2016-07-18-engelsmannens-promenadvag\\\/#primaryimage\"},\"image\":{\"@id\":\"https:\\\/\\\/wp.kristdemokraterna.se\\\/ydre\\\/2016-07-18-engelsmannens-promenadvag\\\/#primaryimage\"},\"thumbnailUrl\":\"http:\\\/\\\/ydrebo.se\\\/kd\\\/veckobrev2016\\\/Norra_Vi_hamn.jpg\",\"datePublished\":\"2018-07-20T15:06:29+00:00\",\"dateModified\":\"2018-07-20T15:06:53+00:00\",\"breadcrumb\":{\"@id\":\"https:\\\/\\\/wp.kristdemokraterna.se\\\/ydre\\\/2016-07-18-engelsmannens-promenadvag\\\/#breadcrumb\"},\"inLanguage\":\"sv-SE\",\"potentialAction\":[{\"@type\":\"ReadAction\",\"target\":[\"https:\\\/\\\/wp.kristdemokraterna.se\\\/ydre\\\/2016-07-18-engelsmannens-promenadvag\\\/\"]}]},{\"@type\":\"ImageObject\",\"inLanguage\":\"sv-SE\",\"@id\":\"https:\\\/\\\/wp.kristdemokraterna.se\\\/ydre\\\/2016-07-18-engelsmannens-promenadvag\\\/#primaryimage\",\"url\":\"http:\\\/\\\/ydrebo.se\\\/kd\\\/veckobrev2016\\\/Norra_Vi_hamn.jpg\",\"contentUrl\":\"http:\\\/\\\/ydrebo.se\\\/kd\\\/veckobrev2016\\\/Norra_Vi_hamn.jpg\"},{\"@type\":\"BreadcrumbList\",\"@id\":\"https:\\\/\\\/wp.kristdemokraterna.se\\\/ydre\\\/2016-07-18-engelsmannens-promenadvag\\\/#breadcrumb\",\"itemListElement\":[{\"@type\":\"ListItem\",\"position\":1,\"name\":\"Hem\",\"item\":\"https:\\\/\\\/wp.kristdemokraterna.se\\\/ydre\\\/\"},{\"@type\":\"ListItem\",\"position\":2,\"name\":\"2016-07-18 Engelsm\u00e4nnens promenadv\u00e4g\"}]},{\"@type\":\"WebSite\",\"@id\":\"https:\\\/\\\/wp.kristdemokraterna.se\\\/ydre\\\/#website\",\"url\":\"https:\\\/\\\/wp.kristdemokraterna.se\\\/ydre\\\/\",\"name\":\"Kristdemokraterna i Ydre\",\"description\":\"En till Kristdemokraterna webbplats\",\"inLanguage\":\"sv-SE\"}]}<\/script>\n<!-- \/ Yoast SEO plugin. -->","yoast_head_json":{"title":"2016-07-18 Engelsm\u00e4nnens promenadv\u00e4g - Kristdemokraterna i Ydre","robots":{"index":"index","follow":"follow","max-snippet":"max-snippet:-1","max-image-preview":"max-image-preview:large","max-video-preview":"max-video-preview:-1"},"canonical":"https:\/\/wp.kristdemokraterna.se\/ydre\/2016-07-18-engelsmannens-promenadvag\/","og_locale":"sv_SE","og_type":"article","og_title":"2016-07-18 Engelsm\u00e4nnens promenadv\u00e4g - Kristdemokraterna i Ydre","og_description":"Det h\u00e4r skall inte handla om engelsm\u00e4nnens utt\u00e5g ur EU (det blir nog ingen l\u00e4tt promenad). Nej, det finns ett st\u00e4lle som faktiskt heter Engelsm\u00e4nnens Promenadv\u00e4g. Turister i Nice kan knappast undg\u00e5 att se den vackra strandpromenden\u00a0Promenade des Anglais. Namnet f\u00e5r en att t\u00e4nka p\u00e5 rika engelsm\u00e4n som i forna tider\u00a0str\u00f6vade under palmer\u00a0vid Medelhavets strand L\u00e4s mer","og_url":"https:\/\/wp.kristdemokraterna.se\/ydre\/2016-07-18-engelsmannens-promenadvag\/","og_site_name":"Kristdemokraterna i Ydre","article_modified_time":"2018-07-20T15:06:53+00:00","og_image":[{"url":"http:\/\/ydrebo.se\/kd\/veckobrev2016\/Norra_Vi_hamn.jpg","type":"","width":"","height":""}],"twitter_card":"summary_large_image","twitter_misc":{"Ber\u00e4knad l\u00e4stid":"2 minuter"},"schema":{"@context":"https:\/\/schema.org","@graph":[{"@type":"WebPage","@id":"https:\/\/wp.kristdemokraterna.se\/ydre\/2016-07-18-engelsmannens-promenadvag\/","url":"https:\/\/wp.kristdemokraterna.se\/ydre\/2016-07-18-engelsmannens-promenadvag\/","name":"2016-07-18 Engelsm\u00e4nnens promenadv\u00e4g - Kristdemokraterna i Ydre","isPartOf":{"@id":"https:\/\/wp.kristdemokraterna.se\/ydre\/#website"},"primaryImageOfPage":{"@id":"https:\/\/wp.kristdemokraterna.se\/ydre\/2016-07-18-engelsmannens-promenadvag\/#primaryimage"},"image":{"@id":"https:\/\/wp.kristdemokraterna.se\/ydre\/2016-07-18-engelsmannens-promenadvag\/#primaryimage"},"thumbnailUrl":"http:\/\/ydrebo.se\/kd\/veckobrev2016\/Norra_Vi_hamn.jpg","datePublished":"2018-07-20T15:06:29+00:00","dateModified":"2018-07-20T15:06:53+00:00","breadcrumb":{"@id":"https:\/\/wp.kristdemokraterna.se\/ydre\/2016-07-18-engelsmannens-promenadvag\/#breadcrumb"},"inLanguage":"sv-SE","potentialAction":[{"@type":"ReadAction","target":["https:\/\/wp.kristdemokraterna.se\/ydre\/2016-07-18-engelsmannens-promenadvag\/"]}]},{"@type":"ImageObject","inLanguage":"sv-SE","@id":"https:\/\/wp.kristdemokraterna.se\/ydre\/2016-07-18-engelsmannens-promenadvag\/#primaryimage","url":"http:\/\/ydrebo.se\/kd\/veckobrev2016\/Norra_Vi_hamn.jpg","contentUrl":"http:\/\/ydrebo.se\/kd\/veckobrev2016\/Norra_Vi_hamn.jpg"},{"@type":"BreadcrumbList","@id":"https:\/\/wp.kristdemokraterna.se\/ydre\/2016-07-18-engelsmannens-promenadvag\/#breadcrumb","itemListElement":[{"@type":"ListItem","position":1,"name":"Hem","item":"https:\/\/wp.kristdemokraterna.se\/ydre\/"},{"@type":"ListItem","position":2,"name":"2016-07-18 Engelsm\u00e4nnens promenadv\u00e4g"}]},{"@type":"WebSite","@id":"https:\/\/wp.kristdemokraterna.se\/ydre\/#website","url":"https:\/\/wp.kristdemokraterna.se\/ydre\/","name":"Kristdemokraterna i Ydre","description":"En till Kristdemokraterna webbplats","inLanguage":"sv-SE"}]}},"_links":{"self":[{"href":"https:\/\/wp.kristdemokraterna.se\/ydre\/wp-json\/wp\/v2\/pages\/1037","targetHints":{"allow":["GET"]}}],"collection":[{"href":"https:\/\/wp.kristdemokraterna.se\/ydre\/wp-json\/wp\/v2\/pages"}],"about":[{"href":"https:\/\/wp.kristdemokraterna.se\/ydre\/wp-json\/wp\/v2\/types\/page"}],"author":[{"embeddable":true,"href":"https:\/\/wp.kristdemokraterna.se\/ydre\/wp-json\/wp\/v2\/users\/793"}],"replies":[{"embeddable":true,"href":"https:\/\/wp.kristdemokraterna.se\/ydre\/wp-json\/wp\/v2\/comments?post=1037"}],"version-history":[{"count":2,"href":"https:\/\/wp.kristdemokraterna.se\/ydre\/wp-json\/wp\/v2\/pages\/1037\/revisions"}],"predecessor-version":[{"id":1039,"href":"https:\/\/wp.kristdemokraterna.se\/ydre\/wp-json\/wp\/v2\/pages\/1037\/revisions\/1039"}],"wp:attachment":[{"href":"https:\/\/wp.kristdemokraterna.se\/ydre\/wp-json\/wp\/v2\/media?parent=1037"}],"curies":[{"name":"wp","href":"https:\/\/api.w.org\/{rel}","templated":true}]}}