{"id":1046,"date":"2018-07-20T17:11:29","date_gmt":"2018-07-20T15:11:29","guid":{"rendered":"http:\/\/wp.kristdemokraterna.se\/ydre\/?page_id=1046"},"modified":"2018-07-20T17:12:34","modified_gmt":"2018-07-20T15:12:34","slug":"2016-07-28-racker-vattnet","status":"publish","type":"page","link":"https:\/\/wp.kristdemokraterna.se\/ydre\/2016-07-28-racker-vattnet\/","title":{"rendered":"2016-07-28 R\u00e4cker vattnet?"},"content":{"rendered":"<p>Himlen m\u00f6rknar och det kommer en regndroppe. Det kommer en till och s\u00e5 \u00f6ppnas molnens alla slussar. Men pl\u00f6tsligt slutar skyfallet och solen lyser.<br \/>\nS\u00e5 har v\u00e4dret varit i v\u00e5ra trakter n\u00e4r det inte varit torka helt och h\u00e5llet. L\u00e4nge har vi haft d\u00e5ligt med b\u00e5de regn och sn\u00f6.<br \/>\nNog finns det vatten p\u00e5 jorden. Men det allra mesta \u00e4r salt.Den lilla \u00e5terstoden \u00e4r framf\u00f6r allt is i Antarktis och p\u00e5 Gr\u00f6nland. Av det flytande s\u00f6tvattnet finns en femtedel i en enda sj\u00f6 i Sibirien. Resten \u00e4r oj\u00e4mnt f\u00f6rdelad \u00f6ver hela jorden.<\/p>\n<p><img loading=\"lazy\" decoding=\"async\" src=\"http:\/\/ydrebo.se\/kd\/veckobrev2016\/hav.JPG\" width=\"600\" height=\"462\" \/><br \/>\n<i>Det mesta av jordens vatten \u00e4r salt (Marstrandsfjorden i Bohusl\u00e4n).<\/p>\n<p><\/i>I Ydre ser det ut som om vi har gott om vatten. Men n\u00e4r det inte kommer mer nederb\u00f6rd minskar grundvattnet \u00e4ven om vi inte tar av det. Tar vi av grundvattnet sjunker niv\u00e5n \u00e4nnu mer. Vi har cirka tio vattenverk i Ydre men kommunen ber oss vara f\u00f6rsiktiga med anv\u00e4ndningen av det kommunala vattnet.<br \/>\nDet \u00e4r en klen tr\u00f6st att det \u00e4r v\u00e4rre p\u00e5 andra h\u00e5ll och i andra l\u00e4nder. Att f\u00f6rs\u00f6rja bostadsomr\u00e5den med vatten \u00e4r en stor utmaning f\u00f6r alla samh\u00e4llsbyggare (\u00e4ven i Ydre). Men man kan undra om det \u00e4r klokt att bygga stora st\u00e4der det d\u00e4r \u00e4r ont om vatten.<\/p>\n<p><img loading=\"lazy\" decoding=\"async\" src=\"http:\/\/ydrebo.se\/kd\/veckobrev2016\/gullfoss.JPG\" width=\"600\" height=\"461\" \/><br \/>\n<i>Vatten finns ibland p\u00e5 &#8221;fel&#8221; plats (Gullfoss p\u00e5 Island)..<\/p>\n<p><\/i>Just nu upplever v\u00e4rlden b\u00e5de \u00f6versv\u00e4mningar och torka i stor omfattning. \u00d6versv\u00e4mningar \u00e4r dramatiska. Folk flyr f\u00f6r livet. Torka verkar l\u00e5ngsamt men skapar ocks\u00e5 flyktingar. Vart skall de m\u00e4nniskor ta v\u00e4gen som inte kan leva l\u00e4ngre i de uttorkade omr\u00e5dena? Och vad skall industril\u00e4nderna g\u00f6ra med sina vattenkr\u00e4vande och vattenfattiga distrikt och storst\u00e4der?<br \/>\nHos oss verkar torkan vara lokal. P\u00e5 en del andra h\u00e5ll i Sverige har det kommit mycket regn. S\u00e5 vi kan hoppas p\u00e5 mer normalt v\u00e4der igen. Men vi m\u00e5ste vara medvetna om samh\u00e4llets s\u00e5rbarhet.<\/p>\n<p><img loading=\"lazy\" decoding=\"async\" src=\"http:\/\/ydrebo.se\/kd\/veckobrev2016\/torka.JPG\" width=\"600\" height=\"450\" \/><br \/>\n<i>Torka i \u00d6sterbymo.<\/p>\n<p><\/i><i>Bengt Malm, ordf.<br \/>\n28 juli 2016<\/i><\/p>\n","protected":false},"excerpt":{"rendered":"<p>Himlen m\u00f6rknar och det kommer en regndroppe. Det kommer en till och s\u00e5 \u00f6ppnas molnens alla slussar. Men pl\u00f6tsligt slutar skyfallet och solen lyser. S\u00e5 har v\u00e4dret varit i v\u00e5ra trakter n\u00e4r det inte varit torka helt och h\u00e5llet. L\u00e4nge har vi haft d\u00e5ligt med b\u00e5de regn och sn\u00f6. Nog finns det vatten p\u00e5 jorden. <a class=\"read-more-link\" href=\"https:\/\/wp.kristdemokraterna.se\/ydre\/2016-07-28-racker-vattnet\/\">L\u00e4s mer<\/a><\/p>\n","protected":false},"author":793,"featured_media":0,"parent":0,"menu_order":0,"comment_status":"closed","ping_status":"closed","template":"","meta":{"_acf_changed":false,"footnotes":""},"class_list":["post-1046","page","type-page","status-publish","hentry"],"acf":[],"yoast_head":"<!-- This site is optimized with the Yoast SEO plugin v27.5 - https:\/\/yoast.com\/product\/yoast-seo-wordpress\/ -->\n<title>2016-07-28 R\u00e4cker vattnet? - Kristdemokraterna i Ydre<\/title>\n<meta name=\"robots\" content=\"index, follow, max-snippet:-1, max-image-preview:large, max-video-preview:-1\" \/>\n<link rel=\"canonical\" href=\"https:\/\/wp.kristdemokraterna.se\/ydre\/2016-07-28-racker-vattnet\/\" \/>\n<meta property=\"og:locale\" content=\"sv_SE\" \/>\n<meta property=\"og:type\" content=\"article\" \/>\n<meta property=\"og:title\" content=\"2016-07-28 R\u00e4cker vattnet? - Kristdemokraterna i Ydre\" \/>\n<meta property=\"og:description\" content=\"Himlen m\u00f6rknar och det kommer en regndroppe. Det kommer en till och s\u00e5 \u00f6ppnas molnens alla slussar. Men pl\u00f6tsligt slutar skyfallet och solen lyser. S\u00e5 har v\u00e4dret varit i v\u00e5ra trakter n\u00e4r det inte varit torka helt och h\u00e5llet. L\u00e4nge har vi haft d\u00e5ligt med b\u00e5de regn och sn\u00f6. Nog finns det vatten p\u00e5 jorden. L\u00e4s mer\" \/>\n<meta property=\"og:url\" content=\"https:\/\/wp.kristdemokraterna.se\/ydre\/2016-07-28-racker-vattnet\/\" \/>\n<meta property=\"og:site_name\" content=\"Kristdemokraterna i Ydre\" \/>\n<meta property=\"article:modified_time\" content=\"2018-07-20T15:12:34+00:00\" \/>\n<meta property=\"og:image\" content=\"http:\/\/ydrebo.se\/kd\/veckobrev2016\/hav.JPG\" \/>\n<meta name=\"twitter:card\" content=\"summary_large_image\" \/>\n<meta name=\"twitter:label1\" content=\"Ber\u00e4knad l\u00e4stid\" \/>\n\t<meta name=\"twitter:data1\" content=\"2 minuter\" \/>\n<script type=\"application\/ld+json\" class=\"yoast-schema-graph\">{\"@context\":\"https:\\\/\\\/schema.org\",\"@graph\":[{\"@type\":\"WebPage\",\"@id\":\"https:\\\/\\\/wp.kristdemokraterna.se\\\/ydre\\\/2016-07-28-racker-vattnet\\\/\",\"url\":\"https:\\\/\\\/wp.kristdemokraterna.se\\\/ydre\\\/2016-07-28-racker-vattnet\\\/\",\"name\":\"2016-07-28 R\u00e4cker vattnet? - Kristdemokraterna i Ydre\",\"isPartOf\":{\"@id\":\"https:\\\/\\\/wp.kristdemokraterna.se\\\/ydre\\\/#website\"},\"primaryImageOfPage\":{\"@id\":\"https:\\\/\\\/wp.kristdemokraterna.se\\\/ydre\\\/2016-07-28-racker-vattnet\\\/#primaryimage\"},\"image\":{\"@id\":\"https:\\\/\\\/wp.kristdemokraterna.se\\\/ydre\\\/2016-07-28-racker-vattnet\\\/#primaryimage\"},\"thumbnailUrl\":\"http:\\\/\\\/ydrebo.se\\\/kd\\\/veckobrev2016\\\/hav.JPG\",\"datePublished\":\"2018-07-20T15:11:29+00:00\",\"dateModified\":\"2018-07-20T15:12:34+00:00\",\"breadcrumb\":{\"@id\":\"https:\\\/\\\/wp.kristdemokraterna.se\\\/ydre\\\/2016-07-28-racker-vattnet\\\/#breadcrumb\"},\"inLanguage\":\"sv-SE\",\"potentialAction\":[{\"@type\":\"ReadAction\",\"target\":[\"https:\\\/\\\/wp.kristdemokraterna.se\\\/ydre\\\/2016-07-28-racker-vattnet\\\/\"]}]},{\"@type\":\"ImageObject\",\"inLanguage\":\"sv-SE\",\"@id\":\"https:\\\/\\\/wp.kristdemokraterna.se\\\/ydre\\\/2016-07-28-racker-vattnet\\\/#primaryimage\",\"url\":\"http:\\\/\\\/ydrebo.se\\\/kd\\\/veckobrev2016\\\/hav.JPG\",\"contentUrl\":\"http:\\\/\\\/ydrebo.se\\\/kd\\\/veckobrev2016\\\/hav.JPG\"},{\"@type\":\"BreadcrumbList\",\"@id\":\"https:\\\/\\\/wp.kristdemokraterna.se\\\/ydre\\\/2016-07-28-racker-vattnet\\\/#breadcrumb\",\"itemListElement\":[{\"@type\":\"ListItem\",\"position\":1,\"name\":\"Hem\",\"item\":\"https:\\\/\\\/wp.kristdemokraterna.se\\\/ydre\\\/\"},{\"@type\":\"ListItem\",\"position\":2,\"name\":\"2016-07-28 R\u00e4cker vattnet?\"}]},{\"@type\":\"WebSite\",\"@id\":\"https:\\\/\\\/wp.kristdemokraterna.se\\\/ydre\\\/#website\",\"url\":\"https:\\\/\\\/wp.kristdemokraterna.se\\\/ydre\\\/\",\"name\":\"Kristdemokraterna i Ydre\",\"description\":\"En till Kristdemokraterna webbplats\",\"inLanguage\":\"sv-SE\"}]}<\/script>\n<!-- \/ Yoast SEO plugin. -->","yoast_head_json":{"title":"2016-07-28 R\u00e4cker vattnet? - Kristdemokraterna i Ydre","robots":{"index":"index","follow":"follow","max-snippet":"max-snippet:-1","max-image-preview":"max-image-preview:large","max-video-preview":"max-video-preview:-1"},"canonical":"https:\/\/wp.kristdemokraterna.se\/ydre\/2016-07-28-racker-vattnet\/","og_locale":"sv_SE","og_type":"article","og_title":"2016-07-28 R\u00e4cker vattnet? - Kristdemokraterna i Ydre","og_description":"Himlen m\u00f6rknar och det kommer en regndroppe. Det kommer en till och s\u00e5 \u00f6ppnas molnens alla slussar. Men pl\u00f6tsligt slutar skyfallet och solen lyser. S\u00e5 har v\u00e4dret varit i v\u00e5ra trakter n\u00e4r det inte varit torka helt och h\u00e5llet. L\u00e4nge har vi haft d\u00e5ligt med b\u00e5de regn och sn\u00f6. Nog finns det vatten p\u00e5 jorden. L\u00e4s mer","og_url":"https:\/\/wp.kristdemokraterna.se\/ydre\/2016-07-28-racker-vattnet\/","og_site_name":"Kristdemokraterna i Ydre","article_modified_time":"2018-07-20T15:12:34+00:00","og_image":[{"url":"http:\/\/ydrebo.se\/kd\/veckobrev2016\/hav.JPG","type":"","width":"","height":""}],"twitter_card":"summary_large_image","twitter_misc":{"Ber\u00e4knad l\u00e4stid":"2 minuter"},"schema":{"@context":"https:\/\/schema.org","@graph":[{"@type":"WebPage","@id":"https:\/\/wp.kristdemokraterna.se\/ydre\/2016-07-28-racker-vattnet\/","url":"https:\/\/wp.kristdemokraterna.se\/ydre\/2016-07-28-racker-vattnet\/","name":"2016-07-28 R\u00e4cker vattnet? - Kristdemokraterna i Ydre","isPartOf":{"@id":"https:\/\/wp.kristdemokraterna.se\/ydre\/#website"},"primaryImageOfPage":{"@id":"https:\/\/wp.kristdemokraterna.se\/ydre\/2016-07-28-racker-vattnet\/#primaryimage"},"image":{"@id":"https:\/\/wp.kristdemokraterna.se\/ydre\/2016-07-28-racker-vattnet\/#primaryimage"},"thumbnailUrl":"http:\/\/ydrebo.se\/kd\/veckobrev2016\/hav.JPG","datePublished":"2018-07-20T15:11:29+00:00","dateModified":"2018-07-20T15:12:34+00:00","breadcrumb":{"@id":"https:\/\/wp.kristdemokraterna.se\/ydre\/2016-07-28-racker-vattnet\/#breadcrumb"},"inLanguage":"sv-SE","potentialAction":[{"@type":"ReadAction","target":["https:\/\/wp.kristdemokraterna.se\/ydre\/2016-07-28-racker-vattnet\/"]}]},{"@type":"ImageObject","inLanguage":"sv-SE","@id":"https:\/\/wp.kristdemokraterna.se\/ydre\/2016-07-28-racker-vattnet\/#primaryimage","url":"http:\/\/ydrebo.se\/kd\/veckobrev2016\/hav.JPG","contentUrl":"http:\/\/ydrebo.se\/kd\/veckobrev2016\/hav.JPG"},{"@type":"BreadcrumbList","@id":"https:\/\/wp.kristdemokraterna.se\/ydre\/2016-07-28-racker-vattnet\/#breadcrumb","itemListElement":[{"@type":"ListItem","position":1,"name":"Hem","item":"https:\/\/wp.kristdemokraterna.se\/ydre\/"},{"@type":"ListItem","position":2,"name":"2016-07-28 R\u00e4cker vattnet?"}]},{"@type":"WebSite","@id":"https:\/\/wp.kristdemokraterna.se\/ydre\/#website","url":"https:\/\/wp.kristdemokraterna.se\/ydre\/","name":"Kristdemokraterna i Ydre","description":"En till Kristdemokraterna webbplats","inLanguage":"sv-SE"}]}},"_links":{"self":[{"href":"https:\/\/wp.kristdemokraterna.se\/ydre\/wp-json\/wp\/v2\/pages\/1046","targetHints":{"allow":["GET"]}}],"collection":[{"href":"https:\/\/wp.kristdemokraterna.se\/ydre\/wp-json\/wp\/v2\/pages"}],"about":[{"href":"https:\/\/wp.kristdemokraterna.se\/ydre\/wp-json\/wp\/v2\/types\/page"}],"author":[{"embeddable":true,"href":"https:\/\/wp.kristdemokraterna.se\/ydre\/wp-json\/wp\/v2\/users\/793"}],"replies":[{"embeddable":true,"href":"https:\/\/wp.kristdemokraterna.se\/ydre\/wp-json\/wp\/v2\/comments?post=1046"}],"version-history":[{"count":3,"href":"https:\/\/wp.kristdemokraterna.se\/ydre\/wp-json\/wp\/v2\/pages\/1046\/revisions"}],"predecessor-version":[{"id":1049,"href":"https:\/\/wp.kristdemokraterna.se\/ydre\/wp-json\/wp\/v2\/pages\/1046\/revisions\/1049"}],"wp:attachment":[{"href":"https:\/\/wp.kristdemokraterna.se\/ydre\/wp-json\/wp\/v2\/media?parent=1046"}],"curies":[{"name":"wp","href":"https:\/\/api.w.org\/{rel}","templated":true}]}}