{"id":1051,"date":"2018-07-20T17:14:34","date_gmt":"2018-07-20T15:14:34","guid":{"rendered":"http:\/\/wp.kristdemokraterna.se\/ydre\/?page_id=1051"},"modified":"2018-07-20T17:15:10","modified_gmt":"2018-07-20T15:15:10","slug":"2016-08-03-vad-skall-vi-ha-myndigheter-till","status":"publish","type":"page","link":"https:\/\/wp.kristdemokraterna.se\/ydre\/2016-08-03-vad-skall-vi-ha-myndigheter-till\/","title":{"rendered":"2016-08-03 Vad skall vi ha myndigheter till?"},"content":{"rendered":"<p>F\u00f6r en tid sedan v\u00e4djade en ydrebo till mig att jag skulle f\u00f6rs\u00f6ka f\u00f6rhindra att kommunen anst\u00e4ller en ny &#8221;myndighetschef&#8221;. Det handlar egentligen om att vi annonserat efter n\u00e5gon som kan vara socialsekreterare med stort ansvar.<br \/>\nI kommunerna finns personer som har till uppgift att ut\u00f6va myndighet mot enskilda personer och f\u00f6retag. Det g\u00e4ller inte bara i sociala fr\u00e5gor utan ocks\u00e5 i \u00e5tskilliga andra. Det finns h\u00e4lsov\u00e5rdsinspekt\u00f6rer, byggnadsn\u00e4mnder osv. Men beh\u00f6vs verkligen dessa personer och n\u00e4mnder som inskr\u00e4nker medborgarnas frihet?<br \/>\nDet har just kommit en alldeles f\u00e4rsk rapport om behovet av kontroll. I g\u00e5r avled en person i en l\u00e4genhetsbrand i en annan del av Sverige. Dessutom totalf\u00f6rst\u00f6rdes alla andra l\u00e4genheter i samma radhusl\u00e4nga.<\/p>\n<p><img loading=\"lazy\" decoding=\"async\" src=\"http:\/\/ydrebo.se\/kd\/veckobrev\/torpasjon.JPG\" width=\"600\" height=\"460\" \/><br \/>\n<i>Beh\u00f6vs det myndigheter h\u00e4r?<\/p>\n<p><\/i>Enligt en bild som publicerats verkar det som om det inte fanns bra v\u00e4ggar mellan l\u00e4genheterna. Om det skulle st\u00e4mma \u00e4r det \u00e4nnu ett av m\u00e5nga exempel p\u00e5 hur eld kan sprida sig i en byggnad utan ordentliga brandv\u00e4ggar.<br \/>\nMan kan nog tycka att landets byggnadsn\u00e4mnder borde f\u00f6rhindra s\u00e5dana fuskbyggen. Visst \u00e4r det en inskr\u00e4nkning i m\u00e4nniskornas frihet om de inte f\u00e5r bygga precis som de vill. Men hur ett hus \u00e4r byggt ang\u00e5r inte bara best\u00e4llaren. Det ang\u00e5r alla som n\u00e5gon g\u00e5ng bor eller arbetar d\u00e4r. En viktig uppgift f\u00f6r myndigheter \u00e4r att se till att m\u00e4nniskor (och egendom) inte kommer till skada.<br \/>\nN\u00e4r det g\u00e4ller socialtj\u00e4nsten s\u00e5 har antalet \u00e4renden som beh\u00f6ver utredas \u00f6kat kraftigt i Ydre. S\u00e5 vi beh\u00f6ver verkligen den d\u00e4r &#8221;myndighetschefen&#8221;.<\/p>\n<p><img loading=\"lazy\" decoding=\"async\" src=\"http:\/\/ydrebo.se\/kd\/veckobrev\/kronika140801\/bilbrand4.jpg\" width=\"360\" height=\"277\" \/><br \/>\n<i>M\u00e4nniskor och egendom skall inte komma till skada (foto: Barbro Malm).<\/p>\n<p><\/i><i>Bengt Malm, ordf.<br \/>\n3 augusti 2016<\/i><\/p>\n","protected":false},"excerpt":{"rendered":"<p>F\u00f6r en tid sedan v\u00e4djade en ydrebo till mig att jag skulle f\u00f6rs\u00f6ka f\u00f6rhindra att kommunen anst\u00e4ller en ny &#8221;myndighetschef&#8221;. Det handlar egentligen om att vi annonserat efter n\u00e5gon som kan vara socialsekreterare med stort ansvar. I kommunerna finns personer som har till uppgift att ut\u00f6va myndighet mot enskilda personer och f\u00f6retag. Det g\u00e4ller inte <a class=\"read-more-link\" href=\"https:\/\/wp.kristdemokraterna.se\/ydre\/2016-08-03-vad-skall-vi-ha-myndigheter-till\/\">L\u00e4s mer<\/a><\/p>\n","protected":false},"author":793,"featured_media":0,"parent":0,"menu_order":0,"comment_status":"closed","ping_status":"closed","template":"","meta":{"_acf_changed":false,"footnotes":""},"class_list":["post-1051","page","type-page","status-publish","hentry"],"acf":[],"yoast_head":"<!-- This site is optimized with the Yoast SEO plugin v27.5 - https:\/\/yoast.com\/product\/yoast-seo-wordpress\/ -->\n<title>2016-08-03 Vad skall vi ha myndigheter till? - Kristdemokraterna i Ydre<\/title>\n<meta name=\"robots\" content=\"index, follow, max-snippet:-1, max-image-preview:large, max-video-preview:-1\" \/>\n<link rel=\"canonical\" href=\"https:\/\/wp.kristdemokraterna.se\/ydre\/2016-08-03-vad-skall-vi-ha-myndigheter-till\/\" \/>\n<meta property=\"og:locale\" content=\"sv_SE\" \/>\n<meta property=\"og:type\" content=\"article\" \/>\n<meta property=\"og:title\" content=\"2016-08-03 Vad skall vi ha myndigheter till? - Kristdemokraterna i Ydre\" \/>\n<meta property=\"og:description\" content=\"F\u00f6r en tid sedan v\u00e4djade en ydrebo till mig att jag skulle f\u00f6rs\u00f6ka f\u00f6rhindra att kommunen anst\u00e4ller en ny &#8221;myndighetschef&#8221;. Det handlar egentligen om att vi annonserat efter n\u00e5gon som kan vara socialsekreterare med stort ansvar. I kommunerna finns personer som har till uppgift att ut\u00f6va myndighet mot enskilda personer och f\u00f6retag. Det g\u00e4ller inte L\u00e4s mer\" \/>\n<meta property=\"og:url\" content=\"https:\/\/wp.kristdemokraterna.se\/ydre\/2016-08-03-vad-skall-vi-ha-myndigheter-till\/\" \/>\n<meta property=\"og:site_name\" content=\"Kristdemokraterna i Ydre\" \/>\n<meta property=\"article:modified_time\" content=\"2018-07-20T15:15:10+00:00\" \/>\n<meta property=\"og:image\" content=\"http:\/\/ydrebo.se\/kd\/veckobrev\/torpasjon.JPG\" \/>\n<meta name=\"twitter:card\" content=\"summary_large_image\" \/>\n<meta name=\"twitter:label1\" content=\"Ber\u00e4knad l\u00e4stid\" \/>\n\t<meta name=\"twitter:data1\" content=\"2 minuter\" \/>\n<script type=\"application\/ld+json\" class=\"yoast-schema-graph\">{\"@context\":\"https:\\\/\\\/schema.org\",\"@graph\":[{\"@type\":\"WebPage\",\"@id\":\"https:\\\/\\\/wp.kristdemokraterna.se\\\/ydre\\\/2016-08-03-vad-skall-vi-ha-myndigheter-till\\\/\",\"url\":\"https:\\\/\\\/wp.kristdemokraterna.se\\\/ydre\\\/2016-08-03-vad-skall-vi-ha-myndigheter-till\\\/\",\"name\":\"2016-08-03 Vad skall vi ha myndigheter till? - Kristdemokraterna i Ydre\",\"isPartOf\":{\"@id\":\"https:\\\/\\\/wp.kristdemokraterna.se\\\/ydre\\\/#website\"},\"primaryImageOfPage\":{\"@id\":\"https:\\\/\\\/wp.kristdemokraterna.se\\\/ydre\\\/2016-08-03-vad-skall-vi-ha-myndigheter-till\\\/#primaryimage\"},\"image\":{\"@id\":\"https:\\\/\\\/wp.kristdemokraterna.se\\\/ydre\\\/2016-08-03-vad-skall-vi-ha-myndigheter-till\\\/#primaryimage\"},\"thumbnailUrl\":\"http:\\\/\\\/ydrebo.se\\\/kd\\\/veckobrev\\\/torpasjon.JPG\",\"datePublished\":\"2018-07-20T15:14:34+00:00\",\"dateModified\":\"2018-07-20T15:15:10+00:00\",\"breadcrumb\":{\"@id\":\"https:\\\/\\\/wp.kristdemokraterna.se\\\/ydre\\\/2016-08-03-vad-skall-vi-ha-myndigheter-till\\\/#breadcrumb\"},\"inLanguage\":\"sv-SE\",\"potentialAction\":[{\"@type\":\"ReadAction\",\"target\":[\"https:\\\/\\\/wp.kristdemokraterna.se\\\/ydre\\\/2016-08-03-vad-skall-vi-ha-myndigheter-till\\\/\"]}]},{\"@type\":\"ImageObject\",\"inLanguage\":\"sv-SE\",\"@id\":\"https:\\\/\\\/wp.kristdemokraterna.se\\\/ydre\\\/2016-08-03-vad-skall-vi-ha-myndigheter-till\\\/#primaryimage\",\"url\":\"http:\\\/\\\/ydrebo.se\\\/kd\\\/veckobrev\\\/torpasjon.JPG\",\"contentUrl\":\"http:\\\/\\\/ydrebo.se\\\/kd\\\/veckobrev\\\/torpasjon.JPG\"},{\"@type\":\"BreadcrumbList\",\"@id\":\"https:\\\/\\\/wp.kristdemokraterna.se\\\/ydre\\\/2016-08-03-vad-skall-vi-ha-myndigheter-till\\\/#breadcrumb\",\"itemListElement\":[{\"@type\":\"ListItem\",\"position\":1,\"name\":\"Hem\",\"item\":\"https:\\\/\\\/wp.kristdemokraterna.se\\\/ydre\\\/\"},{\"@type\":\"ListItem\",\"position\":2,\"name\":\"2016-08-03 Vad skall vi ha myndigheter till?\"}]},{\"@type\":\"WebSite\",\"@id\":\"https:\\\/\\\/wp.kristdemokraterna.se\\\/ydre\\\/#website\",\"url\":\"https:\\\/\\\/wp.kristdemokraterna.se\\\/ydre\\\/\",\"name\":\"Kristdemokraterna i Ydre\",\"description\":\"En till Kristdemokraterna webbplats\",\"inLanguage\":\"sv-SE\"}]}<\/script>\n<!-- \/ Yoast SEO plugin. -->","yoast_head_json":{"title":"2016-08-03 Vad skall vi ha myndigheter till? - Kristdemokraterna i Ydre","robots":{"index":"index","follow":"follow","max-snippet":"max-snippet:-1","max-image-preview":"max-image-preview:large","max-video-preview":"max-video-preview:-1"},"canonical":"https:\/\/wp.kristdemokraterna.se\/ydre\/2016-08-03-vad-skall-vi-ha-myndigheter-till\/","og_locale":"sv_SE","og_type":"article","og_title":"2016-08-03 Vad skall vi ha myndigheter till? - Kristdemokraterna i Ydre","og_description":"F\u00f6r en tid sedan v\u00e4djade en ydrebo till mig att jag skulle f\u00f6rs\u00f6ka f\u00f6rhindra att kommunen anst\u00e4ller en ny &#8221;myndighetschef&#8221;. Det handlar egentligen om att vi annonserat efter n\u00e5gon som kan vara socialsekreterare med stort ansvar. I kommunerna finns personer som har till uppgift att ut\u00f6va myndighet mot enskilda personer och f\u00f6retag. Det g\u00e4ller inte L\u00e4s mer","og_url":"https:\/\/wp.kristdemokraterna.se\/ydre\/2016-08-03-vad-skall-vi-ha-myndigheter-till\/","og_site_name":"Kristdemokraterna i Ydre","article_modified_time":"2018-07-20T15:15:10+00:00","og_image":[{"url":"http:\/\/ydrebo.se\/kd\/veckobrev\/torpasjon.JPG","type":"","width":"","height":""}],"twitter_card":"summary_large_image","twitter_misc":{"Ber\u00e4knad l\u00e4stid":"2 minuter"},"schema":{"@context":"https:\/\/schema.org","@graph":[{"@type":"WebPage","@id":"https:\/\/wp.kristdemokraterna.se\/ydre\/2016-08-03-vad-skall-vi-ha-myndigheter-till\/","url":"https:\/\/wp.kristdemokraterna.se\/ydre\/2016-08-03-vad-skall-vi-ha-myndigheter-till\/","name":"2016-08-03 Vad skall vi ha myndigheter till? - Kristdemokraterna i Ydre","isPartOf":{"@id":"https:\/\/wp.kristdemokraterna.se\/ydre\/#website"},"primaryImageOfPage":{"@id":"https:\/\/wp.kristdemokraterna.se\/ydre\/2016-08-03-vad-skall-vi-ha-myndigheter-till\/#primaryimage"},"image":{"@id":"https:\/\/wp.kristdemokraterna.se\/ydre\/2016-08-03-vad-skall-vi-ha-myndigheter-till\/#primaryimage"},"thumbnailUrl":"http:\/\/ydrebo.se\/kd\/veckobrev\/torpasjon.JPG","datePublished":"2018-07-20T15:14:34+00:00","dateModified":"2018-07-20T15:15:10+00:00","breadcrumb":{"@id":"https:\/\/wp.kristdemokraterna.se\/ydre\/2016-08-03-vad-skall-vi-ha-myndigheter-till\/#breadcrumb"},"inLanguage":"sv-SE","potentialAction":[{"@type":"ReadAction","target":["https:\/\/wp.kristdemokraterna.se\/ydre\/2016-08-03-vad-skall-vi-ha-myndigheter-till\/"]}]},{"@type":"ImageObject","inLanguage":"sv-SE","@id":"https:\/\/wp.kristdemokraterna.se\/ydre\/2016-08-03-vad-skall-vi-ha-myndigheter-till\/#primaryimage","url":"http:\/\/ydrebo.se\/kd\/veckobrev\/torpasjon.JPG","contentUrl":"http:\/\/ydrebo.se\/kd\/veckobrev\/torpasjon.JPG"},{"@type":"BreadcrumbList","@id":"https:\/\/wp.kristdemokraterna.se\/ydre\/2016-08-03-vad-skall-vi-ha-myndigheter-till\/#breadcrumb","itemListElement":[{"@type":"ListItem","position":1,"name":"Hem","item":"https:\/\/wp.kristdemokraterna.se\/ydre\/"},{"@type":"ListItem","position":2,"name":"2016-08-03 Vad skall vi ha myndigheter till?"}]},{"@type":"WebSite","@id":"https:\/\/wp.kristdemokraterna.se\/ydre\/#website","url":"https:\/\/wp.kristdemokraterna.se\/ydre\/","name":"Kristdemokraterna i Ydre","description":"En till Kristdemokraterna webbplats","inLanguage":"sv-SE"}]}},"_links":{"self":[{"href":"https:\/\/wp.kristdemokraterna.se\/ydre\/wp-json\/wp\/v2\/pages\/1051","targetHints":{"allow":["GET"]}}],"collection":[{"href":"https:\/\/wp.kristdemokraterna.se\/ydre\/wp-json\/wp\/v2\/pages"}],"about":[{"href":"https:\/\/wp.kristdemokraterna.se\/ydre\/wp-json\/wp\/v2\/types\/page"}],"author":[{"embeddable":true,"href":"https:\/\/wp.kristdemokraterna.se\/ydre\/wp-json\/wp\/v2\/users\/793"}],"replies":[{"embeddable":true,"href":"https:\/\/wp.kristdemokraterna.se\/ydre\/wp-json\/wp\/v2\/comments?post=1051"}],"version-history":[{"count":2,"href":"https:\/\/wp.kristdemokraterna.se\/ydre\/wp-json\/wp\/v2\/pages\/1051\/revisions"}],"predecessor-version":[{"id":1053,"href":"https:\/\/wp.kristdemokraterna.se\/ydre\/wp-json\/wp\/v2\/pages\/1051\/revisions\/1053"}],"wp:attachment":[{"href":"https:\/\/wp.kristdemokraterna.se\/ydre\/wp-json\/wp\/v2\/media?parent=1051"}],"curies":[{"name":"wp","href":"https:\/\/api.w.org\/{rel}","templated":true}]}}