{"id":1059,"date":"2018-07-20T17:20:01","date_gmt":"2018-07-20T15:20:01","guid":{"rendered":"http:\/\/wp.kristdemokraterna.se\/ydre\/?page_id=1059"},"modified":"2018-07-20T17:20:58","modified_gmt":"2018-07-20T15:20:58","slug":"2016-08-19-kan-det-ga-for-bra-i-ydre","status":"publish","type":"page","link":"https:\/\/wp.kristdemokraterna.se\/ydre\/2016-08-19-kan-det-ga-for-bra-i-ydre\/","title":{"rendered":"2016-08-19 Kan det g\u00e5 f\u00f6r bra i Ydre?"},"content":{"rendered":"<p>F\u00f6rra \u00e5ret tog Tyskland emot m\u00e5nga flyktingar. Det gick f\u00f6rv\u00e5nansv\u00e4rt bra d\u00e4rf\u00f6r att m\u00e5nga frivilliga st\u00e4llde upp och hj\u00e4lpte till.<\/p>\n<p><img loading=\"lazy\" decoding=\"async\" src=\"http:\/\/ydrebo.se\/kd\/veckobrev2016\/lovasa.JPG\" width=\"600\" height=\"461\" \/><br \/>\n<i>Djupt inne i Ydres skogar ligger L\u00f6v\u00e5sa (bilden tagen n\u00e4r det var \u00f6ppen tr\u00e4dg\u00e5rd).<\/p>\n<p><\/i>Det \u00e4r allts\u00e5 viktigt med m\u00e4nniskor, vuxna ansvarstagande m\u00e4nniskor. Det g\u00e4ller ocks\u00e5 i Ydre d\u00e4r den h\u00e4r sommaren har varit mycket bra f\u00f6r de ensamkommande flyktingbarnen. De har haft sommararbete (ordnat av kommunen) och sommarskola. Men framf\u00f6r allt har det funits vuxna som arbetat h\u00e5rt under l\u00e5ng tid f\u00f6r deras skull.<br \/>\nNu vill staten spara p\u00e5 barnen. En fr\u00e5ga \u00e4r om det g\u00e5r enligt socialtj\u00e4nstlagen. Fast enligt den ansvariga ministern beh\u00f6ver inte ungdomarna s\u00e5dan hj\u00e4lp som Ydre och m\u00e5nga andra kommuner gett. Det \u00e4r som om det skulle g\u00e5tt f\u00f6r bra f\u00f6r barnen. De skulle nog klarat sig \u00e4nd\u00e5&#8230;<br \/>\nMen de svenskf\u00f6dda som skickar i v\u00e4g sina ton\u00e5ringar till skolg\u00e5ng p\u00e5 annan ort brukar vilja att deras ungdomar bor med kunniga och omt\u00e4nksamma vuxna. D\u00e5 anses de vuxna vara absolut n\u00f6dv\u00e4ndiga.<\/p>\n<p><img loading=\"lazy\" decoding=\"async\" src=\"http:\/\/ydrebo.se\/kd\/veckobrev2016\/tattoo.JPG\" width=\"600\" height=\"462\" \/><br \/>\n<i>Ett annat sommarminne: Danska flottans musikk\u00e5r spelade i \u00d6sterbymo i samband med Eksj\u00f6 Tattoo.<\/p>\n<p><\/i>En annan fr\u00e5ga \u00e4r om det g\u00e5r att tr\u00e4ffa avtal med staten n\u00e4r den \u00e4r s\u00e5 of\u00f6ruts\u00e4gbar. Sveriges Kommuner och Landsting protesterar s\u00e4rskilt mot att de nya reglerna skall b\u00f6rja g\u00e4lla fr\u00e5n ny\u00e5r. Vi i Ydre har naturligtvis redan best\u00e4mt kommunens budget f\u00f6r n\u00e4sta \u00e5r! Hur skall man kunna f\u00f6ra kommunpolitik under de nya f\u00f6ruts\u00e4ttningarna?<\/p>\n<p><i>Bengt Malm, ordf.<br \/>\n19 augusti 2016<\/i><\/p>\n","protected":false},"excerpt":{"rendered":"<p>F\u00f6rra \u00e5ret tog Tyskland emot m\u00e5nga flyktingar. Det gick f\u00f6rv\u00e5nansv\u00e4rt bra d\u00e4rf\u00f6r att m\u00e5nga frivilliga st\u00e4llde upp och hj\u00e4lpte till. Djupt inne i Ydres skogar ligger L\u00f6v\u00e5sa (bilden tagen n\u00e4r det var \u00f6ppen tr\u00e4dg\u00e5rd). Det \u00e4r allts\u00e5 viktigt med m\u00e4nniskor, vuxna ansvarstagande m\u00e4nniskor. Det g\u00e4ller ocks\u00e5 i Ydre d\u00e4r den h\u00e4r sommaren har varit mycket <a class=\"read-more-link\" href=\"https:\/\/wp.kristdemokraterna.se\/ydre\/2016-08-19-kan-det-ga-for-bra-i-ydre\/\">L\u00e4s mer<\/a><\/p>\n","protected":false},"author":793,"featured_media":0,"parent":0,"menu_order":0,"comment_status":"closed","ping_status":"closed","template":"","meta":{"_acf_changed":false,"footnotes":""},"class_list":["post-1059","page","type-page","status-publish","hentry"],"acf":[],"yoast_head":"<!-- This site is optimized with the Yoast SEO plugin v27.5 - https:\/\/yoast.com\/product\/yoast-seo-wordpress\/ -->\n<title>2016-08-19 Kan det g\u00e5 f\u00f6r bra i Ydre? - Kristdemokraterna i Ydre<\/title>\n<meta name=\"robots\" content=\"index, follow, max-snippet:-1, max-image-preview:large, max-video-preview:-1\" \/>\n<link rel=\"canonical\" href=\"https:\/\/wp.kristdemokraterna.se\/ydre\/2016-08-19-kan-det-ga-for-bra-i-ydre\/\" \/>\n<meta property=\"og:locale\" content=\"sv_SE\" \/>\n<meta property=\"og:type\" content=\"article\" \/>\n<meta property=\"og:title\" content=\"2016-08-19 Kan det g\u00e5 f\u00f6r bra i Ydre? - Kristdemokraterna i Ydre\" \/>\n<meta property=\"og:description\" content=\"F\u00f6rra \u00e5ret tog Tyskland emot m\u00e5nga flyktingar. Det gick f\u00f6rv\u00e5nansv\u00e4rt bra d\u00e4rf\u00f6r att m\u00e5nga frivilliga st\u00e4llde upp och hj\u00e4lpte till. Djupt inne i Ydres skogar ligger L\u00f6v\u00e5sa (bilden tagen n\u00e4r det var \u00f6ppen tr\u00e4dg\u00e5rd). Det \u00e4r allts\u00e5 viktigt med m\u00e4nniskor, vuxna ansvarstagande m\u00e4nniskor. Det g\u00e4ller ocks\u00e5 i Ydre d\u00e4r den h\u00e4r sommaren har varit mycket L\u00e4s mer\" \/>\n<meta property=\"og:url\" content=\"https:\/\/wp.kristdemokraterna.se\/ydre\/2016-08-19-kan-det-ga-for-bra-i-ydre\/\" \/>\n<meta property=\"og:site_name\" content=\"Kristdemokraterna i Ydre\" \/>\n<meta property=\"article:modified_time\" content=\"2018-07-20T15:20:58+00:00\" \/>\n<meta property=\"og:image\" content=\"http:\/\/ydrebo.se\/kd\/veckobrev2016\/lovasa.JPG\" \/>\n<meta name=\"twitter:card\" content=\"summary_large_image\" \/>\n<meta name=\"twitter:label1\" content=\"Ber\u00e4knad l\u00e4stid\" \/>\n\t<meta name=\"twitter:data1\" content=\"1 minut\" \/>\n<script type=\"application\/ld+json\" class=\"yoast-schema-graph\">{\"@context\":\"https:\\\/\\\/schema.org\",\"@graph\":[{\"@type\":\"WebPage\",\"@id\":\"https:\\\/\\\/wp.kristdemokraterna.se\\\/ydre\\\/2016-08-19-kan-det-ga-for-bra-i-ydre\\\/\",\"url\":\"https:\\\/\\\/wp.kristdemokraterna.se\\\/ydre\\\/2016-08-19-kan-det-ga-for-bra-i-ydre\\\/\",\"name\":\"2016-08-19 Kan det g\u00e5 f\u00f6r bra i Ydre? - Kristdemokraterna i Ydre\",\"isPartOf\":{\"@id\":\"https:\\\/\\\/wp.kristdemokraterna.se\\\/ydre\\\/#website\"},\"primaryImageOfPage\":{\"@id\":\"https:\\\/\\\/wp.kristdemokraterna.se\\\/ydre\\\/2016-08-19-kan-det-ga-for-bra-i-ydre\\\/#primaryimage\"},\"image\":{\"@id\":\"https:\\\/\\\/wp.kristdemokraterna.se\\\/ydre\\\/2016-08-19-kan-det-ga-for-bra-i-ydre\\\/#primaryimage\"},\"thumbnailUrl\":\"http:\\\/\\\/ydrebo.se\\\/kd\\\/veckobrev2016\\\/lovasa.JPG\",\"datePublished\":\"2018-07-20T15:20:01+00:00\",\"dateModified\":\"2018-07-20T15:20:58+00:00\",\"breadcrumb\":{\"@id\":\"https:\\\/\\\/wp.kristdemokraterna.se\\\/ydre\\\/2016-08-19-kan-det-ga-for-bra-i-ydre\\\/#breadcrumb\"},\"inLanguage\":\"sv-SE\",\"potentialAction\":[{\"@type\":\"ReadAction\",\"target\":[\"https:\\\/\\\/wp.kristdemokraterna.se\\\/ydre\\\/2016-08-19-kan-det-ga-for-bra-i-ydre\\\/\"]}]},{\"@type\":\"ImageObject\",\"inLanguage\":\"sv-SE\",\"@id\":\"https:\\\/\\\/wp.kristdemokraterna.se\\\/ydre\\\/2016-08-19-kan-det-ga-for-bra-i-ydre\\\/#primaryimage\",\"url\":\"http:\\\/\\\/ydrebo.se\\\/kd\\\/veckobrev2016\\\/lovasa.JPG\",\"contentUrl\":\"http:\\\/\\\/ydrebo.se\\\/kd\\\/veckobrev2016\\\/lovasa.JPG\"},{\"@type\":\"BreadcrumbList\",\"@id\":\"https:\\\/\\\/wp.kristdemokraterna.se\\\/ydre\\\/2016-08-19-kan-det-ga-for-bra-i-ydre\\\/#breadcrumb\",\"itemListElement\":[{\"@type\":\"ListItem\",\"position\":1,\"name\":\"Hem\",\"item\":\"https:\\\/\\\/wp.kristdemokraterna.se\\\/ydre\\\/\"},{\"@type\":\"ListItem\",\"position\":2,\"name\":\"2016-08-19 Kan det g\u00e5 f\u00f6r bra i Ydre?\"}]},{\"@type\":\"WebSite\",\"@id\":\"https:\\\/\\\/wp.kristdemokraterna.se\\\/ydre\\\/#website\",\"url\":\"https:\\\/\\\/wp.kristdemokraterna.se\\\/ydre\\\/\",\"name\":\"Kristdemokraterna i Ydre\",\"description\":\"En till Kristdemokraterna webbplats\",\"inLanguage\":\"sv-SE\"}]}<\/script>\n<!-- \/ Yoast SEO plugin. -->","yoast_head_json":{"title":"2016-08-19 Kan det g\u00e5 f\u00f6r bra i Ydre? - Kristdemokraterna i Ydre","robots":{"index":"index","follow":"follow","max-snippet":"max-snippet:-1","max-image-preview":"max-image-preview:large","max-video-preview":"max-video-preview:-1"},"canonical":"https:\/\/wp.kristdemokraterna.se\/ydre\/2016-08-19-kan-det-ga-for-bra-i-ydre\/","og_locale":"sv_SE","og_type":"article","og_title":"2016-08-19 Kan det g\u00e5 f\u00f6r bra i Ydre? - Kristdemokraterna i Ydre","og_description":"F\u00f6rra \u00e5ret tog Tyskland emot m\u00e5nga flyktingar. Det gick f\u00f6rv\u00e5nansv\u00e4rt bra d\u00e4rf\u00f6r att m\u00e5nga frivilliga st\u00e4llde upp och hj\u00e4lpte till. Djupt inne i Ydres skogar ligger L\u00f6v\u00e5sa (bilden tagen n\u00e4r det var \u00f6ppen tr\u00e4dg\u00e5rd). Det \u00e4r allts\u00e5 viktigt med m\u00e4nniskor, vuxna ansvarstagande m\u00e4nniskor. Det g\u00e4ller ocks\u00e5 i Ydre d\u00e4r den h\u00e4r sommaren har varit mycket L\u00e4s mer","og_url":"https:\/\/wp.kristdemokraterna.se\/ydre\/2016-08-19-kan-det-ga-for-bra-i-ydre\/","og_site_name":"Kristdemokraterna i Ydre","article_modified_time":"2018-07-20T15:20:58+00:00","og_image":[{"url":"http:\/\/ydrebo.se\/kd\/veckobrev2016\/lovasa.JPG","type":"","width":"","height":""}],"twitter_card":"summary_large_image","twitter_misc":{"Ber\u00e4knad l\u00e4stid":"1 minut"},"schema":{"@context":"https:\/\/schema.org","@graph":[{"@type":"WebPage","@id":"https:\/\/wp.kristdemokraterna.se\/ydre\/2016-08-19-kan-det-ga-for-bra-i-ydre\/","url":"https:\/\/wp.kristdemokraterna.se\/ydre\/2016-08-19-kan-det-ga-for-bra-i-ydre\/","name":"2016-08-19 Kan det g\u00e5 f\u00f6r bra i Ydre? - Kristdemokraterna i Ydre","isPartOf":{"@id":"https:\/\/wp.kristdemokraterna.se\/ydre\/#website"},"primaryImageOfPage":{"@id":"https:\/\/wp.kristdemokraterna.se\/ydre\/2016-08-19-kan-det-ga-for-bra-i-ydre\/#primaryimage"},"image":{"@id":"https:\/\/wp.kristdemokraterna.se\/ydre\/2016-08-19-kan-det-ga-for-bra-i-ydre\/#primaryimage"},"thumbnailUrl":"http:\/\/ydrebo.se\/kd\/veckobrev2016\/lovasa.JPG","datePublished":"2018-07-20T15:20:01+00:00","dateModified":"2018-07-20T15:20:58+00:00","breadcrumb":{"@id":"https:\/\/wp.kristdemokraterna.se\/ydre\/2016-08-19-kan-det-ga-for-bra-i-ydre\/#breadcrumb"},"inLanguage":"sv-SE","potentialAction":[{"@type":"ReadAction","target":["https:\/\/wp.kristdemokraterna.se\/ydre\/2016-08-19-kan-det-ga-for-bra-i-ydre\/"]}]},{"@type":"ImageObject","inLanguage":"sv-SE","@id":"https:\/\/wp.kristdemokraterna.se\/ydre\/2016-08-19-kan-det-ga-for-bra-i-ydre\/#primaryimage","url":"http:\/\/ydrebo.se\/kd\/veckobrev2016\/lovasa.JPG","contentUrl":"http:\/\/ydrebo.se\/kd\/veckobrev2016\/lovasa.JPG"},{"@type":"BreadcrumbList","@id":"https:\/\/wp.kristdemokraterna.se\/ydre\/2016-08-19-kan-det-ga-for-bra-i-ydre\/#breadcrumb","itemListElement":[{"@type":"ListItem","position":1,"name":"Hem","item":"https:\/\/wp.kristdemokraterna.se\/ydre\/"},{"@type":"ListItem","position":2,"name":"2016-08-19 Kan det g\u00e5 f\u00f6r bra i Ydre?"}]},{"@type":"WebSite","@id":"https:\/\/wp.kristdemokraterna.se\/ydre\/#website","url":"https:\/\/wp.kristdemokraterna.se\/ydre\/","name":"Kristdemokraterna i Ydre","description":"En till Kristdemokraterna webbplats","inLanguage":"sv-SE"}]}},"_links":{"self":[{"href":"https:\/\/wp.kristdemokraterna.se\/ydre\/wp-json\/wp\/v2\/pages\/1059","targetHints":{"allow":["GET"]}}],"collection":[{"href":"https:\/\/wp.kristdemokraterna.se\/ydre\/wp-json\/wp\/v2\/pages"}],"about":[{"href":"https:\/\/wp.kristdemokraterna.se\/ydre\/wp-json\/wp\/v2\/types\/page"}],"author":[{"embeddable":true,"href":"https:\/\/wp.kristdemokraterna.se\/ydre\/wp-json\/wp\/v2\/users\/793"}],"replies":[{"embeddable":true,"href":"https:\/\/wp.kristdemokraterna.se\/ydre\/wp-json\/wp\/v2\/comments?post=1059"}],"version-history":[{"count":2,"href":"https:\/\/wp.kristdemokraterna.se\/ydre\/wp-json\/wp\/v2\/pages\/1059\/revisions"}],"predecessor-version":[{"id":1061,"href":"https:\/\/wp.kristdemokraterna.se\/ydre\/wp-json\/wp\/v2\/pages\/1059\/revisions\/1061"}],"wp:attachment":[{"href":"https:\/\/wp.kristdemokraterna.se\/ydre\/wp-json\/wp\/v2\/media?parent=1059"}],"curies":[{"name":"wp","href":"https:\/\/api.w.org\/{rel}","templated":true}]}}