{"id":1063,"date":"2018-07-20T17:22:20","date_gmt":"2018-07-20T15:22:20","guid":{"rendered":"http:\/\/wp.kristdemokraterna.se\/ydre\/?page_id=1063"},"modified":"2018-07-20T17:22:58","modified_gmt":"2018-07-20T15:22:58","slug":"2016-08-25-varifran-kommer-ydres-kultur","status":"publish","type":"page","link":"https:\/\/wp.kristdemokraterna.se\/ydre\/2016-08-25-varifran-kommer-ydres-kultur\/","title":{"rendered":"2016-08-25 Varifr\u00e5n kommer Ydres kultur?"},"content":{"rendered":"<p><img loading=\"lazy\" decoding=\"async\" src=\"http:\/\/ydrebo.se\/kd\/veckobrev\/kronika140801\/stack.JPG\" width=\"500\" height=\"500\" \/><br \/>\n<i>Hur har vi l\u00e4rt oss att bruka jorden?<\/p>\n<p><\/i>Ydres ur\u00e5ldriga kultur har en l\u00e5ng f\u00f6rhistoria. Vi fick h\u00f6ra om det i Ydresalen den 23\/8. Margareta Tengstr\u00f6m, professor i arkeologi i Frankrike, ber\u00e4ttade om hur jordbruket uppkom i Mellan\u00f6stern.<br \/>\nDet framst\u00e5r i efterhand som m\u00e4rkligt att under en relativt kort tid uppfanns jordbuk p\u00e5 m\u00e5nga h\u00e5ll i v\u00e4rlden. Det skedde i n\u00e4stan alla v\u00e4rldsdelar fr\u00e5n Sydamerika och Nigeria till Kina och Nya Guinea. Det var bara i Europa som ingen kom p\u00e5 denna revolutionerande id\u00e9. Och s\u00e4rskilt l\u00e4nge dr\u00f6jde det innan jordbruk inf\u00f6rdes i Norden.<br \/>\nVi fick h\u00f6ra att botaniskt kunniga arkeologer har rekonstruerat hur m\u00e4nniskor levde f\u00f6r tusentals \u00e5r sedan och vad de levde av medan s\u00e4desslagen l\u00e5ngsamt utvecklades.<\/p>\n<p>Margareta Tengstr\u00f6ms man Pascal Mongne, som ocks\u00e5 \u00e4r professor i arkeologi, ber\u00e4ttade om\u00a0<a href=\"http:\/\/www.zimbio.com\/pictures\/lfxWHgenNHS\/Ancient+Treasures+Afghanistan\/x7jjucvTc41\" target=\"_&quot;blank&quot;\"><b>utgr\u00e4vningar i Afghanistan<\/b><\/a>. Detta f\u00f6ljdes med stort intresse av \u00e5tskilliga ensamkommande flyktingungdomar som kommer fr\u00e5n just det landet. De och andra invandrare ordnade kv\u00e4llens servering.<br \/>\nDet hela var ett trevligt initiativ som ger mersmak. Dessutom fick vi l\u00e4ra oss mer om hur kulturernas historia h\u00e4nger ihop.<\/p>\n<p><i>Bengt Malm, ordf.<br \/>\n25 augusti 2016<\/i><\/p>\n","protected":false},"excerpt":{"rendered":"<p>Hur har vi l\u00e4rt oss att bruka jorden? Ydres ur\u00e5ldriga kultur har en l\u00e5ng f\u00f6rhistoria. Vi fick h\u00f6ra om det i Ydresalen den 23\/8. Margareta Tengstr\u00f6m, professor i arkeologi i Frankrike, ber\u00e4ttade om hur jordbruket uppkom i Mellan\u00f6stern. Det framst\u00e5r i efterhand som m\u00e4rkligt att under en relativt kort tid uppfanns jordbuk p\u00e5 m\u00e5nga h\u00e5ll <a class=\"read-more-link\" href=\"https:\/\/wp.kristdemokraterna.se\/ydre\/2016-08-25-varifran-kommer-ydres-kultur\/\">L\u00e4s mer<\/a><\/p>\n","protected":false},"author":793,"featured_media":0,"parent":0,"menu_order":0,"comment_status":"closed","ping_status":"closed","template":"","meta":{"_acf_changed":false,"footnotes":""},"class_list":["post-1063","page","type-page","status-publish","hentry"],"acf":[],"yoast_head":"<!-- This site is optimized with the Yoast SEO plugin v27.5 - https:\/\/yoast.com\/product\/yoast-seo-wordpress\/ -->\n<title>2016-08-25 Varifr\u00e5n kommer Ydres kultur? - Kristdemokraterna i Ydre<\/title>\n<meta name=\"robots\" content=\"index, follow, max-snippet:-1, max-image-preview:large, max-video-preview:-1\" \/>\n<link rel=\"canonical\" href=\"https:\/\/wp.kristdemokraterna.se\/ydre\/2016-08-25-varifran-kommer-ydres-kultur\/\" \/>\n<meta property=\"og:locale\" content=\"sv_SE\" \/>\n<meta property=\"og:type\" content=\"article\" \/>\n<meta property=\"og:title\" content=\"2016-08-25 Varifr\u00e5n kommer Ydres kultur? - Kristdemokraterna i Ydre\" \/>\n<meta property=\"og:description\" content=\"Hur har vi l\u00e4rt oss att bruka jorden? Ydres ur\u00e5ldriga kultur har en l\u00e5ng f\u00f6rhistoria. Vi fick h\u00f6ra om det i Ydresalen den 23\/8. Margareta Tengstr\u00f6m, professor i arkeologi i Frankrike, ber\u00e4ttade om hur jordbruket uppkom i Mellan\u00f6stern. Det framst\u00e5r i efterhand som m\u00e4rkligt att under en relativt kort tid uppfanns jordbuk p\u00e5 m\u00e5nga h\u00e5ll L\u00e4s mer\" \/>\n<meta property=\"og:url\" content=\"https:\/\/wp.kristdemokraterna.se\/ydre\/2016-08-25-varifran-kommer-ydres-kultur\/\" \/>\n<meta property=\"og:site_name\" content=\"Kristdemokraterna i Ydre\" \/>\n<meta property=\"article:modified_time\" content=\"2018-07-20T15:22:58+00:00\" \/>\n<meta property=\"og:image\" content=\"http:\/\/ydrebo.se\/kd\/veckobrev\/kronika140801\/stack.JPG\" \/>\n<meta name=\"twitter:card\" content=\"summary_large_image\" \/>\n<meta name=\"twitter:label1\" content=\"Ber\u00e4knad l\u00e4stid\" \/>\n\t<meta name=\"twitter:data1\" content=\"1 minut\" \/>\n<script type=\"application\/ld+json\" class=\"yoast-schema-graph\">{\"@context\":\"https:\\\/\\\/schema.org\",\"@graph\":[{\"@type\":\"WebPage\",\"@id\":\"https:\\\/\\\/wp.kristdemokraterna.se\\\/ydre\\\/2016-08-25-varifran-kommer-ydres-kultur\\\/\",\"url\":\"https:\\\/\\\/wp.kristdemokraterna.se\\\/ydre\\\/2016-08-25-varifran-kommer-ydres-kultur\\\/\",\"name\":\"2016-08-25 Varifr\u00e5n kommer Ydres kultur? - Kristdemokraterna i Ydre\",\"isPartOf\":{\"@id\":\"https:\\\/\\\/wp.kristdemokraterna.se\\\/ydre\\\/#website\"},\"primaryImageOfPage\":{\"@id\":\"https:\\\/\\\/wp.kristdemokraterna.se\\\/ydre\\\/2016-08-25-varifran-kommer-ydres-kultur\\\/#primaryimage\"},\"image\":{\"@id\":\"https:\\\/\\\/wp.kristdemokraterna.se\\\/ydre\\\/2016-08-25-varifran-kommer-ydres-kultur\\\/#primaryimage\"},\"thumbnailUrl\":\"http:\\\/\\\/ydrebo.se\\\/kd\\\/veckobrev\\\/kronika140801\\\/stack.JPG\",\"datePublished\":\"2018-07-20T15:22:20+00:00\",\"dateModified\":\"2018-07-20T15:22:58+00:00\",\"breadcrumb\":{\"@id\":\"https:\\\/\\\/wp.kristdemokraterna.se\\\/ydre\\\/2016-08-25-varifran-kommer-ydres-kultur\\\/#breadcrumb\"},\"inLanguage\":\"sv-SE\",\"potentialAction\":[{\"@type\":\"ReadAction\",\"target\":[\"https:\\\/\\\/wp.kristdemokraterna.se\\\/ydre\\\/2016-08-25-varifran-kommer-ydres-kultur\\\/\"]}]},{\"@type\":\"ImageObject\",\"inLanguage\":\"sv-SE\",\"@id\":\"https:\\\/\\\/wp.kristdemokraterna.se\\\/ydre\\\/2016-08-25-varifran-kommer-ydres-kultur\\\/#primaryimage\",\"url\":\"http:\\\/\\\/ydrebo.se\\\/kd\\\/veckobrev\\\/kronika140801\\\/stack.JPG\",\"contentUrl\":\"http:\\\/\\\/ydrebo.se\\\/kd\\\/veckobrev\\\/kronika140801\\\/stack.JPG\"},{\"@type\":\"BreadcrumbList\",\"@id\":\"https:\\\/\\\/wp.kristdemokraterna.se\\\/ydre\\\/2016-08-25-varifran-kommer-ydres-kultur\\\/#breadcrumb\",\"itemListElement\":[{\"@type\":\"ListItem\",\"position\":1,\"name\":\"Hem\",\"item\":\"https:\\\/\\\/wp.kristdemokraterna.se\\\/ydre\\\/\"},{\"@type\":\"ListItem\",\"position\":2,\"name\":\"2016-08-25 Varifr\u00e5n kommer Ydres kultur?\"}]},{\"@type\":\"WebSite\",\"@id\":\"https:\\\/\\\/wp.kristdemokraterna.se\\\/ydre\\\/#website\",\"url\":\"https:\\\/\\\/wp.kristdemokraterna.se\\\/ydre\\\/\",\"name\":\"Kristdemokraterna i Ydre\",\"description\":\"En till Kristdemokraterna webbplats\",\"inLanguage\":\"sv-SE\"}]}<\/script>\n<!-- \/ Yoast SEO plugin. -->","yoast_head_json":{"title":"2016-08-25 Varifr\u00e5n kommer Ydres kultur? - Kristdemokraterna i Ydre","robots":{"index":"index","follow":"follow","max-snippet":"max-snippet:-1","max-image-preview":"max-image-preview:large","max-video-preview":"max-video-preview:-1"},"canonical":"https:\/\/wp.kristdemokraterna.se\/ydre\/2016-08-25-varifran-kommer-ydres-kultur\/","og_locale":"sv_SE","og_type":"article","og_title":"2016-08-25 Varifr\u00e5n kommer Ydres kultur? - Kristdemokraterna i Ydre","og_description":"Hur har vi l\u00e4rt oss att bruka jorden? Ydres ur\u00e5ldriga kultur har en l\u00e5ng f\u00f6rhistoria. Vi fick h\u00f6ra om det i Ydresalen den 23\/8. Margareta Tengstr\u00f6m, professor i arkeologi i Frankrike, ber\u00e4ttade om hur jordbruket uppkom i Mellan\u00f6stern. Det framst\u00e5r i efterhand som m\u00e4rkligt att under en relativt kort tid uppfanns jordbuk p\u00e5 m\u00e5nga h\u00e5ll L\u00e4s mer","og_url":"https:\/\/wp.kristdemokraterna.se\/ydre\/2016-08-25-varifran-kommer-ydres-kultur\/","og_site_name":"Kristdemokraterna i Ydre","article_modified_time":"2018-07-20T15:22:58+00:00","og_image":[{"url":"http:\/\/ydrebo.se\/kd\/veckobrev\/kronika140801\/stack.JPG","type":"","width":"","height":""}],"twitter_card":"summary_large_image","twitter_misc":{"Ber\u00e4knad l\u00e4stid":"1 minut"},"schema":{"@context":"https:\/\/schema.org","@graph":[{"@type":"WebPage","@id":"https:\/\/wp.kristdemokraterna.se\/ydre\/2016-08-25-varifran-kommer-ydres-kultur\/","url":"https:\/\/wp.kristdemokraterna.se\/ydre\/2016-08-25-varifran-kommer-ydres-kultur\/","name":"2016-08-25 Varifr\u00e5n kommer Ydres kultur? - Kristdemokraterna i Ydre","isPartOf":{"@id":"https:\/\/wp.kristdemokraterna.se\/ydre\/#website"},"primaryImageOfPage":{"@id":"https:\/\/wp.kristdemokraterna.se\/ydre\/2016-08-25-varifran-kommer-ydres-kultur\/#primaryimage"},"image":{"@id":"https:\/\/wp.kristdemokraterna.se\/ydre\/2016-08-25-varifran-kommer-ydres-kultur\/#primaryimage"},"thumbnailUrl":"http:\/\/ydrebo.se\/kd\/veckobrev\/kronika140801\/stack.JPG","datePublished":"2018-07-20T15:22:20+00:00","dateModified":"2018-07-20T15:22:58+00:00","breadcrumb":{"@id":"https:\/\/wp.kristdemokraterna.se\/ydre\/2016-08-25-varifran-kommer-ydres-kultur\/#breadcrumb"},"inLanguage":"sv-SE","potentialAction":[{"@type":"ReadAction","target":["https:\/\/wp.kristdemokraterna.se\/ydre\/2016-08-25-varifran-kommer-ydres-kultur\/"]}]},{"@type":"ImageObject","inLanguage":"sv-SE","@id":"https:\/\/wp.kristdemokraterna.se\/ydre\/2016-08-25-varifran-kommer-ydres-kultur\/#primaryimage","url":"http:\/\/ydrebo.se\/kd\/veckobrev\/kronika140801\/stack.JPG","contentUrl":"http:\/\/ydrebo.se\/kd\/veckobrev\/kronika140801\/stack.JPG"},{"@type":"BreadcrumbList","@id":"https:\/\/wp.kristdemokraterna.se\/ydre\/2016-08-25-varifran-kommer-ydres-kultur\/#breadcrumb","itemListElement":[{"@type":"ListItem","position":1,"name":"Hem","item":"https:\/\/wp.kristdemokraterna.se\/ydre\/"},{"@type":"ListItem","position":2,"name":"2016-08-25 Varifr\u00e5n kommer Ydres kultur?"}]},{"@type":"WebSite","@id":"https:\/\/wp.kristdemokraterna.se\/ydre\/#website","url":"https:\/\/wp.kristdemokraterna.se\/ydre\/","name":"Kristdemokraterna i Ydre","description":"En till Kristdemokraterna webbplats","inLanguage":"sv-SE"}]}},"_links":{"self":[{"href":"https:\/\/wp.kristdemokraterna.se\/ydre\/wp-json\/wp\/v2\/pages\/1063","targetHints":{"allow":["GET"]}}],"collection":[{"href":"https:\/\/wp.kristdemokraterna.se\/ydre\/wp-json\/wp\/v2\/pages"}],"about":[{"href":"https:\/\/wp.kristdemokraterna.se\/ydre\/wp-json\/wp\/v2\/types\/page"}],"author":[{"embeddable":true,"href":"https:\/\/wp.kristdemokraterna.se\/ydre\/wp-json\/wp\/v2\/users\/793"}],"replies":[{"embeddable":true,"href":"https:\/\/wp.kristdemokraterna.se\/ydre\/wp-json\/wp\/v2\/comments?post=1063"}],"version-history":[{"count":2,"href":"https:\/\/wp.kristdemokraterna.se\/ydre\/wp-json\/wp\/v2\/pages\/1063\/revisions"}],"predecessor-version":[{"id":1065,"href":"https:\/\/wp.kristdemokraterna.se\/ydre\/wp-json\/wp\/v2\/pages\/1063\/revisions\/1065"}],"wp:attachment":[{"href":"https:\/\/wp.kristdemokraterna.se\/ydre\/wp-json\/wp\/v2\/media?parent=1063"}],"curies":[{"name":"wp","href":"https:\/\/api.w.org\/{rel}","templated":true}]}}