{"id":1067,"date":"2018-07-20T17:24:48","date_gmt":"2018-07-20T15:24:48","guid":{"rendered":"http:\/\/wp.kristdemokraterna.se\/ydre\/?page_id=1067"},"modified":"2018-07-20T17:25:17","modified_gmt":"2018-07-20T15:25:17","slug":"2016-08-31-mer-gas","status":"publish","type":"page","link":"https:\/\/wp.kristdemokraterna.se\/ydre\/2016-08-31-mer-gas\/","title":{"rendered":"2016-08-31 Mer gas?"},"content":{"rendered":"<p>Beh\u00f6ver Europa mer naturgas? Borde man inte anv\u00e4nda mindre av den f\u00f6r milj\u00f6ns och klimatets skull?<br \/>\nMen n\u00e5gon minskning \u00e4r inte i sikte. Flera l\u00e4nder \u00e4r starkt beroende av rysk naturgas. Och det ger leverant\u00f6ren makt. Det finns redan en gasledning p\u00e5 havets botten utanf\u00f6r Gotland. \u00c4nnu en ledning planeras. Det beror p\u00e5 att Ryssland vill ha den.<br \/>\nDet skulle vara l\u00e4ttare och billigare att underh\u00e5lla de ledningar som redan finns p\u00e5 land. Men de g\u00e5r genom Ukraina. S\u00e5 gasledningen blir en del i ett storpolitiskt spel om inflytandet i Europa.<\/p>\n<p><img loading=\"lazy\" decoding=\"async\" src=\"http:\/\/ydrebo.se\/kd\/veckobrev2016\/hav2.jpg\" width=\"600\" height=\"465\" \/><br \/>\n<i>Sett fr\u00e5n den gamla svenskbygden Nuck\u00f6 i Estland ser \u00d6stersj\u00f6n fridfull ut.<br \/>\nMen en konflikt \u00e4r under uppsegling.<\/p>\n<p><\/i>Sverige \u00e4r indraget i detta spel eftersom Ryssland egentligen beh\u00f6ver utnyttja en hamn p\u00e5 Gotland f\u00f6r att kunna bygga ledningen. Kristdemokraterna menar att Sverige b\u00f6r s\u00e4ga nej till att medverka. Oron kring \u00d6stersj\u00f6n beh\u00f6ver inte \u00f6ka, i synnerhet inte som den blir sammankopplad med oron kring Ukraina.<\/p>\n<p><i>Bengt Malm, ordf.<br \/>\n31 augusti 2016<\/i><\/p>\n","protected":false},"excerpt":{"rendered":"<p>Beh\u00f6ver Europa mer naturgas? Borde man inte anv\u00e4nda mindre av den f\u00f6r milj\u00f6ns och klimatets skull? Men n\u00e5gon minskning \u00e4r inte i sikte. Flera l\u00e4nder \u00e4r starkt beroende av rysk naturgas. Och det ger leverant\u00f6ren makt. Det finns redan en gasledning p\u00e5 havets botten utanf\u00f6r Gotland. \u00c4nnu en ledning planeras. Det beror p\u00e5 att Ryssland <a class=\"read-more-link\" href=\"https:\/\/wp.kristdemokraterna.se\/ydre\/2016-08-31-mer-gas\/\">L\u00e4s mer<\/a><\/p>\n","protected":false},"author":793,"featured_media":0,"parent":0,"menu_order":0,"comment_status":"closed","ping_status":"closed","template":"","meta":{"_acf_changed":false,"footnotes":""},"class_list":["post-1067","page","type-page","status-publish","hentry"],"acf":[],"yoast_head":"<!-- This site is optimized with the Yoast SEO plugin v27.5 - https:\/\/yoast.com\/product\/yoast-seo-wordpress\/ -->\n<title>2016-08-31 Mer gas? - Kristdemokraterna i Ydre<\/title>\n<meta name=\"robots\" content=\"index, follow, max-snippet:-1, max-image-preview:large, max-video-preview:-1\" \/>\n<link rel=\"canonical\" href=\"https:\/\/wp.kristdemokraterna.se\/ydre\/2016-08-31-mer-gas\/\" \/>\n<meta property=\"og:locale\" content=\"sv_SE\" \/>\n<meta property=\"og:type\" content=\"article\" \/>\n<meta property=\"og:title\" content=\"2016-08-31 Mer gas? - Kristdemokraterna i Ydre\" \/>\n<meta property=\"og:description\" content=\"Beh\u00f6ver Europa mer naturgas? Borde man inte anv\u00e4nda mindre av den f\u00f6r milj\u00f6ns och klimatets skull? Men n\u00e5gon minskning \u00e4r inte i sikte. Flera l\u00e4nder \u00e4r starkt beroende av rysk naturgas. Och det ger leverant\u00f6ren makt. Det finns redan en gasledning p\u00e5 havets botten utanf\u00f6r Gotland. \u00c4nnu en ledning planeras. Det beror p\u00e5 att Ryssland L\u00e4s mer\" \/>\n<meta property=\"og:url\" content=\"https:\/\/wp.kristdemokraterna.se\/ydre\/2016-08-31-mer-gas\/\" \/>\n<meta property=\"og:site_name\" content=\"Kristdemokraterna i Ydre\" \/>\n<meta property=\"article:modified_time\" content=\"2018-07-20T15:25:17+00:00\" \/>\n<meta property=\"og:image\" content=\"http:\/\/ydrebo.se\/kd\/veckobrev2016\/hav2.jpg\" \/>\n<meta name=\"twitter:card\" content=\"summary_large_image\" \/>\n<meta name=\"twitter:label1\" content=\"Ber\u00e4knad l\u00e4stid\" \/>\n\t<meta name=\"twitter:data1\" content=\"1 minut\" \/>\n<script type=\"application\/ld+json\" class=\"yoast-schema-graph\">{\"@context\":\"https:\\\/\\\/schema.org\",\"@graph\":[{\"@type\":\"WebPage\",\"@id\":\"https:\\\/\\\/wp.kristdemokraterna.se\\\/ydre\\\/2016-08-31-mer-gas\\\/\",\"url\":\"https:\\\/\\\/wp.kristdemokraterna.se\\\/ydre\\\/2016-08-31-mer-gas\\\/\",\"name\":\"2016-08-31 Mer gas? - Kristdemokraterna i Ydre\",\"isPartOf\":{\"@id\":\"https:\\\/\\\/wp.kristdemokraterna.se\\\/ydre\\\/#website\"},\"primaryImageOfPage\":{\"@id\":\"https:\\\/\\\/wp.kristdemokraterna.se\\\/ydre\\\/2016-08-31-mer-gas\\\/#primaryimage\"},\"image\":{\"@id\":\"https:\\\/\\\/wp.kristdemokraterna.se\\\/ydre\\\/2016-08-31-mer-gas\\\/#primaryimage\"},\"thumbnailUrl\":\"http:\\\/\\\/ydrebo.se\\\/kd\\\/veckobrev2016\\\/hav2.jpg\",\"datePublished\":\"2018-07-20T15:24:48+00:00\",\"dateModified\":\"2018-07-20T15:25:17+00:00\",\"breadcrumb\":{\"@id\":\"https:\\\/\\\/wp.kristdemokraterna.se\\\/ydre\\\/2016-08-31-mer-gas\\\/#breadcrumb\"},\"inLanguage\":\"sv-SE\",\"potentialAction\":[{\"@type\":\"ReadAction\",\"target\":[\"https:\\\/\\\/wp.kristdemokraterna.se\\\/ydre\\\/2016-08-31-mer-gas\\\/\"]}]},{\"@type\":\"ImageObject\",\"inLanguage\":\"sv-SE\",\"@id\":\"https:\\\/\\\/wp.kristdemokraterna.se\\\/ydre\\\/2016-08-31-mer-gas\\\/#primaryimage\",\"url\":\"http:\\\/\\\/ydrebo.se\\\/kd\\\/veckobrev2016\\\/hav2.jpg\",\"contentUrl\":\"http:\\\/\\\/ydrebo.se\\\/kd\\\/veckobrev2016\\\/hav2.jpg\"},{\"@type\":\"BreadcrumbList\",\"@id\":\"https:\\\/\\\/wp.kristdemokraterna.se\\\/ydre\\\/2016-08-31-mer-gas\\\/#breadcrumb\",\"itemListElement\":[{\"@type\":\"ListItem\",\"position\":1,\"name\":\"Hem\",\"item\":\"https:\\\/\\\/wp.kristdemokraterna.se\\\/ydre\\\/\"},{\"@type\":\"ListItem\",\"position\":2,\"name\":\"2016-08-31 Mer gas?\"}]},{\"@type\":\"WebSite\",\"@id\":\"https:\\\/\\\/wp.kristdemokraterna.se\\\/ydre\\\/#website\",\"url\":\"https:\\\/\\\/wp.kristdemokraterna.se\\\/ydre\\\/\",\"name\":\"Kristdemokraterna i Ydre\",\"description\":\"En till Kristdemokraterna webbplats\",\"inLanguage\":\"sv-SE\"}]}<\/script>\n<!-- \/ Yoast SEO plugin. -->","yoast_head_json":{"title":"2016-08-31 Mer gas? - Kristdemokraterna i Ydre","robots":{"index":"index","follow":"follow","max-snippet":"max-snippet:-1","max-image-preview":"max-image-preview:large","max-video-preview":"max-video-preview:-1"},"canonical":"https:\/\/wp.kristdemokraterna.se\/ydre\/2016-08-31-mer-gas\/","og_locale":"sv_SE","og_type":"article","og_title":"2016-08-31 Mer gas? - Kristdemokraterna i Ydre","og_description":"Beh\u00f6ver Europa mer naturgas? Borde man inte anv\u00e4nda mindre av den f\u00f6r milj\u00f6ns och klimatets skull? Men n\u00e5gon minskning \u00e4r inte i sikte. Flera l\u00e4nder \u00e4r starkt beroende av rysk naturgas. Och det ger leverant\u00f6ren makt. Det finns redan en gasledning p\u00e5 havets botten utanf\u00f6r Gotland. \u00c4nnu en ledning planeras. Det beror p\u00e5 att Ryssland L\u00e4s mer","og_url":"https:\/\/wp.kristdemokraterna.se\/ydre\/2016-08-31-mer-gas\/","og_site_name":"Kristdemokraterna i Ydre","article_modified_time":"2018-07-20T15:25:17+00:00","og_image":[{"url":"http:\/\/ydrebo.se\/kd\/veckobrev2016\/hav2.jpg","type":"","width":"","height":""}],"twitter_card":"summary_large_image","twitter_misc":{"Ber\u00e4knad l\u00e4stid":"1 minut"},"schema":{"@context":"https:\/\/schema.org","@graph":[{"@type":"WebPage","@id":"https:\/\/wp.kristdemokraterna.se\/ydre\/2016-08-31-mer-gas\/","url":"https:\/\/wp.kristdemokraterna.se\/ydre\/2016-08-31-mer-gas\/","name":"2016-08-31 Mer gas? - Kristdemokraterna i Ydre","isPartOf":{"@id":"https:\/\/wp.kristdemokraterna.se\/ydre\/#website"},"primaryImageOfPage":{"@id":"https:\/\/wp.kristdemokraterna.se\/ydre\/2016-08-31-mer-gas\/#primaryimage"},"image":{"@id":"https:\/\/wp.kristdemokraterna.se\/ydre\/2016-08-31-mer-gas\/#primaryimage"},"thumbnailUrl":"http:\/\/ydrebo.se\/kd\/veckobrev2016\/hav2.jpg","datePublished":"2018-07-20T15:24:48+00:00","dateModified":"2018-07-20T15:25:17+00:00","breadcrumb":{"@id":"https:\/\/wp.kristdemokraterna.se\/ydre\/2016-08-31-mer-gas\/#breadcrumb"},"inLanguage":"sv-SE","potentialAction":[{"@type":"ReadAction","target":["https:\/\/wp.kristdemokraterna.se\/ydre\/2016-08-31-mer-gas\/"]}]},{"@type":"ImageObject","inLanguage":"sv-SE","@id":"https:\/\/wp.kristdemokraterna.se\/ydre\/2016-08-31-mer-gas\/#primaryimage","url":"http:\/\/ydrebo.se\/kd\/veckobrev2016\/hav2.jpg","contentUrl":"http:\/\/ydrebo.se\/kd\/veckobrev2016\/hav2.jpg"},{"@type":"BreadcrumbList","@id":"https:\/\/wp.kristdemokraterna.se\/ydre\/2016-08-31-mer-gas\/#breadcrumb","itemListElement":[{"@type":"ListItem","position":1,"name":"Hem","item":"https:\/\/wp.kristdemokraterna.se\/ydre\/"},{"@type":"ListItem","position":2,"name":"2016-08-31 Mer gas?"}]},{"@type":"WebSite","@id":"https:\/\/wp.kristdemokraterna.se\/ydre\/#website","url":"https:\/\/wp.kristdemokraterna.se\/ydre\/","name":"Kristdemokraterna i Ydre","description":"En till Kristdemokraterna webbplats","inLanguage":"sv-SE"}]}},"_links":{"self":[{"href":"https:\/\/wp.kristdemokraterna.se\/ydre\/wp-json\/wp\/v2\/pages\/1067","targetHints":{"allow":["GET"]}}],"collection":[{"href":"https:\/\/wp.kristdemokraterna.se\/ydre\/wp-json\/wp\/v2\/pages"}],"about":[{"href":"https:\/\/wp.kristdemokraterna.se\/ydre\/wp-json\/wp\/v2\/types\/page"}],"author":[{"embeddable":true,"href":"https:\/\/wp.kristdemokraterna.se\/ydre\/wp-json\/wp\/v2\/users\/793"}],"replies":[{"embeddable":true,"href":"https:\/\/wp.kristdemokraterna.se\/ydre\/wp-json\/wp\/v2\/comments?post=1067"}],"version-history":[{"count":2,"href":"https:\/\/wp.kristdemokraterna.se\/ydre\/wp-json\/wp\/v2\/pages\/1067\/revisions"}],"predecessor-version":[{"id":1069,"href":"https:\/\/wp.kristdemokraterna.se\/ydre\/wp-json\/wp\/v2\/pages\/1067\/revisions\/1069"}],"wp:attachment":[{"href":"https:\/\/wp.kristdemokraterna.se\/ydre\/wp-json\/wp\/v2\/media?parent=1067"}],"curies":[{"name":"wp","href":"https:\/\/api.w.org\/{rel}","templated":true}]}}