{"id":1077,"date":"2018-07-20T17:31:36","date_gmt":"2018-07-20T15:31:36","guid":{"rendered":"http:\/\/wp.kristdemokraterna.se\/ydre\/?page_id=1077"},"modified":"2018-07-20T17:33:33","modified_gmt":"2018-07-20T15:33:33","slug":"2016-09-18-ratten-till-utbildning","status":"publish","type":"page","link":"https:\/\/wp.kristdemokraterna.se\/ydre\/2016-09-18-ratten-till-utbildning\/","title":{"rendered":"2016-09-18 R\u00e4tten till utbildning"},"content":{"rendered":"<p>Det har nyligen i pressen ber\u00e4ttats om en pojke i N\u00e4ssj\u00f6 kommun som inte f\u00e5r g\u00e5 i skolan. Hans familj har i somras flyttat hit fr\u00e5n ett annat EU-land men \u00e4nnu inte f\u00e5tt svenska personnummer. Det tar l\u00e5ng tid att f\u00e5 ett s\u00e5dant nummer och innan dess existerar man inte enligt skolan. S\u00e5 har i alla fall lagarna tolkats d\u00e4r. Och detta g\u00e4ller \u00e4nd\u00e5 EU-medborgare. Hur det \u00e4r f\u00f6r andra h\u00f6r vi ocks\u00e5 en hel del om.<br \/>\nMen alla barn har ju r\u00e4tt till utbildning. Och det skall vara bra skolg\u00e5ng. Ydres skolor \u00e4r enligt\u00a0<a href=\"http:\/\/www.tranastidning.se\/article\/lararna-gor-skolan-i-ydre\/\" target=\"_&quot;blank&quot;\"><b>en f\u00e4rsk rapport<\/b><\/a>\u00a0b\u00e4st i Sverige p\u00e5 j\u00e4mst\u00e4lldhet. V\u00e5ra l\u00e4rare m\u00e5tte vara mycket bra (att deras l\u00f6ner h\u00f6r till de allra s\u00e4msta i landet \u00e4r d\u00e4remot inte alls bra).<\/p>\n<p><img loading=\"lazy\" decoding=\"async\" src=\"http:\/\/ydrebo.se\/kd\/veckobrev2016\/ydreskolan.JPG\" width=\"600\" height=\"462\" \/><br \/>\n<i>Sveriges mest j\u00e4mst\u00e4llda skola.<\/p>\n<p><\/i>Fr\u00e5gan om vad som \u00e4r en bra skolg\u00e5ng har utl\u00f6st en sv\u00e5r kris inom Liberalerna. Det b\u00f6rjade med en liten tidningsnotis om att det finns en muslimsk skola d\u00e4r pojkar och flickor har gymnastik var f\u00f6r sig. Men detta uppm\u00e4rksammades av flera observat\u00f6rer och man b\u00f6rjade ifr\u00e5gas\u00e4tta f\u00f6r\u00e4ldrars r\u00e4tt att v\u00e4lja skola \u00e5t sina barn. Liberalerna vill beh\u00e5lla deras r\u00e4tt bara de inte v\u00e4ljer &#8221;religi\u00f6sa&#8221; skolor.<br \/>\nAtt Liberalerna inte bara angrep en viss muslimsk skola utan alla religi\u00f6sa skolor oroade naturligtvis Kristna Friskoler\u00e5det. Liberalerna har nu svarat att f\u00f6r\u00e4ldrar visst f\u00e5r v\u00e4lja skola enligt sin \u00f6vertygelse. Det \u00e4r bara det att vissa skolor inte f\u00e5r finnas eftersom barnen m\u00e5ste f\u00e5 objektiv undervisning. Dvs n\u00e5gra religi\u00f6sa skolor f\u00e5r finnas kvar eftersom de redan \u00e4r godk\u00e4nda. De f\u00e5r allts\u00e5 forts\u00e4tta med sin icke objektiva undervisning. Men de f\u00e5r inte bli st\u00f6rre.<br \/>\nTidigare p\u00e5stods det att barn i religi\u00f6sa skolor blir f\u00f6r isolerade fr\u00e5n andra barn. Nu \u00e4r det pl\u00f6tsligt l\u00e4rarna som ifr\u00e5gas\u00e4tts. Det betraktas tydligen som en sj\u00e4lvklarhet att de inte kan vara objektiva. Eftersom Liberalernas slutreplik \u00e4r riktad mot Kristna Friskoler\u00e5det \u00e4r det tydligt att man inte litar p\u00e5 kristna l\u00e4rare (och naturligtvis inte p\u00e5 judiska och muslimska l\u00e4rare heller).<\/p>\n<p><img loading=\"lazy\" decoding=\"async\" src=\"http:\/\/ydrebo.se\/kd\/veckobrev2016\/ydreskolan2.JPG\" width=\"600\" height=\"462\" \/><br \/>\n<i>Utanf\u00f6r Ydreskolan.<\/p>\n<p><\/i>Liberalerna vill att barn inte skall hamna i utanf\u00f6rskap. Det \u00e4r som om kristna, judiska och muslimska f\u00f6r\u00e4ldrar automatiskt skall anses st\u00e5 &#8221;utanf\u00f6r&#8221;. Och skulle deras barn anse sig sj\u00e4lva f\u00f6r kristna, judar eller muslimer \u00e4r de ocks\u00e5 definitionsm\u00e4ssigt utanf\u00f6r. Liberalerna v\u00e4rnar om religionsfriheten. Man betonar att ingen skall f\u00f6rf\u00f6ljas f\u00f6r sin religion. Det skall allts\u00e5 vara till\u00e5tet att st\u00e5 &#8221;utanf\u00f6r&#8221;&#8230;<br \/>\nDet \u00e4r inte underligt att \u00e5tskiliga liberaler reagerar mot denna nya partilinje. Det inb\u00f6rdeskrig som just nu p\u00e5g\u00e5r i deras parti ang\u00e5r ocks\u00e5 de andra partierna i Alliansen och d\u00e4rmed hela den svenska politiken. Det ser ut att bli sp\u00e4nnande fram\u00f6ver.<\/p>\n<p><i>Bengt Malm, ordf.<br \/>\n18 september 2016<\/i><\/p>\n","protected":false},"excerpt":{"rendered":"<p>Det har nyligen i pressen ber\u00e4ttats om en pojke i N\u00e4ssj\u00f6 kommun som inte f\u00e5r g\u00e5 i skolan. Hans familj har i somras flyttat hit fr\u00e5n ett annat EU-land men \u00e4nnu inte f\u00e5tt svenska personnummer. Det tar l\u00e5ng tid att f\u00e5 ett s\u00e5dant nummer och innan dess existerar man inte enligt skolan. S\u00e5 har i <a class=\"read-more-link\" href=\"https:\/\/wp.kristdemokraterna.se\/ydre\/2016-09-18-ratten-till-utbildning\/\">L\u00e4s mer<\/a><\/p>\n","protected":false},"author":793,"featured_media":0,"parent":0,"menu_order":0,"comment_status":"closed","ping_status":"closed","template":"","meta":{"_acf_changed":false,"footnotes":""},"class_list":["post-1077","page","type-page","status-publish","hentry"],"acf":[],"yoast_head":"<!-- This site is optimized with the Yoast SEO plugin v27.5 - https:\/\/yoast.com\/product\/yoast-seo-wordpress\/ -->\n<title>2016-09-18 R\u00e4tten till utbildning - Kristdemokraterna i Ydre<\/title>\n<meta name=\"robots\" content=\"index, follow, max-snippet:-1, max-image-preview:large, max-video-preview:-1\" \/>\n<link rel=\"canonical\" href=\"https:\/\/wp.kristdemokraterna.se\/ydre\/2016-09-18-ratten-till-utbildning\/\" \/>\n<meta property=\"og:locale\" content=\"sv_SE\" \/>\n<meta property=\"og:type\" content=\"article\" \/>\n<meta property=\"og:title\" content=\"2016-09-18 R\u00e4tten till utbildning - Kristdemokraterna i Ydre\" \/>\n<meta property=\"og:description\" content=\"Det har nyligen i pressen ber\u00e4ttats om en pojke i N\u00e4ssj\u00f6 kommun som inte f\u00e5r g\u00e5 i skolan. Hans familj har i somras flyttat hit fr\u00e5n ett annat EU-land men \u00e4nnu inte f\u00e5tt svenska personnummer. Det tar l\u00e5ng tid att f\u00e5 ett s\u00e5dant nummer och innan dess existerar man inte enligt skolan. S\u00e5 har i L\u00e4s mer\" \/>\n<meta property=\"og:url\" content=\"https:\/\/wp.kristdemokraterna.se\/ydre\/2016-09-18-ratten-till-utbildning\/\" \/>\n<meta property=\"og:site_name\" content=\"Kristdemokraterna i Ydre\" \/>\n<meta property=\"article:modified_time\" content=\"2018-07-20T15:33:33+00:00\" \/>\n<meta property=\"og:image\" content=\"http:\/\/ydrebo.se\/kd\/veckobrev2016\/ydreskolan.JPG\" \/>\n<meta name=\"twitter:card\" content=\"summary_large_image\" \/>\n<meta name=\"twitter:label1\" content=\"Ber\u00e4knad l\u00e4stid\" \/>\n\t<meta name=\"twitter:data1\" content=\"3 minuter\" \/>\n<script type=\"application\/ld+json\" class=\"yoast-schema-graph\">{\"@context\":\"https:\\\/\\\/schema.org\",\"@graph\":[{\"@type\":\"WebPage\",\"@id\":\"https:\\\/\\\/wp.kristdemokraterna.se\\\/ydre\\\/2016-09-18-ratten-till-utbildning\\\/\",\"url\":\"https:\\\/\\\/wp.kristdemokraterna.se\\\/ydre\\\/2016-09-18-ratten-till-utbildning\\\/\",\"name\":\"2016-09-18 R\u00e4tten till utbildning - Kristdemokraterna i Ydre\",\"isPartOf\":{\"@id\":\"https:\\\/\\\/wp.kristdemokraterna.se\\\/ydre\\\/#website\"},\"primaryImageOfPage\":{\"@id\":\"https:\\\/\\\/wp.kristdemokraterna.se\\\/ydre\\\/2016-09-18-ratten-till-utbildning\\\/#primaryimage\"},\"image\":{\"@id\":\"https:\\\/\\\/wp.kristdemokraterna.se\\\/ydre\\\/2016-09-18-ratten-till-utbildning\\\/#primaryimage\"},\"thumbnailUrl\":\"http:\\\/\\\/ydrebo.se\\\/kd\\\/veckobrev2016\\\/ydreskolan.JPG\",\"datePublished\":\"2018-07-20T15:31:36+00:00\",\"dateModified\":\"2018-07-20T15:33:33+00:00\",\"breadcrumb\":{\"@id\":\"https:\\\/\\\/wp.kristdemokraterna.se\\\/ydre\\\/2016-09-18-ratten-till-utbildning\\\/#breadcrumb\"},\"inLanguage\":\"sv-SE\",\"potentialAction\":[{\"@type\":\"ReadAction\",\"target\":[\"https:\\\/\\\/wp.kristdemokraterna.se\\\/ydre\\\/2016-09-18-ratten-till-utbildning\\\/\"]}]},{\"@type\":\"ImageObject\",\"inLanguage\":\"sv-SE\",\"@id\":\"https:\\\/\\\/wp.kristdemokraterna.se\\\/ydre\\\/2016-09-18-ratten-till-utbildning\\\/#primaryimage\",\"url\":\"http:\\\/\\\/ydrebo.se\\\/kd\\\/veckobrev2016\\\/ydreskolan.JPG\",\"contentUrl\":\"http:\\\/\\\/ydrebo.se\\\/kd\\\/veckobrev2016\\\/ydreskolan.JPG\"},{\"@type\":\"BreadcrumbList\",\"@id\":\"https:\\\/\\\/wp.kristdemokraterna.se\\\/ydre\\\/2016-09-18-ratten-till-utbildning\\\/#breadcrumb\",\"itemListElement\":[{\"@type\":\"ListItem\",\"position\":1,\"name\":\"Hem\",\"item\":\"https:\\\/\\\/wp.kristdemokraterna.se\\\/ydre\\\/\"},{\"@type\":\"ListItem\",\"position\":2,\"name\":\"2016-09-18 R\u00e4tten till utbildning\"}]},{\"@type\":\"WebSite\",\"@id\":\"https:\\\/\\\/wp.kristdemokraterna.se\\\/ydre\\\/#website\",\"url\":\"https:\\\/\\\/wp.kristdemokraterna.se\\\/ydre\\\/\",\"name\":\"Kristdemokraterna i Ydre\",\"description\":\"En till Kristdemokraterna webbplats\",\"inLanguage\":\"sv-SE\"}]}<\/script>\n<!-- \/ Yoast SEO plugin. -->","yoast_head_json":{"title":"2016-09-18 R\u00e4tten till utbildning - Kristdemokraterna i Ydre","robots":{"index":"index","follow":"follow","max-snippet":"max-snippet:-1","max-image-preview":"max-image-preview:large","max-video-preview":"max-video-preview:-1"},"canonical":"https:\/\/wp.kristdemokraterna.se\/ydre\/2016-09-18-ratten-till-utbildning\/","og_locale":"sv_SE","og_type":"article","og_title":"2016-09-18 R\u00e4tten till utbildning - Kristdemokraterna i Ydre","og_description":"Det har nyligen i pressen ber\u00e4ttats om en pojke i N\u00e4ssj\u00f6 kommun som inte f\u00e5r g\u00e5 i skolan. Hans familj har i somras flyttat hit fr\u00e5n ett annat EU-land men \u00e4nnu inte f\u00e5tt svenska personnummer. Det tar l\u00e5ng tid att f\u00e5 ett s\u00e5dant nummer och innan dess existerar man inte enligt skolan. S\u00e5 har i L\u00e4s mer","og_url":"https:\/\/wp.kristdemokraterna.se\/ydre\/2016-09-18-ratten-till-utbildning\/","og_site_name":"Kristdemokraterna i Ydre","article_modified_time":"2018-07-20T15:33:33+00:00","og_image":[{"url":"http:\/\/ydrebo.se\/kd\/veckobrev2016\/ydreskolan.JPG","type":"","width":"","height":""}],"twitter_card":"summary_large_image","twitter_misc":{"Ber\u00e4knad l\u00e4stid":"3 minuter"},"schema":{"@context":"https:\/\/schema.org","@graph":[{"@type":"WebPage","@id":"https:\/\/wp.kristdemokraterna.se\/ydre\/2016-09-18-ratten-till-utbildning\/","url":"https:\/\/wp.kristdemokraterna.se\/ydre\/2016-09-18-ratten-till-utbildning\/","name":"2016-09-18 R\u00e4tten till utbildning - Kristdemokraterna i Ydre","isPartOf":{"@id":"https:\/\/wp.kristdemokraterna.se\/ydre\/#website"},"primaryImageOfPage":{"@id":"https:\/\/wp.kristdemokraterna.se\/ydre\/2016-09-18-ratten-till-utbildning\/#primaryimage"},"image":{"@id":"https:\/\/wp.kristdemokraterna.se\/ydre\/2016-09-18-ratten-till-utbildning\/#primaryimage"},"thumbnailUrl":"http:\/\/ydrebo.se\/kd\/veckobrev2016\/ydreskolan.JPG","datePublished":"2018-07-20T15:31:36+00:00","dateModified":"2018-07-20T15:33:33+00:00","breadcrumb":{"@id":"https:\/\/wp.kristdemokraterna.se\/ydre\/2016-09-18-ratten-till-utbildning\/#breadcrumb"},"inLanguage":"sv-SE","potentialAction":[{"@type":"ReadAction","target":["https:\/\/wp.kristdemokraterna.se\/ydre\/2016-09-18-ratten-till-utbildning\/"]}]},{"@type":"ImageObject","inLanguage":"sv-SE","@id":"https:\/\/wp.kristdemokraterna.se\/ydre\/2016-09-18-ratten-till-utbildning\/#primaryimage","url":"http:\/\/ydrebo.se\/kd\/veckobrev2016\/ydreskolan.JPG","contentUrl":"http:\/\/ydrebo.se\/kd\/veckobrev2016\/ydreskolan.JPG"},{"@type":"BreadcrumbList","@id":"https:\/\/wp.kristdemokraterna.se\/ydre\/2016-09-18-ratten-till-utbildning\/#breadcrumb","itemListElement":[{"@type":"ListItem","position":1,"name":"Hem","item":"https:\/\/wp.kristdemokraterna.se\/ydre\/"},{"@type":"ListItem","position":2,"name":"2016-09-18 R\u00e4tten till utbildning"}]},{"@type":"WebSite","@id":"https:\/\/wp.kristdemokraterna.se\/ydre\/#website","url":"https:\/\/wp.kristdemokraterna.se\/ydre\/","name":"Kristdemokraterna i Ydre","description":"En till Kristdemokraterna webbplats","inLanguage":"sv-SE"}]}},"_links":{"self":[{"href":"https:\/\/wp.kristdemokraterna.se\/ydre\/wp-json\/wp\/v2\/pages\/1077","targetHints":{"allow":["GET"]}}],"collection":[{"href":"https:\/\/wp.kristdemokraterna.se\/ydre\/wp-json\/wp\/v2\/pages"}],"about":[{"href":"https:\/\/wp.kristdemokraterna.se\/ydre\/wp-json\/wp\/v2\/types\/page"}],"author":[{"embeddable":true,"href":"https:\/\/wp.kristdemokraterna.se\/ydre\/wp-json\/wp\/v2\/users\/793"}],"replies":[{"embeddable":true,"href":"https:\/\/wp.kristdemokraterna.se\/ydre\/wp-json\/wp\/v2\/comments?post=1077"}],"version-history":[{"count":3,"href":"https:\/\/wp.kristdemokraterna.se\/ydre\/wp-json\/wp\/v2\/pages\/1077\/revisions"}],"predecessor-version":[{"id":1080,"href":"https:\/\/wp.kristdemokraterna.se\/ydre\/wp-json\/wp\/v2\/pages\/1077\/revisions\/1080"}],"wp:attachment":[{"href":"https:\/\/wp.kristdemokraterna.se\/ydre\/wp-json\/wp\/v2\/media?parent=1077"}],"curies":[{"name":"wp","href":"https:\/\/api.w.org\/{rel}","templated":true}]}}