{"id":1082,"date":"2018-07-20T17:35:52","date_gmt":"2018-07-20T15:35:52","guid":{"rendered":"http:\/\/wp.kristdemokraterna.se\/ydre\/?page_id=1082"},"modified":"2018-07-20T17:38:33","modified_gmt":"2018-07-20T15:38:33","slug":"2016-09-23-kan-du-bevara-en-hemlighet","status":"publish","type":"page","link":"https:\/\/wp.kristdemokraterna.se\/ydre\/2016-09-23-kan-du-bevara-en-hemlighet\/","title":{"rendered":"2016-09-23 Kan du bevara en hemlighet?"},"content":{"rendered":"<p>Alla kan inte det. Just nu har ett par stora hemligheter l\u00e4ckt ut och v\u00e5llat asev\u00e4rd oro. Det g\u00e4ller b\u00e5de Ericsson och f\u00f6rsvaret.<br \/>\nDet s\u00e4gs att Ericsson funderar p\u00e5 att l\u00e4gga ner all tillverkning i Sverige. Det p\u00e5st\u00e5s ocks\u00e5 att detta bara ett av flera f\u00f6rslag. Vad \u00e4r sant? Regeringen, n\u00e4ringslivet, ber\u00f6rda kommuner och facket \u00e4r alla djupt bekymrade.<br \/>\n\u00d6verbef\u00e4lhavaren har \u00f6verraskande beslutat att f\u00f6rst\u00e4rka Gotlands f\u00f6rsvar. Han s\u00e4ger att hotet utifr\u00e5n blivit st\u00f6rre. Vad \u00e4r det som har h\u00e4nt. Riksdagens f\u00f6rsvarsutskott ville veta mer. Har det h\u00e4nt n\u00e5got s\u00e4rskilt?<\/p>\n<p><img loading=\"lazy\" decoding=\"async\" src=\"http:\/\/ydrebo.se\/kd\/veckobrev2016\/hav.JPG\" width=\"600\" height=\"462\" \/><br \/>\n<i>Hur hotad \u00e4r v\u00e5r fred?<\/i><\/p>\n<p>Finns det hemligheter i Ydre kommun? Jo, det finns ju s\u00e5dant som \u00e4r sekretessbelagt enligt lag. Men kommunalf\u00f6rbundet ITSAM som sk\u00f6ter kommunens datorer har f\u00f6r s\u00e4kerhets skull hemligst\u00e4mplat n\u00e4stan allt som g\u00e4ller kommunens verksamhet. S\u00e5 f\u00e5r man inte g\u00f6ra. Skall vi finna oss i det? Detta blir ett \u00e4mne vid n\u00e4sta sammantr\u00e4de i kommunfullm\u00e4ktige.<br \/>\nN\u00e5got som inte \u00e4r hemligt \u00e4r att Svenskt N\u00e4ringsliv anser att Ydre har det b\u00e4sta f\u00f6retagsklimatet i \u00d6sterg\u00f6tland. G\u00e5 till kommunkontoret och besk\u00e5da det vackra diplom som kommunen f\u00e5tt!<\/p>\n<p><img loading=\"lazy\" decoding=\"async\" src=\"http:\/\/ydrebo.se\/kd\/veckobrev2016\/ydremassa4.JPG\" width=\"600\" height=\"461\" \/><\/p>\n<p><i>Bengt Malm, ordf.<br \/>\n23 september 2016<\/i><\/p>\n","protected":false},"excerpt":{"rendered":"<p>Alla kan inte det. Just nu har ett par stora hemligheter l\u00e4ckt ut och v\u00e5llat asev\u00e4rd oro. Det g\u00e4ller b\u00e5de Ericsson och f\u00f6rsvaret. Det s\u00e4gs att Ericsson funderar p\u00e5 att l\u00e4gga ner all tillverkning i Sverige. Det p\u00e5st\u00e5s ocks\u00e5 att detta bara ett av flera f\u00f6rslag. Vad \u00e4r sant? Regeringen, n\u00e4ringslivet, ber\u00f6rda kommuner och facket <a class=\"read-more-link\" href=\"https:\/\/wp.kristdemokraterna.se\/ydre\/2016-09-23-kan-du-bevara-en-hemlighet\/\">L\u00e4s mer<\/a><\/p>\n","protected":false},"author":793,"featured_media":0,"parent":0,"menu_order":0,"comment_status":"closed","ping_status":"closed","template":"","meta":{"_acf_changed":false,"footnotes":""},"class_list":["post-1082","page","type-page","status-publish","hentry"],"acf":[],"yoast_head":"<!-- This site is optimized with the Yoast SEO plugin v27.5 - https:\/\/yoast.com\/product\/yoast-seo-wordpress\/ -->\n<title>2016-09-23 Kan du bevara en hemlighet? - Kristdemokraterna i Ydre<\/title>\n<meta name=\"robots\" content=\"index, follow, max-snippet:-1, max-image-preview:large, max-video-preview:-1\" \/>\n<link rel=\"canonical\" href=\"https:\/\/wp.kristdemokraterna.se\/ydre\/2016-09-23-kan-du-bevara-en-hemlighet\/\" \/>\n<meta property=\"og:locale\" content=\"sv_SE\" \/>\n<meta property=\"og:type\" content=\"article\" \/>\n<meta property=\"og:title\" content=\"2016-09-23 Kan du bevara en hemlighet? - Kristdemokraterna i Ydre\" \/>\n<meta property=\"og:description\" content=\"Alla kan inte det. Just nu har ett par stora hemligheter l\u00e4ckt ut och v\u00e5llat asev\u00e4rd oro. Det g\u00e4ller b\u00e5de Ericsson och f\u00f6rsvaret. Det s\u00e4gs att Ericsson funderar p\u00e5 att l\u00e4gga ner all tillverkning i Sverige. Det p\u00e5st\u00e5s ocks\u00e5 att detta bara ett av flera f\u00f6rslag. Vad \u00e4r sant? Regeringen, n\u00e4ringslivet, ber\u00f6rda kommuner och facket L\u00e4s mer\" \/>\n<meta property=\"og:url\" content=\"https:\/\/wp.kristdemokraterna.se\/ydre\/2016-09-23-kan-du-bevara-en-hemlighet\/\" \/>\n<meta property=\"og:site_name\" content=\"Kristdemokraterna i Ydre\" \/>\n<meta property=\"article:modified_time\" content=\"2018-07-20T15:38:33+00:00\" \/>\n<meta property=\"og:image\" content=\"http:\/\/ydrebo.se\/kd\/veckobrev2016\/hav.JPG\" \/>\n<meta name=\"twitter:card\" content=\"summary_large_image\" \/>\n<meta name=\"twitter:label1\" content=\"Ber\u00e4knad l\u00e4stid\" \/>\n\t<meta name=\"twitter:data1\" content=\"1 minut\" \/>\n<script type=\"application\/ld+json\" class=\"yoast-schema-graph\">{\"@context\":\"https:\\\/\\\/schema.org\",\"@graph\":[{\"@type\":\"WebPage\",\"@id\":\"https:\\\/\\\/wp.kristdemokraterna.se\\\/ydre\\\/2016-09-23-kan-du-bevara-en-hemlighet\\\/\",\"url\":\"https:\\\/\\\/wp.kristdemokraterna.se\\\/ydre\\\/2016-09-23-kan-du-bevara-en-hemlighet\\\/\",\"name\":\"2016-09-23 Kan du bevara en hemlighet? - Kristdemokraterna i Ydre\",\"isPartOf\":{\"@id\":\"https:\\\/\\\/wp.kristdemokraterna.se\\\/ydre\\\/#website\"},\"primaryImageOfPage\":{\"@id\":\"https:\\\/\\\/wp.kristdemokraterna.se\\\/ydre\\\/2016-09-23-kan-du-bevara-en-hemlighet\\\/#primaryimage\"},\"image\":{\"@id\":\"https:\\\/\\\/wp.kristdemokraterna.se\\\/ydre\\\/2016-09-23-kan-du-bevara-en-hemlighet\\\/#primaryimage\"},\"thumbnailUrl\":\"http:\\\/\\\/ydrebo.se\\\/kd\\\/veckobrev2016\\\/hav.JPG\",\"datePublished\":\"2018-07-20T15:35:52+00:00\",\"dateModified\":\"2018-07-20T15:38:33+00:00\",\"breadcrumb\":{\"@id\":\"https:\\\/\\\/wp.kristdemokraterna.se\\\/ydre\\\/2016-09-23-kan-du-bevara-en-hemlighet\\\/#breadcrumb\"},\"inLanguage\":\"sv-SE\",\"potentialAction\":[{\"@type\":\"ReadAction\",\"target\":[\"https:\\\/\\\/wp.kristdemokraterna.se\\\/ydre\\\/2016-09-23-kan-du-bevara-en-hemlighet\\\/\"]}]},{\"@type\":\"ImageObject\",\"inLanguage\":\"sv-SE\",\"@id\":\"https:\\\/\\\/wp.kristdemokraterna.se\\\/ydre\\\/2016-09-23-kan-du-bevara-en-hemlighet\\\/#primaryimage\",\"url\":\"http:\\\/\\\/ydrebo.se\\\/kd\\\/veckobrev2016\\\/hav.JPG\",\"contentUrl\":\"http:\\\/\\\/ydrebo.se\\\/kd\\\/veckobrev2016\\\/hav.JPG\"},{\"@type\":\"BreadcrumbList\",\"@id\":\"https:\\\/\\\/wp.kristdemokraterna.se\\\/ydre\\\/2016-09-23-kan-du-bevara-en-hemlighet\\\/#breadcrumb\",\"itemListElement\":[{\"@type\":\"ListItem\",\"position\":1,\"name\":\"Hem\",\"item\":\"https:\\\/\\\/wp.kristdemokraterna.se\\\/ydre\\\/\"},{\"@type\":\"ListItem\",\"position\":2,\"name\":\"2016-09-23 Kan du bevara en hemlighet?\"}]},{\"@type\":\"WebSite\",\"@id\":\"https:\\\/\\\/wp.kristdemokraterna.se\\\/ydre\\\/#website\",\"url\":\"https:\\\/\\\/wp.kristdemokraterna.se\\\/ydre\\\/\",\"name\":\"Kristdemokraterna i Ydre\",\"description\":\"En till Kristdemokraterna webbplats\",\"inLanguage\":\"sv-SE\"}]}<\/script>\n<!-- \/ Yoast SEO plugin. -->","yoast_head_json":{"title":"2016-09-23 Kan du bevara en hemlighet? - Kristdemokraterna i Ydre","robots":{"index":"index","follow":"follow","max-snippet":"max-snippet:-1","max-image-preview":"max-image-preview:large","max-video-preview":"max-video-preview:-1"},"canonical":"https:\/\/wp.kristdemokraterna.se\/ydre\/2016-09-23-kan-du-bevara-en-hemlighet\/","og_locale":"sv_SE","og_type":"article","og_title":"2016-09-23 Kan du bevara en hemlighet? - Kristdemokraterna i Ydre","og_description":"Alla kan inte det. Just nu har ett par stora hemligheter l\u00e4ckt ut och v\u00e5llat asev\u00e4rd oro. Det g\u00e4ller b\u00e5de Ericsson och f\u00f6rsvaret. Det s\u00e4gs att Ericsson funderar p\u00e5 att l\u00e4gga ner all tillverkning i Sverige. Det p\u00e5st\u00e5s ocks\u00e5 att detta bara ett av flera f\u00f6rslag. Vad \u00e4r sant? Regeringen, n\u00e4ringslivet, ber\u00f6rda kommuner och facket L\u00e4s mer","og_url":"https:\/\/wp.kristdemokraterna.se\/ydre\/2016-09-23-kan-du-bevara-en-hemlighet\/","og_site_name":"Kristdemokraterna i Ydre","article_modified_time":"2018-07-20T15:38:33+00:00","og_image":[{"url":"http:\/\/ydrebo.se\/kd\/veckobrev2016\/hav.JPG","type":"","width":"","height":""}],"twitter_card":"summary_large_image","twitter_misc":{"Ber\u00e4knad l\u00e4stid":"1 minut"},"schema":{"@context":"https:\/\/schema.org","@graph":[{"@type":"WebPage","@id":"https:\/\/wp.kristdemokraterna.se\/ydre\/2016-09-23-kan-du-bevara-en-hemlighet\/","url":"https:\/\/wp.kristdemokraterna.se\/ydre\/2016-09-23-kan-du-bevara-en-hemlighet\/","name":"2016-09-23 Kan du bevara en hemlighet? - Kristdemokraterna i Ydre","isPartOf":{"@id":"https:\/\/wp.kristdemokraterna.se\/ydre\/#website"},"primaryImageOfPage":{"@id":"https:\/\/wp.kristdemokraterna.se\/ydre\/2016-09-23-kan-du-bevara-en-hemlighet\/#primaryimage"},"image":{"@id":"https:\/\/wp.kristdemokraterna.se\/ydre\/2016-09-23-kan-du-bevara-en-hemlighet\/#primaryimage"},"thumbnailUrl":"http:\/\/ydrebo.se\/kd\/veckobrev2016\/hav.JPG","datePublished":"2018-07-20T15:35:52+00:00","dateModified":"2018-07-20T15:38:33+00:00","breadcrumb":{"@id":"https:\/\/wp.kristdemokraterna.se\/ydre\/2016-09-23-kan-du-bevara-en-hemlighet\/#breadcrumb"},"inLanguage":"sv-SE","potentialAction":[{"@type":"ReadAction","target":["https:\/\/wp.kristdemokraterna.se\/ydre\/2016-09-23-kan-du-bevara-en-hemlighet\/"]}]},{"@type":"ImageObject","inLanguage":"sv-SE","@id":"https:\/\/wp.kristdemokraterna.se\/ydre\/2016-09-23-kan-du-bevara-en-hemlighet\/#primaryimage","url":"http:\/\/ydrebo.se\/kd\/veckobrev2016\/hav.JPG","contentUrl":"http:\/\/ydrebo.se\/kd\/veckobrev2016\/hav.JPG"},{"@type":"BreadcrumbList","@id":"https:\/\/wp.kristdemokraterna.se\/ydre\/2016-09-23-kan-du-bevara-en-hemlighet\/#breadcrumb","itemListElement":[{"@type":"ListItem","position":1,"name":"Hem","item":"https:\/\/wp.kristdemokraterna.se\/ydre\/"},{"@type":"ListItem","position":2,"name":"2016-09-23 Kan du bevara en hemlighet?"}]},{"@type":"WebSite","@id":"https:\/\/wp.kristdemokraterna.se\/ydre\/#website","url":"https:\/\/wp.kristdemokraterna.se\/ydre\/","name":"Kristdemokraterna i Ydre","description":"En till Kristdemokraterna webbplats","inLanguage":"sv-SE"}]}},"_links":{"self":[{"href":"https:\/\/wp.kristdemokraterna.se\/ydre\/wp-json\/wp\/v2\/pages\/1082","targetHints":{"allow":["GET"]}}],"collection":[{"href":"https:\/\/wp.kristdemokraterna.se\/ydre\/wp-json\/wp\/v2\/pages"}],"about":[{"href":"https:\/\/wp.kristdemokraterna.se\/ydre\/wp-json\/wp\/v2\/types\/page"}],"author":[{"embeddable":true,"href":"https:\/\/wp.kristdemokraterna.se\/ydre\/wp-json\/wp\/v2\/users\/793"}],"replies":[{"embeddable":true,"href":"https:\/\/wp.kristdemokraterna.se\/ydre\/wp-json\/wp\/v2\/comments?post=1082"}],"version-history":[{"count":3,"href":"https:\/\/wp.kristdemokraterna.se\/ydre\/wp-json\/wp\/v2\/pages\/1082\/revisions"}],"predecessor-version":[{"id":1086,"href":"https:\/\/wp.kristdemokraterna.se\/ydre\/wp-json\/wp\/v2\/pages\/1082\/revisions\/1086"}],"wp:attachment":[{"href":"https:\/\/wp.kristdemokraterna.se\/ydre\/wp-json\/wp\/v2\/media?parent=1082"}],"curies":[{"name":"wp","href":"https:\/\/api.w.org\/{rel}","templated":true}]}}