{"id":1087,"date":"2018-07-20T17:40:36","date_gmt":"2018-07-20T15:40:36","guid":{"rendered":"http:\/\/wp.kristdemokraterna.se\/ydre\/?page_id=1087"},"modified":"2018-07-20T17:42:41","modified_gmt":"2018-07-20T15:42:41","slug":"2016-09-28-det-finns-mycket-gront-i-ydre","status":"publish","type":"page","link":"https:\/\/wp.kristdemokraterna.se\/ydre\/2016-09-28-det-finns-mycket-gront-i-ydre\/","title":{"rendered":"2016-09-28 Det finns mycket gr\u00f6nt i Ydre"},"content":{"rendered":"<p>Det b\u00f6rjar visserligen bli h\u00f6stf\u00e4rger. Men ocks\u00e5 detta \u00e4r en av Ydres attraktioner. V\u00e5r bygd \u00e4r v\u00e4rd att ses \u00e5ret om. B\u00e5de naturen och kulturlandskapet f\u00e5r m\u00e5nga att bes\u00f6ka oss.<br \/>\nMen vi b\u00f6r framh\u00e5lla Ydres naturliga f\u00f6rtj\u00e4nster \u00e4nnu mer. V\u00e5ra f\u00f6retagare anser n\u00e4mligen att Ydres politiker m\u00e5ste f\u00f6rs\u00f6ka \u00f6ka bygdens attraktionskraft. Det borde inte vara sv\u00e5rt eftersom Ydre \u00e4r raka motsatsen till\u00a0Hongkong.<\/p>\n<p><img loading=\"lazy\" decoding=\"async\" src=\"http:\/\/ydrebo.se\/kd\/veckobrev2016\/host.JPG\" width=\"600\" height=\"450\" \/><br \/>\n<i>H\u00f6st i \u00d6sterbymos centrum.<\/i><\/p>\n<p>H\u00e4romdagen inbj\u00f6d Lantbrukarnas Riksf\u00f6rbund ett antal politiker och tj\u00e4nstem\u00e4n till studiebes\u00f6k p\u00e5 tv\u00e5 g\u00e5rdar. P\u00e5 den ena finns bl.a. ett stort antal mj\u00f6lkkor som \u00e4r frig\u00e5ende inomhus men som ocks\u00e5 kan g\u00e5 ut.<br \/>\nDen andra g\u00e5rden vi bes\u00f6kte var Lind\u00e5sen med m\u00e5nga tusen h\u00f6ns. De kan ocks\u00e5 g\u00e5 ut. Enorma m\u00e4ngder \u00e4gg sorteras maskinellt varje dag inne i de stora &#8221;h\u00f6nshusen&#8221;. Det \u00e4r f\u00e5 h\u00f6nserier i Svrige som levererar fler ekologiska \u00e4gg. \u00c4nd\u00e5 \u00e4r g\u00e5rden nog ganska ok\u00e4nd d\u00e4r den ligger mitt ute i skogen.<\/p>\n<p><img loading=\"lazy\" decoding=\"async\" src=\"http:\/\/ydrebo.se\/kd\/veckobrev2016\/lindasen.JPG\" width=\"600\" height=\"461\" \/><br \/>\n<i>Mitt ute i vildmarken bor dessa h\u00f6ns.<\/i><\/p>\n<p>Det finns \u00e5tskilligt i Ydre som b\u00f6r bli mer k\u00e4nt! Det g\u00e4ller ocks\u00e5 v\u00e5r kultur.<\/p>\n<p><img loading=\"lazy\" decoding=\"async\" src=\"http:\/\/ydrebo.se\/kd\/veckobrev2016\/ed.JPG\" width=\"600\" height=\"462\" \/><br \/>\n<i>Ed i Sund.<\/i><\/p>\n<p><i>Bengt Malm, ordf.<br \/>\n28 september 2016<\/i><\/p>\n","protected":false},"excerpt":{"rendered":"<p>Det b\u00f6rjar visserligen bli h\u00f6stf\u00e4rger. Men ocks\u00e5 detta \u00e4r en av Ydres attraktioner. V\u00e5r bygd \u00e4r v\u00e4rd att ses \u00e5ret om. B\u00e5de naturen och kulturlandskapet f\u00e5r m\u00e5nga att bes\u00f6ka oss. Men vi b\u00f6r framh\u00e5lla Ydres naturliga f\u00f6rtj\u00e4nster \u00e4nnu mer. V\u00e5ra f\u00f6retagare anser n\u00e4mligen att Ydres politiker m\u00e5ste f\u00f6rs\u00f6ka \u00f6ka bygdens attraktionskraft. Det borde inte vara <a class=\"read-more-link\" href=\"https:\/\/wp.kristdemokraterna.se\/ydre\/2016-09-28-det-finns-mycket-gront-i-ydre\/\">L\u00e4s mer<\/a><\/p>\n","protected":false},"author":793,"featured_media":0,"parent":0,"menu_order":0,"comment_status":"closed","ping_status":"closed","template":"","meta":{"_acf_changed":false,"footnotes":""},"class_list":["post-1087","page","type-page","status-publish","hentry"],"acf":[],"yoast_head":"<!-- This site is optimized with the Yoast SEO plugin v27.5 - https:\/\/yoast.com\/product\/yoast-seo-wordpress\/ -->\n<title>2016-09-28 Det finns mycket gr\u00f6nt i Ydre - Kristdemokraterna i Ydre<\/title>\n<meta name=\"robots\" content=\"index, follow, max-snippet:-1, max-image-preview:large, max-video-preview:-1\" \/>\n<link rel=\"canonical\" href=\"https:\/\/wp.kristdemokraterna.se\/ydre\/2016-09-28-det-finns-mycket-gront-i-ydre\/\" \/>\n<meta property=\"og:locale\" content=\"sv_SE\" \/>\n<meta property=\"og:type\" content=\"article\" \/>\n<meta property=\"og:title\" content=\"2016-09-28 Det finns mycket gr\u00f6nt i Ydre - Kristdemokraterna i Ydre\" \/>\n<meta property=\"og:description\" content=\"Det b\u00f6rjar visserligen bli h\u00f6stf\u00e4rger. Men ocks\u00e5 detta \u00e4r en av Ydres attraktioner. V\u00e5r bygd \u00e4r v\u00e4rd att ses \u00e5ret om. B\u00e5de naturen och kulturlandskapet f\u00e5r m\u00e5nga att bes\u00f6ka oss. Men vi b\u00f6r framh\u00e5lla Ydres naturliga f\u00f6rtj\u00e4nster \u00e4nnu mer. V\u00e5ra f\u00f6retagare anser n\u00e4mligen att Ydres politiker m\u00e5ste f\u00f6rs\u00f6ka \u00f6ka bygdens attraktionskraft. Det borde inte vara L\u00e4s mer\" \/>\n<meta property=\"og:url\" content=\"https:\/\/wp.kristdemokraterna.se\/ydre\/2016-09-28-det-finns-mycket-gront-i-ydre\/\" \/>\n<meta property=\"og:site_name\" content=\"Kristdemokraterna i Ydre\" \/>\n<meta property=\"article:modified_time\" content=\"2018-07-20T15:42:41+00:00\" \/>\n<meta property=\"og:image\" content=\"http:\/\/ydrebo.se\/kd\/veckobrev2016\/host.JPG\" \/>\n<meta name=\"twitter:card\" content=\"summary_large_image\" \/>\n<meta name=\"twitter:label1\" content=\"Ber\u00e4knad l\u00e4stid\" \/>\n\t<meta name=\"twitter:data1\" content=\"1 minut\" \/>\n<script type=\"application\/ld+json\" class=\"yoast-schema-graph\">{\"@context\":\"https:\\\/\\\/schema.org\",\"@graph\":[{\"@type\":\"WebPage\",\"@id\":\"https:\\\/\\\/wp.kristdemokraterna.se\\\/ydre\\\/2016-09-28-det-finns-mycket-gront-i-ydre\\\/\",\"url\":\"https:\\\/\\\/wp.kristdemokraterna.se\\\/ydre\\\/2016-09-28-det-finns-mycket-gront-i-ydre\\\/\",\"name\":\"2016-09-28 Det finns mycket gr\u00f6nt i Ydre - Kristdemokraterna i Ydre\",\"isPartOf\":{\"@id\":\"https:\\\/\\\/wp.kristdemokraterna.se\\\/ydre\\\/#website\"},\"primaryImageOfPage\":{\"@id\":\"https:\\\/\\\/wp.kristdemokraterna.se\\\/ydre\\\/2016-09-28-det-finns-mycket-gront-i-ydre\\\/#primaryimage\"},\"image\":{\"@id\":\"https:\\\/\\\/wp.kristdemokraterna.se\\\/ydre\\\/2016-09-28-det-finns-mycket-gront-i-ydre\\\/#primaryimage\"},\"thumbnailUrl\":\"http:\\\/\\\/ydrebo.se\\\/kd\\\/veckobrev2016\\\/host.JPG\",\"datePublished\":\"2018-07-20T15:40:36+00:00\",\"dateModified\":\"2018-07-20T15:42:41+00:00\",\"breadcrumb\":{\"@id\":\"https:\\\/\\\/wp.kristdemokraterna.se\\\/ydre\\\/2016-09-28-det-finns-mycket-gront-i-ydre\\\/#breadcrumb\"},\"inLanguage\":\"sv-SE\",\"potentialAction\":[{\"@type\":\"ReadAction\",\"target\":[\"https:\\\/\\\/wp.kristdemokraterna.se\\\/ydre\\\/2016-09-28-det-finns-mycket-gront-i-ydre\\\/\"]}]},{\"@type\":\"ImageObject\",\"inLanguage\":\"sv-SE\",\"@id\":\"https:\\\/\\\/wp.kristdemokraterna.se\\\/ydre\\\/2016-09-28-det-finns-mycket-gront-i-ydre\\\/#primaryimage\",\"url\":\"http:\\\/\\\/ydrebo.se\\\/kd\\\/veckobrev2016\\\/host.JPG\",\"contentUrl\":\"http:\\\/\\\/ydrebo.se\\\/kd\\\/veckobrev2016\\\/host.JPG\"},{\"@type\":\"BreadcrumbList\",\"@id\":\"https:\\\/\\\/wp.kristdemokraterna.se\\\/ydre\\\/2016-09-28-det-finns-mycket-gront-i-ydre\\\/#breadcrumb\",\"itemListElement\":[{\"@type\":\"ListItem\",\"position\":1,\"name\":\"Hem\",\"item\":\"https:\\\/\\\/wp.kristdemokraterna.se\\\/ydre\\\/\"},{\"@type\":\"ListItem\",\"position\":2,\"name\":\"2016-09-28 Det finns mycket gr\u00f6nt i Ydre\"}]},{\"@type\":\"WebSite\",\"@id\":\"https:\\\/\\\/wp.kristdemokraterna.se\\\/ydre\\\/#website\",\"url\":\"https:\\\/\\\/wp.kristdemokraterna.se\\\/ydre\\\/\",\"name\":\"Kristdemokraterna i Ydre\",\"description\":\"En till Kristdemokraterna webbplats\",\"inLanguage\":\"sv-SE\"}]}<\/script>\n<!-- \/ Yoast SEO plugin. -->","yoast_head_json":{"title":"2016-09-28 Det finns mycket gr\u00f6nt i Ydre - Kristdemokraterna i Ydre","robots":{"index":"index","follow":"follow","max-snippet":"max-snippet:-1","max-image-preview":"max-image-preview:large","max-video-preview":"max-video-preview:-1"},"canonical":"https:\/\/wp.kristdemokraterna.se\/ydre\/2016-09-28-det-finns-mycket-gront-i-ydre\/","og_locale":"sv_SE","og_type":"article","og_title":"2016-09-28 Det finns mycket gr\u00f6nt i Ydre - Kristdemokraterna i Ydre","og_description":"Det b\u00f6rjar visserligen bli h\u00f6stf\u00e4rger. Men ocks\u00e5 detta \u00e4r en av Ydres attraktioner. V\u00e5r bygd \u00e4r v\u00e4rd att ses \u00e5ret om. B\u00e5de naturen och kulturlandskapet f\u00e5r m\u00e5nga att bes\u00f6ka oss. Men vi b\u00f6r framh\u00e5lla Ydres naturliga f\u00f6rtj\u00e4nster \u00e4nnu mer. V\u00e5ra f\u00f6retagare anser n\u00e4mligen att Ydres politiker m\u00e5ste f\u00f6rs\u00f6ka \u00f6ka bygdens attraktionskraft. Det borde inte vara L\u00e4s mer","og_url":"https:\/\/wp.kristdemokraterna.se\/ydre\/2016-09-28-det-finns-mycket-gront-i-ydre\/","og_site_name":"Kristdemokraterna i Ydre","article_modified_time":"2018-07-20T15:42:41+00:00","og_image":[{"url":"http:\/\/ydrebo.se\/kd\/veckobrev2016\/host.JPG","type":"","width":"","height":""}],"twitter_card":"summary_large_image","twitter_misc":{"Ber\u00e4knad l\u00e4stid":"1 minut"},"schema":{"@context":"https:\/\/schema.org","@graph":[{"@type":"WebPage","@id":"https:\/\/wp.kristdemokraterna.se\/ydre\/2016-09-28-det-finns-mycket-gront-i-ydre\/","url":"https:\/\/wp.kristdemokraterna.se\/ydre\/2016-09-28-det-finns-mycket-gront-i-ydre\/","name":"2016-09-28 Det finns mycket gr\u00f6nt i Ydre - Kristdemokraterna i Ydre","isPartOf":{"@id":"https:\/\/wp.kristdemokraterna.se\/ydre\/#website"},"primaryImageOfPage":{"@id":"https:\/\/wp.kristdemokraterna.se\/ydre\/2016-09-28-det-finns-mycket-gront-i-ydre\/#primaryimage"},"image":{"@id":"https:\/\/wp.kristdemokraterna.se\/ydre\/2016-09-28-det-finns-mycket-gront-i-ydre\/#primaryimage"},"thumbnailUrl":"http:\/\/ydrebo.se\/kd\/veckobrev2016\/host.JPG","datePublished":"2018-07-20T15:40:36+00:00","dateModified":"2018-07-20T15:42:41+00:00","breadcrumb":{"@id":"https:\/\/wp.kristdemokraterna.se\/ydre\/2016-09-28-det-finns-mycket-gront-i-ydre\/#breadcrumb"},"inLanguage":"sv-SE","potentialAction":[{"@type":"ReadAction","target":["https:\/\/wp.kristdemokraterna.se\/ydre\/2016-09-28-det-finns-mycket-gront-i-ydre\/"]}]},{"@type":"ImageObject","inLanguage":"sv-SE","@id":"https:\/\/wp.kristdemokraterna.se\/ydre\/2016-09-28-det-finns-mycket-gront-i-ydre\/#primaryimage","url":"http:\/\/ydrebo.se\/kd\/veckobrev2016\/host.JPG","contentUrl":"http:\/\/ydrebo.se\/kd\/veckobrev2016\/host.JPG"},{"@type":"BreadcrumbList","@id":"https:\/\/wp.kristdemokraterna.se\/ydre\/2016-09-28-det-finns-mycket-gront-i-ydre\/#breadcrumb","itemListElement":[{"@type":"ListItem","position":1,"name":"Hem","item":"https:\/\/wp.kristdemokraterna.se\/ydre\/"},{"@type":"ListItem","position":2,"name":"2016-09-28 Det finns mycket gr\u00f6nt i Ydre"}]},{"@type":"WebSite","@id":"https:\/\/wp.kristdemokraterna.se\/ydre\/#website","url":"https:\/\/wp.kristdemokraterna.se\/ydre\/","name":"Kristdemokraterna i Ydre","description":"En till Kristdemokraterna webbplats","inLanguage":"sv-SE"}]}},"_links":{"self":[{"href":"https:\/\/wp.kristdemokraterna.se\/ydre\/wp-json\/wp\/v2\/pages\/1087","targetHints":{"allow":["GET"]}}],"collection":[{"href":"https:\/\/wp.kristdemokraterna.se\/ydre\/wp-json\/wp\/v2\/pages"}],"about":[{"href":"https:\/\/wp.kristdemokraterna.se\/ydre\/wp-json\/wp\/v2\/types\/page"}],"author":[{"embeddable":true,"href":"https:\/\/wp.kristdemokraterna.se\/ydre\/wp-json\/wp\/v2\/users\/793"}],"replies":[{"embeddable":true,"href":"https:\/\/wp.kristdemokraterna.se\/ydre\/wp-json\/wp\/v2\/comments?post=1087"}],"version-history":[{"count":3,"href":"https:\/\/wp.kristdemokraterna.se\/ydre\/wp-json\/wp\/v2\/pages\/1087\/revisions"}],"predecessor-version":[{"id":1090,"href":"https:\/\/wp.kristdemokraterna.se\/ydre\/wp-json\/wp\/v2\/pages\/1087\/revisions\/1090"}],"wp:attachment":[{"href":"https:\/\/wp.kristdemokraterna.se\/ydre\/wp-json\/wp\/v2\/media?parent=1087"}],"curies":[{"name":"wp","href":"https:\/\/api.w.org\/{rel}","templated":true}]}}