{"id":1091,"date":"2018-07-20T17:44:11","date_gmt":"2018-07-20T15:44:11","guid":{"rendered":"http:\/\/wp.kristdemokraterna.se\/ydre\/?page_id=1091"},"modified":"2018-07-20T17:45:22","modified_gmt":"2018-07-20T15:45:22","slug":"2016-10-07-taget-har-inte-gatt-for-ydre","status":"publish","type":"page","link":"https:\/\/wp.kristdemokraterna.se\/ydre\/2016-10-07-taget-har-inte-gatt-for-ydre\/","title":{"rendered":"2016-10-07 T\u00e5get har inte g\u00e5tt f\u00f6r Ydre"},"content":{"rendered":"<p>Det \u00e4r l\u00e4nge sedan sista t\u00e5get gick h\u00e4rifr\u00e5n. Det \u00e4r s\u00e5 l\u00e4nge sedan att de flesta ydrebor inte har n\u00e5got minne av det. N\u00e5gon ny j\u00e4rnv\u00e4g l\u00e4r vi inte f\u00e5. Det r\u00e4knar vi inte heller med att regeringen skall f\u00f6resl\u00e5.<br \/>\nDe satsningar regeringen vill g\u00f6ra p\u00e5 j\u00e4rnv\u00e4garna g\u00e4ller framf\u00f6r allt byggande av h\u00f6ghastighetsbanor. Meningarna \u00e4r mycket delade om l\u00e4mpligheten av s\u00e5dana f\u00f6rbindelser.<\/p>\n<p><img loading=\"lazy\" decoding=\"async\" src=\"http:\/\/ydrebo.se\/kd\/veckobrev2016\/kommunhus.JPG\" width=\"600\" height=\"462\" \/><br \/>\n<i>Ydres kommunhus. H\u00e4r kommer inga h\u00f6ghastighetst\u00e5g att g\u00e5.<\/p>\n<p><\/i>Ydre beh\u00f6ver kommunikationer av ett helt annat slag. Region \u00d6sterg\u00f6tland har kommit med ett f\u00f6rslag till framtida kollektivtrafik i regionen. Vid det senaste sammantr\u00e4det i kommunstyrelsen var alla uppr\u00f6rda \u00f6ver den bristf\u00e4lliga behandlingen av\u00a0<a href=\"http:\/\/www.aftonbladet.se\/nyheter\/kolumnister\/patriklundberg\/article23635840.ab\" target=\"_blank\" rel=\"noopener\"><b>glesbygdens behov<\/b><\/a>. N\u00e4r jag menade att regionens f\u00f6rslag borde underk\u00e4nnas inst\u00e4mde alla entusiastiskt. S\u00e5 kommunen har skickat att ovanligt skarpt brev till regionen. Man b\u00f6r b\u00f6rja om fr\u00e5n b\u00f6rjan med planeringen och ta h\u00e4nsyn till de faktiska behoven.<\/p>\n<p><img loading=\"lazy\" decoding=\"async\" src=\"http:\/\/ydrebo.se\/kd\/veckobrev2016\/osterbymo.JPG\" width=\"600\" height=\"461\" \/><br \/>\n<i>Vi som bor h\u00e4r beh\u00f6ver ocks\u00e5 goda kommunikationer.<\/p>\n<p><\/i>Hur kan man som i regionens f\u00f6rslag s\u00e4ga att kommunikationerna \u00e4r goda om de \u00e4r bra f\u00f6r orter med mer \u00e4n 1000 inv\u00e5nare? Vad vet man d\u00e5 om landsbygden och vad man g\u00f6r d\u00e4r? Det som h\u00e4nder i Ydre ang\u00e5r m\u00e5nga fler \u00e4n dem som \u00e4r folkbokf\u00f6rda h\u00e4r.<\/p>\n<p><img loading=\"lazy\" decoding=\"async\" src=\"http:\/\/ydrebo.se\/kd\/veckobrev2016\/solviken.JPG\" width=\"600\" height=\"461\" \/><br \/>\n<i>\u00c4ven i Ydre m\u00e5ste man kunna f\u00f6rflytta sig b\u00e5de p\u00e5 arbetstid och p\u00e5 fritid.<\/p>\n<p><\/i><b>Ydre lever! T\u00e5get har inte g\u00e5tt f\u00f6r Ydre!<\/b><\/p>\n<p><img loading=\"lazy\" decoding=\"async\" src=\"http:\/\/ydrebo.se\/kd\/veckobrev2016\/raas.JPG\" width=\"600\" height=\"450\" \/><br \/>\n<i>V\u00e4lkommen hit! Fast det finns inga bra kommunikationer&#8230;<\/p>\n<p><\/i><i>Bengt Malm, ordf.<br \/>\n7 oktober 2016<\/i><\/p>\n","protected":false},"excerpt":{"rendered":"<p>Det \u00e4r l\u00e4nge sedan sista t\u00e5get gick h\u00e4rifr\u00e5n. Det \u00e4r s\u00e5 l\u00e4nge sedan att de flesta ydrebor inte har n\u00e5got minne av det. N\u00e5gon ny j\u00e4rnv\u00e4g l\u00e4r vi inte f\u00e5. Det r\u00e4knar vi inte heller med att regeringen skall f\u00f6resl\u00e5. De satsningar regeringen vill g\u00f6ra p\u00e5 j\u00e4rnv\u00e4garna g\u00e4ller framf\u00f6r allt byggande av h\u00f6ghastighetsbanor. Meningarna \u00e4r <a class=\"read-more-link\" href=\"https:\/\/wp.kristdemokraterna.se\/ydre\/2016-10-07-taget-har-inte-gatt-for-ydre\/\">L\u00e4s mer<\/a><\/p>\n","protected":false},"author":793,"featured_media":0,"parent":0,"menu_order":0,"comment_status":"closed","ping_status":"closed","template":"","meta":{"_acf_changed":false,"footnotes":""},"class_list":["post-1091","page","type-page","status-publish","hentry"],"acf":[],"yoast_head":"<!-- This site is optimized with the Yoast SEO plugin v27.5 - https:\/\/yoast.com\/product\/yoast-seo-wordpress\/ -->\n<title>2016-10-07 T\u00e5get har inte g\u00e5tt f\u00f6r Ydre - Kristdemokraterna i Ydre<\/title>\n<meta name=\"robots\" content=\"index, follow, max-snippet:-1, max-image-preview:large, max-video-preview:-1\" \/>\n<link rel=\"canonical\" href=\"https:\/\/wp.kristdemokraterna.se\/ydre\/2016-10-07-taget-har-inte-gatt-for-ydre\/\" \/>\n<meta property=\"og:locale\" content=\"sv_SE\" \/>\n<meta property=\"og:type\" content=\"article\" \/>\n<meta property=\"og:title\" content=\"2016-10-07 T\u00e5get har inte g\u00e5tt f\u00f6r Ydre - Kristdemokraterna i Ydre\" \/>\n<meta property=\"og:description\" content=\"Det \u00e4r l\u00e4nge sedan sista t\u00e5get gick h\u00e4rifr\u00e5n. Det \u00e4r s\u00e5 l\u00e4nge sedan att de flesta ydrebor inte har n\u00e5got minne av det. N\u00e5gon ny j\u00e4rnv\u00e4g l\u00e4r vi inte f\u00e5. Det r\u00e4knar vi inte heller med att regeringen skall f\u00f6resl\u00e5. De satsningar regeringen vill g\u00f6ra p\u00e5 j\u00e4rnv\u00e4garna g\u00e4ller framf\u00f6r allt byggande av h\u00f6ghastighetsbanor. Meningarna \u00e4r L\u00e4s mer\" \/>\n<meta property=\"og:url\" content=\"https:\/\/wp.kristdemokraterna.se\/ydre\/2016-10-07-taget-har-inte-gatt-for-ydre\/\" \/>\n<meta property=\"og:site_name\" content=\"Kristdemokraterna i Ydre\" \/>\n<meta property=\"article:modified_time\" content=\"2018-07-20T15:45:22+00:00\" \/>\n<meta property=\"og:image\" content=\"http:\/\/ydrebo.se\/kd\/veckobrev2016\/kommunhus.JPG\" \/>\n<meta name=\"twitter:card\" content=\"summary_large_image\" \/>\n<meta name=\"twitter:label1\" content=\"Ber\u00e4knad l\u00e4stid\" \/>\n\t<meta name=\"twitter:data1\" content=\"1 minut\" \/>\n<script type=\"application\/ld+json\" class=\"yoast-schema-graph\">{\"@context\":\"https:\\\/\\\/schema.org\",\"@graph\":[{\"@type\":\"WebPage\",\"@id\":\"https:\\\/\\\/wp.kristdemokraterna.se\\\/ydre\\\/2016-10-07-taget-har-inte-gatt-for-ydre\\\/\",\"url\":\"https:\\\/\\\/wp.kristdemokraterna.se\\\/ydre\\\/2016-10-07-taget-har-inte-gatt-for-ydre\\\/\",\"name\":\"2016-10-07 T\u00e5get har inte g\u00e5tt f\u00f6r Ydre - Kristdemokraterna i Ydre\",\"isPartOf\":{\"@id\":\"https:\\\/\\\/wp.kristdemokraterna.se\\\/ydre\\\/#website\"},\"primaryImageOfPage\":{\"@id\":\"https:\\\/\\\/wp.kristdemokraterna.se\\\/ydre\\\/2016-10-07-taget-har-inte-gatt-for-ydre\\\/#primaryimage\"},\"image\":{\"@id\":\"https:\\\/\\\/wp.kristdemokraterna.se\\\/ydre\\\/2016-10-07-taget-har-inte-gatt-for-ydre\\\/#primaryimage\"},\"thumbnailUrl\":\"http:\\\/\\\/ydrebo.se\\\/kd\\\/veckobrev2016\\\/kommunhus.JPG\",\"datePublished\":\"2018-07-20T15:44:11+00:00\",\"dateModified\":\"2018-07-20T15:45:22+00:00\",\"breadcrumb\":{\"@id\":\"https:\\\/\\\/wp.kristdemokraterna.se\\\/ydre\\\/2016-10-07-taget-har-inte-gatt-for-ydre\\\/#breadcrumb\"},\"inLanguage\":\"sv-SE\",\"potentialAction\":[{\"@type\":\"ReadAction\",\"target\":[\"https:\\\/\\\/wp.kristdemokraterna.se\\\/ydre\\\/2016-10-07-taget-har-inte-gatt-for-ydre\\\/\"]}]},{\"@type\":\"ImageObject\",\"inLanguage\":\"sv-SE\",\"@id\":\"https:\\\/\\\/wp.kristdemokraterna.se\\\/ydre\\\/2016-10-07-taget-har-inte-gatt-for-ydre\\\/#primaryimage\",\"url\":\"http:\\\/\\\/ydrebo.se\\\/kd\\\/veckobrev2016\\\/kommunhus.JPG\",\"contentUrl\":\"http:\\\/\\\/ydrebo.se\\\/kd\\\/veckobrev2016\\\/kommunhus.JPG\"},{\"@type\":\"BreadcrumbList\",\"@id\":\"https:\\\/\\\/wp.kristdemokraterna.se\\\/ydre\\\/2016-10-07-taget-har-inte-gatt-for-ydre\\\/#breadcrumb\",\"itemListElement\":[{\"@type\":\"ListItem\",\"position\":1,\"name\":\"Hem\",\"item\":\"https:\\\/\\\/wp.kristdemokraterna.se\\\/ydre\\\/\"},{\"@type\":\"ListItem\",\"position\":2,\"name\":\"2016-10-07 T\u00e5get har inte g\u00e5tt f\u00f6r Ydre\"}]},{\"@type\":\"WebSite\",\"@id\":\"https:\\\/\\\/wp.kristdemokraterna.se\\\/ydre\\\/#website\",\"url\":\"https:\\\/\\\/wp.kristdemokraterna.se\\\/ydre\\\/\",\"name\":\"Kristdemokraterna i Ydre\",\"description\":\"En till Kristdemokraterna webbplats\",\"inLanguage\":\"sv-SE\"}]}<\/script>\n<!-- \/ Yoast SEO plugin. -->","yoast_head_json":{"title":"2016-10-07 T\u00e5get har inte g\u00e5tt f\u00f6r Ydre - Kristdemokraterna i Ydre","robots":{"index":"index","follow":"follow","max-snippet":"max-snippet:-1","max-image-preview":"max-image-preview:large","max-video-preview":"max-video-preview:-1"},"canonical":"https:\/\/wp.kristdemokraterna.se\/ydre\/2016-10-07-taget-har-inte-gatt-for-ydre\/","og_locale":"sv_SE","og_type":"article","og_title":"2016-10-07 T\u00e5get har inte g\u00e5tt f\u00f6r Ydre - Kristdemokraterna i Ydre","og_description":"Det \u00e4r l\u00e4nge sedan sista t\u00e5get gick h\u00e4rifr\u00e5n. Det \u00e4r s\u00e5 l\u00e4nge sedan att de flesta ydrebor inte har n\u00e5got minne av det. N\u00e5gon ny j\u00e4rnv\u00e4g l\u00e4r vi inte f\u00e5. Det r\u00e4knar vi inte heller med att regeringen skall f\u00f6resl\u00e5. De satsningar regeringen vill g\u00f6ra p\u00e5 j\u00e4rnv\u00e4garna g\u00e4ller framf\u00f6r allt byggande av h\u00f6ghastighetsbanor. Meningarna \u00e4r L\u00e4s mer","og_url":"https:\/\/wp.kristdemokraterna.se\/ydre\/2016-10-07-taget-har-inte-gatt-for-ydre\/","og_site_name":"Kristdemokraterna i Ydre","article_modified_time":"2018-07-20T15:45:22+00:00","og_image":[{"url":"http:\/\/ydrebo.se\/kd\/veckobrev2016\/kommunhus.JPG","type":"","width":"","height":""}],"twitter_card":"summary_large_image","twitter_misc":{"Ber\u00e4knad l\u00e4stid":"1 minut"},"schema":{"@context":"https:\/\/schema.org","@graph":[{"@type":"WebPage","@id":"https:\/\/wp.kristdemokraterna.se\/ydre\/2016-10-07-taget-har-inte-gatt-for-ydre\/","url":"https:\/\/wp.kristdemokraterna.se\/ydre\/2016-10-07-taget-har-inte-gatt-for-ydre\/","name":"2016-10-07 T\u00e5get har inte g\u00e5tt f\u00f6r Ydre - Kristdemokraterna i Ydre","isPartOf":{"@id":"https:\/\/wp.kristdemokraterna.se\/ydre\/#website"},"primaryImageOfPage":{"@id":"https:\/\/wp.kristdemokraterna.se\/ydre\/2016-10-07-taget-har-inte-gatt-for-ydre\/#primaryimage"},"image":{"@id":"https:\/\/wp.kristdemokraterna.se\/ydre\/2016-10-07-taget-har-inte-gatt-for-ydre\/#primaryimage"},"thumbnailUrl":"http:\/\/ydrebo.se\/kd\/veckobrev2016\/kommunhus.JPG","datePublished":"2018-07-20T15:44:11+00:00","dateModified":"2018-07-20T15:45:22+00:00","breadcrumb":{"@id":"https:\/\/wp.kristdemokraterna.se\/ydre\/2016-10-07-taget-har-inte-gatt-for-ydre\/#breadcrumb"},"inLanguage":"sv-SE","potentialAction":[{"@type":"ReadAction","target":["https:\/\/wp.kristdemokraterna.se\/ydre\/2016-10-07-taget-har-inte-gatt-for-ydre\/"]}]},{"@type":"ImageObject","inLanguage":"sv-SE","@id":"https:\/\/wp.kristdemokraterna.se\/ydre\/2016-10-07-taget-har-inte-gatt-for-ydre\/#primaryimage","url":"http:\/\/ydrebo.se\/kd\/veckobrev2016\/kommunhus.JPG","contentUrl":"http:\/\/ydrebo.se\/kd\/veckobrev2016\/kommunhus.JPG"},{"@type":"BreadcrumbList","@id":"https:\/\/wp.kristdemokraterna.se\/ydre\/2016-10-07-taget-har-inte-gatt-for-ydre\/#breadcrumb","itemListElement":[{"@type":"ListItem","position":1,"name":"Hem","item":"https:\/\/wp.kristdemokraterna.se\/ydre\/"},{"@type":"ListItem","position":2,"name":"2016-10-07 T\u00e5get har inte g\u00e5tt f\u00f6r Ydre"}]},{"@type":"WebSite","@id":"https:\/\/wp.kristdemokraterna.se\/ydre\/#website","url":"https:\/\/wp.kristdemokraterna.se\/ydre\/","name":"Kristdemokraterna i Ydre","description":"En till Kristdemokraterna webbplats","inLanguage":"sv-SE"}]}},"_links":{"self":[{"href":"https:\/\/wp.kristdemokraterna.se\/ydre\/wp-json\/wp\/v2\/pages\/1091","targetHints":{"allow":["GET"]}}],"collection":[{"href":"https:\/\/wp.kristdemokraterna.se\/ydre\/wp-json\/wp\/v2\/pages"}],"about":[{"href":"https:\/\/wp.kristdemokraterna.se\/ydre\/wp-json\/wp\/v2\/types\/page"}],"author":[{"embeddable":true,"href":"https:\/\/wp.kristdemokraterna.se\/ydre\/wp-json\/wp\/v2\/users\/793"}],"replies":[{"embeddable":true,"href":"https:\/\/wp.kristdemokraterna.se\/ydre\/wp-json\/wp\/v2\/comments?post=1091"}],"version-history":[{"count":3,"href":"https:\/\/wp.kristdemokraterna.se\/ydre\/wp-json\/wp\/v2\/pages\/1091\/revisions"}],"predecessor-version":[{"id":1094,"href":"https:\/\/wp.kristdemokraterna.se\/ydre\/wp-json\/wp\/v2\/pages\/1091\/revisions\/1094"}],"wp:attachment":[{"href":"https:\/\/wp.kristdemokraterna.se\/ydre\/wp-json\/wp\/v2\/media?parent=1091"}],"curies":[{"name":"wp","href":"https:\/\/api.w.org\/{rel}","templated":true}]}}