{"id":1097,"date":"2018-07-20T17:50:02","date_gmt":"2018-07-20T15:50:02","guid":{"rendered":"http:\/\/wp.kristdemokraterna.se\/ydre\/?page_id=1097"},"modified":"2018-07-20T17:50:18","modified_gmt":"2018-07-20T15:50:18","slug":"2016-10-12-ater-ett-aktuellt-amne","status":"publish","type":"page","link":"https:\/\/wp.kristdemokraterna.se\/ydre\/2016-10-12-ater-ett-aktuellt-amne\/","title":{"rendered":"2016-10-12 \u00c5ter ett aktuellt \u00e4mne"},"content":{"rendered":"<table border=\"0\" width=\"60%\" cellspacing=\"0\" cellpadding=\"0\">\n<tbody>\n<tr>\n<td>\n<table border=\"0\" width=\"800\" cellspacing=\"0\" cellpadding=\"20\">\n<tbody>\n<tr>\n<td>\n<h2><img loading=\"lazy\" decoding=\"async\" style=\"font-family: inherit;font-size: inherit\" src=\"http:\/\/ydrebo.se\/kd\/veckobrev2015\/flyktingar.JPG\" width=\"800\" height=\"615\" \/><\/h2>\n<p><span style=\"font-size: large\">Det gamla frim\u00e4rket s\u00e4ger \u00e5terigen tillr\u00e4ckligt. V\u00e5ra &#8221;egna&#8221; flyktingar (de ensamkommande ungdomarna) \u00e4r otryggare \u00e4n n\u00e5gonsin&#8230; Det \u00e4r inte mycket vi i kommunen kan g\u00f6ra \u00e5t det n\u00e4r h\u00f6gre makter best\u00e4mmer.<\/span><\/p>\n<p><i style=\"font-family: inherit;font-size: inherit\">Bengt Malm, ordf.<br \/>\n<\/i><i style=\"font-family: inherit;font-size: inherit\">12 oktober 2016<\/i><\/td>\n<\/tr>\n<\/tbody>\n<\/table>\n<\/td>\n<\/tr>\n<\/tbody>\n<\/table>\n","protected":false},"excerpt":{"rendered":"<p>Det gamla frim\u00e4rket s\u00e4ger \u00e5terigen tillr\u00e4ckligt. V\u00e5ra &#8221;egna&#8221; flyktingar (de ensamkommande ungdomarna) \u00e4r otryggare \u00e4n n\u00e5gonsin&#8230; Det \u00e4r inte mycket vi i kommunen kan g\u00f6ra \u00e5t det n\u00e4r h\u00f6gre makter best\u00e4mmer. Bengt Malm, ordf. 12 oktober 2016<\/p>\n","protected":false},"author":793,"featured_media":0,"parent":0,"menu_order":0,"comment_status":"closed","ping_status":"closed","template":"","meta":{"_acf_changed":false,"footnotes":""},"class_list":["post-1097","page","type-page","status-publish","hentry"],"acf":[],"yoast_head":"<!-- This site is optimized with the Yoast SEO plugin v27.5 - https:\/\/yoast.com\/product\/yoast-seo-wordpress\/ -->\n<title>2016-10-12 \u00c5ter ett aktuellt \u00e4mne - Kristdemokraterna i Ydre<\/title>\n<meta name=\"robots\" content=\"index, follow, max-snippet:-1, max-image-preview:large, max-video-preview:-1\" \/>\n<link rel=\"canonical\" href=\"https:\/\/wp.kristdemokraterna.se\/ydre\/2016-10-12-ater-ett-aktuellt-amne\/\" \/>\n<meta property=\"og:locale\" content=\"sv_SE\" \/>\n<meta property=\"og:type\" content=\"article\" \/>\n<meta property=\"og:title\" content=\"2016-10-12 \u00c5ter ett aktuellt \u00e4mne - Kristdemokraterna i Ydre\" \/>\n<meta property=\"og:description\" content=\"Det gamla frim\u00e4rket s\u00e4ger \u00e5terigen tillr\u00e4ckligt. V\u00e5ra &#8221;egna&#8221; flyktingar (de ensamkommande ungdomarna) \u00e4r otryggare \u00e4n n\u00e5gonsin&#8230; Det \u00e4r inte mycket vi i kommunen kan g\u00f6ra \u00e5t det n\u00e4r h\u00f6gre makter best\u00e4mmer. Bengt Malm, ordf. 12 oktober 2016\" \/>\n<meta property=\"og:url\" content=\"https:\/\/wp.kristdemokraterna.se\/ydre\/2016-10-12-ater-ett-aktuellt-amne\/\" \/>\n<meta property=\"og:site_name\" content=\"Kristdemokraterna i Ydre\" \/>\n<meta property=\"article:modified_time\" content=\"2018-07-20T15:50:18+00:00\" \/>\n<meta property=\"og:image\" content=\"http:\/\/ydrebo.se\/kd\/veckobrev2015\/flyktingar.JPG\" \/>\n<meta name=\"twitter:card\" content=\"summary_large_image\" \/>\n<script type=\"application\/ld+json\" class=\"yoast-schema-graph\">{\"@context\":\"https:\\\/\\\/schema.org\",\"@graph\":[{\"@type\":\"WebPage\",\"@id\":\"https:\\\/\\\/wp.kristdemokraterna.se\\\/ydre\\\/2016-10-12-ater-ett-aktuellt-amne\\\/\",\"url\":\"https:\\\/\\\/wp.kristdemokraterna.se\\\/ydre\\\/2016-10-12-ater-ett-aktuellt-amne\\\/\",\"name\":\"2016-10-12 \u00c5ter ett aktuellt \u00e4mne - Kristdemokraterna i Ydre\",\"isPartOf\":{\"@id\":\"https:\\\/\\\/wp.kristdemokraterna.se\\\/ydre\\\/#website\"},\"primaryImageOfPage\":{\"@id\":\"https:\\\/\\\/wp.kristdemokraterna.se\\\/ydre\\\/2016-10-12-ater-ett-aktuellt-amne\\\/#primaryimage\"},\"image\":{\"@id\":\"https:\\\/\\\/wp.kristdemokraterna.se\\\/ydre\\\/2016-10-12-ater-ett-aktuellt-amne\\\/#primaryimage\"},\"thumbnailUrl\":\"http:\\\/\\\/ydrebo.se\\\/kd\\\/veckobrev2015\\\/flyktingar.JPG\",\"datePublished\":\"2018-07-20T15:50:02+00:00\",\"dateModified\":\"2018-07-20T15:50:18+00:00\",\"breadcrumb\":{\"@id\":\"https:\\\/\\\/wp.kristdemokraterna.se\\\/ydre\\\/2016-10-12-ater-ett-aktuellt-amne\\\/#breadcrumb\"},\"inLanguage\":\"sv-SE\",\"potentialAction\":[{\"@type\":\"ReadAction\",\"target\":[\"https:\\\/\\\/wp.kristdemokraterna.se\\\/ydre\\\/2016-10-12-ater-ett-aktuellt-amne\\\/\"]}]},{\"@type\":\"ImageObject\",\"inLanguage\":\"sv-SE\",\"@id\":\"https:\\\/\\\/wp.kristdemokraterna.se\\\/ydre\\\/2016-10-12-ater-ett-aktuellt-amne\\\/#primaryimage\",\"url\":\"http:\\\/\\\/ydrebo.se\\\/kd\\\/veckobrev2015\\\/flyktingar.JPG\",\"contentUrl\":\"http:\\\/\\\/ydrebo.se\\\/kd\\\/veckobrev2015\\\/flyktingar.JPG\"},{\"@type\":\"BreadcrumbList\",\"@id\":\"https:\\\/\\\/wp.kristdemokraterna.se\\\/ydre\\\/2016-10-12-ater-ett-aktuellt-amne\\\/#breadcrumb\",\"itemListElement\":[{\"@type\":\"ListItem\",\"position\":1,\"name\":\"Hem\",\"item\":\"https:\\\/\\\/wp.kristdemokraterna.se\\\/ydre\\\/\"},{\"@type\":\"ListItem\",\"position\":2,\"name\":\"2016-10-12 \u00c5ter ett aktuellt \u00e4mne\"}]},{\"@type\":\"WebSite\",\"@id\":\"https:\\\/\\\/wp.kristdemokraterna.se\\\/ydre\\\/#website\",\"url\":\"https:\\\/\\\/wp.kristdemokraterna.se\\\/ydre\\\/\",\"name\":\"Kristdemokraterna i Ydre\",\"description\":\"En till Kristdemokraterna webbplats\",\"inLanguage\":\"sv-SE\"}]}<\/script>\n<!-- \/ Yoast SEO plugin. -->","yoast_head_json":{"title":"2016-10-12 \u00c5ter ett aktuellt \u00e4mne - Kristdemokraterna i Ydre","robots":{"index":"index","follow":"follow","max-snippet":"max-snippet:-1","max-image-preview":"max-image-preview:large","max-video-preview":"max-video-preview:-1"},"canonical":"https:\/\/wp.kristdemokraterna.se\/ydre\/2016-10-12-ater-ett-aktuellt-amne\/","og_locale":"sv_SE","og_type":"article","og_title":"2016-10-12 \u00c5ter ett aktuellt \u00e4mne - Kristdemokraterna i Ydre","og_description":"Det gamla frim\u00e4rket s\u00e4ger \u00e5terigen tillr\u00e4ckligt. V\u00e5ra &#8221;egna&#8221; flyktingar (de ensamkommande ungdomarna) \u00e4r otryggare \u00e4n n\u00e5gonsin&#8230; Det \u00e4r inte mycket vi i kommunen kan g\u00f6ra \u00e5t det n\u00e4r h\u00f6gre makter best\u00e4mmer. Bengt Malm, ordf. 12 oktober 2016","og_url":"https:\/\/wp.kristdemokraterna.se\/ydre\/2016-10-12-ater-ett-aktuellt-amne\/","og_site_name":"Kristdemokraterna i Ydre","article_modified_time":"2018-07-20T15:50:18+00:00","og_image":[{"url":"http:\/\/ydrebo.se\/kd\/veckobrev2015\/flyktingar.JPG","type":"","width":"","height":""}],"twitter_card":"summary_large_image","schema":{"@context":"https:\/\/schema.org","@graph":[{"@type":"WebPage","@id":"https:\/\/wp.kristdemokraterna.se\/ydre\/2016-10-12-ater-ett-aktuellt-amne\/","url":"https:\/\/wp.kristdemokraterna.se\/ydre\/2016-10-12-ater-ett-aktuellt-amne\/","name":"2016-10-12 \u00c5ter ett aktuellt \u00e4mne - Kristdemokraterna i Ydre","isPartOf":{"@id":"https:\/\/wp.kristdemokraterna.se\/ydre\/#website"},"primaryImageOfPage":{"@id":"https:\/\/wp.kristdemokraterna.se\/ydre\/2016-10-12-ater-ett-aktuellt-amne\/#primaryimage"},"image":{"@id":"https:\/\/wp.kristdemokraterna.se\/ydre\/2016-10-12-ater-ett-aktuellt-amne\/#primaryimage"},"thumbnailUrl":"http:\/\/ydrebo.se\/kd\/veckobrev2015\/flyktingar.JPG","datePublished":"2018-07-20T15:50:02+00:00","dateModified":"2018-07-20T15:50:18+00:00","breadcrumb":{"@id":"https:\/\/wp.kristdemokraterna.se\/ydre\/2016-10-12-ater-ett-aktuellt-amne\/#breadcrumb"},"inLanguage":"sv-SE","potentialAction":[{"@type":"ReadAction","target":["https:\/\/wp.kristdemokraterna.se\/ydre\/2016-10-12-ater-ett-aktuellt-amne\/"]}]},{"@type":"ImageObject","inLanguage":"sv-SE","@id":"https:\/\/wp.kristdemokraterna.se\/ydre\/2016-10-12-ater-ett-aktuellt-amne\/#primaryimage","url":"http:\/\/ydrebo.se\/kd\/veckobrev2015\/flyktingar.JPG","contentUrl":"http:\/\/ydrebo.se\/kd\/veckobrev2015\/flyktingar.JPG"},{"@type":"BreadcrumbList","@id":"https:\/\/wp.kristdemokraterna.se\/ydre\/2016-10-12-ater-ett-aktuellt-amne\/#breadcrumb","itemListElement":[{"@type":"ListItem","position":1,"name":"Hem","item":"https:\/\/wp.kristdemokraterna.se\/ydre\/"},{"@type":"ListItem","position":2,"name":"2016-10-12 \u00c5ter ett aktuellt \u00e4mne"}]},{"@type":"WebSite","@id":"https:\/\/wp.kristdemokraterna.se\/ydre\/#website","url":"https:\/\/wp.kristdemokraterna.se\/ydre\/","name":"Kristdemokraterna i Ydre","description":"En till Kristdemokraterna webbplats","inLanguage":"sv-SE"}]}},"_links":{"self":[{"href":"https:\/\/wp.kristdemokraterna.se\/ydre\/wp-json\/wp\/v2\/pages\/1097","targetHints":{"allow":["GET"]}}],"collection":[{"href":"https:\/\/wp.kristdemokraterna.se\/ydre\/wp-json\/wp\/v2\/pages"}],"about":[{"href":"https:\/\/wp.kristdemokraterna.se\/ydre\/wp-json\/wp\/v2\/types\/page"}],"author":[{"embeddable":true,"href":"https:\/\/wp.kristdemokraterna.se\/ydre\/wp-json\/wp\/v2\/users\/793"}],"replies":[{"embeddable":true,"href":"https:\/\/wp.kristdemokraterna.se\/ydre\/wp-json\/wp\/v2\/comments?post=1097"}],"version-history":[{"count":2,"href":"https:\/\/wp.kristdemokraterna.se\/ydre\/wp-json\/wp\/v2\/pages\/1097\/revisions"}],"predecessor-version":[{"id":1099,"href":"https:\/\/wp.kristdemokraterna.se\/ydre\/wp-json\/wp\/v2\/pages\/1097\/revisions\/1099"}],"wp:attachment":[{"href":"https:\/\/wp.kristdemokraterna.se\/ydre\/wp-json\/wp\/v2\/media?parent=1097"}],"curies":[{"name":"wp","href":"https:\/\/api.w.org\/{rel}","templated":true}]}}