{"id":1101,"date":"2018-07-20T17:52:33","date_gmt":"2018-07-20T15:52:33","guid":{"rendered":"http:\/\/wp.kristdemokraterna.se\/ydre\/?page_id=1101"},"modified":"2018-07-20T17:53:32","modified_gmt":"2018-07-20T15:53:32","slug":"2016-10-29-vad-behover-egentligen-en-aldre-ydrebo","status":"publish","type":"page","link":"https:\/\/wp.kristdemokraterna.se\/ydre\/2016-10-29-vad-behover-egentligen-en-aldre-ydrebo\/","title":{"rendered":"2016-10-29 Vad beh\u00f6ver egentligen en \u00e4ldre ydrebo?"},"content":{"rendered":"<p>Kanske \u00e4r det inte s\u00e5 mycket? L\u00e5t oss t\u00e4nka efter!<br \/>\nDe beh\u00f6ver nog n\u00e5gonstans att bo. F\u00f6rmodligen f\u00f6redrar de en ordentlig l\u00e4genhet. En del vill kanske bo i ett hus med m\u00e5nga blommor i tr\u00e4dg\u00e5rden. Det har inte varit n\u00e5gon stor rusning till seniorl\u00e4genheter och trygghetsboende. Ett antal beh\u00f6ver s.k. s\u00e4rskilt boende. Tyv\u00e4rr \u00e4r Sol\u00e4ngen ganska nedslitet och m\u00e5ste snart ers\u00e4ttas.<\/p>\n<p><img loading=\"lazy\" decoding=\"async\" src=\"http:\/\/ydrebo.se\/kd\/veckobrev2016\/solangen.JPG\" width=\"600\" height=\"435\" \/><br \/>\n<i>Institutioner ser tyv\u00e4rr ofta ut som just institutioner.<br \/>\n<\/i>(<i>Sol\u00e4ngen som om n\u00e5gra \u00e5r m\u00e5ste renoveras grundligt eller ers\u00e4ttas med n\u00e5got annat.<\/i>)<\/p>\n<p>Somliga beh\u00f6ver hj\u00e4lp i hemmet. Att f\u00e5 en \u00e4nnu b\u00e4ttre hemtj\u00e4nst \u00e4r en stor utmaning. Ja, en del beh\u00f6ver ocks\u00e5 personlig assistans.<br \/>\nDe som \u00e4r funktionshindrade kan beh\u00f6va f\u00e4rdtj\u00e4nst. Kristdemokraternas motion om bibeh\u00e5llen kvalitet p\u00e5 f\u00e4rdtj\u00e4nsten kommer att behandlas p\u00e5 n\u00e4sta sammantr\u00e4de i kommunstyrelsen.<br \/>\nM\u00e4nniskor i alla \u00e5ldrar kan bli sjuka. Viss hemsjukv\u00e5rd ordnas av kommunen. Men annars \u00e4r det regionens uppgift att sk\u00f6ta v\u00e5r v\u00e5rdcentral. Och d\u00e4r \u00e4r det kris. Kristdemokraterna vill att hela kommunstyrelsen skall tala med regionens representanter s\u00e5 snart det \u00e4r m\u00f6jligt.<\/p>\n<p><img loading=\"lazy\" decoding=\"async\" src=\"http:\/\/ydrebo.se\/kd\/veckobrev2016\/centralparken.JPG\" width=\"600\" height=\"459\" \/><br \/>\n<i>De \u00e4ldre vill nog ha vackert omkring sig b\u00e5de inne och ute.<br \/>\n<\/i>(<i>Den centrala parken i \u00d6sterbymo.<\/i>)<\/p>\n<p>Det b\u00f6rjar visst bli en ganska l\u00e5ng lista p\u00e5 det som de \u00e4ldre beh\u00f6ver. Det finns allts\u00e5 en stor utmaning f\u00f6r kommunen och dess socialtj\u00e4nst.<\/p>\n<p><i>Bengt Malm, ordf.<br \/>\n19 oktober 2016<\/i><\/p>\n","protected":false},"excerpt":{"rendered":"<p>Kanske \u00e4r det inte s\u00e5 mycket? L\u00e5t oss t\u00e4nka efter! De beh\u00f6ver nog n\u00e5gonstans att bo. F\u00f6rmodligen f\u00f6redrar de en ordentlig l\u00e4genhet. En del vill kanske bo i ett hus med m\u00e5nga blommor i tr\u00e4dg\u00e5rden. Det har inte varit n\u00e5gon stor rusning till seniorl\u00e4genheter och trygghetsboende. Ett antal beh\u00f6ver s.k. s\u00e4rskilt boende. Tyv\u00e4rr \u00e4r Sol\u00e4ngen <a class=\"read-more-link\" href=\"https:\/\/wp.kristdemokraterna.se\/ydre\/2016-10-29-vad-behover-egentligen-en-aldre-ydrebo\/\">L\u00e4s mer<\/a><\/p>\n","protected":false},"author":793,"featured_media":0,"parent":0,"menu_order":0,"comment_status":"closed","ping_status":"closed","template":"","meta":{"_acf_changed":false,"footnotes":""},"class_list":["post-1101","page","type-page","status-publish","hentry"],"acf":[],"yoast_head":"<!-- This site is optimized with the Yoast SEO plugin v27.5 - https:\/\/yoast.com\/product\/yoast-seo-wordpress\/ -->\n<title>2016-10-29 Vad beh\u00f6ver egentligen en \u00e4ldre ydrebo? - Kristdemokraterna i Ydre<\/title>\n<meta name=\"robots\" content=\"index, follow, max-snippet:-1, max-image-preview:large, max-video-preview:-1\" \/>\n<link rel=\"canonical\" href=\"https:\/\/wp.kristdemokraterna.se\/ydre\/2016-10-29-vad-behover-egentligen-en-aldre-ydrebo\/\" \/>\n<meta property=\"og:locale\" content=\"sv_SE\" \/>\n<meta property=\"og:type\" content=\"article\" \/>\n<meta property=\"og:title\" content=\"2016-10-29 Vad beh\u00f6ver egentligen en \u00e4ldre ydrebo? - Kristdemokraterna i Ydre\" \/>\n<meta property=\"og:description\" content=\"Kanske \u00e4r det inte s\u00e5 mycket? L\u00e5t oss t\u00e4nka efter! De beh\u00f6ver nog n\u00e5gonstans att bo. F\u00f6rmodligen f\u00f6redrar de en ordentlig l\u00e4genhet. En del vill kanske bo i ett hus med m\u00e5nga blommor i tr\u00e4dg\u00e5rden. Det har inte varit n\u00e5gon stor rusning till seniorl\u00e4genheter och trygghetsboende. Ett antal beh\u00f6ver s.k. s\u00e4rskilt boende. Tyv\u00e4rr \u00e4r Sol\u00e4ngen L\u00e4s mer\" \/>\n<meta property=\"og:url\" content=\"https:\/\/wp.kristdemokraterna.se\/ydre\/2016-10-29-vad-behover-egentligen-en-aldre-ydrebo\/\" \/>\n<meta property=\"og:site_name\" content=\"Kristdemokraterna i Ydre\" \/>\n<meta property=\"article:modified_time\" content=\"2018-07-20T15:53:32+00:00\" \/>\n<meta property=\"og:image\" content=\"http:\/\/ydrebo.se\/kd\/veckobrev2016\/solangen.JPG\" \/>\n<meta name=\"twitter:card\" content=\"summary_large_image\" \/>\n<meta name=\"twitter:label1\" content=\"Ber\u00e4knad l\u00e4stid\" \/>\n\t<meta name=\"twitter:data1\" content=\"1 minut\" \/>\n<script type=\"application\/ld+json\" class=\"yoast-schema-graph\">{\"@context\":\"https:\\\/\\\/schema.org\",\"@graph\":[{\"@type\":\"WebPage\",\"@id\":\"https:\\\/\\\/wp.kristdemokraterna.se\\\/ydre\\\/2016-10-29-vad-behover-egentligen-en-aldre-ydrebo\\\/\",\"url\":\"https:\\\/\\\/wp.kristdemokraterna.se\\\/ydre\\\/2016-10-29-vad-behover-egentligen-en-aldre-ydrebo\\\/\",\"name\":\"2016-10-29 Vad beh\u00f6ver egentligen en \u00e4ldre ydrebo? - Kristdemokraterna i Ydre\",\"isPartOf\":{\"@id\":\"https:\\\/\\\/wp.kristdemokraterna.se\\\/ydre\\\/#website\"},\"primaryImageOfPage\":{\"@id\":\"https:\\\/\\\/wp.kristdemokraterna.se\\\/ydre\\\/2016-10-29-vad-behover-egentligen-en-aldre-ydrebo\\\/#primaryimage\"},\"image\":{\"@id\":\"https:\\\/\\\/wp.kristdemokraterna.se\\\/ydre\\\/2016-10-29-vad-behover-egentligen-en-aldre-ydrebo\\\/#primaryimage\"},\"thumbnailUrl\":\"http:\\\/\\\/ydrebo.se\\\/kd\\\/veckobrev2016\\\/solangen.JPG\",\"datePublished\":\"2018-07-20T15:52:33+00:00\",\"dateModified\":\"2018-07-20T15:53:32+00:00\",\"breadcrumb\":{\"@id\":\"https:\\\/\\\/wp.kristdemokraterna.se\\\/ydre\\\/2016-10-29-vad-behover-egentligen-en-aldre-ydrebo\\\/#breadcrumb\"},\"inLanguage\":\"sv-SE\",\"potentialAction\":[{\"@type\":\"ReadAction\",\"target\":[\"https:\\\/\\\/wp.kristdemokraterna.se\\\/ydre\\\/2016-10-29-vad-behover-egentligen-en-aldre-ydrebo\\\/\"]}]},{\"@type\":\"ImageObject\",\"inLanguage\":\"sv-SE\",\"@id\":\"https:\\\/\\\/wp.kristdemokraterna.se\\\/ydre\\\/2016-10-29-vad-behover-egentligen-en-aldre-ydrebo\\\/#primaryimage\",\"url\":\"http:\\\/\\\/ydrebo.se\\\/kd\\\/veckobrev2016\\\/solangen.JPG\",\"contentUrl\":\"http:\\\/\\\/ydrebo.se\\\/kd\\\/veckobrev2016\\\/solangen.JPG\"},{\"@type\":\"BreadcrumbList\",\"@id\":\"https:\\\/\\\/wp.kristdemokraterna.se\\\/ydre\\\/2016-10-29-vad-behover-egentligen-en-aldre-ydrebo\\\/#breadcrumb\",\"itemListElement\":[{\"@type\":\"ListItem\",\"position\":1,\"name\":\"Hem\",\"item\":\"https:\\\/\\\/wp.kristdemokraterna.se\\\/ydre\\\/\"},{\"@type\":\"ListItem\",\"position\":2,\"name\":\"2016-10-29 Vad beh\u00f6ver egentligen en \u00e4ldre ydrebo?\"}]},{\"@type\":\"WebSite\",\"@id\":\"https:\\\/\\\/wp.kristdemokraterna.se\\\/ydre\\\/#website\",\"url\":\"https:\\\/\\\/wp.kristdemokraterna.se\\\/ydre\\\/\",\"name\":\"Kristdemokraterna i Ydre\",\"description\":\"En till Kristdemokraterna webbplats\",\"inLanguage\":\"sv-SE\"}]}<\/script>\n<!-- \/ Yoast SEO plugin. -->","yoast_head_json":{"title":"2016-10-29 Vad beh\u00f6ver egentligen en \u00e4ldre ydrebo? - Kristdemokraterna i Ydre","robots":{"index":"index","follow":"follow","max-snippet":"max-snippet:-1","max-image-preview":"max-image-preview:large","max-video-preview":"max-video-preview:-1"},"canonical":"https:\/\/wp.kristdemokraterna.se\/ydre\/2016-10-29-vad-behover-egentligen-en-aldre-ydrebo\/","og_locale":"sv_SE","og_type":"article","og_title":"2016-10-29 Vad beh\u00f6ver egentligen en \u00e4ldre ydrebo? - Kristdemokraterna i Ydre","og_description":"Kanske \u00e4r det inte s\u00e5 mycket? L\u00e5t oss t\u00e4nka efter! De beh\u00f6ver nog n\u00e5gonstans att bo. F\u00f6rmodligen f\u00f6redrar de en ordentlig l\u00e4genhet. En del vill kanske bo i ett hus med m\u00e5nga blommor i tr\u00e4dg\u00e5rden. Det har inte varit n\u00e5gon stor rusning till seniorl\u00e4genheter och trygghetsboende. Ett antal beh\u00f6ver s.k. s\u00e4rskilt boende. Tyv\u00e4rr \u00e4r Sol\u00e4ngen L\u00e4s mer","og_url":"https:\/\/wp.kristdemokraterna.se\/ydre\/2016-10-29-vad-behover-egentligen-en-aldre-ydrebo\/","og_site_name":"Kristdemokraterna i Ydre","article_modified_time":"2018-07-20T15:53:32+00:00","og_image":[{"url":"http:\/\/ydrebo.se\/kd\/veckobrev2016\/solangen.JPG","type":"","width":"","height":""}],"twitter_card":"summary_large_image","twitter_misc":{"Ber\u00e4knad l\u00e4stid":"1 minut"},"schema":{"@context":"https:\/\/schema.org","@graph":[{"@type":"WebPage","@id":"https:\/\/wp.kristdemokraterna.se\/ydre\/2016-10-29-vad-behover-egentligen-en-aldre-ydrebo\/","url":"https:\/\/wp.kristdemokraterna.se\/ydre\/2016-10-29-vad-behover-egentligen-en-aldre-ydrebo\/","name":"2016-10-29 Vad beh\u00f6ver egentligen en \u00e4ldre ydrebo? - Kristdemokraterna i Ydre","isPartOf":{"@id":"https:\/\/wp.kristdemokraterna.se\/ydre\/#website"},"primaryImageOfPage":{"@id":"https:\/\/wp.kristdemokraterna.se\/ydre\/2016-10-29-vad-behover-egentligen-en-aldre-ydrebo\/#primaryimage"},"image":{"@id":"https:\/\/wp.kristdemokraterna.se\/ydre\/2016-10-29-vad-behover-egentligen-en-aldre-ydrebo\/#primaryimage"},"thumbnailUrl":"http:\/\/ydrebo.se\/kd\/veckobrev2016\/solangen.JPG","datePublished":"2018-07-20T15:52:33+00:00","dateModified":"2018-07-20T15:53:32+00:00","breadcrumb":{"@id":"https:\/\/wp.kristdemokraterna.se\/ydre\/2016-10-29-vad-behover-egentligen-en-aldre-ydrebo\/#breadcrumb"},"inLanguage":"sv-SE","potentialAction":[{"@type":"ReadAction","target":["https:\/\/wp.kristdemokraterna.se\/ydre\/2016-10-29-vad-behover-egentligen-en-aldre-ydrebo\/"]}]},{"@type":"ImageObject","inLanguage":"sv-SE","@id":"https:\/\/wp.kristdemokraterna.se\/ydre\/2016-10-29-vad-behover-egentligen-en-aldre-ydrebo\/#primaryimage","url":"http:\/\/ydrebo.se\/kd\/veckobrev2016\/solangen.JPG","contentUrl":"http:\/\/ydrebo.se\/kd\/veckobrev2016\/solangen.JPG"},{"@type":"BreadcrumbList","@id":"https:\/\/wp.kristdemokraterna.se\/ydre\/2016-10-29-vad-behover-egentligen-en-aldre-ydrebo\/#breadcrumb","itemListElement":[{"@type":"ListItem","position":1,"name":"Hem","item":"https:\/\/wp.kristdemokraterna.se\/ydre\/"},{"@type":"ListItem","position":2,"name":"2016-10-29 Vad beh\u00f6ver egentligen en \u00e4ldre ydrebo?"}]},{"@type":"WebSite","@id":"https:\/\/wp.kristdemokraterna.se\/ydre\/#website","url":"https:\/\/wp.kristdemokraterna.se\/ydre\/","name":"Kristdemokraterna i Ydre","description":"En till Kristdemokraterna webbplats","inLanguage":"sv-SE"}]}},"_links":{"self":[{"href":"https:\/\/wp.kristdemokraterna.se\/ydre\/wp-json\/wp\/v2\/pages\/1101","targetHints":{"allow":["GET"]}}],"collection":[{"href":"https:\/\/wp.kristdemokraterna.se\/ydre\/wp-json\/wp\/v2\/pages"}],"about":[{"href":"https:\/\/wp.kristdemokraterna.se\/ydre\/wp-json\/wp\/v2\/types\/page"}],"author":[{"embeddable":true,"href":"https:\/\/wp.kristdemokraterna.se\/ydre\/wp-json\/wp\/v2\/users\/793"}],"replies":[{"embeddable":true,"href":"https:\/\/wp.kristdemokraterna.se\/ydre\/wp-json\/wp\/v2\/comments?post=1101"}],"version-history":[{"count":2,"href":"https:\/\/wp.kristdemokraterna.se\/ydre\/wp-json\/wp\/v2\/pages\/1101\/revisions"}],"predecessor-version":[{"id":1103,"href":"https:\/\/wp.kristdemokraterna.se\/ydre\/wp-json\/wp\/v2\/pages\/1101\/revisions\/1103"}],"wp:attachment":[{"href":"https:\/\/wp.kristdemokraterna.se\/ydre\/wp-json\/wp\/v2\/media?parent=1101"}],"curies":[{"name":"wp","href":"https:\/\/api.w.org\/{rel}","templated":true}]}}