{"id":1105,"date":"2018-07-20T17:55:25","date_gmt":"2018-07-20T15:55:25","guid":{"rendered":"http:\/\/wp.kristdemokraterna.se\/ydre\/?page_id=1105"},"modified":"2018-07-20T17:55:58","modified_gmt":"2018-07-20T15:55:58","slug":"2016-10-26-ar-det-farligt-att-bo-i-ydre","status":"publish","type":"page","link":"https:\/\/wp.kristdemokraterna.se\/ydre\/2016-10-26-ar-det-farligt-att-bo-i-ydre\/","title":{"rendered":"2016-10-26 \u00c4r det farligt att bo i Ydre?"},"content":{"rendered":"<p>Det kanske sorgligaste \u00e4rendet vid n\u00e4sta sammantr\u00e4de i kommunstyrelsen handlar om hur vi skall kunna skydda oss mot &#8221;v\u00e5ldsbejakande extremism&#8221;. Fr\u00e5gan \u00e4r aktuell n\u00e4r det just g\u00e5tt ett \u00e5r efter morden p\u00e5 en skola i Trollh\u00e4ttan.<br \/>\nGrovt v\u00e5ld \u00e4r ytterst ovanligt i Ydre. Det \u00e4r s\u00e5 ovanligt att vid ett egendomligt d\u00f6dsfall p\u00e5 1800-talet visste ingen (inte ens polisen och l\u00e4karen) hur en riktig unders\u00f6kning borde g\u00e5 till. S\u00e5 det fallet \u00e4r fortfarande ol\u00f6st.<\/p>\n<p><img loading=\"lazy\" decoding=\"async\" src=\"http:\/\/ydrebo.se\/kd\/veckobrev2016\/poliser.JPG\" width=\"607\" height=\"326\" \/><br \/>\n<i>S\u00e5 h\u00e4r vill vi inte ha det i Ydre&#8230;<\/p>\n<p><\/i>Kommunhuset kan nog anses v\u00e4l skyddat. Ingen &#8211; absolut ingen &#8211; kommer in utan att den som man vill bes\u00f6ka personligen kommer till entr\u00e9n och \u00f6ppnar.<br \/>\nMen som i Trollh\u00e4ttan \u00e4r det en annan sak med skolorna. De \u00e4r av n\u00f6dv\u00e4ndighet mer \u00f6ppna. Personalen har bekymrat diskuterat saken.<br \/>\nHur skall man kunna f\u00f6rebygga v\u00e5ld? Finns det varningstecken man b\u00f6r vara uppm\u00e4rksam p\u00e5? Och vad skall vi g\u00f6ra d\u00e5? S\u00e5dana problem dr\u00f6mde vi inte om f\u00f6rr i tiden. G\u00e5r utvecklingen fram\u00e5t?<\/p>\n<p><img loading=\"lazy\" decoding=\"async\" src=\"http:\/\/ydrebo.se\/kd\/veckobrev\/rumskulla2.JPG\" width=\"600\" height=\"462\" \/><br \/>\n<i>&#8230;men hur skall barnen skyddas? (Bilden \u00e4r fr\u00e5n en f\u00f6rskola i Sm\u00e5land.)<\/p>\n<p><\/i><i>Bengt Malm, ordf.<br \/>\n26 oktober 2016<\/i><\/p>\n","protected":false},"excerpt":{"rendered":"<p>Det kanske sorgligaste \u00e4rendet vid n\u00e4sta sammantr\u00e4de i kommunstyrelsen handlar om hur vi skall kunna skydda oss mot &#8221;v\u00e5ldsbejakande extremism&#8221;. Fr\u00e5gan \u00e4r aktuell n\u00e4r det just g\u00e5tt ett \u00e5r efter morden p\u00e5 en skola i Trollh\u00e4ttan. Grovt v\u00e5ld \u00e4r ytterst ovanligt i Ydre. Det \u00e4r s\u00e5 ovanligt att vid ett egendomligt d\u00f6dsfall p\u00e5 1800-talet visste <a class=\"read-more-link\" href=\"https:\/\/wp.kristdemokraterna.se\/ydre\/2016-10-26-ar-det-farligt-att-bo-i-ydre\/\">L\u00e4s mer<\/a><\/p>\n","protected":false},"author":793,"featured_media":0,"parent":0,"menu_order":0,"comment_status":"closed","ping_status":"closed","template":"","meta":{"_acf_changed":false,"footnotes":""},"class_list":["post-1105","page","type-page","status-publish","hentry"],"acf":[],"yoast_head":"<!-- This site is optimized with the Yoast SEO plugin v27.5 - https:\/\/yoast.com\/product\/yoast-seo-wordpress\/ -->\n<title>2016-10-26 \u00c4r det farligt att bo i Ydre? - Kristdemokraterna i Ydre<\/title>\n<meta name=\"robots\" content=\"index, follow, max-snippet:-1, max-image-preview:large, max-video-preview:-1\" \/>\n<link rel=\"canonical\" href=\"https:\/\/wp.kristdemokraterna.se\/ydre\/2016-10-26-ar-det-farligt-att-bo-i-ydre\/\" \/>\n<meta property=\"og:locale\" content=\"sv_SE\" \/>\n<meta property=\"og:type\" content=\"article\" \/>\n<meta property=\"og:title\" content=\"2016-10-26 \u00c4r det farligt att bo i Ydre? - Kristdemokraterna i Ydre\" \/>\n<meta property=\"og:description\" content=\"Det kanske sorgligaste \u00e4rendet vid n\u00e4sta sammantr\u00e4de i kommunstyrelsen handlar om hur vi skall kunna skydda oss mot &#8221;v\u00e5ldsbejakande extremism&#8221;. Fr\u00e5gan \u00e4r aktuell n\u00e4r det just g\u00e5tt ett \u00e5r efter morden p\u00e5 en skola i Trollh\u00e4ttan. Grovt v\u00e5ld \u00e4r ytterst ovanligt i Ydre. Det \u00e4r s\u00e5 ovanligt att vid ett egendomligt d\u00f6dsfall p\u00e5 1800-talet visste L\u00e4s mer\" \/>\n<meta property=\"og:url\" content=\"https:\/\/wp.kristdemokraterna.se\/ydre\/2016-10-26-ar-det-farligt-att-bo-i-ydre\/\" \/>\n<meta property=\"og:site_name\" content=\"Kristdemokraterna i Ydre\" \/>\n<meta property=\"article:modified_time\" content=\"2018-07-20T15:55:58+00:00\" \/>\n<meta property=\"og:image\" content=\"http:\/\/ydrebo.se\/kd\/veckobrev2016\/poliser.JPG\" \/>\n<meta name=\"twitter:card\" content=\"summary_large_image\" \/>\n<meta name=\"twitter:label1\" content=\"Ber\u00e4knad l\u00e4stid\" \/>\n\t<meta name=\"twitter:data1\" content=\"1 minut\" \/>\n<script type=\"application\/ld+json\" class=\"yoast-schema-graph\">{\"@context\":\"https:\\\/\\\/schema.org\",\"@graph\":[{\"@type\":\"WebPage\",\"@id\":\"https:\\\/\\\/wp.kristdemokraterna.se\\\/ydre\\\/2016-10-26-ar-det-farligt-att-bo-i-ydre\\\/\",\"url\":\"https:\\\/\\\/wp.kristdemokraterna.se\\\/ydre\\\/2016-10-26-ar-det-farligt-att-bo-i-ydre\\\/\",\"name\":\"2016-10-26 \u00c4r det farligt att bo i Ydre? - Kristdemokraterna i Ydre\",\"isPartOf\":{\"@id\":\"https:\\\/\\\/wp.kristdemokraterna.se\\\/ydre\\\/#website\"},\"primaryImageOfPage\":{\"@id\":\"https:\\\/\\\/wp.kristdemokraterna.se\\\/ydre\\\/2016-10-26-ar-det-farligt-att-bo-i-ydre\\\/#primaryimage\"},\"image\":{\"@id\":\"https:\\\/\\\/wp.kristdemokraterna.se\\\/ydre\\\/2016-10-26-ar-det-farligt-att-bo-i-ydre\\\/#primaryimage\"},\"thumbnailUrl\":\"http:\\\/\\\/ydrebo.se\\\/kd\\\/veckobrev2016\\\/poliser.JPG\",\"datePublished\":\"2018-07-20T15:55:25+00:00\",\"dateModified\":\"2018-07-20T15:55:58+00:00\",\"breadcrumb\":{\"@id\":\"https:\\\/\\\/wp.kristdemokraterna.se\\\/ydre\\\/2016-10-26-ar-det-farligt-att-bo-i-ydre\\\/#breadcrumb\"},\"inLanguage\":\"sv-SE\",\"potentialAction\":[{\"@type\":\"ReadAction\",\"target\":[\"https:\\\/\\\/wp.kristdemokraterna.se\\\/ydre\\\/2016-10-26-ar-det-farligt-att-bo-i-ydre\\\/\"]}]},{\"@type\":\"ImageObject\",\"inLanguage\":\"sv-SE\",\"@id\":\"https:\\\/\\\/wp.kristdemokraterna.se\\\/ydre\\\/2016-10-26-ar-det-farligt-att-bo-i-ydre\\\/#primaryimage\",\"url\":\"http:\\\/\\\/ydrebo.se\\\/kd\\\/veckobrev2016\\\/poliser.JPG\",\"contentUrl\":\"http:\\\/\\\/ydrebo.se\\\/kd\\\/veckobrev2016\\\/poliser.JPG\"},{\"@type\":\"BreadcrumbList\",\"@id\":\"https:\\\/\\\/wp.kristdemokraterna.se\\\/ydre\\\/2016-10-26-ar-det-farligt-att-bo-i-ydre\\\/#breadcrumb\",\"itemListElement\":[{\"@type\":\"ListItem\",\"position\":1,\"name\":\"Hem\",\"item\":\"https:\\\/\\\/wp.kristdemokraterna.se\\\/ydre\\\/\"},{\"@type\":\"ListItem\",\"position\":2,\"name\":\"2016-10-26 \u00c4r det farligt att bo i Ydre?\"}]},{\"@type\":\"WebSite\",\"@id\":\"https:\\\/\\\/wp.kristdemokraterna.se\\\/ydre\\\/#website\",\"url\":\"https:\\\/\\\/wp.kristdemokraterna.se\\\/ydre\\\/\",\"name\":\"Kristdemokraterna i Ydre\",\"description\":\"En till Kristdemokraterna webbplats\",\"inLanguage\":\"sv-SE\"}]}<\/script>\n<!-- \/ Yoast SEO plugin. -->","yoast_head_json":{"title":"2016-10-26 \u00c4r det farligt att bo i Ydre? - Kristdemokraterna i Ydre","robots":{"index":"index","follow":"follow","max-snippet":"max-snippet:-1","max-image-preview":"max-image-preview:large","max-video-preview":"max-video-preview:-1"},"canonical":"https:\/\/wp.kristdemokraterna.se\/ydre\/2016-10-26-ar-det-farligt-att-bo-i-ydre\/","og_locale":"sv_SE","og_type":"article","og_title":"2016-10-26 \u00c4r det farligt att bo i Ydre? - Kristdemokraterna i Ydre","og_description":"Det kanske sorgligaste \u00e4rendet vid n\u00e4sta sammantr\u00e4de i kommunstyrelsen handlar om hur vi skall kunna skydda oss mot &#8221;v\u00e5ldsbejakande extremism&#8221;. Fr\u00e5gan \u00e4r aktuell n\u00e4r det just g\u00e5tt ett \u00e5r efter morden p\u00e5 en skola i Trollh\u00e4ttan. Grovt v\u00e5ld \u00e4r ytterst ovanligt i Ydre. Det \u00e4r s\u00e5 ovanligt att vid ett egendomligt d\u00f6dsfall p\u00e5 1800-talet visste L\u00e4s mer","og_url":"https:\/\/wp.kristdemokraterna.se\/ydre\/2016-10-26-ar-det-farligt-att-bo-i-ydre\/","og_site_name":"Kristdemokraterna i Ydre","article_modified_time":"2018-07-20T15:55:58+00:00","og_image":[{"url":"http:\/\/ydrebo.se\/kd\/veckobrev2016\/poliser.JPG","type":"","width":"","height":""}],"twitter_card":"summary_large_image","twitter_misc":{"Ber\u00e4knad l\u00e4stid":"1 minut"},"schema":{"@context":"https:\/\/schema.org","@graph":[{"@type":"WebPage","@id":"https:\/\/wp.kristdemokraterna.se\/ydre\/2016-10-26-ar-det-farligt-att-bo-i-ydre\/","url":"https:\/\/wp.kristdemokraterna.se\/ydre\/2016-10-26-ar-det-farligt-att-bo-i-ydre\/","name":"2016-10-26 \u00c4r det farligt att bo i Ydre? - Kristdemokraterna i Ydre","isPartOf":{"@id":"https:\/\/wp.kristdemokraterna.se\/ydre\/#website"},"primaryImageOfPage":{"@id":"https:\/\/wp.kristdemokraterna.se\/ydre\/2016-10-26-ar-det-farligt-att-bo-i-ydre\/#primaryimage"},"image":{"@id":"https:\/\/wp.kristdemokraterna.se\/ydre\/2016-10-26-ar-det-farligt-att-bo-i-ydre\/#primaryimage"},"thumbnailUrl":"http:\/\/ydrebo.se\/kd\/veckobrev2016\/poliser.JPG","datePublished":"2018-07-20T15:55:25+00:00","dateModified":"2018-07-20T15:55:58+00:00","breadcrumb":{"@id":"https:\/\/wp.kristdemokraterna.se\/ydre\/2016-10-26-ar-det-farligt-att-bo-i-ydre\/#breadcrumb"},"inLanguage":"sv-SE","potentialAction":[{"@type":"ReadAction","target":["https:\/\/wp.kristdemokraterna.se\/ydre\/2016-10-26-ar-det-farligt-att-bo-i-ydre\/"]}]},{"@type":"ImageObject","inLanguage":"sv-SE","@id":"https:\/\/wp.kristdemokraterna.se\/ydre\/2016-10-26-ar-det-farligt-att-bo-i-ydre\/#primaryimage","url":"http:\/\/ydrebo.se\/kd\/veckobrev2016\/poliser.JPG","contentUrl":"http:\/\/ydrebo.se\/kd\/veckobrev2016\/poliser.JPG"},{"@type":"BreadcrumbList","@id":"https:\/\/wp.kristdemokraterna.se\/ydre\/2016-10-26-ar-det-farligt-att-bo-i-ydre\/#breadcrumb","itemListElement":[{"@type":"ListItem","position":1,"name":"Hem","item":"https:\/\/wp.kristdemokraterna.se\/ydre\/"},{"@type":"ListItem","position":2,"name":"2016-10-26 \u00c4r det farligt att bo i Ydre?"}]},{"@type":"WebSite","@id":"https:\/\/wp.kristdemokraterna.se\/ydre\/#website","url":"https:\/\/wp.kristdemokraterna.se\/ydre\/","name":"Kristdemokraterna i Ydre","description":"En till Kristdemokraterna webbplats","inLanguage":"sv-SE"}]}},"_links":{"self":[{"href":"https:\/\/wp.kristdemokraterna.se\/ydre\/wp-json\/wp\/v2\/pages\/1105","targetHints":{"allow":["GET"]}}],"collection":[{"href":"https:\/\/wp.kristdemokraterna.se\/ydre\/wp-json\/wp\/v2\/pages"}],"about":[{"href":"https:\/\/wp.kristdemokraterna.se\/ydre\/wp-json\/wp\/v2\/types\/page"}],"author":[{"embeddable":true,"href":"https:\/\/wp.kristdemokraterna.se\/ydre\/wp-json\/wp\/v2\/users\/793"}],"replies":[{"embeddable":true,"href":"https:\/\/wp.kristdemokraterna.se\/ydre\/wp-json\/wp\/v2\/comments?post=1105"}],"version-history":[{"count":2,"href":"https:\/\/wp.kristdemokraterna.se\/ydre\/wp-json\/wp\/v2\/pages\/1105\/revisions"}],"predecessor-version":[{"id":1107,"href":"https:\/\/wp.kristdemokraterna.se\/ydre\/wp-json\/wp\/v2\/pages\/1105\/revisions\/1107"}],"wp:attachment":[{"href":"https:\/\/wp.kristdemokraterna.se\/ydre\/wp-json\/wp\/v2\/media?parent=1105"}],"curies":[{"name":"wp","href":"https:\/\/api.w.org\/{rel}","templated":true}]}}