{"id":1109,"date":"2018-07-20T17:58:23","date_gmt":"2018-07-20T15:58:23","guid":{"rendered":"http:\/\/wp.kristdemokraterna.se\/ydre\/?page_id=1109"},"modified":"2018-07-20T17:58:56","modified_gmt":"2018-07-20T15:58:56","slug":"2016-11-03-hur-far-vi-vard","status":"publish","type":"page","link":"https:\/\/wp.kristdemokraterna.se\/ydre\/2016-11-03-hur-far-vi-vard\/","title":{"rendered":"2016-11-03 Hur f\u00e5r vi v\u00e5rd?"},"content":{"rendered":"<p>Staten, regionen och kommunen delar p\u00e5 ansvaret f\u00f6r v\u00e5r v\u00e4lf\u00e4rd. Officiellt har kommunen bara ansvar f\u00f6r sin socialtj\u00e4nst. Men riktigt s\u00e5 enkelt \u00e4r det inte i verkligheten.<br \/>\nN\u00e4r staten vill att F\u00f6rs\u00e4kringskassan skall spara skyfflar den \u00f6ver ansvaret och kostnaderna p\u00e5 kommuerna (F\u00f6rskringskassans agerande omn\u00e4mns r\u00e4tt ofta i medierna). Ydres socialtj\u00e4nst blir allts\u00e5 antagligen dyrare. Det m\u00e5ste vi t\u00e4nka p\u00e5 vid budgetplaneringen.<\/p>\n<p><img loading=\"lazy\" decoding=\"async\" src=\"http:\/\/ydrebo.se\/kd\/veckobrev2016\/hamn.JPG\" width=\"600\" height=\"461\" \/><br \/>\n<i>\u00c4ven i det underbara Ydre beh\u00f6ver vi ibland v\u00e5rd.<\/p>\n<p><\/i>Region \u00d6sterg\u00f6tland skall i visst samarbete med J\u00f6nk\u00f6pingsregionen sk\u00f6ta det mesta av v\u00e5r sjukv\u00e5rd. Allt emellan\u00e5t v\u00e4nder sig ydrebor till politikerna i hopp om hj\u00e4lp med n\u00e5got som kr\u00e5nglar. \u00c4n var det problem med ers\u00e4ttning f\u00f6r sjukresor, \u00e4n var det extra mycket provtagningar eftersom journalsystemet inte fungerar ordentligt. Och hela tiden saknas kontinuitet p\u00e5 v\u00e5rdcentralen. Hyrl\u00e4kare har kommit och g\u00e5tt i strid str\u00f6m.<br \/>\nDet har allts\u00e5 varit ett el\u00e4nde med hyrl\u00e4karsystemet. Men n\u00e4r man nu best\u00e4mt sig f\u00f6r att inte anst\u00e4lla hyrl\u00e4kare riskerar vi att bli utan l\u00e4kare helt och h\u00e5llet. Det \u00e4r inte underligt att m\u00e5nga blir oroliga.<br \/>\nSj\u00e4lv h\u00f6r jag till dem som kontaktat regionen. F\u00f6rra veckan var jag i Link\u00f6ping och talade med n\u00e4rsjukv\u00e5rdsdirekt\u00f6ren. Han var v\u00e4l medveten om problemet och lovar bes\u00e4mt att det skall komma en l\u00f6sning s\u00e5 att ingen patient i Ydre l\u00e4mnas i sticket. Vi f\u00e5r hoppas p\u00e5 det b\u00e4sta.<br \/>\nJust i denna situation vill regionen att det skall bildas en referensgrupp f\u00f6r sjukv\u00e5rden i Ydre. F\u00f6rsta m\u00f6tet blir m\u00e5ndag den 7 november. Kanske f\u00e5r vi d\u00e5 veta mer om framtiden f\u00f6r v\u00e5rdsentralen. Det \u00e4r en hel del som beh\u00f6ver bli b\u00e4ttre f\u00f6r patients\u00e4kerhetens skull.<\/p>\n<p><img loading=\"lazy\" decoding=\"async\" src=\"http:\/\/ydrebo.se\/kd\/veckobrev2016\/kvarnkulla.JPG\" width=\"600\" height=\"461\" \/><br \/>\n<i>Det finns lyckligtvis ocks\u00e5 solskensdagar i Ydre (Kvarnkulla i Torpa).<\/p>\n<p><\/i><i>Bengt Malm, ordf.<br \/>\n3 november 2016<\/i><\/p>\n","protected":false},"excerpt":{"rendered":"<p>Staten, regionen och kommunen delar p\u00e5 ansvaret f\u00f6r v\u00e5r v\u00e4lf\u00e4rd. Officiellt har kommunen bara ansvar f\u00f6r sin socialtj\u00e4nst. Men riktigt s\u00e5 enkelt \u00e4r det inte i verkligheten. N\u00e4r staten vill att F\u00f6rs\u00e4kringskassan skall spara skyfflar den \u00f6ver ansvaret och kostnaderna p\u00e5 kommuerna (F\u00f6rskringskassans agerande omn\u00e4mns r\u00e4tt ofta i medierna). Ydres socialtj\u00e4nst blir allts\u00e5 antagligen dyrare. <a class=\"read-more-link\" href=\"https:\/\/wp.kristdemokraterna.se\/ydre\/2016-11-03-hur-far-vi-vard\/\">L\u00e4s mer<\/a><\/p>\n","protected":false},"author":793,"featured_media":0,"parent":0,"menu_order":0,"comment_status":"closed","ping_status":"closed","template":"","meta":{"_acf_changed":false,"footnotes":""},"class_list":["post-1109","page","type-page","status-publish","hentry"],"acf":[],"yoast_head":"<!-- This site is optimized with the Yoast SEO plugin v27.5 - https:\/\/yoast.com\/product\/yoast-seo-wordpress\/ -->\n<title>2016-11-03 Hur f\u00e5r vi v\u00e5rd? - Kristdemokraterna i Ydre<\/title>\n<meta name=\"robots\" content=\"index, follow, max-snippet:-1, max-image-preview:large, max-video-preview:-1\" \/>\n<link rel=\"canonical\" href=\"https:\/\/wp.kristdemokraterna.se\/ydre\/2016-11-03-hur-far-vi-vard\/\" \/>\n<meta property=\"og:locale\" content=\"sv_SE\" \/>\n<meta property=\"og:type\" content=\"article\" \/>\n<meta property=\"og:title\" content=\"2016-11-03 Hur f\u00e5r vi v\u00e5rd? - Kristdemokraterna i Ydre\" \/>\n<meta property=\"og:description\" content=\"Staten, regionen och kommunen delar p\u00e5 ansvaret f\u00f6r v\u00e5r v\u00e4lf\u00e4rd. Officiellt har kommunen bara ansvar f\u00f6r sin socialtj\u00e4nst. Men riktigt s\u00e5 enkelt \u00e4r det inte i verkligheten. N\u00e4r staten vill att F\u00f6rs\u00e4kringskassan skall spara skyfflar den \u00f6ver ansvaret och kostnaderna p\u00e5 kommuerna (F\u00f6rskringskassans agerande omn\u00e4mns r\u00e4tt ofta i medierna). Ydres socialtj\u00e4nst blir allts\u00e5 antagligen dyrare. L\u00e4s mer\" \/>\n<meta property=\"og:url\" content=\"https:\/\/wp.kristdemokraterna.se\/ydre\/2016-11-03-hur-far-vi-vard\/\" \/>\n<meta property=\"og:site_name\" content=\"Kristdemokraterna i Ydre\" \/>\n<meta property=\"article:modified_time\" content=\"2018-07-20T15:58:56+00:00\" \/>\n<meta property=\"og:image\" content=\"http:\/\/ydrebo.se\/kd\/veckobrev2016\/hamn.JPG\" \/>\n<meta name=\"twitter:card\" content=\"summary_large_image\" \/>\n<meta name=\"twitter:label1\" content=\"Ber\u00e4knad l\u00e4stid\" \/>\n\t<meta name=\"twitter:data1\" content=\"2 minuter\" \/>\n<script type=\"application\/ld+json\" class=\"yoast-schema-graph\">{\"@context\":\"https:\\\/\\\/schema.org\",\"@graph\":[{\"@type\":\"WebPage\",\"@id\":\"https:\\\/\\\/wp.kristdemokraterna.se\\\/ydre\\\/2016-11-03-hur-far-vi-vard\\\/\",\"url\":\"https:\\\/\\\/wp.kristdemokraterna.se\\\/ydre\\\/2016-11-03-hur-far-vi-vard\\\/\",\"name\":\"2016-11-03 Hur f\u00e5r vi v\u00e5rd? - Kristdemokraterna i Ydre\",\"isPartOf\":{\"@id\":\"https:\\\/\\\/wp.kristdemokraterna.se\\\/ydre\\\/#website\"},\"primaryImageOfPage\":{\"@id\":\"https:\\\/\\\/wp.kristdemokraterna.se\\\/ydre\\\/2016-11-03-hur-far-vi-vard\\\/#primaryimage\"},\"image\":{\"@id\":\"https:\\\/\\\/wp.kristdemokraterna.se\\\/ydre\\\/2016-11-03-hur-far-vi-vard\\\/#primaryimage\"},\"thumbnailUrl\":\"http:\\\/\\\/ydrebo.se\\\/kd\\\/veckobrev2016\\\/hamn.JPG\",\"datePublished\":\"2018-07-20T15:58:23+00:00\",\"dateModified\":\"2018-07-20T15:58:56+00:00\",\"breadcrumb\":{\"@id\":\"https:\\\/\\\/wp.kristdemokraterna.se\\\/ydre\\\/2016-11-03-hur-far-vi-vard\\\/#breadcrumb\"},\"inLanguage\":\"sv-SE\",\"potentialAction\":[{\"@type\":\"ReadAction\",\"target\":[\"https:\\\/\\\/wp.kristdemokraterna.se\\\/ydre\\\/2016-11-03-hur-far-vi-vard\\\/\"]}]},{\"@type\":\"ImageObject\",\"inLanguage\":\"sv-SE\",\"@id\":\"https:\\\/\\\/wp.kristdemokraterna.se\\\/ydre\\\/2016-11-03-hur-far-vi-vard\\\/#primaryimage\",\"url\":\"http:\\\/\\\/ydrebo.se\\\/kd\\\/veckobrev2016\\\/hamn.JPG\",\"contentUrl\":\"http:\\\/\\\/ydrebo.se\\\/kd\\\/veckobrev2016\\\/hamn.JPG\"},{\"@type\":\"BreadcrumbList\",\"@id\":\"https:\\\/\\\/wp.kristdemokraterna.se\\\/ydre\\\/2016-11-03-hur-far-vi-vard\\\/#breadcrumb\",\"itemListElement\":[{\"@type\":\"ListItem\",\"position\":1,\"name\":\"Hem\",\"item\":\"https:\\\/\\\/wp.kristdemokraterna.se\\\/ydre\\\/\"},{\"@type\":\"ListItem\",\"position\":2,\"name\":\"2016-11-03 Hur f\u00e5r vi v\u00e5rd?\"}]},{\"@type\":\"WebSite\",\"@id\":\"https:\\\/\\\/wp.kristdemokraterna.se\\\/ydre\\\/#website\",\"url\":\"https:\\\/\\\/wp.kristdemokraterna.se\\\/ydre\\\/\",\"name\":\"Kristdemokraterna i Ydre\",\"description\":\"En till Kristdemokraterna webbplats\",\"inLanguage\":\"sv-SE\"}]}<\/script>\n<!-- \/ Yoast SEO plugin. -->","yoast_head_json":{"title":"2016-11-03 Hur f\u00e5r vi v\u00e5rd? - Kristdemokraterna i Ydre","robots":{"index":"index","follow":"follow","max-snippet":"max-snippet:-1","max-image-preview":"max-image-preview:large","max-video-preview":"max-video-preview:-1"},"canonical":"https:\/\/wp.kristdemokraterna.se\/ydre\/2016-11-03-hur-far-vi-vard\/","og_locale":"sv_SE","og_type":"article","og_title":"2016-11-03 Hur f\u00e5r vi v\u00e5rd? - Kristdemokraterna i Ydre","og_description":"Staten, regionen och kommunen delar p\u00e5 ansvaret f\u00f6r v\u00e5r v\u00e4lf\u00e4rd. Officiellt har kommunen bara ansvar f\u00f6r sin socialtj\u00e4nst. Men riktigt s\u00e5 enkelt \u00e4r det inte i verkligheten. N\u00e4r staten vill att F\u00f6rs\u00e4kringskassan skall spara skyfflar den \u00f6ver ansvaret och kostnaderna p\u00e5 kommuerna (F\u00f6rskringskassans agerande omn\u00e4mns r\u00e4tt ofta i medierna). Ydres socialtj\u00e4nst blir allts\u00e5 antagligen dyrare. L\u00e4s mer","og_url":"https:\/\/wp.kristdemokraterna.se\/ydre\/2016-11-03-hur-far-vi-vard\/","og_site_name":"Kristdemokraterna i Ydre","article_modified_time":"2018-07-20T15:58:56+00:00","og_image":[{"url":"http:\/\/ydrebo.se\/kd\/veckobrev2016\/hamn.JPG","type":"","width":"","height":""}],"twitter_card":"summary_large_image","twitter_misc":{"Ber\u00e4knad l\u00e4stid":"2 minuter"},"schema":{"@context":"https:\/\/schema.org","@graph":[{"@type":"WebPage","@id":"https:\/\/wp.kristdemokraterna.se\/ydre\/2016-11-03-hur-far-vi-vard\/","url":"https:\/\/wp.kristdemokraterna.se\/ydre\/2016-11-03-hur-far-vi-vard\/","name":"2016-11-03 Hur f\u00e5r vi v\u00e5rd? - Kristdemokraterna i Ydre","isPartOf":{"@id":"https:\/\/wp.kristdemokraterna.se\/ydre\/#website"},"primaryImageOfPage":{"@id":"https:\/\/wp.kristdemokraterna.se\/ydre\/2016-11-03-hur-far-vi-vard\/#primaryimage"},"image":{"@id":"https:\/\/wp.kristdemokraterna.se\/ydre\/2016-11-03-hur-far-vi-vard\/#primaryimage"},"thumbnailUrl":"http:\/\/ydrebo.se\/kd\/veckobrev2016\/hamn.JPG","datePublished":"2018-07-20T15:58:23+00:00","dateModified":"2018-07-20T15:58:56+00:00","breadcrumb":{"@id":"https:\/\/wp.kristdemokraterna.se\/ydre\/2016-11-03-hur-far-vi-vard\/#breadcrumb"},"inLanguage":"sv-SE","potentialAction":[{"@type":"ReadAction","target":["https:\/\/wp.kristdemokraterna.se\/ydre\/2016-11-03-hur-far-vi-vard\/"]}]},{"@type":"ImageObject","inLanguage":"sv-SE","@id":"https:\/\/wp.kristdemokraterna.se\/ydre\/2016-11-03-hur-far-vi-vard\/#primaryimage","url":"http:\/\/ydrebo.se\/kd\/veckobrev2016\/hamn.JPG","contentUrl":"http:\/\/ydrebo.se\/kd\/veckobrev2016\/hamn.JPG"},{"@type":"BreadcrumbList","@id":"https:\/\/wp.kristdemokraterna.se\/ydre\/2016-11-03-hur-far-vi-vard\/#breadcrumb","itemListElement":[{"@type":"ListItem","position":1,"name":"Hem","item":"https:\/\/wp.kristdemokraterna.se\/ydre\/"},{"@type":"ListItem","position":2,"name":"2016-11-03 Hur f\u00e5r vi v\u00e5rd?"}]},{"@type":"WebSite","@id":"https:\/\/wp.kristdemokraterna.se\/ydre\/#website","url":"https:\/\/wp.kristdemokraterna.se\/ydre\/","name":"Kristdemokraterna i Ydre","description":"En till Kristdemokraterna webbplats","inLanguage":"sv-SE"}]}},"_links":{"self":[{"href":"https:\/\/wp.kristdemokraterna.se\/ydre\/wp-json\/wp\/v2\/pages\/1109","targetHints":{"allow":["GET"]}}],"collection":[{"href":"https:\/\/wp.kristdemokraterna.se\/ydre\/wp-json\/wp\/v2\/pages"}],"about":[{"href":"https:\/\/wp.kristdemokraterna.se\/ydre\/wp-json\/wp\/v2\/types\/page"}],"author":[{"embeddable":true,"href":"https:\/\/wp.kristdemokraterna.se\/ydre\/wp-json\/wp\/v2\/users\/793"}],"replies":[{"embeddable":true,"href":"https:\/\/wp.kristdemokraterna.se\/ydre\/wp-json\/wp\/v2\/comments?post=1109"}],"version-history":[{"count":2,"href":"https:\/\/wp.kristdemokraterna.se\/ydre\/wp-json\/wp\/v2\/pages\/1109\/revisions"}],"predecessor-version":[{"id":1111,"href":"https:\/\/wp.kristdemokraterna.se\/ydre\/wp-json\/wp\/v2\/pages\/1109\/revisions\/1111"}],"wp:attachment":[{"href":"https:\/\/wp.kristdemokraterna.se\/ydre\/wp-json\/wp\/v2\/media?parent=1109"}],"curies":[{"name":"wp","href":"https:\/\/api.w.org\/{rel}","templated":true}]}}