{"id":1113,"date":"2018-07-20T18:00:38","date_gmt":"2018-07-20T16:00:38","guid":{"rendered":"http:\/\/wp.kristdemokraterna.se\/ydre\/?page_id=1113"},"modified":"2018-07-20T18:01:15","modified_gmt":"2018-07-20T16:01:15","slug":"2016-11-09-tidig-vinter","status":"publish","type":"page","link":"https:\/\/wp.kristdemokraterna.se\/ydre\/2016-11-09-tidig-vinter\/","title":{"rendered":"2016-11-09 Tidig vinter"},"content":{"rendered":"<p>Nyheterna inger oro runt om i v\u00e4rlden. B\u00f6rserna faller. V\u00e5r statsminister uttalar sig f\u00f6rsiktigt. Ingen vet s\u00e4kert vad som kommer att h\u00e4nda i praktiken efter det amerikanska presidentvalet.<\/p>\n<p><img loading=\"lazy\" decoding=\"async\" src=\"http:\/\/ydrebo.se\/kd\/veckobrev2016\/vinter1.JPG\" width=\"600\" height=\"460\" \/><br \/>\n<i>Det m\u00f6rknar.<\/p>\n<p><\/i>Ydre har sina egna bekymmer som vi f\u00e5r \u00e5terkomma till. Nu tycker somliga att vi bor i en avkrok (kommunledningen har nyss f\u00e5tt h\u00f6ra det igen). Men v\u00e4rlden ang\u00e5r oss f\u00f6r ocks\u00e5 vi bor i den.<\/p>\n<p><img loading=\"lazy\" decoding=\"async\" src=\"http:\/\/ydrebo.se\/kd\/veckobrev2016\/vinter2.JPG\" width=\"600\" height=\"462\" \/><br \/>\n<i>Det politiska klimatet ser frostigt ut.<\/p>\n<p><\/i><i>Bengt Malm, ordf.<br \/>\n9 november 2016<\/i><\/p>\n","protected":false},"excerpt":{"rendered":"<p>Nyheterna inger oro runt om i v\u00e4rlden. B\u00f6rserna faller. V\u00e5r statsminister uttalar sig f\u00f6rsiktigt. Ingen vet s\u00e4kert vad som kommer att h\u00e4nda i praktiken efter det amerikanska presidentvalet. Det m\u00f6rknar. Ydre har sina egna bekymmer som vi f\u00e5r \u00e5terkomma till. Nu tycker somliga att vi bor i en avkrok (kommunledningen har nyss f\u00e5tt h\u00f6ra det <a class=\"read-more-link\" href=\"https:\/\/wp.kristdemokraterna.se\/ydre\/2016-11-09-tidig-vinter\/\">L\u00e4s mer<\/a><\/p>\n","protected":false},"author":793,"featured_media":0,"parent":0,"menu_order":0,"comment_status":"closed","ping_status":"closed","template":"","meta":{"_acf_changed":false,"footnotes":""},"class_list":["post-1113","page","type-page","status-publish","hentry"],"acf":[],"yoast_head":"<!-- This site is optimized with the Yoast SEO plugin v27.5 - https:\/\/yoast.com\/product\/yoast-seo-wordpress\/ -->\n<title>2016-11-09 Tidig vinter - Kristdemokraterna i Ydre<\/title>\n<meta name=\"robots\" content=\"index, follow, max-snippet:-1, max-image-preview:large, max-video-preview:-1\" \/>\n<link rel=\"canonical\" href=\"https:\/\/wp.kristdemokraterna.se\/ydre\/2016-11-09-tidig-vinter\/\" \/>\n<meta property=\"og:locale\" content=\"sv_SE\" \/>\n<meta property=\"og:type\" content=\"article\" \/>\n<meta property=\"og:title\" content=\"2016-11-09 Tidig vinter - Kristdemokraterna i Ydre\" \/>\n<meta property=\"og:description\" content=\"Nyheterna inger oro runt om i v\u00e4rlden. B\u00f6rserna faller. V\u00e5r statsminister uttalar sig f\u00f6rsiktigt. Ingen vet s\u00e4kert vad som kommer att h\u00e4nda i praktiken efter det amerikanska presidentvalet. Det m\u00f6rknar. Ydre har sina egna bekymmer som vi f\u00e5r \u00e5terkomma till. Nu tycker somliga att vi bor i en avkrok (kommunledningen har nyss f\u00e5tt h\u00f6ra det L\u00e4s mer\" \/>\n<meta property=\"og:url\" content=\"https:\/\/wp.kristdemokraterna.se\/ydre\/2016-11-09-tidig-vinter\/\" \/>\n<meta property=\"og:site_name\" content=\"Kristdemokraterna i Ydre\" \/>\n<meta property=\"article:modified_time\" content=\"2018-07-20T16:01:15+00:00\" \/>\n<meta property=\"og:image\" content=\"http:\/\/ydrebo.se\/kd\/veckobrev2016\/vinter1.JPG\" \/>\n<meta name=\"twitter:card\" content=\"summary_large_image\" \/>\n<script type=\"application\/ld+json\" class=\"yoast-schema-graph\">{\"@context\":\"https:\\\/\\\/schema.org\",\"@graph\":[{\"@type\":\"WebPage\",\"@id\":\"https:\\\/\\\/wp.kristdemokraterna.se\\\/ydre\\\/2016-11-09-tidig-vinter\\\/\",\"url\":\"https:\\\/\\\/wp.kristdemokraterna.se\\\/ydre\\\/2016-11-09-tidig-vinter\\\/\",\"name\":\"2016-11-09 Tidig vinter - Kristdemokraterna i Ydre\",\"isPartOf\":{\"@id\":\"https:\\\/\\\/wp.kristdemokraterna.se\\\/ydre\\\/#website\"},\"primaryImageOfPage\":{\"@id\":\"https:\\\/\\\/wp.kristdemokraterna.se\\\/ydre\\\/2016-11-09-tidig-vinter\\\/#primaryimage\"},\"image\":{\"@id\":\"https:\\\/\\\/wp.kristdemokraterna.se\\\/ydre\\\/2016-11-09-tidig-vinter\\\/#primaryimage\"},\"thumbnailUrl\":\"http:\\\/\\\/ydrebo.se\\\/kd\\\/veckobrev2016\\\/vinter1.JPG\",\"datePublished\":\"2018-07-20T16:00:38+00:00\",\"dateModified\":\"2018-07-20T16:01:15+00:00\",\"breadcrumb\":{\"@id\":\"https:\\\/\\\/wp.kristdemokraterna.se\\\/ydre\\\/2016-11-09-tidig-vinter\\\/#breadcrumb\"},\"inLanguage\":\"sv-SE\",\"potentialAction\":[{\"@type\":\"ReadAction\",\"target\":[\"https:\\\/\\\/wp.kristdemokraterna.se\\\/ydre\\\/2016-11-09-tidig-vinter\\\/\"]}]},{\"@type\":\"ImageObject\",\"inLanguage\":\"sv-SE\",\"@id\":\"https:\\\/\\\/wp.kristdemokraterna.se\\\/ydre\\\/2016-11-09-tidig-vinter\\\/#primaryimage\",\"url\":\"http:\\\/\\\/ydrebo.se\\\/kd\\\/veckobrev2016\\\/vinter1.JPG\",\"contentUrl\":\"http:\\\/\\\/ydrebo.se\\\/kd\\\/veckobrev2016\\\/vinter1.JPG\"},{\"@type\":\"BreadcrumbList\",\"@id\":\"https:\\\/\\\/wp.kristdemokraterna.se\\\/ydre\\\/2016-11-09-tidig-vinter\\\/#breadcrumb\",\"itemListElement\":[{\"@type\":\"ListItem\",\"position\":1,\"name\":\"Hem\",\"item\":\"https:\\\/\\\/wp.kristdemokraterna.se\\\/ydre\\\/\"},{\"@type\":\"ListItem\",\"position\":2,\"name\":\"2016-11-09 Tidig vinter\"}]},{\"@type\":\"WebSite\",\"@id\":\"https:\\\/\\\/wp.kristdemokraterna.se\\\/ydre\\\/#website\",\"url\":\"https:\\\/\\\/wp.kristdemokraterna.se\\\/ydre\\\/\",\"name\":\"Kristdemokraterna i Ydre\",\"description\":\"En till Kristdemokraterna webbplats\",\"inLanguage\":\"sv-SE\"}]}<\/script>\n<!-- \/ Yoast SEO plugin. -->","yoast_head_json":{"title":"2016-11-09 Tidig vinter - Kristdemokraterna i Ydre","robots":{"index":"index","follow":"follow","max-snippet":"max-snippet:-1","max-image-preview":"max-image-preview:large","max-video-preview":"max-video-preview:-1"},"canonical":"https:\/\/wp.kristdemokraterna.se\/ydre\/2016-11-09-tidig-vinter\/","og_locale":"sv_SE","og_type":"article","og_title":"2016-11-09 Tidig vinter - Kristdemokraterna i Ydre","og_description":"Nyheterna inger oro runt om i v\u00e4rlden. B\u00f6rserna faller. V\u00e5r statsminister uttalar sig f\u00f6rsiktigt. Ingen vet s\u00e4kert vad som kommer att h\u00e4nda i praktiken efter det amerikanska presidentvalet. Det m\u00f6rknar. Ydre har sina egna bekymmer som vi f\u00e5r \u00e5terkomma till. Nu tycker somliga att vi bor i en avkrok (kommunledningen har nyss f\u00e5tt h\u00f6ra det L\u00e4s mer","og_url":"https:\/\/wp.kristdemokraterna.se\/ydre\/2016-11-09-tidig-vinter\/","og_site_name":"Kristdemokraterna i Ydre","article_modified_time":"2018-07-20T16:01:15+00:00","og_image":[{"url":"http:\/\/ydrebo.se\/kd\/veckobrev2016\/vinter1.JPG","type":"","width":"","height":""}],"twitter_card":"summary_large_image","schema":{"@context":"https:\/\/schema.org","@graph":[{"@type":"WebPage","@id":"https:\/\/wp.kristdemokraterna.se\/ydre\/2016-11-09-tidig-vinter\/","url":"https:\/\/wp.kristdemokraterna.se\/ydre\/2016-11-09-tidig-vinter\/","name":"2016-11-09 Tidig vinter - Kristdemokraterna i Ydre","isPartOf":{"@id":"https:\/\/wp.kristdemokraterna.se\/ydre\/#website"},"primaryImageOfPage":{"@id":"https:\/\/wp.kristdemokraterna.se\/ydre\/2016-11-09-tidig-vinter\/#primaryimage"},"image":{"@id":"https:\/\/wp.kristdemokraterna.se\/ydre\/2016-11-09-tidig-vinter\/#primaryimage"},"thumbnailUrl":"http:\/\/ydrebo.se\/kd\/veckobrev2016\/vinter1.JPG","datePublished":"2018-07-20T16:00:38+00:00","dateModified":"2018-07-20T16:01:15+00:00","breadcrumb":{"@id":"https:\/\/wp.kristdemokraterna.se\/ydre\/2016-11-09-tidig-vinter\/#breadcrumb"},"inLanguage":"sv-SE","potentialAction":[{"@type":"ReadAction","target":["https:\/\/wp.kristdemokraterna.se\/ydre\/2016-11-09-tidig-vinter\/"]}]},{"@type":"ImageObject","inLanguage":"sv-SE","@id":"https:\/\/wp.kristdemokraterna.se\/ydre\/2016-11-09-tidig-vinter\/#primaryimage","url":"http:\/\/ydrebo.se\/kd\/veckobrev2016\/vinter1.JPG","contentUrl":"http:\/\/ydrebo.se\/kd\/veckobrev2016\/vinter1.JPG"},{"@type":"BreadcrumbList","@id":"https:\/\/wp.kristdemokraterna.se\/ydre\/2016-11-09-tidig-vinter\/#breadcrumb","itemListElement":[{"@type":"ListItem","position":1,"name":"Hem","item":"https:\/\/wp.kristdemokraterna.se\/ydre\/"},{"@type":"ListItem","position":2,"name":"2016-11-09 Tidig vinter"}]},{"@type":"WebSite","@id":"https:\/\/wp.kristdemokraterna.se\/ydre\/#website","url":"https:\/\/wp.kristdemokraterna.se\/ydre\/","name":"Kristdemokraterna i Ydre","description":"En till Kristdemokraterna webbplats","inLanguage":"sv-SE"}]}},"_links":{"self":[{"href":"https:\/\/wp.kristdemokraterna.se\/ydre\/wp-json\/wp\/v2\/pages\/1113","targetHints":{"allow":["GET"]}}],"collection":[{"href":"https:\/\/wp.kristdemokraterna.se\/ydre\/wp-json\/wp\/v2\/pages"}],"about":[{"href":"https:\/\/wp.kristdemokraterna.se\/ydre\/wp-json\/wp\/v2\/types\/page"}],"author":[{"embeddable":true,"href":"https:\/\/wp.kristdemokraterna.se\/ydre\/wp-json\/wp\/v2\/users\/793"}],"replies":[{"embeddable":true,"href":"https:\/\/wp.kristdemokraterna.se\/ydre\/wp-json\/wp\/v2\/comments?post=1113"}],"version-history":[{"count":2,"href":"https:\/\/wp.kristdemokraterna.se\/ydre\/wp-json\/wp\/v2\/pages\/1113\/revisions"}],"predecessor-version":[{"id":1115,"href":"https:\/\/wp.kristdemokraterna.se\/ydre\/wp-json\/wp\/v2\/pages\/1113\/revisions\/1115"}],"wp:attachment":[{"href":"https:\/\/wp.kristdemokraterna.se\/ydre\/wp-json\/wp\/v2\/media?parent=1113"}],"curies":[{"name":"wp","href":"https:\/\/api.w.org\/{rel}","templated":true}]}}