{"id":1117,"date":"2018-07-20T18:02:46","date_gmt":"2018-07-20T16:02:46","guid":{"rendered":"http:\/\/wp.kristdemokraterna.se\/ydre\/?page_id=1117"},"modified":"2018-07-20T18:03:36","modified_gmt":"2018-07-20T16:03:36","slug":"2016-11-16-i-folkets-namn","status":"publish","type":"page","link":"https:\/\/wp.kristdemokraterna.se\/ydre\/2016-11-16-i-folkets-namn\/","title":{"rendered":"2016-11-16 I folkets namn"},"content":{"rendered":"<p>Nyligen hade jag ett samtal med en h\u00f6g befattningshavare i ett f\u00f6retag som framf\u00f6r allt \u00e4r verksamt i en annan kommun. Han ber\u00e4ttade om en viss f\u00f6r\u00e4ndring av verksamheten. Trots att den ber\u00f6r allm\u00e4nheten hade man inte haft n\u00e5gon kontakt med den andra kommunen innan f\u00f6r\u00e4ndringen gjordes. Jag menade om man skulle g\u00f6ra en f\u00f6r\u00e4ndring i v\u00e5r kommun b\u00f6r man ha en dialog med kommunen. Han tittade p\u00e5 mig med stor och \u00e4kta f\u00f6rv\u00e5ning.<br \/>\nTj\u00e4nstemannen var ingen elak person. Han vill medm\u00e4nniskorna v\u00e4l. Men det var mycket sv\u00e5rt att \u00f6vertyga honom om att politiker skall anses f\u00f6retr\u00e4da folket. Jag f\u00f6rs\u00f6kte f\u00e5 honom att f\u00f6rst\u00e5 att folkets f\u00f6retr\u00e4dare helt enkelt b\u00f6r\u00a0<i>veta<\/i>\u00a0vad som h\u00e4nder. Och naturligtvis \u00e4r de skyldiga att komma med synpunkter om n\u00e5got verkar vara negativt f\u00f6r kommunens inv\u00e5nare.<\/p>\n<p><img loading=\"lazy\" decoding=\"async\" src=\"http:\/\/ydrebo.se\/kd\/veckobrev2016\/Bules_grav.JPG\" width=\"333\" height=\"500\" \/><br \/>\n<i>&#8221;Bules grav&#8221;. M\u00e5ste man vara stark som Bule f\u00f6r att kunna f\u00f6retr\u00e4da ydreborna?<\/p>\n<p><\/i>Tyv\u00e4rr finns det s\u00e5dant som Ydres politiker m\u00e5ste engagera sig f\u00f6r. Det \u00e4r inte s\u00e5 enkelt f\u00f6r det finns fler som tycker att de lokala politikerna inte skall l\u00e4gga sig i det som sker.<br \/>\nDen allvarligaste krisen just nu g\u00e4ller v\u00e5rdcentralen. D\u00e4r har det l\u00e4nge varit problem med alla stafettl\u00e4kare som avl\u00f6st varandra. Och v\u00e4rre ser det ut att bli enligt regionens tj\u00e4nstem\u00e4n.<\/p>\n<p><img loading=\"lazy\" decoding=\"async\" src=\"http:\/\/ydrebo.se\/kd\/veckobrev2016\/sommen2.JPG\" width=\"600\" height=\"400\" \/><br \/>\n<i>Visst skall vi tala v\u00e4l om Ydre n\u00e4r det \u00e4r vackert v\u00e4der&#8230;<\/p>\n<p><\/i>Vi \u00e4r ursinniga \u00f6ver regionens hantering av \u00e4rendet. Kontakter har tagits p\u00e5 alla niv\u00e5er som finns och det forts\u00e4tter vi med (sj\u00e4lv har varit i Link\u00f6ping och talat med n\u00e4rsjukv\u00e5rdens ledning). Trots att vi trott att vi fortfarande f\u00f6r samtal har regionens f\u00f6retr\u00e4dare i pressen ber\u00e4ttat om sina planer utan att med ett ord n\u00e4mna kommunens inv\u00e4ndningar.<br \/>\nDet \u00e4r som om regionen inte erk\u00e4nner Ydres politiker som f\u00f6retr\u00e4dare f\u00f6r Ydres folk. Nu \u00e4r det faktiskt inte regionpolitikerna som t\u00e4nker s\u00e5. I st\u00e4llet \u00e4r det tj\u00e4nstem\u00e4nnen sj\u00e4lva som i tidningen s\u00e4ger att det \u00e4nnu inte varit &#8221;n\u00f6dv\u00e4ndigt&#8221; att informera ens de politiker i Link\u00f6ping som har att best\u00e4mma&#8230;<\/p>\n<p><img loading=\"lazy\" decoding=\"async\" src=\"http:\/\/ydrebo.se\/kd\/veckobrev2016\/smedja.JPG\" width=\"600\" height=\"450\" \/><br \/>\n<i>&#8230;men vem har r\u00e4tt att s\u00e4ga ifr\u00e5n n\u00e4r det blir kris?<\/p>\n<p><\/i>Det \u00e4r som om det \u00e4r ett streck i r\u00e4kningen f\u00f6r tj\u00e4nstem\u00e4nnen i sjukv\u00e5rden att de lokala politikerna f\u00e5tt reda p\u00e5 vad som h\u00e4nder. &#8211; \u00c4r det underligt om ydreborna och deras valda f\u00f6retr\u00e4dare blivit uppr\u00f6rda?<\/p>\n<p><i>Bengt Malm, ordf.<br \/>\n16 november 2016<\/i><\/p>\n","protected":false},"excerpt":{"rendered":"<p>Nyligen hade jag ett samtal med en h\u00f6g befattningshavare i ett f\u00f6retag som framf\u00f6r allt \u00e4r verksamt i en annan kommun. Han ber\u00e4ttade om en viss f\u00f6r\u00e4ndring av verksamheten. Trots att den ber\u00f6r allm\u00e4nheten hade man inte haft n\u00e5gon kontakt med den andra kommunen innan f\u00f6r\u00e4ndringen gjordes. Jag menade om man skulle g\u00f6ra en f\u00f6r\u00e4ndring <a class=\"read-more-link\" href=\"https:\/\/wp.kristdemokraterna.se\/ydre\/2016-11-16-i-folkets-namn\/\">L\u00e4s mer<\/a><\/p>\n","protected":false},"author":793,"featured_media":0,"parent":0,"menu_order":0,"comment_status":"closed","ping_status":"closed","template":"","meta":{"_acf_changed":false,"footnotes":""},"class_list":["post-1117","page","type-page","status-publish","hentry"],"acf":[],"yoast_head":"<!-- This site is optimized with the Yoast SEO plugin v27.5 - https:\/\/yoast.com\/product\/yoast-seo-wordpress\/ -->\n<title>2016-11-16 I folkets namn - Kristdemokraterna i Ydre<\/title>\n<meta name=\"robots\" content=\"index, follow, max-snippet:-1, max-image-preview:large, max-video-preview:-1\" \/>\n<link rel=\"canonical\" href=\"https:\/\/wp.kristdemokraterna.se\/ydre\/2016-11-16-i-folkets-namn\/\" \/>\n<meta property=\"og:locale\" content=\"sv_SE\" \/>\n<meta property=\"og:type\" content=\"article\" \/>\n<meta property=\"og:title\" content=\"2016-11-16 I folkets namn - Kristdemokraterna i Ydre\" \/>\n<meta property=\"og:description\" content=\"Nyligen hade jag ett samtal med en h\u00f6g befattningshavare i ett f\u00f6retag som framf\u00f6r allt \u00e4r verksamt i en annan kommun. Han ber\u00e4ttade om en viss f\u00f6r\u00e4ndring av verksamheten. Trots att den ber\u00f6r allm\u00e4nheten hade man inte haft n\u00e5gon kontakt med den andra kommunen innan f\u00f6r\u00e4ndringen gjordes. Jag menade om man skulle g\u00f6ra en f\u00f6r\u00e4ndring L\u00e4s mer\" \/>\n<meta property=\"og:url\" content=\"https:\/\/wp.kristdemokraterna.se\/ydre\/2016-11-16-i-folkets-namn\/\" \/>\n<meta property=\"og:site_name\" content=\"Kristdemokraterna i Ydre\" \/>\n<meta property=\"article:modified_time\" content=\"2018-07-20T16:03:36+00:00\" \/>\n<meta property=\"og:image\" content=\"http:\/\/ydrebo.se\/kd\/veckobrev2016\/Bules_grav.JPG\" \/>\n<meta name=\"twitter:card\" content=\"summary_large_image\" \/>\n<meta name=\"twitter:label1\" content=\"Ber\u00e4knad l\u00e4stid\" \/>\n\t<meta name=\"twitter:data1\" content=\"2 minuter\" \/>\n<script type=\"application\/ld+json\" class=\"yoast-schema-graph\">{\"@context\":\"https:\\\/\\\/schema.org\",\"@graph\":[{\"@type\":\"WebPage\",\"@id\":\"https:\\\/\\\/wp.kristdemokraterna.se\\\/ydre\\\/2016-11-16-i-folkets-namn\\\/\",\"url\":\"https:\\\/\\\/wp.kristdemokraterna.se\\\/ydre\\\/2016-11-16-i-folkets-namn\\\/\",\"name\":\"2016-11-16 I folkets namn - Kristdemokraterna i Ydre\",\"isPartOf\":{\"@id\":\"https:\\\/\\\/wp.kristdemokraterna.se\\\/ydre\\\/#website\"},\"primaryImageOfPage\":{\"@id\":\"https:\\\/\\\/wp.kristdemokraterna.se\\\/ydre\\\/2016-11-16-i-folkets-namn\\\/#primaryimage\"},\"image\":{\"@id\":\"https:\\\/\\\/wp.kristdemokraterna.se\\\/ydre\\\/2016-11-16-i-folkets-namn\\\/#primaryimage\"},\"thumbnailUrl\":\"http:\\\/\\\/ydrebo.se\\\/kd\\\/veckobrev2016\\\/Bules_grav.JPG\",\"datePublished\":\"2018-07-20T16:02:46+00:00\",\"dateModified\":\"2018-07-20T16:03:36+00:00\",\"breadcrumb\":{\"@id\":\"https:\\\/\\\/wp.kristdemokraterna.se\\\/ydre\\\/2016-11-16-i-folkets-namn\\\/#breadcrumb\"},\"inLanguage\":\"sv-SE\",\"potentialAction\":[{\"@type\":\"ReadAction\",\"target\":[\"https:\\\/\\\/wp.kristdemokraterna.se\\\/ydre\\\/2016-11-16-i-folkets-namn\\\/\"]}]},{\"@type\":\"ImageObject\",\"inLanguage\":\"sv-SE\",\"@id\":\"https:\\\/\\\/wp.kristdemokraterna.se\\\/ydre\\\/2016-11-16-i-folkets-namn\\\/#primaryimage\",\"url\":\"http:\\\/\\\/ydrebo.se\\\/kd\\\/veckobrev2016\\\/Bules_grav.JPG\",\"contentUrl\":\"http:\\\/\\\/ydrebo.se\\\/kd\\\/veckobrev2016\\\/Bules_grav.JPG\"},{\"@type\":\"BreadcrumbList\",\"@id\":\"https:\\\/\\\/wp.kristdemokraterna.se\\\/ydre\\\/2016-11-16-i-folkets-namn\\\/#breadcrumb\",\"itemListElement\":[{\"@type\":\"ListItem\",\"position\":1,\"name\":\"Hem\",\"item\":\"https:\\\/\\\/wp.kristdemokraterna.se\\\/ydre\\\/\"},{\"@type\":\"ListItem\",\"position\":2,\"name\":\"2016-11-16 I folkets namn\"}]},{\"@type\":\"WebSite\",\"@id\":\"https:\\\/\\\/wp.kristdemokraterna.se\\\/ydre\\\/#website\",\"url\":\"https:\\\/\\\/wp.kristdemokraterna.se\\\/ydre\\\/\",\"name\":\"Kristdemokraterna i Ydre\",\"description\":\"En till Kristdemokraterna webbplats\",\"inLanguage\":\"sv-SE\"}]}<\/script>\n<!-- \/ Yoast SEO plugin. -->","yoast_head_json":{"title":"2016-11-16 I folkets namn - Kristdemokraterna i Ydre","robots":{"index":"index","follow":"follow","max-snippet":"max-snippet:-1","max-image-preview":"max-image-preview:large","max-video-preview":"max-video-preview:-1"},"canonical":"https:\/\/wp.kristdemokraterna.se\/ydre\/2016-11-16-i-folkets-namn\/","og_locale":"sv_SE","og_type":"article","og_title":"2016-11-16 I folkets namn - Kristdemokraterna i Ydre","og_description":"Nyligen hade jag ett samtal med en h\u00f6g befattningshavare i ett f\u00f6retag som framf\u00f6r allt \u00e4r verksamt i en annan kommun. Han ber\u00e4ttade om en viss f\u00f6r\u00e4ndring av verksamheten. Trots att den ber\u00f6r allm\u00e4nheten hade man inte haft n\u00e5gon kontakt med den andra kommunen innan f\u00f6r\u00e4ndringen gjordes. Jag menade om man skulle g\u00f6ra en f\u00f6r\u00e4ndring L\u00e4s mer","og_url":"https:\/\/wp.kristdemokraterna.se\/ydre\/2016-11-16-i-folkets-namn\/","og_site_name":"Kristdemokraterna i Ydre","article_modified_time":"2018-07-20T16:03:36+00:00","og_image":[{"url":"http:\/\/ydrebo.se\/kd\/veckobrev2016\/Bules_grav.JPG","type":"","width":"","height":""}],"twitter_card":"summary_large_image","twitter_misc":{"Ber\u00e4knad l\u00e4stid":"2 minuter"},"schema":{"@context":"https:\/\/schema.org","@graph":[{"@type":"WebPage","@id":"https:\/\/wp.kristdemokraterna.se\/ydre\/2016-11-16-i-folkets-namn\/","url":"https:\/\/wp.kristdemokraterna.se\/ydre\/2016-11-16-i-folkets-namn\/","name":"2016-11-16 I folkets namn - Kristdemokraterna i Ydre","isPartOf":{"@id":"https:\/\/wp.kristdemokraterna.se\/ydre\/#website"},"primaryImageOfPage":{"@id":"https:\/\/wp.kristdemokraterna.se\/ydre\/2016-11-16-i-folkets-namn\/#primaryimage"},"image":{"@id":"https:\/\/wp.kristdemokraterna.se\/ydre\/2016-11-16-i-folkets-namn\/#primaryimage"},"thumbnailUrl":"http:\/\/ydrebo.se\/kd\/veckobrev2016\/Bules_grav.JPG","datePublished":"2018-07-20T16:02:46+00:00","dateModified":"2018-07-20T16:03:36+00:00","breadcrumb":{"@id":"https:\/\/wp.kristdemokraterna.se\/ydre\/2016-11-16-i-folkets-namn\/#breadcrumb"},"inLanguage":"sv-SE","potentialAction":[{"@type":"ReadAction","target":["https:\/\/wp.kristdemokraterna.se\/ydre\/2016-11-16-i-folkets-namn\/"]}]},{"@type":"ImageObject","inLanguage":"sv-SE","@id":"https:\/\/wp.kristdemokraterna.se\/ydre\/2016-11-16-i-folkets-namn\/#primaryimage","url":"http:\/\/ydrebo.se\/kd\/veckobrev2016\/Bules_grav.JPG","contentUrl":"http:\/\/ydrebo.se\/kd\/veckobrev2016\/Bules_grav.JPG"},{"@type":"BreadcrumbList","@id":"https:\/\/wp.kristdemokraterna.se\/ydre\/2016-11-16-i-folkets-namn\/#breadcrumb","itemListElement":[{"@type":"ListItem","position":1,"name":"Hem","item":"https:\/\/wp.kristdemokraterna.se\/ydre\/"},{"@type":"ListItem","position":2,"name":"2016-11-16 I folkets namn"}]},{"@type":"WebSite","@id":"https:\/\/wp.kristdemokraterna.se\/ydre\/#website","url":"https:\/\/wp.kristdemokraterna.se\/ydre\/","name":"Kristdemokraterna i Ydre","description":"En till Kristdemokraterna webbplats","inLanguage":"sv-SE"}]}},"_links":{"self":[{"href":"https:\/\/wp.kristdemokraterna.se\/ydre\/wp-json\/wp\/v2\/pages\/1117","targetHints":{"allow":["GET"]}}],"collection":[{"href":"https:\/\/wp.kristdemokraterna.se\/ydre\/wp-json\/wp\/v2\/pages"}],"about":[{"href":"https:\/\/wp.kristdemokraterna.se\/ydre\/wp-json\/wp\/v2\/types\/page"}],"author":[{"embeddable":true,"href":"https:\/\/wp.kristdemokraterna.se\/ydre\/wp-json\/wp\/v2\/users\/793"}],"replies":[{"embeddable":true,"href":"https:\/\/wp.kristdemokraterna.se\/ydre\/wp-json\/wp\/v2\/comments?post=1117"}],"version-history":[{"count":2,"href":"https:\/\/wp.kristdemokraterna.se\/ydre\/wp-json\/wp\/v2\/pages\/1117\/revisions"}],"predecessor-version":[{"id":1119,"href":"https:\/\/wp.kristdemokraterna.se\/ydre\/wp-json\/wp\/v2\/pages\/1117\/revisions\/1119"}],"wp:attachment":[{"href":"https:\/\/wp.kristdemokraterna.se\/ydre\/wp-json\/wp\/v2\/media?parent=1117"}],"curies":[{"name":"wp","href":"https:\/\/api.w.org\/{rel}","templated":true}]}}