{"id":1125,"date":"2018-07-20T18:08:38","date_gmt":"2018-07-20T16:08:38","guid":{"rendered":"http:\/\/wp.kristdemokraterna.se\/ydre\/?page_id=1125"},"modified":"2018-07-20T18:10:55","modified_gmt":"2018-07-20T16:10:55","slug":"2016-12-02-ydres-morkaste-stund","status":"publish","type":"page","link":"https:\/\/wp.kristdemokraterna.se\/ydre\/2016-12-02-ydres-morkaste-stund\/","title":{"rendered":"2016-12-02 Ydres m\u00f6rkaste stund"},"content":{"rendered":"<p><img loading=\"lazy\" decoding=\"async\" src=\"http:\/\/ydrebo.se\/kd\/veckobrev2016\/vinter3.JPG\" width=\"600\" height=\"461\" \/><\/p>\n<p>N\u00e4r solen lyser p\u00e5 den nyfallna sn\u00f6n \u00e4r det sv\u00e5rt att f\u00f6rest\u00e4lla sig att Ydre kommun \u00e4r inne i en kris som kanske \u00e4r den sv\u00e5raste n\u00e5gonsin. Krisen i sjukv\u00e5rden har f\u00f6rv\u00e4rrats. I kommunstyrelsen har vi skrivit ett\u00a0brev till regionen.<br \/>\nV\u00e5ra\u00a0<a href=\"http:\/\/www.smt.se\/article\/ydres-dyra-hyrlakare\/\" target=\"_blank\" rel=\"noopener\"><b>problem med hyrl\u00e4kare<\/b><\/a>\u00a0har uppm\u00e4rksammats i pressen liksom att det riskerar att bli\u00a0<a href=\"http:\/\/www.smt.se\/article\/for-fa-lakare-i-osterbymo\/\" target=\"_blank\" rel=\"noopener\"><b>f\u00f6r f\u00e5 l\u00e4kare<\/b><\/a>.<br \/>\nRegionen har svarat\u00a0men svaret lugnar oss inte.<\/p>\n<p>Lyckligtvis finns det ocks\u00e5 ljuspunkter. Skolresultaten \u00e4r bra i Ydre. I det fallet \u00e4r Ydre b\u00e4st i Region \u00d6sterg\u00f6tland.<\/p>\n<p>S\u00e5 b\u00f6r vi kanske uppm\u00e4rksamma att i dag f\u00f6r 250 \u00e5r sedan utf\u00e4rdades en f\u00f6rordning om &#8221;skrif- och tryckfrihet&#8221;. Den tryckfriheten har vi anledning att vara stolta \u00f6ver och v\u00e4rna om!<\/p>\n<p><i>Bengt Malm, ordf.<br \/>\n2 december 2016<\/i><\/p>\n<p>&nbsp;<\/p>\n","protected":false},"excerpt":{"rendered":"<p>N\u00e4r solen lyser p\u00e5 den nyfallna sn\u00f6n \u00e4r det sv\u00e5rt att f\u00f6rest\u00e4lla sig att Ydre kommun \u00e4r inne i en kris som kanske \u00e4r den sv\u00e5raste n\u00e5gonsin. Krisen i sjukv\u00e5rden har f\u00f6rv\u00e4rrats. I kommunstyrelsen har vi skrivit ett\u00a0brev till regionen. V\u00e5ra\u00a0problem med hyrl\u00e4kare\u00a0har uppm\u00e4rksammats i pressen liksom att det riskerar att bli\u00a0f\u00f6r f\u00e5 l\u00e4kare. Regionen <a class=\"read-more-link\" href=\"https:\/\/wp.kristdemokraterna.se\/ydre\/2016-12-02-ydres-morkaste-stund\/\">L\u00e4s mer<\/a><\/p>\n","protected":false},"author":793,"featured_media":0,"parent":0,"menu_order":0,"comment_status":"closed","ping_status":"closed","template":"","meta":{"_acf_changed":false,"footnotes":""},"class_list":["post-1125","page","type-page","status-publish","hentry"],"acf":[],"yoast_head":"<!-- This site is optimized with the Yoast SEO plugin v27.5 - https:\/\/yoast.com\/product\/yoast-seo-wordpress\/ -->\n<title>2016-12-02 Ydres m\u00f6rkaste stund - Kristdemokraterna i Ydre<\/title>\n<meta name=\"robots\" content=\"index, follow, max-snippet:-1, max-image-preview:large, max-video-preview:-1\" \/>\n<link rel=\"canonical\" href=\"https:\/\/wp.kristdemokraterna.se\/ydre\/2016-12-02-ydres-morkaste-stund\/\" \/>\n<meta property=\"og:locale\" content=\"sv_SE\" \/>\n<meta property=\"og:type\" content=\"article\" \/>\n<meta property=\"og:title\" content=\"2016-12-02 Ydres m\u00f6rkaste stund - Kristdemokraterna i Ydre\" \/>\n<meta property=\"og:description\" content=\"N\u00e4r solen lyser p\u00e5 den nyfallna sn\u00f6n \u00e4r det sv\u00e5rt att f\u00f6rest\u00e4lla sig att Ydre kommun \u00e4r inne i en kris som kanske \u00e4r den sv\u00e5raste n\u00e5gonsin. Krisen i sjukv\u00e5rden har f\u00f6rv\u00e4rrats. I kommunstyrelsen har vi skrivit ett\u00a0brev till regionen. V\u00e5ra\u00a0problem med hyrl\u00e4kare\u00a0har uppm\u00e4rksammats i pressen liksom att det riskerar att bli\u00a0f\u00f6r f\u00e5 l\u00e4kare. Regionen L\u00e4s mer\" \/>\n<meta property=\"og:url\" content=\"https:\/\/wp.kristdemokraterna.se\/ydre\/2016-12-02-ydres-morkaste-stund\/\" \/>\n<meta property=\"og:site_name\" content=\"Kristdemokraterna i Ydre\" \/>\n<meta property=\"article:modified_time\" content=\"2018-07-20T16:10:55+00:00\" \/>\n<meta property=\"og:image\" content=\"http:\/\/ydrebo.se\/kd\/veckobrev2016\/vinter3.JPG\" \/>\n<meta name=\"twitter:card\" content=\"summary_large_image\" \/>\n<meta name=\"twitter:label1\" content=\"Ber\u00e4knad l\u00e4stid\" \/>\n\t<meta name=\"twitter:data1\" content=\"1 minut\" \/>\n<script type=\"application\/ld+json\" class=\"yoast-schema-graph\">{\"@context\":\"https:\\\/\\\/schema.org\",\"@graph\":[{\"@type\":\"WebPage\",\"@id\":\"https:\\\/\\\/wp.kristdemokraterna.se\\\/ydre\\\/2016-12-02-ydres-morkaste-stund\\\/\",\"url\":\"https:\\\/\\\/wp.kristdemokraterna.se\\\/ydre\\\/2016-12-02-ydres-morkaste-stund\\\/\",\"name\":\"2016-12-02 Ydres m\u00f6rkaste stund - Kristdemokraterna i Ydre\",\"isPartOf\":{\"@id\":\"https:\\\/\\\/wp.kristdemokraterna.se\\\/ydre\\\/#website\"},\"primaryImageOfPage\":{\"@id\":\"https:\\\/\\\/wp.kristdemokraterna.se\\\/ydre\\\/2016-12-02-ydres-morkaste-stund\\\/#primaryimage\"},\"image\":{\"@id\":\"https:\\\/\\\/wp.kristdemokraterna.se\\\/ydre\\\/2016-12-02-ydres-morkaste-stund\\\/#primaryimage\"},\"thumbnailUrl\":\"http:\\\/\\\/ydrebo.se\\\/kd\\\/veckobrev2016\\\/vinter3.JPG\",\"datePublished\":\"2018-07-20T16:08:38+00:00\",\"dateModified\":\"2018-07-20T16:10:55+00:00\",\"breadcrumb\":{\"@id\":\"https:\\\/\\\/wp.kristdemokraterna.se\\\/ydre\\\/2016-12-02-ydres-morkaste-stund\\\/#breadcrumb\"},\"inLanguage\":\"sv-SE\",\"potentialAction\":[{\"@type\":\"ReadAction\",\"target\":[\"https:\\\/\\\/wp.kristdemokraterna.se\\\/ydre\\\/2016-12-02-ydres-morkaste-stund\\\/\"]}]},{\"@type\":\"ImageObject\",\"inLanguage\":\"sv-SE\",\"@id\":\"https:\\\/\\\/wp.kristdemokraterna.se\\\/ydre\\\/2016-12-02-ydres-morkaste-stund\\\/#primaryimage\",\"url\":\"http:\\\/\\\/ydrebo.se\\\/kd\\\/veckobrev2016\\\/vinter3.JPG\",\"contentUrl\":\"http:\\\/\\\/ydrebo.se\\\/kd\\\/veckobrev2016\\\/vinter3.JPG\"},{\"@type\":\"BreadcrumbList\",\"@id\":\"https:\\\/\\\/wp.kristdemokraterna.se\\\/ydre\\\/2016-12-02-ydres-morkaste-stund\\\/#breadcrumb\",\"itemListElement\":[{\"@type\":\"ListItem\",\"position\":1,\"name\":\"Hem\",\"item\":\"https:\\\/\\\/wp.kristdemokraterna.se\\\/ydre\\\/\"},{\"@type\":\"ListItem\",\"position\":2,\"name\":\"2016-12-02 Ydres m\u00f6rkaste stund\"}]},{\"@type\":\"WebSite\",\"@id\":\"https:\\\/\\\/wp.kristdemokraterna.se\\\/ydre\\\/#website\",\"url\":\"https:\\\/\\\/wp.kristdemokraterna.se\\\/ydre\\\/\",\"name\":\"Kristdemokraterna i Ydre\",\"description\":\"En till Kristdemokraterna webbplats\",\"inLanguage\":\"sv-SE\"}]}<\/script>\n<!-- \/ Yoast SEO plugin. -->","yoast_head_json":{"title":"2016-12-02 Ydres m\u00f6rkaste stund - Kristdemokraterna i Ydre","robots":{"index":"index","follow":"follow","max-snippet":"max-snippet:-1","max-image-preview":"max-image-preview:large","max-video-preview":"max-video-preview:-1"},"canonical":"https:\/\/wp.kristdemokraterna.se\/ydre\/2016-12-02-ydres-morkaste-stund\/","og_locale":"sv_SE","og_type":"article","og_title":"2016-12-02 Ydres m\u00f6rkaste stund - Kristdemokraterna i Ydre","og_description":"N\u00e4r solen lyser p\u00e5 den nyfallna sn\u00f6n \u00e4r det sv\u00e5rt att f\u00f6rest\u00e4lla sig att Ydre kommun \u00e4r inne i en kris som kanske \u00e4r den sv\u00e5raste n\u00e5gonsin. Krisen i sjukv\u00e5rden har f\u00f6rv\u00e4rrats. I kommunstyrelsen har vi skrivit ett\u00a0brev till regionen. V\u00e5ra\u00a0problem med hyrl\u00e4kare\u00a0har uppm\u00e4rksammats i pressen liksom att det riskerar att bli\u00a0f\u00f6r f\u00e5 l\u00e4kare. Regionen L\u00e4s mer","og_url":"https:\/\/wp.kristdemokraterna.se\/ydre\/2016-12-02-ydres-morkaste-stund\/","og_site_name":"Kristdemokraterna i Ydre","article_modified_time":"2018-07-20T16:10:55+00:00","og_image":[{"url":"http:\/\/ydrebo.se\/kd\/veckobrev2016\/vinter3.JPG","type":"","width":"","height":""}],"twitter_card":"summary_large_image","twitter_misc":{"Ber\u00e4knad l\u00e4stid":"1 minut"},"schema":{"@context":"https:\/\/schema.org","@graph":[{"@type":"WebPage","@id":"https:\/\/wp.kristdemokraterna.se\/ydre\/2016-12-02-ydres-morkaste-stund\/","url":"https:\/\/wp.kristdemokraterna.se\/ydre\/2016-12-02-ydres-morkaste-stund\/","name":"2016-12-02 Ydres m\u00f6rkaste stund - Kristdemokraterna i Ydre","isPartOf":{"@id":"https:\/\/wp.kristdemokraterna.se\/ydre\/#website"},"primaryImageOfPage":{"@id":"https:\/\/wp.kristdemokraterna.se\/ydre\/2016-12-02-ydres-morkaste-stund\/#primaryimage"},"image":{"@id":"https:\/\/wp.kristdemokraterna.se\/ydre\/2016-12-02-ydres-morkaste-stund\/#primaryimage"},"thumbnailUrl":"http:\/\/ydrebo.se\/kd\/veckobrev2016\/vinter3.JPG","datePublished":"2018-07-20T16:08:38+00:00","dateModified":"2018-07-20T16:10:55+00:00","breadcrumb":{"@id":"https:\/\/wp.kristdemokraterna.se\/ydre\/2016-12-02-ydres-morkaste-stund\/#breadcrumb"},"inLanguage":"sv-SE","potentialAction":[{"@type":"ReadAction","target":["https:\/\/wp.kristdemokraterna.se\/ydre\/2016-12-02-ydres-morkaste-stund\/"]}]},{"@type":"ImageObject","inLanguage":"sv-SE","@id":"https:\/\/wp.kristdemokraterna.se\/ydre\/2016-12-02-ydres-morkaste-stund\/#primaryimage","url":"http:\/\/ydrebo.se\/kd\/veckobrev2016\/vinter3.JPG","contentUrl":"http:\/\/ydrebo.se\/kd\/veckobrev2016\/vinter3.JPG"},{"@type":"BreadcrumbList","@id":"https:\/\/wp.kristdemokraterna.se\/ydre\/2016-12-02-ydres-morkaste-stund\/#breadcrumb","itemListElement":[{"@type":"ListItem","position":1,"name":"Hem","item":"https:\/\/wp.kristdemokraterna.se\/ydre\/"},{"@type":"ListItem","position":2,"name":"2016-12-02 Ydres m\u00f6rkaste stund"}]},{"@type":"WebSite","@id":"https:\/\/wp.kristdemokraterna.se\/ydre\/#website","url":"https:\/\/wp.kristdemokraterna.se\/ydre\/","name":"Kristdemokraterna i Ydre","description":"En till Kristdemokraterna webbplats","inLanguage":"sv-SE"}]}},"_links":{"self":[{"href":"https:\/\/wp.kristdemokraterna.se\/ydre\/wp-json\/wp\/v2\/pages\/1125","targetHints":{"allow":["GET"]}}],"collection":[{"href":"https:\/\/wp.kristdemokraterna.se\/ydre\/wp-json\/wp\/v2\/pages"}],"about":[{"href":"https:\/\/wp.kristdemokraterna.se\/ydre\/wp-json\/wp\/v2\/types\/page"}],"author":[{"embeddable":true,"href":"https:\/\/wp.kristdemokraterna.se\/ydre\/wp-json\/wp\/v2\/users\/793"}],"replies":[{"embeddable":true,"href":"https:\/\/wp.kristdemokraterna.se\/ydre\/wp-json\/wp\/v2\/comments?post=1125"}],"version-history":[{"count":3,"href":"https:\/\/wp.kristdemokraterna.se\/ydre\/wp-json\/wp\/v2\/pages\/1125\/revisions"}],"predecessor-version":[{"id":1128,"href":"https:\/\/wp.kristdemokraterna.se\/ydre\/wp-json\/wp\/v2\/pages\/1125\/revisions\/1128"}],"wp:attachment":[{"href":"https:\/\/wp.kristdemokraterna.se\/ydre\/wp-json\/wp\/v2\/media?parent=1125"}],"curies":[{"name":"wp","href":"https:\/\/api.w.org\/{rel}","templated":true}]}}