{"id":1130,"date":"2018-07-20T18:12:51","date_gmt":"2018-07-20T16:12:51","guid":{"rendered":"http:\/\/wp.kristdemokraterna.se\/ydre\/?page_id=1130"},"modified":"2018-07-20T18:13:43","modified_gmt":"2018-07-20T16:13:43","slug":"2016-12-23-kommer-ljuset-tillbaka","status":"publish","type":"page","link":"https:\/\/wp.kristdemokraterna.se\/ydre\/2016-12-23-kommer-ljuset-tillbaka\/","title":{"rendered":"2016-12-23 Kommer ljuset tillbaka?"},"content":{"rendered":"<p><img loading=\"lazy\" decoding=\"async\" src=\"http:\/\/ydrebo.se\/kd\/veckobrev\/ukreda4.JPG\" width=\"600\" height=\"462\" \/><\/p>\n<p>Visst blir det ljust igen. Vintersolst\u00e5ndet har ju passerat.<br \/>\nMen p\u00e5 ett annat s\u00e4tt ser det ut som om m\u00f6rkret vinner. Det har under \u00e5ret blivit mycket m\u00f6rkare i v\u00e4rldspolitiken, i det ena landet efter det andra. Ocks\u00e5 i Sverige ser det m\u00f6rkare ut \u00e4n f\u00f6111r ett \u00e5r sedan.<br \/>\nI Ydre kan vi \u00e4nd\u00e5 gl\u00e4dja oss \u00e5t ganska mycket. Det mest oroande \u00e4r fortfarande v\u00e5rdcentralens situation. Landsh\u00f6vdingen har tagit emot en delegation fr\u00e5n Ydre eftersom hon ville veta vad som egentligen p\u00e5g\u00e5r h\u00e4r. Kommunstyrelsens ordf\u00f6rande menar att det var en v\u00e4l anv\u00e4nd timme n\u00e4r v\u00e5r delegation bes\u00f6kte henne.<br \/>\nDet har funnits \u00e4nnu v\u00e4rre tider f\u00f6rr. F\u00f6r 300 \u00e5r sedan p\u00e5gick den stora ofreden. Inga barn och ungdomar kunde minnas n\u00e5got annat \u00e4n krig \u00e4ven om det inte var m\u00e5nga krigsh\u00e4ndelser i det som nu \u00e4r Sverige.<br \/>\nDet blev ju jul ocks\u00e5 f\u00f6r 300 \u00e5r sedan. Det h\u00f6lls s\u00e4kert julgudstj\u00e4nster i Ydre. Kanske sj\u00f6ng man trots ofreden<\/p>\n<p><i>War glad du helga Christenhet,<br \/>\nOch prisa Guds barmhertighet.<br \/>\nGodt hafwer han bewisat dig,<br \/>\nHan \u00e4r dig god ewinnerlig.<\/p>\n<p><\/i><i>Bengt Malm, ordf.<br \/>\n23 december 2016<\/i><\/p>\n<p><img loading=\"lazy\" decoding=\"async\" src=\"http:\/\/ydrebo.se\/kd\/veckobrev\/ukreda2.JPG\" width=\"600\" height=\"461\" \/><\/p>\n","protected":false},"excerpt":{"rendered":"<p>Visst blir det ljust igen. Vintersolst\u00e5ndet har ju passerat. Men p\u00e5 ett annat s\u00e4tt ser det ut som om m\u00f6rkret vinner. Det har under \u00e5ret blivit mycket m\u00f6rkare i v\u00e4rldspolitiken, i det ena landet efter det andra. Ocks\u00e5 i Sverige ser det m\u00f6rkare ut \u00e4n f\u00f6111r ett \u00e5r sedan. I Ydre kan vi \u00e4nd\u00e5 gl\u00e4dja <a class=\"read-more-link\" href=\"https:\/\/wp.kristdemokraterna.se\/ydre\/2016-12-23-kommer-ljuset-tillbaka\/\">L\u00e4s mer<\/a><\/p>\n","protected":false},"author":793,"featured_media":0,"parent":0,"menu_order":0,"comment_status":"closed","ping_status":"closed","template":"","meta":{"_acf_changed":false,"footnotes":""},"class_list":["post-1130","page","type-page","status-publish","hentry"],"acf":[],"yoast_head":"<!-- This site is optimized with the Yoast SEO plugin v27.5 - https:\/\/yoast.com\/product\/yoast-seo-wordpress\/ -->\n<title>2016-12-23 Kommer ljuset tillbaka? - Kristdemokraterna i Ydre<\/title>\n<meta name=\"robots\" content=\"index, follow, max-snippet:-1, max-image-preview:large, max-video-preview:-1\" \/>\n<link rel=\"canonical\" href=\"https:\/\/wp.kristdemokraterna.se\/ydre\/2016-12-23-kommer-ljuset-tillbaka\/\" \/>\n<meta property=\"og:locale\" content=\"sv_SE\" \/>\n<meta property=\"og:type\" content=\"article\" \/>\n<meta property=\"og:title\" content=\"2016-12-23 Kommer ljuset tillbaka? - Kristdemokraterna i Ydre\" \/>\n<meta property=\"og:description\" content=\"Visst blir det ljust igen. Vintersolst\u00e5ndet har ju passerat. Men p\u00e5 ett annat s\u00e4tt ser det ut som om m\u00f6rkret vinner. Det har under \u00e5ret blivit mycket m\u00f6rkare i v\u00e4rldspolitiken, i det ena landet efter det andra. Ocks\u00e5 i Sverige ser det m\u00f6rkare ut \u00e4n f\u00f6111r ett \u00e5r sedan. I Ydre kan vi \u00e4nd\u00e5 gl\u00e4dja L\u00e4s mer\" \/>\n<meta property=\"og:url\" content=\"https:\/\/wp.kristdemokraterna.se\/ydre\/2016-12-23-kommer-ljuset-tillbaka\/\" \/>\n<meta property=\"og:site_name\" content=\"Kristdemokraterna i Ydre\" \/>\n<meta property=\"article:modified_time\" content=\"2018-07-20T16:13:43+00:00\" \/>\n<meta property=\"og:image\" content=\"http:\/\/ydrebo.se\/kd\/veckobrev\/ukreda4.JPG\" \/>\n<meta name=\"twitter:card\" content=\"summary_large_image\" \/>\n<meta name=\"twitter:label1\" content=\"Ber\u00e4knad l\u00e4stid\" \/>\n\t<meta name=\"twitter:data1\" content=\"1 minut\" \/>\n<script type=\"application\/ld+json\" class=\"yoast-schema-graph\">{\"@context\":\"https:\\\/\\\/schema.org\",\"@graph\":[{\"@type\":\"WebPage\",\"@id\":\"https:\\\/\\\/wp.kristdemokraterna.se\\\/ydre\\\/2016-12-23-kommer-ljuset-tillbaka\\\/\",\"url\":\"https:\\\/\\\/wp.kristdemokraterna.se\\\/ydre\\\/2016-12-23-kommer-ljuset-tillbaka\\\/\",\"name\":\"2016-12-23 Kommer ljuset tillbaka? - Kristdemokraterna i Ydre\",\"isPartOf\":{\"@id\":\"https:\\\/\\\/wp.kristdemokraterna.se\\\/ydre\\\/#website\"},\"primaryImageOfPage\":{\"@id\":\"https:\\\/\\\/wp.kristdemokraterna.se\\\/ydre\\\/2016-12-23-kommer-ljuset-tillbaka\\\/#primaryimage\"},\"image\":{\"@id\":\"https:\\\/\\\/wp.kristdemokraterna.se\\\/ydre\\\/2016-12-23-kommer-ljuset-tillbaka\\\/#primaryimage\"},\"thumbnailUrl\":\"http:\\\/\\\/ydrebo.se\\\/kd\\\/veckobrev\\\/ukreda4.JPG\",\"datePublished\":\"2018-07-20T16:12:51+00:00\",\"dateModified\":\"2018-07-20T16:13:43+00:00\",\"breadcrumb\":{\"@id\":\"https:\\\/\\\/wp.kristdemokraterna.se\\\/ydre\\\/2016-12-23-kommer-ljuset-tillbaka\\\/#breadcrumb\"},\"inLanguage\":\"sv-SE\",\"potentialAction\":[{\"@type\":\"ReadAction\",\"target\":[\"https:\\\/\\\/wp.kristdemokraterna.se\\\/ydre\\\/2016-12-23-kommer-ljuset-tillbaka\\\/\"]}]},{\"@type\":\"ImageObject\",\"inLanguage\":\"sv-SE\",\"@id\":\"https:\\\/\\\/wp.kristdemokraterna.se\\\/ydre\\\/2016-12-23-kommer-ljuset-tillbaka\\\/#primaryimage\",\"url\":\"http:\\\/\\\/ydrebo.se\\\/kd\\\/veckobrev\\\/ukreda4.JPG\",\"contentUrl\":\"http:\\\/\\\/ydrebo.se\\\/kd\\\/veckobrev\\\/ukreda4.JPG\"},{\"@type\":\"BreadcrumbList\",\"@id\":\"https:\\\/\\\/wp.kristdemokraterna.se\\\/ydre\\\/2016-12-23-kommer-ljuset-tillbaka\\\/#breadcrumb\",\"itemListElement\":[{\"@type\":\"ListItem\",\"position\":1,\"name\":\"Hem\",\"item\":\"https:\\\/\\\/wp.kristdemokraterna.se\\\/ydre\\\/\"},{\"@type\":\"ListItem\",\"position\":2,\"name\":\"2016-12-23 Kommer ljuset tillbaka?\"}]},{\"@type\":\"WebSite\",\"@id\":\"https:\\\/\\\/wp.kristdemokraterna.se\\\/ydre\\\/#website\",\"url\":\"https:\\\/\\\/wp.kristdemokraterna.se\\\/ydre\\\/\",\"name\":\"Kristdemokraterna i Ydre\",\"description\":\"En till Kristdemokraterna webbplats\",\"inLanguage\":\"sv-SE\"}]}<\/script>\n<!-- \/ Yoast SEO plugin. -->","yoast_head_json":{"title":"2016-12-23 Kommer ljuset tillbaka? - Kristdemokraterna i Ydre","robots":{"index":"index","follow":"follow","max-snippet":"max-snippet:-1","max-image-preview":"max-image-preview:large","max-video-preview":"max-video-preview:-1"},"canonical":"https:\/\/wp.kristdemokraterna.se\/ydre\/2016-12-23-kommer-ljuset-tillbaka\/","og_locale":"sv_SE","og_type":"article","og_title":"2016-12-23 Kommer ljuset tillbaka? - Kristdemokraterna i Ydre","og_description":"Visst blir det ljust igen. Vintersolst\u00e5ndet har ju passerat. Men p\u00e5 ett annat s\u00e4tt ser det ut som om m\u00f6rkret vinner. Det har under \u00e5ret blivit mycket m\u00f6rkare i v\u00e4rldspolitiken, i det ena landet efter det andra. Ocks\u00e5 i Sverige ser det m\u00f6rkare ut \u00e4n f\u00f6111r ett \u00e5r sedan. I Ydre kan vi \u00e4nd\u00e5 gl\u00e4dja L\u00e4s mer","og_url":"https:\/\/wp.kristdemokraterna.se\/ydre\/2016-12-23-kommer-ljuset-tillbaka\/","og_site_name":"Kristdemokraterna i Ydre","article_modified_time":"2018-07-20T16:13:43+00:00","og_image":[{"url":"http:\/\/ydrebo.se\/kd\/veckobrev\/ukreda4.JPG","type":"","width":"","height":""}],"twitter_card":"summary_large_image","twitter_misc":{"Ber\u00e4knad l\u00e4stid":"1 minut"},"schema":{"@context":"https:\/\/schema.org","@graph":[{"@type":"WebPage","@id":"https:\/\/wp.kristdemokraterna.se\/ydre\/2016-12-23-kommer-ljuset-tillbaka\/","url":"https:\/\/wp.kristdemokraterna.se\/ydre\/2016-12-23-kommer-ljuset-tillbaka\/","name":"2016-12-23 Kommer ljuset tillbaka? - Kristdemokraterna i Ydre","isPartOf":{"@id":"https:\/\/wp.kristdemokraterna.se\/ydre\/#website"},"primaryImageOfPage":{"@id":"https:\/\/wp.kristdemokraterna.se\/ydre\/2016-12-23-kommer-ljuset-tillbaka\/#primaryimage"},"image":{"@id":"https:\/\/wp.kristdemokraterna.se\/ydre\/2016-12-23-kommer-ljuset-tillbaka\/#primaryimage"},"thumbnailUrl":"http:\/\/ydrebo.se\/kd\/veckobrev\/ukreda4.JPG","datePublished":"2018-07-20T16:12:51+00:00","dateModified":"2018-07-20T16:13:43+00:00","breadcrumb":{"@id":"https:\/\/wp.kristdemokraterna.se\/ydre\/2016-12-23-kommer-ljuset-tillbaka\/#breadcrumb"},"inLanguage":"sv-SE","potentialAction":[{"@type":"ReadAction","target":["https:\/\/wp.kristdemokraterna.se\/ydre\/2016-12-23-kommer-ljuset-tillbaka\/"]}]},{"@type":"ImageObject","inLanguage":"sv-SE","@id":"https:\/\/wp.kristdemokraterna.se\/ydre\/2016-12-23-kommer-ljuset-tillbaka\/#primaryimage","url":"http:\/\/ydrebo.se\/kd\/veckobrev\/ukreda4.JPG","contentUrl":"http:\/\/ydrebo.se\/kd\/veckobrev\/ukreda4.JPG"},{"@type":"BreadcrumbList","@id":"https:\/\/wp.kristdemokraterna.se\/ydre\/2016-12-23-kommer-ljuset-tillbaka\/#breadcrumb","itemListElement":[{"@type":"ListItem","position":1,"name":"Hem","item":"https:\/\/wp.kristdemokraterna.se\/ydre\/"},{"@type":"ListItem","position":2,"name":"2016-12-23 Kommer ljuset tillbaka?"}]},{"@type":"WebSite","@id":"https:\/\/wp.kristdemokraterna.se\/ydre\/#website","url":"https:\/\/wp.kristdemokraterna.se\/ydre\/","name":"Kristdemokraterna i Ydre","description":"En till Kristdemokraterna webbplats","inLanguage":"sv-SE"}]}},"_links":{"self":[{"href":"https:\/\/wp.kristdemokraterna.se\/ydre\/wp-json\/wp\/v2\/pages\/1130","targetHints":{"allow":["GET"]}}],"collection":[{"href":"https:\/\/wp.kristdemokraterna.se\/ydre\/wp-json\/wp\/v2\/pages"}],"about":[{"href":"https:\/\/wp.kristdemokraterna.se\/ydre\/wp-json\/wp\/v2\/types\/page"}],"author":[{"embeddable":true,"href":"https:\/\/wp.kristdemokraterna.se\/ydre\/wp-json\/wp\/v2\/users\/793"}],"replies":[{"embeddable":true,"href":"https:\/\/wp.kristdemokraterna.se\/ydre\/wp-json\/wp\/v2\/comments?post=1130"}],"version-history":[{"count":2,"href":"https:\/\/wp.kristdemokraterna.se\/ydre\/wp-json\/wp\/v2\/pages\/1130\/revisions"}],"predecessor-version":[{"id":1132,"href":"https:\/\/wp.kristdemokraterna.se\/ydre\/wp-json\/wp\/v2\/pages\/1130\/revisions\/1132"}],"wp:attachment":[{"href":"https:\/\/wp.kristdemokraterna.se\/ydre\/wp-json\/wp\/v2\/media?parent=1130"}],"curies":[{"name":"wp","href":"https:\/\/api.w.org\/{rel}","templated":true}]}}