{"id":1135,"date":"2018-07-25T17:24:23","date_gmt":"2018-07-25T15:24:23","guid":{"rendered":"http:\/\/wp.kristdemokraterna.se\/ydre\/?page_id=1135"},"modified":"2018-07-25T17:25:14","modified_gmt":"2018-07-25T15:25:14","slug":"2014-02-15-en-vision-ydre-en-hojdpunkt-i-mansklighet","status":"publish","type":"page","link":"https:\/\/wp.kristdemokraterna.se\/ydre\/2014-02-15-en-vision-ydre-en-hojdpunkt-i-mansklighet\/","title":{"rendered":"2014-02-15 En vision: Ydre en h\u00f6jdpunkt i m\u00e4nsklighet!"},"content":{"rendered":"<p>Ydre \u00e4r \u00d6sterg\u00f6tlands h\u00f6jdpunkt, h\u00f6jdpunkten i flera avseenden. M\u00e5 Ydre bli en h\u00f6jdpunkt i m\u00e4nsklighet! Vi har stolta traditioner. L\u00e5t oss ta vara p\u00e5 dem! L\u00e5t oss bevara och st\u00e4rka det m\u00e4nskliga h\u00e4r i Ydre!<br \/>\n<span style=\"font-size: large\">F\u00f6r ett samh\u00e4lle som lever \u00e4r det mycket som beh\u00f6vs. Alla fr\u00e5n de yngsta till de \u00e4ldsta beh\u00f6ver s\u00e5 mycket. N\u00e4r vi diskuterar allt detta: F\u00f6rskolan, skolan, sjukv\u00e5rden, turismen, invandrarnas situation, \u00e4ldreomsorgen, n\u00e4ringslivet, kommunikationerna och allt annat som h\u00f6r till infrastrukturen l\u00e5t oss d\u00e5 t\u00e4nka efter vad som \u00e4r den m\u00e4nskliga sidan av varje \u00e4rende.<br \/>\nOm m\u00e4nniskan \u00e4r skapad till Guds avbild l\u00e5t oss d\u00e5 v\u00e4rna om m\u00e4nniskorna! Visst kan vi g\u00e5 till val p\u00e5 att g\u00f6ra Ydre till en h\u00f6jdpunkt i m\u00e4nsklighet! Vi kommer att precisera v\u00e5rt valprogram mer men l\u00e5t det m\u00e4nskliga vara v\u00e5rt \u00f6vergripande m\u00e5l!<br \/>\nEn av de v\u00e4rsta personer jag vet var Hitlers propagandaminister Joseph Goebbels. En g\u00e5ng under andra v\u00e4rldskriget talade han till en stor folksamling. \u201dVill ni ha det totala kriget?\u201d vr\u00e5lade han. Och folkmassan vr\u00e5lade \u201dJa!\u201d Det blev s\u00e5, n\u00e4stan.<br \/>\nMen \u00e4n i dag lever tankar kvar fr\u00e5n Goebbels tid. Vi h\u00f6r om dem hela tiden. De lever i organisationer med olika namn, i grupper d\u00e4r den ena \u00e4r brunare \u00e4n den andra och d\u00e4r det m\u00e4nskliga sitter tr\u00e5ngt. Tyv\u00e4rr hotas det m\u00e4nskliga ocks\u00e5 fr\u00e5n andra h\u00e5ll.<br \/>\n<i>Vi<\/i>\u00a0vill ha det m\u00e4nskliga.\u00a0<i>Vi<\/i>\u00a0beh\u00f6ver inte vr\u00e5la, vi skall inte vr\u00e5la. Men n\u00e4r vi talar f\u00f6r det m\u00e4nskliga skall det \u00e4nd\u00e5 h\u00f6ras. L\u00e5t oss tala f\u00f6r det m\u00e4nskliga i Ydre, i Sverige, i EU, i v\u00e4rlden! L\u00e5t oss arbeta f\u00f6r att g\u00f6ra Ydre till en h\u00f6jdpunkt i m\u00e4nsklighet!<\/p>\n<p><\/span><i>Bengt Malm, ordf.<br \/>\n15 februari 2014<\/i><\/p>\n<p>&nbsp;<\/p>\n","protected":false},"excerpt":{"rendered":"<p>Ydre \u00e4r \u00d6sterg\u00f6tlands h\u00f6jdpunkt, h\u00f6jdpunkten i flera avseenden. M\u00e5 Ydre bli en h\u00f6jdpunkt i m\u00e4nsklighet! Vi har stolta traditioner. L\u00e5t oss ta vara p\u00e5 dem! L\u00e5t oss bevara och st\u00e4rka det m\u00e4nskliga h\u00e4r i Ydre! F\u00f6r ett samh\u00e4lle som lever \u00e4r det mycket som beh\u00f6vs. Alla fr\u00e5n de yngsta till de \u00e4ldsta beh\u00f6ver s\u00e5 mycket. <a class=\"read-more-link\" href=\"https:\/\/wp.kristdemokraterna.se\/ydre\/2014-02-15-en-vision-ydre-en-hojdpunkt-i-mansklighet\/\">L\u00e4s mer<\/a><\/p>\n","protected":false},"author":793,"featured_media":0,"parent":0,"menu_order":0,"comment_status":"closed","ping_status":"closed","template":"","meta":{"_acf_changed":false,"footnotes":""},"class_list":["post-1135","page","type-page","status-publish","hentry"],"acf":[],"yoast_head":"<!-- This site is optimized with the Yoast SEO plugin v27.5 - https:\/\/yoast.com\/product\/yoast-seo-wordpress\/ -->\n<title>2014-02-15 En vision: Ydre en h\u00f6jdpunkt i m\u00e4nsklighet! - Kristdemokraterna i Ydre<\/title>\n<meta name=\"robots\" content=\"index, follow, max-snippet:-1, max-image-preview:large, max-video-preview:-1\" \/>\n<link rel=\"canonical\" href=\"https:\/\/wp.kristdemokraterna.se\/ydre\/2014-02-15-en-vision-ydre-en-hojdpunkt-i-mansklighet\/\" \/>\n<meta property=\"og:locale\" content=\"sv_SE\" \/>\n<meta property=\"og:type\" content=\"article\" \/>\n<meta property=\"og:title\" content=\"2014-02-15 En vision: Ydre en h\u00f6jdpunkt i m\u00e4nsklighet! - Kristdemokraterna i Ydre\" \/>\n<meta property=\"og:description\" content=\"Ydre \u00e4r \u00d6sterg\u00f6tlands h\u00f6jdpunkt, h\u00f6jdpunkten i flera avseenden. M\u00e5 Ydre bli en h\u00f6jdpunkt i m\u00e4nsklighet! Vi har stolta traditioner. L\u00e5t oss ta vara p\u00e5 dem! L\u00e5t oss bevara och st\u00e4rka det m\u00e4nskliga h\u00e4r i Ydre! F\u00f6r ett samh\u00e4lle som lever \u00e4r det mycket som beh\u00f6vs. Alla fr\u00e5n de yngsta till de \u00e4ldsta beh\u00f6ver s\u00e5 mycket. L\u00e4s mer\" \/>\n<meta property=\"og:url\" content=\"https:\/\/wp.kristdemokraterna.se\/ydre\/2014-02-15-en-vision-ydre-en-hojdpunkt-i-mansklighet\/\" \/>\n<meta property=\"og:site_name\" content=\"Kristdemokraterna i Ydre\" \/>\n<meta property=\"article:modified_time\" content=\"2018-07-25T15:25:14+00:00\" \/>\n<meta name=\"twitter:card\" content=\"summary_large_image\" \/>\n<meta name=\"twitter:label1\" content=\"Ber\u00e4knad l\u00e4stid\" \/>\n\t<meta name=\"twitter:data1\" content=\"2 minuter\" \/>\n<script type=\"application\/ld+json\" class=\"yoast-schema-graph\">{\"@context\":\"https:\\\/\\\/schema.org\",\"@graph\":[{\"@type\":\"WebPage\",\"@id\":\"https:\\\/\\\/wp.kristdemokraterna.se\\\/ydre\\\/2014-02-15-en-vision-ydre-en-hojdpunkt-i-mansklighet\\\/\",\"url\":\"https:\\\/\\\/wp.kristdemokraterna.se\\\/ydre\\\/2014-02-15-en-vision-ydre-en-hojdpunkt-i-mansklighet\\\/\",\"name\":\"2014-02-15 En vision: Ydre en h\u00f6jdpunkt i m\u00e4nsklighet! - Kristdemokraterna i Ydre\",\"isPartOf\":{\"@id\":\"https:\\\/\\\/wp.kristdemokraterna.se\\\/ydre\\\/#website\"},\"datePublished\":\"2018-07-25T15:24:23+00:00\",\"dateModified\":\"2018-07-25T15:25:14+00:00\",\"breadcrumb\":{\"@id\":\"https:\\\/\\\/wp.kristdemokraterna.se\\\/ydre\\\/2014-02-15-en-vision-ydre-en-hojdpunkt-i-mansklighet\\\/#breadcrumb\"},\"inLanguage\":\"sv-SE\",\"potentialAction\":[{\"@type\":\"ReadAction\",\"target\":[\"https:\\\/\\\/wp.kristdemokraterna.se\\\/ydre\\\/2014-02-15-en-vision-ydre-en-hojdpunkt-i-mansklighet\\\/\"]}]},{\"@type\":\"BreadcrumbList\",\"@id\":\"https:\\\/\\\/wp.kristdemokraterna.se\\\/ydre\\\/2014-02-15-en-vision-ydre-en-hojdpunkt-i-mansklighet\\\/#breadcrumb\",\"itemListElement\":[{\"@type\":\"ListItem\",\"position\":1,\"name\":\"Hem\",\"item\":\"https:\\\/\\\/wp.kristdemokraterna.se\\\/ydre\\\/\"},{\"@type\":\"ListItem\",\"position\":2,\"name\":\"2014-02-15 En vision: Ydre en h\u00f6jdpunkt i m\u00e4nsklighet!\"}]},{\"@type\":\"WebSite\",\"@id\":\"https:\\\/\\\/wp.kristdemokraterna.se\\\/ydre\\\/#website\",\"url\":\"https:\\\/\\\/wp.kristdemokraterna.se\\\/ydre\\\/\",\"name\":\"Kristdemokraterna i Ydre\",\"description\":\"En till Kristdemokraterna webbplats\",\"inLanguage\":\"sv-SE\"}]}<\/script>\n<!-- \/ Yoast SEO plugin. -->","yoast_head_json":{"title":"2014-02-15 En vision: Ydre en h\u00f6jdpunkt i m\u00e4nsklighet! - Kristdemokraterna i Ydre","robots":{"index":"index","follow":"follow","max-snippet":"max-snippet:-1","max-image-preview":"max-image-preview:large","max-video-preview":"max-video-preview:-1"},"canonical":"https:\/\/wp.kristdemokraterna.se\/ydre\/2014-02-15-en-vision-ydre-en-hojdpunkt-i-mansklighet\/","og_locale":"sv_SE","og_type":"article","og_title":"2014-02-15 En vision: Ydre en h\u00f6jdpunkt i m\u00e4nsklighet! - Kristdemokraterna i Ydre","og_description":"Ydre \u00e4r \u00d6sterg\u00f6tlands h\u00f6jdpunkt, h\u00f6jdpunkten i flera avseenden. M\u00e5 Ydre bli en h\u00f6jdpunkt i m\u00e4nsklighet! Vi har stolta traditioner. L\u00e5t oss ta vara p\u00e5 dem! L\u00e5t oss bevara och st\u00e4rka det m\u00e4nskliga h\u00e4r i Ydre! F\u00f6r ett samh\u00e4lle som lever \u00e4r det mycket som beh\u00f6vs. Alla fr\u00e5n de yngsta till de \u00e4ldsta beh\u00f6ver s\u00e5 mycket. L\u00e4s mer","og_url":"https:\/\/wp.kristdemokraterna.se\/ydre\/2014-02-15-en-vision-ydre-en-hojdpunkt-i-mansklighet\/","og_site_name":"Kristdemokraterna i Ydre","article_modified_time":"2018-07-25T15:25:14+00:00","twitter_card":"summary_large_image","twitter_misc":{"Ber\u00e4knad l\u00e4stid":"2 minuter"},"schema":{"@context":"https:\/\/schema.org","@graph":[{"@type":"WebPage","@id":"https:\/\/wp.kristdemokraterna.se\/ydre\/2014-02-15-en-vision-ydre-en-hojdpunkt-i-mansklighet\/","url":"https:\/\/wp.kristdemokraterna.se\/ydre\/2014-02-15-en-vision-ydre-en-hojdpunkt-i-mansklighet\/","name":"2014-02-15 En vision: Ydre en h\u00f6jdpunkt i m\u00e4nsklighet! - Kristdemokraterna i Ydre","isPartOf":{"@id":"https:\/\/wp.kristdemokraterna.se\/ydre\/#website"},"datePublished":"2018-07-25T15:24:23+00:00","dateModified":"2018-07-25T15:25:14+00:00","breadcrumb":{"@id":"https:\/\/wp.kristdemokraterna.se\/ydre\/2014-02-15-en-vision-ydre-en-hojdpunkt-i-mansklighet\/#breadcrumb"},"inLanguage":"sv-SE","potentialAction":[{"@type":"ReadAction","target":["https:\/\/wp.kristdemokraterna.se\/ydre\/2014-02-15-en-vision-ydre-en-hojdpunkt-i-mansklighet\/"]}]},{"@type":"BreadcrumbList","@id":"https:\/\/wp.kristdemokraterna.se\/ydre\/2014-02-15-en-vision-ydre-en-hojdpunkt-i-mansklighet\/#breadcrumb","itemListElement":[{"@type":"ListItem","position":1,"name":"Hem","item":"https:\/\/wp.kristdemokraterna.se\/ydre\/"},{"@type":"ListItem","position":2,"name":"2014-02-15 En vision: Ydre en h\u00f6jdpunkt i m\u00e4nsklighet!"}]},{"@type":"WebSite","@id":"https:\/\/wp.kristdemokraterna.se\/ydre\/#website","url":"https:\/\/wp.kristdemokraterna.se\/ydre\/","name":"Kristdemokraterna i Ydre","description":"En till Kristdemokraterna webbplats","inLanguage":"sv-SE"}]}},"_links":{"self":[{"href":"https:\/\/wp.kristdemokraterna.se\/ydre\/wp-json\/wp\/v2\/pages\/1135","targetHints":{"allow":["GET"]}}],"collection":[{"href":"https:\/\/wp.kristdemokraterna.se\/ydre\/wp-json\/wp\/v2\/pages"}],"about":[{"href":"https:\/\/wp.kristdemokraterna.se\/ydre\/wp-json\/wp\/v2\/types\/page"}],"author":[{"embeddable":true,"href":"https:\/\/wp.kristdemokraterna.se\/ydre\/wp-json\/wp\/v2\/users\/793"}],"replies":[{"embeddable":true,"href":"https:\/\/wp.kristdemokraterna.se\/ydre\/wp-json\/wp\/v2\/comments?post=1135"}],"version-history":[{"count":2,"href":"https:\/\/wp.kristdemokraterna.se\/ydre\/wp-json\/wp\/v2\/pages\/1135\/revisions"}],"predecessor-version":[{"id":1137,"href":"https:\/\/wp.kristdemokraterna.se\/ydre\/wp-json\/wp\/v2\/pages\/1135\/revisions\/1137"}],"wp:attachment":[{"href":"https:\/\/wp.kristdemokraterna.se\/ydre\/wp-json\/wp\/v2\/media?parent=1135"}],"curies":[{"name":"wp","href":"https:\/\/api.w.org\/{rel}","templated":true}]}}