{"id":1139,"date":"2018-07-25T17:27:08","date_gmt":"2018-07-25T15:27:08","guid":{"rendered":"http:\/\/wp.kristdemokraterna.se\/ydre\/?page_id=1139"},"modified":"2018-07-25T17:27:35","modified_gmt":"2018-07-25T15:27:35","slug":"2014-02-20-tid-for-det-manskliga","status":"publish","type":"page","link":"https:\/\/wp.kristdemokraterna.se\/ydre\/2014-02-20-tid-for-det-manskliga\/","title":{"rendered":"2014-02-20 Tid f\u00f6r det m\u00e4nskliga!"},"content":{"rendered":"<p><span style=\"font-size: large\">Bes\u00f6ken p\u00e5 bilprovningen har undan f\u00f6r undan tagit allt mindre tid. Det beror inte p\u00e5 att man skulle kontrollera mindre eller slarvigare. Tv\u00e4rtom uppfattas kvaliteten p\u00e5 bilarna som alltmer livsviktig. Men f\u00f6r att g\u00f6ra det smidigare har man \u00e4ndrat ordningsf\u00f6ljden mellan en del moment. Och framf\u00f6r allt har man minskat p\u00e5 pappersarbetet. Rapporteringen av unders\u00f6kningarna tar nu n\u00e4stan ingen tid alls.<br \/>\nI en del andra sammanhang, som skolan och \u00e4ldrev\u00e5rden, har man gjort tv\u00e4rtom. Administrationen har \u00f6kat, dvs den tar mer tid fr\u00e5n de egentliga uppgifterna. Personligen minns jag hur det var n\u00e4r jag f\u00f6r en del \u00e5r sedan satt i utbildningsn\u00e4mnden i en annan kommun. N\u00e5gra av oss satt i en arbetsgrupp f\u00f6r kvalitetsutveckling. Efter ett \u00e5r fyllde dokumenten bort\u00e5t en hyllmeter. Bort\u00e5t en hyllmeter! T\u00e4nk om en del av rapporteringstiden anv\u00e4nts till n\u00e5got annat!<br \/>\nVisst \u00e4r det bra med rapportering om kvalitet (s\u00e4rskilt n\u00e4r den saknas). Men kvalitet skall framf\u00f6r allt\u00a0<i>levas<\/i>. Och f\u00f6r det beh\u00f6vs tid. Annars drabbas eleverna i skolan och &#8221;brukarna&#8221; i \u00e4ldreomsorgen.<br \/>\n&#8221;Brukare&#8221; &#8211; vilket fruktansv\u00e4rt ord. Finns det &#8221;brukare&#8221; i Ydre? Nej, det g\u00f6r det inte. Det finns m\u00e4nniskor, det finns ydrebor. Ydrebor \u00e4r vi alla vare sig vi kommer fr\u00e5n \u00d6sterbymo eller \u00d6sterrike, fr\u00e5n Mora eller Mogadishu, fr\u00e5n Kalix eller Kabul. Vi \u00e4r alla ydrebor. Vi \u00e4r alla m\u00e4nniskor<br \/>\nEn del bland oss arbetar med m\u00e4nniskor. Vi m\u00e5ste ge dem mer tid att leva ut det m\u00e4nskliga.<\/p>\n<p><\/span><span style=\"font-size: large\"><i>Bengt Malm, ordf.<br \/>\n20 februari 2014<\/i><\/span><\/p>\n","protected":false},"excerpt":{"rendered":"<p>Bes\u00f6ken p\u00e5 bilprovningen har undan f\u00f6r undan tagit allt mindre tid. Det beror inte p\u00e5 att man skulle kontrollera mindre eller slarvigare. Tv\u00e4rtom uppfattas kvaliteten p\u00e5 bilarna som alltmer livsviktig. Men f\u00f6r att g\u00f6ra det smidigare har man \u00e4ndrat ordningsf\u00f6ljden mellan en del moment. Och framf\u00f6r allt har man minskat p\u00e5 pappersarbetet. Rapporteringen av unders\u00f6kningarna <a class=\"read-more-link\" href=\"https:\/\/wp.kristdemokraterna.se\/ydre\/2014-02-20-tid-for-det-manskliga\/\">L\u00e4s mer<\/a><\/p>\n","protected":false},"author":793,"featured_media":0,"parent":0,"menu_order":0,"comment_status":"closed","ping_status":"closed","template":"","meta":{"_acf_changed":false,"footnotes":""},"class_list":["post-1139","page","type-page","status-publish","hentry"],"acf":[],"yoast_head":"<!-- This site is optimized with the Yoast SEO plugin v27.5 - https:\/\/yoast.com\/product\/yoast-seo-wordpress\/ -->\n<title>2014-02-20 Tid f\u00f6r det m\u00e4nskliga! - Kristdemokraterna i Ydre<\/title>\n<meta name=\"robots\" content=\"index, follow, max-snippet:-1, max-image-preview:large, max-video-preview:-1\" \/>\n<link rel=\"canonical\" href=\"https:\/\/wp.kristdemokraterna.se\/ydre\/2014-02-20-tid-for-det-manskliga\/\" \/>\n<meta property=\"og:locale\" content=\"sv_SE\" \/>\n<meta property=\"og:type\" content=\"article\" \/>\n<meta property=\"og:title\" content=\"2014-02-20 Tid f\u00f6r det m\u00e4nskliga! - Kristdemokraterna i Ydre\" \/>\n<meta property=\"og:description\" content=\"Bes\u00f6ken p\u00e5 bilprovningen har undan f\u00f6r undan tagit allt mindre tid. Det beror inte p\u00e5 att man skulle kontrollera mindre eller slarvigare. Tv\u00e4rtom uppfattas kvaliteten p\u00e5 bilarna som alltmer livsviktig. Men f\u00f6r att g\u00f6ra det smidigare har man \u00e4ndrat ordningsf\u00f6ljden mellan en del moment. Och framf\u00f6r allt har man minskat p\u00e5 pappersarbetet. Rapporteringen av unders\u00f6kningarna L\u00e4s mer\" \/>\n<meta property=\"og:url\" content=\"https:\/\/wp.kristdemokraterna.se\/ydre\/2014-02-20-tid-for-det-manskliga\/\" \/>\n<meta property=\"og:site_name\" content=\"Kristdemokraterna i Ydre\" \/>\n<meta property=\"article:modified_time\" content=\"2018-07-25T15:27:35+00:00\" \/>\n<meta name=\"twitter:card\" content=\"summary_large_image\" \/>\n<meta name=\"twitter:label1\" content=\"Ber\u00e4knad l\u00e4stid\" \/>\n\t<meta name=\"twitter:data1\" content=\"1 minut\" \/>\n<script type=\"application\/ld+json\" class=\"yoast-schema-graph\">{\"@context\":\"https:\\\/\\\/schema.org\",\"@graph\":[{\"@type\":\"WebPage\",\"@id\":\"https:\\\/\\\/wp.kristdemokraterna.se\\\/ydre\\\/2014-02-20-tid-for-det-manskliga\\\/\",\"url\":\"https:\\\/\\\/wp.kristdemokraterna.se\\\/ydre\\\/2014-02-20-tid-for-det-manskliga\\\/\",\"name\":\"2014-02-20 Tid f\u00f6r det m\u00e4nskliga! - Kristdemokraterna i Ydre\",\"isPartOf\":{\"@id\":\"https:\\\/\\\/wp.kristdemokraterna.se\\\/ydre\\\/#website\"},\"datePublished\":\"2018-07-25T15:27:08+00:00\",\"dateModified\":\"2018-07-25T15:27:35+00:00\",\"breadcrumb\":{\"@id\":\"https:\\\/\\\/wp.kristdemokraterna.se\\\/ydre\\\/2014-02-20-tid-for-det-manskliga\\\/#breadcrumb\"},\"inLanguage\":\"sv-SE\",\"potentialAction\":[{\"@type\":\"ReadAction\",\"target\":[\"https:\\\/\\\/wp.kristdemokraterna.se\\\/ydre\\\/2014-02-20-tid-for-det-manskliga\\\/\"]}]},{\"@type\":\"BreadcrumbList\",\"@id\":\"https:\\\/\\\/wp.kristdemokraterna.se\\\/ydre\\\/2014-02-20-tid-for-det-manskliga\\\/#breadcrumb\",\"itemListElement\":[{\"@type\":\"ListItem\",\"position\":1,\"name\":\"Hem\",\"item\":\"https:\\\/\\\/wp.kristdemokraterna.se\\\/ydre\\\/\"},{\"@type\":\"ListItem\",\"position\":2,\"name\":\"2014-02-20 Tid f\u00f6r det m\u00e4nskliga!\"}]},{\"@type\":\"WebSite\",\"@id\":\"https:\\\/\\\/wp.kristdemokraterna.se\\\/ydre\\\/#website\",\"url\":\"https:\\\/\\\/wp.kristdemokraterna.se\\\/ydre\\\/\",\"name\":\"Kristdemokraterna i Ydre\",\"description\":\"En till Kristdemokraterna webbplats\",\"inLanguage\":\"sv-SE\"}]}<\/script>\n<!-- \/ Yoast SEO plugin. -->","yoast_head_json":{"title":"2014-02-20 Tid f\u00f6r det m\u00e4nskliga! - Kristdemokraterna i Ydre","robots":{"index":"index","follow":"follow","max-snippet":"max-snippet:-1","max-image-preview":"max-image-preview:large","max-video-preview":"max-video-preview:-1"},"canonical":"https:\/\/wp.kristdemokraterna.se\/ydre\/2014-02-20-tid-for-det-manskliga\/","og_locale":"sv_SE","og_type":"article","og_title":"2014-02-20 Tid f\u00f6r det m\u00e4nskliga! - Kristdemokraterna i Ydre","og_description":"Bes\u00f6ken p\u00e5 bilprovningen har undan f\u00f6r undan tagit allt mindre tid. Det beror inte p\u00e5 att man skulle kontrollera mindre eller slarvigare. Tv\u00e4rtom uppfattas kvaliteten p\u00e5 bilarna som alltmer livsviktig. Men f\u00f6r att g\u00f6ra det smidigare har man \u00e4ndrat ordningsf\u00f6ljden mellan en del moment. Och framf\u00f6r allt har man minskat p\u00e5 pappersarbetet. Rapporteringen av unders\u00f6kningarna L\u00e4s mer","og_url":"https:\/\/wp.kristdemokraterna.se\/ydre\/2014-02-20-tid-for-det-manskliga\/","og_site_name":"Kristdemokraterna i Ydre","article_modified_time":"2018-07-25T15:27:35+00:00","twitter_card":"summary_large_image","twitter_misc":{"Ber\u00e4knad l\u00e4stid":"1 minut"},"schema":{"@context":"https:\/\/schema.org","@graph":[{"@type":"WebPage","@id":"https:\/\/wp.kristdemokraterna.se\/ydre\/2014-02-20-tid-for-det-manskliga\/","url":"https:\/\/wp.kristdemokraterna.se\/ydre\/2014-02-20-tid-for-det-manskliga\/","name":"2014-02-20 Tid f\u00f6r det m\u00e4nskliga! - Kristdemokraterna i Ydre","isPartOf":{"@id":"https:\/\/wp.kristdemokraterna.se\/ydre\/#website"},"datePublished":"2018-07-25T15:27:08+00:00","dateModified":"2018-07-25T15:27:35+00:00","breadcrumb":{"@id":"https:\/\/wp.kristdemokraterna.se\/ydre\/2014-02-20-tid-for-det-manskliga\/#breadcrumb"},"inLanguage":"sv-SE","potentialAction":[{"@type":"ReadAction","target":["https:\/\/wp.kristdemokraterna.se\/ydre\/2014-02-20-tid-for-det-manskliga\/"]}]},{"@type":"BreadcrumbList","@id":"https:\/\/wp.kristdemokraterna.se\/ydre\/2014-02-20-tid-for-det-manskliga\/#breadcrumb","itemListElement":[{"@type":"ListItem","position":1,"name":"Hem","item":"https:\/\/wp.kristdemokraterna.se\/ydre\/"},{"@type":"ListItem","position":2,"name":"2014-02-20 Tid f\u00f6r det m\u00e4nskliga!"}]},{"@type":"WebSite","@id":"https:\/\/wp.kristdemokraterna.se\/ydre\/#website","url":"https:\/\/wp.kristdemokraterna.se\/ydre\/","name":"Kristdemokraterna i Ydre","description":"En till Kristdemokraterna webbplats","inLanguage":"sv-SE"}]}},"_links":{"self":[{"href":"https:\/\/wp.kristdemokraterna.se\/ydre\/wp-json\/wp\/v2\/pages\/1139","targetHints":{"allow":["GET"]}}],"collection":[{"href":"https:\/\/wp.kristdemokraterna.se\/ydre\/wp-json\/wp\/v2\/pages"}],"about":[{"href":"https:\/\/wp.kristdemokraterna.se\/ydre\/wp-json\/wp\/v2\/types\/page"}],"author":[{"embeddable":true,"href":"https:\/\/wp.kristdemokraterna.se\/ydre\/wp-json\/wp\/v2\/users\/793"}],"replies":[{"embeddable":true,"href":"https:\/\/wp.kristdemokraterna.se\/ydre\/wp-json\/wp\/v2\/comments?post=1139"}],"version-history":[{"count":2,"href":"https:\/\/wp.kristdemokraterna.se\/ydre\/wp-json\/wp\/v2\/pages\/1139\/revisions"}],"predecessor-version":[{"id":1141,"href":"https:\/\/wp.kristdemokraterna.se\/ydre\/wp-json\/wp\/v2\/pages\/1139\/revisions\/1141"}],"wp:attachment":[{"href":"https:\/\/wp.kristdemokraterna.se\/ydre\/wp-json\/wp\/v2\/media?parent=1139"}],"curies":[{"name":"wp","href":"https:\/\/api.w.org\/{rel}","templated":true}]}}