{"id":1143,"date":"2018-07-25T17:29:03","date_gmt":"2018-07-25T15:29:03","guid":{"rendered":"http:\/\/wp.kristdemokraterna.se\/ydre\/?page_id=1143"},"modified":"2018-07-25T17:29:18","modified_gmt":"2018-07-25T15:29:18","slug":"2014-02-21-tystnaden-ar-vart-levebrod","status":"publish","type":"page","link":"https:\/\/wp.kristdemokraterna.se\/ydre\/2014-02-21-tystnaden-ar-vart-levebrod\/","title":{"rendered":"2014-02-21 Tystnaden \u00e4r v\u00e5rt levebr\u00f6d"},"content":{"rendered":"<p><span style=\"font-size: large\">Kan det verkligen vara s\u00e5? H\u00e4r har vi ju ett levande jordbruk med r\u00e5mande kor och br\u00e4kande f\u00e5r. Vi har industrier i olika storlekar. Vi har maskiner p\u00e5 \u00e5krarna och i skogen. Men j\u00e4mf\u00f6rt med bullret i de stora st\u00e4derna \u00e4r det en befriande tystnad. Det \u00e4r aldrig l\u00e5ngt till ett st\u00e4lle d\u00e4r n\u00e4stan det enda man h\u00f6r \u00e4r f\u00e5glarnas s\u00e5ng och vindens sus i tr\u00e4den. D\u00e4rf\u00f6r kommer m\u00e4nniskor hit. Somliga sl\u00e5r sig ner h\u00e4r. M\u00e5ngdubbelt fler s\u00f6ker sig hit s\u00e5 mycket de kan p\u00e5 fritiden.<br \/>\nEn vinterkv\u00e4ll f\u00f6r m\u00e5nga \u00e5r sedan kom jag f\u00f6r f\u00f6rsta g\u00e5ngen till Ydre och steg ur bussen p\u00e5 busstorget i \u00d6sterbymo. Det f\u00f6rsta jag s\u00e5g var Kiosken. &#8221;H\u00e4r vill jag bo&#8221;, t\u00e4nkte jag. Det var bara en kiosk som var st\u00e4ngd f\u00f6r dagen. Men den var en liten stuga i r\u00f6dm\u00e5lat liggande timmer. En plats d\u00e4r t.o.m. kiosken \u00e4r s\u00e5 omt\u00e4nksamt byggd m\u00e5ste helt enkelt vara v\u00e4rd att l\u00e4ra k\u00e4nna.<br \/>\nOch s\u00e5 var det tystnaden, en l\u00e4kedom f\u00f6r den som tillbringat s\u00e5 m\u00e5nga arbets\u00e5r i storstaden. Det var kallt och m\u00f6rkt och inte en m\u00e4nniska var ute p\u00e5 gatorna. Men vi k\u00e4nde att de fanns d\u00e4r runt omkring oss. N\u00e4sta dag b\u00f6rjade vi tr\u00e4ffa ydreborna. En del av dem och s\u00e5 sm\u00e5ningom allt fler. De var ingalunda tysta. Det var l\u00e4tt att prata med dem, l\u00e4tt att umg\u00e5s med dem. Och inte \u00e4r barnen tysta! M\u00e5tte det alltid finnas barn som sparkar fotboll utanf\u00f6r v\u00e5rt f\u00f6nster. M\u00e5tte det alltid finnas ungdomar som dr\u00f6mmer om att bli K\u00e4r I Ydre.<br \/>\nMilj\u00f6n \u00e4r det vi lever av. S\u00e4rskilt g\u00e4ller det naturligtvis dem som direkt lever av jorden eller skogen. Vi m\u00e5ste g\u00f6ra vad vi kan f\u00f6r att det skall kunna forts\u00e4tta. Men hela Ydre \u00e4r f\u00f6r sin existens beroende av v\u00e5r underbara milj\u00f6. Vi m\u00e5ste underl\u00e4tta f\u00f6r m\u00e4nniskor att komma hit, att vistas h\u00e4r och att r\u00f6ra sig h\u00e4r.<br \/>\nOcks\u00e5 v\u00e5ra samh\u00e4llen \u00e4r en del av v\u00e5rt ansikte. Vi beh\u00f6ver vara r\u00e4dda om dem. F\u00f6r de \u00e4r ju inte sm\u00e5 versioner av Tensta eller Sk\u00e4rholmen. Inget torg \u00e4r en f\u00f6rminskad upplaga av Segels Torg med dess om\u00e4nskliga Kulturhus (brutalism heter byggnadsstilen). L\u00e5t oss v\u00e4rna om Ydre!<br \/>\nJa, alla dessa ydrebor, som ingen f\u00f6rm\u00e5r tysta, skapar tillsammans Den Stora Tystnaden, som \u00e4r en oas i tiden. Den tystnaden, som \u00e4r s\u00e5 full av liv, \u00e4r v\u00e5rt levebr\u00f6d.<\/p>\n<p><\/span><span style=\"font-size: large\"><i>Bengt Malm, ordf.<br \/>\n21 februari 2014<\/i><\/span><\/p>\n","protected":false},"excerpt":{"rendered":"<p>Kan det verkligen vara s\u00e5? H\u00e4r har vi ju ett levande jordbruk med r\u00e5mande kor och br\u00e4kande f\u00e5r. Vi har industrier i olika storlekar. Vi har maskiner p\u00e5 \u00e5krarna och i skogen. Men j\u00e4mf\u00f6rt med bullret i de stora st\u00e4derna \u00e4r det en befriande tystnad. Det \u00e4r aldrig l\u00e5ngt till ett st\u00e4lle d\u00e4r n\u00e4stan det <a class=\"read-more-link\" href=\"https:\/\/wp.kristdemokraterna.se\/ydre\/2014-02-21-tystnaden-ar-vart-levebrod\/\">L\u00e4s mer<\/a><\/p>\n","protected":false},"author":793,"featured_media":0,"parent":0,"menu_order":0,"comment_status":"closed","ping_status":"closed","template":"","meta":{"_acf_changed":false,"footnotes":""},"class_list":["post-1143","page","type-page","status-publish","hentry"],"acf":[],"yoast_head":"<!-- This site is optimized with the Yoast SEO plugin v27.5 - https:\/\/yoast.com\/product\/yoast-seo-wordpress\/ -->\n<title>2014-02-21 Tystnaden \u00e4r v\u00e5rt levebr\u00f6d - Kristdemokraterna i Ydre<\/title>\n<meta name=\"robots\" content=\"index, follow, max-snippet:-1, max-image-preview:large, max-video-preview:-1\" \/>\n<link rel=\"canonical\" href=\"https:\/\/wp.kristdemokraterna.se\/ydre\/2014-02-21-tystnaden-ar-vart-levebrod\/\" \/>\n<meta property=\"og:locale\" content=\"sv_SE\" \/>\n<meta property=\"og:type\" content=\"article\" \/>\n<meta property=\"og:title\" content=\"2014-02-21 Tystnaden \u00e4r v\u00e5rt levebr\u00f6d - Kristdemokraterna i Ydre\" \/>\n<meta property=\"og:description\" content=\"Kan det verkligen vara s\u00e5? H\u00e4r har vi ju ett levande jordbruk med r\u00e5mande kor och br\u00e4kande f\u00e5r. Vi har industrier i olika storlekar. Vi har maskiner p\u00e5 \u00e5krarna och i skogen. Men j\u00e4mf\u00f6rt med bullret i de stora st\u00e4derna \u00e4r det en befriande tystnad. Det \u00e4r aldrig l\u00e5ngt till ett st\u00e4lle d\u00e4r n\u00e4stan det L\u00e4s mer\" \/>\n<meta property=\"og:url\" content=\"https:\/\/wp.kristdemokraterna.se\/ydre\/2014-02-21-tystnaden-ar-vart-levebrod\/\" \/>\n<meta property=\"og:site_name\" content=\"Kristdemokraterna i Ydre\" \/>\n<meta property=\"article:modified_time\" content=\"2018-07-25T15:29:18+00:00\" \/>\n<meta name=\"twitter:card\" content=\"summary_large_image\" \/>\n<meta name=\"twitter:label1\" content=\"Ber\u00e4knad l\u00e4stid\" \/>\n\t<meta name=\"twitter:data1\" content=\"2 minuter\" \/>\n<script type=\"application\/ld+json\" class=\"yoast-schema-graph\">{\"@context\":\"https:\\\/\\\/schema.org\",\"@graph\":[{\"@type\":\"WebPage\",\"@id\":\"https:\\\/\\\/wp.kristdemokraterna.se\\\/ydre\\\/2014-02-21-tystnaden-ar-vart-levebrod\\\/\",\"url\":\"https:\\\/\\\/wp.kristdemokraterna.se\\\/ydre\\\/2014-02-21-tystnaden-ar-vart-levebrod\\\/\",\"name\":\"2014-02-21 Tystnaden \u00e4r v\u00e5rt levebr\u00f6d - Kristdemokraterna i Ydre\",\"isPartOf\":{\"@id\":\"https:\\\/\\\/wp.kristdemokraterna.se\\\/ydre\\\/#website\"},\"datePublished\":\"2018-07-25T15:29:03+00:00\",\"dateModified\":\"2018-07-25T15:29:18+00:00\",\"breadcrumb\":{\"@id\":\"https:\\\/\\\/wp.kristdemokraterna.se\\\/ydre\\\/2014-02-21-tystnaden-ar-vart-levebrod\\\/#breadcrumb\"},\"inLanguage\":\"sv-SE\",\"potentialAction\":[{\"@type\":\"ReadAction\",\"target\":[\"https:\\\/\\\/wp.kristdemokraterna.se\\\/ydre\\\/2014-02-21-tystnaden-ar-vart-levebrod\\\/\"]}]},{\"@type\":\"BreadcrumbList\",\"@id\":\"https:\\\/\\\/wp.kristdemokraterna.se\\\/ydre\\\/2014-02-21-tystnaden-ar-vart-levebrod\\\/#breadcrumb\",\"itemListElement\":[{\"@type\":\"ListItem\",\"position\":1,\"name\":\"Hem\",\"item\":\"https:\\\/\\\/wp.kristdemokraterna.se\\\/ydre\\\/\"},{\"@type\":\"ListItem\",\"position\":2,\"name\":\"2014-02-21 Tystnaden \u00e4r v\u00e5rt levebr\u00f6d\"}]},{\"@type\":\"WebSite\",\"@id\":\"https:\\\/\\\/wp.kristdemokraterna.se\\\/ydre\\\/#website\",\"url\":\"https:\\\/\\\/wp.kristdemokraterna.se\\\/ydre\\\/\",\"name\":\"Kristdemokraterna i Ydre\",\"description\":\"En till Kristdemokraterna webbplats\",\"inLanguage\":\"sv-SE\"}]}<\/script>\n<!-- \/ Yoast SEO plugin. -->","yoast_head_json":{"title":"2014-02-21 Tystnaden \u00e4r v\u00e5rt levebr\u00f6d - Kristdemokraterna i Ydre","robots":{"index":"index","follow":"follow","max-snippet":"max-snippet:-1","max-image-preview":"max-image-preview:large","max-video-preview":"max-video-preview:-1"},"canonical":"https:\/\/wp.kristdemokraterna.se\/ydre\/2014-02-21-tystnaden-ar-vart-levebrod\/","og_locale":"sv_SE","og_type":"article","og_title":"2014-02-21 Tystnaden \u00e4r v\u00e5rt levebr\u00f6d - Kristdemokraterna i Ydre","og_description":"Kan det verkligen vara s\u00e5? H\u00e4r har vi ju ett levande jordbruk med r\u00e5mande kor och br\u00e4kande f\u00e5r. Vi har industrier i olika storlekar. Vi har maskiner p\u00e5 \u00e5krarna och i skogen. Men j\u00e4mf\u00f6rt med bullret i de stora st\u00e4derna \u00e4r det en befriande tystnad. Det \u00e4r aldrig l\u00e5ngt till ett st\u00e4lle d\u00e4r n\u00e4stan det L\u00e4s mer","og_url":"https:\/\/wp.kristdemokraterna.se\/ydre\/2014-02-21-tystnaden-ar-vart-levebrod\/","og_site_name":"Kristdemokraterna i Ydre","article_modified_time":"2018-07-25T15:29:18+00:00","twitter_card":"summary_large_image","twitter_misc":{"Ber\u00e4knad l\u00e4stid":"2 minuter"},"schema":{"@context":"https:\/\/schema.org","@graph":[{"@type":"WebPage","@id":"https:\/\/wp.kristdemokraterna.se\/ydre\/2014-02-21-tystnaden-ar-vart-levebrod\/","url":"https:\/\/wp.kristdemokraterna.se\/ydre\/2014-02-21-tystnaden-ar-vart-levebrod\/","name":"2014-02-21 Tystnaden \u00e4r v\u00e5rt levebr\u00f6d - Kristdemokraterna i Ydre","isPartOf":{"@id":"https:\/\/wp.kristdemokraterna.se\/ydre\/#website"},"datePublished":"2018-07-25T15:29:03+00:00","dateModified":"2018-07-25T15:29:18+00:00","breadcrumb":{"@id":"https:\/\/wp.kristdemokraterna.se\/ydre\/2014-02-21-tystnaden-ar-vart-levebrod\/#breadcrumb"},"inLanguage":"sv-SE","potentialAction":[{"@type":"ReadAction","target":["https:\/\/wp.kristdemokraterna.se\/ydre\/2014-02-21-tystnaden-ar-vart-levebrod\/"]}]},{"@type":"BreadcrumbList","@id":"https:\/\/wp.kristdemokraterna.se\/ydre\/2014-02-21-tystnaden-ar-vart-levebrod\/#breadcrumb","itemListElement":[{"@type":"ListItem","position":1,"name":"Hem","item":"https:\/\/wp.kristdemokraterna.se\/ydre\/"},{"@type":"ListItem","position":2,"name":"2014-02-21 Tystnaden \u00e4r v\u00e5rt levebr\u00f6d"}]},{"@type":"WebSite","@id":"https:\/\/wp.kristdemokraterna.se\/ydre\/#website","url":"https:\/\/wp.kristdemokraterna.se\/ydre\/","name":"Kristdemokraterna i Ydre","description":"En till Kristdemokraterna webbplats","inLanguage":"sv-SE"}]}},"_links":{"self":[{"href":"https:\/\/wp.kristdemokraterna.se\/ydre\/wp-json\/wp\/v2\/pages\/1143","targetHints":{"allow":["GET"]}}],"collection":[{"href":"https:\/\/wp.kristdemokraterna.se\/ydre\/wp-json\/wp\/v2\/pages"}],"about":[{"href":"https:\/\/wp.kristdemokraterna.se\/ydre\/wp-json\/wp\/v2\/types\/page"}],"author":[{"embeddable":true,"href":"https:\/\/wp.kristdemokraterna.se\/ydre\/wp-json\/wp\/v2\/users\/793"}],"replies":[{"embeddable":true,"href":"https:\/\/wp.kristdemokraterna.se\/ydre\/wp-json\/wp\/v2\/comments?post=1143"}],"version-history":[{"count":2,"href":"https:\/\/wp.kristdemokraterna.se\/ydre\/wp-json\/wp\/v2\/pages\/1143\/revisions"}],"predecessor-version":[{"id":1145,"href":"https:\/\/wp.kristdemokraterna.se\/ydre\/wp-json\/wp\/v2\/pages\/1143\/revisions\/1145"}],"wp:attachment":[{"href":"https:\/\/wp.kristdemokraterna.se\/ydre\/wp-json\/wp\/v2\/media?parent=1143"}],"curies":[{"name":"wp","href":"https:\/\/api.w.org\/{rel}","templated":true}]}}