{"id":1147,"date":"2018-07-25T17:30:48","date_gmt":"2018-07-25T15:30:48","guid":{"rendered":"http:\/\/wp.kristdemokraterna.se\/ydre\/?page_id=1147"},"modified":"2018-07-25T17:31:40","modified_gmt":"2018-07-25T15:31:40","slug":"2014-03-05-i-ydre-ser-man-stjarnorna","status":"publish","type":"page","link":"https:\/\/wp.kristdemokraterna.se\/ydre\/2014-03-05-i-ydre-ser-man-stjarnorna\/","title":{"rendered":"2014-03-05 I Ydre ser man stj\u00e4rnorna"},"content":{"rendered":"<p><span style=\"font-size: large\">\u00a0Ja inte d\u00e4r det finns stark gatubelysning men n\u00e4stan \u00f6verallt annars. Det finns mycket mer man ser. H\u00e4r i Ydre ser vi glittrande vatten, bl\u00e5nande h\u00f6jder, spirande v\u00e5rknoppar, mognande sk\u00f6rdar och flammande h\u00f6stf\u00e4rger.<br \/>\nStolt h\u00e4vdar ydreborna att Ydre \u00e4r ett alternativ, ja rent av ett b\u00e4ttre alternativ. H\u00e4r \u00e4r det bra f\u00f6r barn att v\u00e4xa upp. Det \u00e4r bra f\u00f6r att de f\u00e5r leva i Ydre. Det \u00e4r ocks\u00e5 bra f\u00f6r att de f\u00e5r g\u00e5 i Ydres skolor. Ydres skolresultat har h\u00f6rt till de b\u00e4sta i landet.<br \/>\nDen skolberedning som just tillsatts i Ydre har en del praktiska problem att ta itu med. D\u00e4rf\u00f6r har det redan varit ett m\u00f6te i Hestra och ett storm\u00f6te kommer att h\u00e5llas i Ydreskolans matsal torsdagen den 13 mars kl. 18-20. D\u00e5 blir det m\u00f6jligt att diskutera olika fr\u00e5gor vid fyra stationer som man kan g\u00e5 mellan.<\/span><\/p>\n<p><img loading=\"lazy\" decoding=\"async\" src=\"http:\/\/ydrebo.se\/kd\/veckobrev\/skola.JPG\" width=\"400\" height=\"400\" \/><\/p>\n<p>Som n\u00e4mnts handlar flera av de aktuella fr\u00e5gorna om den yttre ramen kring l\u00e4randet. Men n\u00e4r skolan diskuteras i Sverige just nu \u00e4r det annat som ses som \u00e4nnu viktigare. Unders\u00f6kningar visar att alltf\u00f6r m\u00e5nga svenska barn inte kan f\u00f6r att de inte f\u00f6rst\u00e5r. Detta \u00e4r ett nationellt problem. Hur skall vi f\u00e5 fler kunniga l\u00e4rare som k\u00e4nner h\u00e4nf\u00f6relse inf\u00f6r barnen och \u00e4mnena? I Ydre har vi allts\u00e5 haft det ganska bra. Men hur skall vi kunna ha en bra skola ocks\u00e5 i framtiden? Det \u00e4r fr\u00e5gor som ocks\u00e5 m\u00e5ste lyftas fram. \u00c4ven obekv\u00e4ma fr\u00e5gor m\u00e5ste kunna st\u00e4llas och det m\u00e5ste finnas n\u00e5gon att st\u00e4lla dem till.<\/p>\n<p><b>Vi m\u00e5ste kunna s\u00e4ga att i Ydre kan barnen f\u00f6r att de f\u00f6rst\u00e5r.<\/p>\n<p><\/b><span style=\"font-size: large\"><i>Bengt Malm 5 mars 2014<br \/>\nLedamot i skolberedningen<\/i><\/span><\/p>\n","protected":false},"excerpt":{"rendered":"<p>\u00a0Ja inte d\u00e4r det finns stark gatubelysning men n\u00e4stan \u00f6verallt annars. Det finns mycket mer man ser. H\u00e4r i Ydre ser vi glittrande vatten, bl\u00e5nande h\u00f6jder, spirande v\u00e5rknoppar, mognande sk\u00f6rdar och flammande h\u00f6stf\u00e4rger. Stolt h\u00e4vdar ydreborna att Ydre \u00e4r ett alternativ, ja rent av ett b\u00e4ttre alternativ. H\u00e4r \u00e4r det bra f\u00f6r barn att v\u00e4xa <a class=\"read-more-link\" href=\"https:\/\/wp.kristdemokraterna.se\/ydre\/2014-03-05-i-ydre-ser-man-stjarnorna\/\">L\u00e4s mer<\/a><\/p>\n","protected":false},"author":793,"featured_media":0,"parent":0,"menu_order":0,"comment_status":"closed","ping_status":"closed","template":"","meta":{"_acf_changed":false,"footnotes":""},"class_list":["post-1147","page","type-page","status-publish","hentry"],"acf":[],"yoast_head":"<!-- This site is optimized with the Yoast SEO plugin v27.5 - https:\/\/yoast.com\/product\/yoast-seo-wordpress\/ -->\n<title>2014-03-05 I Ydre ser man stj\u00e4rnorna - Kristdemokraterna i Ydre<\/title>\n<meta name=\"robots\" content=\"index, follow, max-snippet:-1, max-image-preview:large, max-video-preview:-1\" \/>\n<link rel=\"canonical\" href=\"https:\/\/wp.kristdemokraterna.se\/ydre\/2014-03-05-i-ydre-ser-man-stjarnorna\/\" \/>\n<meta property=\"og:locale\" content=\"sv_SE\" \/>\n<meta property=\"og:type\" content=\"article\" \/>\n<meta property=\"og:title\" content=\"2014-03-05 I Ydre ser man stj\u00e4rnorna - Kristdemokraterna i Ydre\" \/>\n<meta property=\"og:description\" content=\"\u00a0Ja inte d\u00e4r det finns stark gatubelysning men n\u00e4stan \u00f6verallt annars. Det finns mycket mer man ser. H\u00e4r i Ydre ser vi glittrande vatten, bl\u00e5nande h\u00f6jder, spirande v\u00e5rknoppar, mognande sk\u00f6rdar och flammande h\u00f6stf\u00e4rger. Stolt h\u00e4vdar ydreborna att Ydre \u00e4r ett alternativ, ja rent av ett b\u00e4ttre alternativ. H\u00e4r \u00e4r det bra f\u00f6r barn att v\u00e4xa L\u00e4s mer\" \/>\n<meta property=\"og:url\" content=\"https:\/\/wp.kristdemokraterna.se\/ydre\/2014-03-05-i-ydre-ser-man-stjarnorna\/\" \/>\n<meta property=\"og:site_name\" content=\"Kristdemokraterna i Ydre\" \/>\n<meta property=\"article:modified_time\" content=\"2018-07-25T15:31:40+00:00\" \/>\n<meta property=\"og:image\" content=\"http:\/\/ydrebo.se\/kd\/veckobrev\/skola.JPG\" \/>\n<meta name=\"twitter:card\" content=\"summary_large_image\" \/>\n<meta name=\"twitter:label1\" content=\"Ber\u00e4knad l\u00e4stid\" \/>\n\t<meta name=\"twitter:data1\" content=\"2 minuter\" \/>\n<script type=\"application\/ld+json\" class=\"yoast-schema-graph\">{\"@context\":\"https:\\\/\\\/schema.org\",\"@graph\":[{\"@type\":\"WebPage\",\"@id\":\"https:\\\/\\\/wp.kristdemokraterna.se\\\/ydre\\\/2014-03-05-i-ydre-ser-man-stjarnorna\\\/\",\"url\":\"https:\\\/\\\/wp.kristdemokraterna.se\\\/ydre\\\/2014-03-05-i-ydre-ser-man-stjarnorna\\\/\",\"name\":\"2014-03-05 I Ydre ser man stj\u00e4rnorna - Kristdemokraterna i Ydre\",\"isPartOf\":{\"@id\":\"https:\\\/\\\/wp.kristdemokraterna.se\\\/ydre\\\/#website\"},\"primaryImageOfPage\":{\"@id\":\"https:\\\/\\\/wp.kristdemokraterna.se\\\/ydre\\\/2014-03-05-i-ydre-ser-man-stjarnorna\\\/#primaryimage\"},\"image\":{\"@id\":\"https:\\\/\\\/wp.kristdemokraterna.se\\\/ydre\\\/2014-03-05-i-ydre-ser-man-stjarnorna\\\/#primaryimage\"},\"thumbnailUrl\":\"http:\\\/\\\/ydrebo.se\\\/kd\\\/veckobrev\\\/skola.JPG\",\"datePublished\":\"2018-07-25T15:30:48+00:00\",\"dateModified\":\"2018-07-25T15:31:40+00:00\",\"breadcrumb\":{\"@id\":\"https:\\\/\\\/wp.kristdemokraterna.se\\\/ydre\\\/2014-03-05-i-ydre-ser-man-stjarnorna\\\/#breadcrumb\"},\"inLanguage\":\"sv-SE\",\"potentialAction\":[{\"@type\":\"ReadAction\",\"target\":[\"https:\\\/\\\/wp.kristdemokraterna.se\\\/ydre\\\/2014-03-05-i-ydre-ser-man-stjarnorna\\\/\"]}]},{\"@type\":\"ImageObject\",\"inLanguage\":\"sv-SE\",\"@id\":\"https:\\\/\\\/wp.kristdemokraterna.se\\\/ydre\\\/2014-03-05-i-ydre-ser-man-stjarnorna\\\/#primaryimage\",\"url\":\"http:\\\/\\\/ydrebo.se\\\/kd\\\/veckobrev\\\/skola.JPG\",\"contentUrl\":\"http:\\\/\\\/ydrebo.se\\\/kd\\\/veckobrev\\\/skola.JPG\"},{\"@type\":\"BreadcrumbList\",\"@id\":\"https:\\\/\\\/wp.kristdemokraterna.se\\\/ydre\\\/2014-03-05-i-ydre-ser-man-stjarnorna\\\/#breadcrumb\",\"itemListElement\":[{\"@type\":\"ListItem\",\"position\":1,\"name\":\"Hem\",\"item\":\"https:\\\/\\\/wp.kristdemokraterna.se\\\/ydre\\\/\"},{\"@type\":\"ListItem\",\"position\":2,\"name\":\"2014-03-05 I Ydre ser man stj\u00e4rnorna\"}]},{\"@type\":\"WebSite\",\"@id\":\"https:\\\/\\\/wp.kristdemokraterna.se\\\/ydre\\\/#website\",\"url\":\"https:\\\/\\\/wp.kristdemokraterna.se\\\/ydre\\\/\",\"name\":\"Kristdemokraterna i Ydre\",\"description\":\"En till Kristdemokraterna webbplats\",\"inLanguage\":\"sv-SE\"}]}<\/script>\n<!-- \/ Yoast SEO plugin. -->","yoast_head_json":{"title":"2014-03-05 I Ydre ser man stj\u00e4rnorna - Kristdemokraterna i Ydre","robots":{"index":"index","follow":"follow","max-snippet":"max-snippet:-1","max-image-preview":"max-image-preview:large","max-video-preview":"max-video-preview:-1"},"canonical":"https:\/\/wp.kristdemokraterna.se\/ydre\/2014-03-05-i-ydre-ser-man-stjarnorna\/","og_locale":"sv_SE","og_type":"article","og_title":"2014-03-05 I Ydre ser man stj\u00e4rnorna - Kristdemokraterna i Ydre","og_description":"\u00a0Ja inte d\u00e4r det finns stark gatubelysning men n\u00e4stan \u00f6verallt annars. Det finns mycket mer man ser. H\u00e4r i Ydre ser vi glittrande vatten, bl\u00e5nande h\u00f6jder, spirande v\u00e5rknoppar, mognande sk\u00f6rdar och flammande h\u00f6stf\u00e4rger. Stolt h\u00e4vdar ydreborna att Ydre \u00e4r ett alternativ, ja rent av ett b\u00e4ttre alternativ. H\u00e4r \u00e4r det bra f\u00f6r barn att v\u00e4xa L\u00e4s mer","og_url":"https:\/\/wp.kristdemokraterna.se\/ydre\/2014-03-05-i-ydre-ser-man-stjarnorna\/","og_site_name":"Kristdemokraterna i Ydre","article_modified_time":"2018-07-25T15:31:40+00:00","og_image":[{"url":"http:\/\/ydrebo.se\/kd\/veckobrev\/skola.JPG","type":"","width":"","height":""}],"twitter_card":"summary_large_image","twitter_misc":{"Ber\u00e4knad l\u00e4stid":"2 minuter"},"schema":{"@context":"https:\/\/schema.org","@graph":[{"@type":"WebPage","@id":"https:\/\/wp.kristdemokraterna.se\/ydre\/2014-03-05-i-ydre-ser-man-stjarnorna\/","url":"https:\/\/wp.kristdemokraterna.se\/ydre\/2014-03-05-i-ydre-ser-man-stjarnorna\/","name":"2014-03-05 I Ydre ser man stj\u00e4rnorna - Kristdemokraterna i Ydre","isPartOf":{"@id":"https:\/\/wp.kristdemokraterna.se\/ydre\/#website"},"primaryImageOfPage":{"@id":"https:\/\/wp.kristdemokraterna.se\/ydre\/2014-03-05-i-ydre-ser-man-stjarnorna\/#primaryimage"},"image":{"@id":"https:\/\/wp.kristdemokraterna.se\/ydre\/2014-03-05-i-ydre-ser-man-stjarnorna\/#primaryimage"},"thumbnailUrl":"http:\/\/ydrebo.se\/kd\/veckobrev\/skola.JPG","datePublished":"2018-07-25T15:30:48+00:00","dateModified":"2018-07-25T15:31:40+00:00","breadcrumb":{"@id":"https:\/\/wp.kristdemokraterna.se\/ydre\/2014-03-05-i-ydre-ser-man-stjarnorna\/#breadcrumb"},"inLanguage":"sv-SE","potentialAction":[{"@type":"ReadAction","target":["https:\/\/wp.kristdemokraterna.se\/ydre\/2014-03-05-i-ydre-ser-man-stjarnorna\/"]}]},{"@type":"ImageObject","inLanguage":"sv-SE","@id":"https:\/\/wp.kristdemokraterna.se\/ydre\/2014-03-05-i-ydre-ser-man-stjarnorna\/#primaryimage","url":"http:\/\/ydrebo.se\/kd\/veckobrev\/skola.JPG","contentUrl":"http:\/\/ydrebo.se\/kd\/veckobrev\/skola.JPG"},{"@type":"BreadcrumbList","@id":"https:\/\/wp.kristdemokraterna.se\/ydre\/2014-03-05-i-ydre-ser-man-stjarnorna\/#breadcrumb","itemListElement":[{"@type":"ListItem","position":1,"name":"Hem","item":"https:\/\/wp.kristdemokraterna.se\/ydre\/"},{"@type":"ListItem","position":2,"name":"2014-03-05 I Ydre ser man stj\u00e4rnorna"}]},{"@type":"WebSite","@id":"https:\/\/wp.kristdemokraterna.se\/ydre\/#website","url":"https:\/\/wp.kristdemokraterna.se\/ydre\/","name":"Kristdemokraterna i Ydre","description":"En till Kristdemokraterna webbplats","inLanguage":"sv-SE"}]}},"_links":{"self":[{"href":"https:\/\/wp.kristdemokraterna.se\/ydre\/wp-json\/wp\/v2\/pages\/1147","targetHints":{"allow":["GET"]}}],"collection":[{"href":"https:\/\/wp.kristdemokraterna.se\/ydre\/wp-json\/wp\/v2\/pages"}],"about":[{"href":"https:\/\/wp.kristdemokraterna.se\/ydre\/wp-json\/wp\/v2\/types\/page"}],"author":[{"embeddable":true,"href":"https:\/\/wp.kristdemokraterna.se\/ydre\/wp-json\/wp\/v2\/users\/793"}],"replies":[{"embeddable":true,"href":"https:\/\/wp.kristdemokraterna.se\/ydre\/wp-json\/wp\/v2\/comments?post=1147"}],"version-history":[{"count":2,"href":"https:\/\/wp.kristdemokraterna.se\/ydre\/wp-json\/wp\/v2\/pages\/1147\/revisions"}],"predecessor-version":[{"id":1149,"href":"https:\/\/wp.kristdemokraterna.se\/ydre\/wp-json\/wp\/v2\/pages\/1147\/revisions\/1149"}],"wp:attachment":[{"href":"https:\/\/wp.kristdemokraterna.se\/ydre\/wp-json\/wp\/v2\/media?parent=1147"}],"curies":[{"name":"wp","href":"https:\/\/api.w.org\/{rel}","templated":true}]}}