{"id":1156,"date":"2018-07-25T17:35:31","date_gmt":"2018-07-25T15:35:31","guid":{"rendered":"http:\/\/wp.kristdemokraterna.se\/ydre\/?page_id=1156"},"modified":"2018-07-25T17:35:49","modified_gmt":"2018-07-25T15:35:49","slug":"2014-03-24-i-ydre-vet-alla-allt","status":"publish","type":"page","link":"https:\/\/wp.kristdemokraterna.se\/ydre\/2014-03-24-i-ydre-vet-alla-allt\/","title":{"rendered":"2014-03-24 I Ydre vet alla allt"},"content":{"rendered":"<p><span style=\"font-size: large\">Man skulle kunna s\u00e4ga att det \u00e4r Ydres grundlag. Alla skall veta allt. Genast. Ja, inte riktigt allt. Det finns ju s\u00e5dant som b\u00f6r vara sekretessbelagt. Men det sades f\u00f6rr att innan kommunstyrelsen slutat ett sammantr\u00e4de s\u00e5 visste alla i hela Ydre vad som sagts.<br \/>\nNumera st\u00e4mmer det inte. Det \u00e4r inte lika l\u00e4tt att f\u00e5 reda p\u00e5 vad kommunledningen h\u00e5ller p\u00e5 med. T.ex. har man i tysthet best\u00e4mt sig f\u00f6r att flytta sopstationen (avfallshanteringen) f\u00f6r att bereda plats f\u00f6r nya industrilokaler. Mitt i den allra vackraste och mest v\u00e4lsk\u00f6tta skogen i \u00d6sterbymo skall sopstationen ligga. Det blir intill elljussp\u00e5ret, den fina g\u00e5ngv\u00e4g som m\u00e5nga f\u00f6retag och enskilda slitit s\u00e5 h\u00e5rt med att f\u00e5 i ordning.<br \/>\nVisst beh\u00f6vs avfallshantering precis som det beh\u00f6vs papperskorgar och dylikt i v\u00e5ra hem. Men vi brukar inte s\u00e4tta v\u00e5r avfallshink p\u00e5 den b\u00e4sta platsen i v\u00e5rt finrum. Och skogen d\u00e4r elljussp\u00e5ret ligger \u00e4r \u00d6sterbymos finrum. D\u00e4r st\u00e5r gyllenbruna tallstammar som himlastormande pelare, d\u00e4r kryper linnean p\u00e5 marken. D\u00e4r sjunger vinden i tr\u00e4dkronorna medan skvattrammen doftar starkt i dalen. N\u00e4r man vandrar d\u00e4r k\u00e4nns det som om allt storstadj\u00e4kt \u00e4r hundra mil bort. V\u00e4gen b\u00f6jer litet och man undrar f\u00f6rv\u00e4ntansfullt vilken h\u00e4nf\u00f6rande utsikt som v\u00e4ntar bakom kr\u00f6ken. Och det blir den bed\u00e5rande anblicken av sopstationen&#8230;<br \/>\nVarf\u00f6r har man inte unders\u00f6kt alternativet att l\u00e4gga sopstationen i det andra omr\u00e5de som \u00e4r avsatt f\u00f6r s\u00e5dana verksamheter? D\u00e4r g\u00e5r ju s\u00e4llan n\u00e5gon. Det finns inga vandringsleder och man kan bara komma dit genom ett industriomr\u00e5de bakom bensinstationen. Ja, varf\u00f6r har man inte sett n\u00e4rmare p\u00e5 det st\u00e4llet? Det tekniska kontoret skyller p\u00e5 politikerna. F\u00f6rmodligen h\u00e4nvisar politikerna till de tekniska experterna. S\u00e5 vem \u00e4r det som best\u00e4mmer? Kanske f\u00e5r vi aldrig veta det. Men det borde vi ju f\u00e5. F\u00f6r i Ydre skall ju alla f\u00e5 veta allt.<br \/>\nKanske g\u00f6r vi politikerna or\u00e4tt. Kanske \u00e4r den h\u00e4r hanteringen ett olycksfall i arbetet. Kanske \u00e4r politikerna, dessa hemlighetsfulla v\u00e4sen, \u00f6ppnare n\u00e4r det g\u00e4ller resten av Ydre och n\u00e4r det g\u00e4ller andra fr\u00e5gor. S\u00e5 en kv\u00e4ll g\u00e5r vi till Ydresalen. Kommunfullm\u00e4ktige sammantr\u00e4der. Andaktsfullt lyssnar vi n\u00e4r den ena ledamoten efter den andra talar och f\u00f6r fram argument. Men inte l\u00e4nge. R\u00e4tt som det \u00e4r tar en av de mest inflytelserika till orda. Det \u00e4r ingen mindre \u00e4n det f\u00f6rra kommunalr\u00e5det. Och hon f\u00f6rklarar att kommunfullm\u00e4ktige inte alls \u00e4r platsen f\u00f6r debatter. Det d\u00e4r k\u00e4nner jag inte igen. Jag har sj\u00e4lv st\u00e5tt i kommunfullm\u00e4ktiges talarstol och h\u00e4vdat motsatsen.<br \/>\nEn g\u00e5ng h\u00e4vdade vi med stolthet att i Ydre vet alla allt. Och vi \u00e4r ju alltj\u00e4mt samma slags m\u00e4nniskor. Alla \u00e4r vi ydrebor vare sig vi vuxit upp vid Sommen eller i Somalia eller var det nu kan vara. Alla \u00e4r vi fria ydrebor. Och nog f\u00f6rtj\u00e4nar de fria ydreborna fortfarande att f\u00e5 veta s\u00e5 offentligt som m\u00f6jligt hur deras Ydre styrs och varf\u00f6r!<\/p>\n<p><\/span><span style=\"font-size: large\"><i>Bengt Malm, ordf.<br \/>\n24 mars 2014<\/i><\/span><\/p>\n","protected":false},"excerpt":{"rendered":"<p>Man skulle kunna s\u00e4ga att det \u00e4r Ydres grundlag. Alla skall veta allt. Genast. Ja, inte riktigt allt. Det finns ju s\u00e5dant som b\u00f6r vara sekretessbelagt. Men det sades f\u00f6rr att innan kommunstyrelsen slutat ett sammantr\u00e4de s\u00e5 visste alla i hela Ydre vad som sagts. Numera st\u00e4mmer det inte. Det \u00e4r inte lika l\u00e4tt att <a class=\"read-more-link\" href=\"https:\/\/wp.kristdemokraterna.se\/ydre\/2014-03-24-i-ydre-vet-alla-allt\/\">L\u00e4s mer<\/a><\/p>\n","protected":false},"author":793,"featured_media":0,"parent":0,"menu_order":0,"comment_status":"closed","ping_status":"closed","template":"","meta":{"_acf_changed":false,"footnotes":""},"class_list":["post-1156","page","type-page","status-publish","hentry"],"acf":[],"yoast_head":"<!-- This site is optimized with the Yoast SEO plugin v27.5 - https:\/\/yoast.com\/product\/yoast-seo-wordpress\/ -->\n<title>2014-03-24 I Ydre vet alla allt - Kristdemokraterna i Ydre<\/title>\n<meta name=\"robots\" content=\"index, follow, max-snippet:-1, max-image-preview:large, max-video-preview:-1\" \/>\n<link rel=\"canonical\" href=\"https:\/\/wp.kristdemokraterna.se\/ydre\/2014-03-24-i-ydre-vet-alla-allt\/\" \/>\n<meta property=\"og:locale\" content=\"sv_SE\" \/>\n<meta property=\"og:type\" content=\"article\" \/>\n<meta property=\"og:title\" content=\"2014-03-24 I Ydre vet alla allt - Kristdemokraterna i Ydre\" \/>\n<meta property=\"og:description\" content=\"Man skulle kunna s\u00e4ga att det \u00e4r Ydres grundlag. Alla skall veta allt. Genast. Ja, inte riktigt allt. Det finns ju s\u00e5dant som b\u00f6r vara sekretessbelagt. Men det sades f\u00f6rr att innan kommunstyrelsen slutat ett sammantr\u00e4de s\u00e5 visste alla i hela Ydre vad som sagts. Numera st\u00e4mmer det inte. Det \u00e4r inte lika l\u00e4tt att L\u00e4s mer\" \/>\n<meta property=\"og:url\" content=\"https:\/\/wp.kristdemokraterna.se\/ydre\/2014-03-24-i-ydre-vet-alla-allt\/\" \/>\n<meta property=\"og:site_name\" content=\"Kristdemokraterna i Ydre\" \/>\n<meta property=\"article:modified_time\" content=\"2018-07-25T15:35:49+00:00\" \/>\n<meta name=\"twitter:card\" content=\"summary_large_image\" \/>\n<meta name=\"twitter:label1\" content=\"Ber\u00e4knad l\u00e4stid\" \/>\n\t<meta name=\"twitter:data1\" content=\"3 minuter\" \/>\n<script type=\"application\/ld+json\" class=\"yoast-schema-graph\">{\"@context\":\"https:\\\/\\\/schema.org\",\"@graph\":[{\"@type\":\"WebPage\",\"@id\":\"https:\\\/\\\/wp.kristdemokraterna.se\\\/ydre\\\/2014-03-24-i-ydre-vet-alla-allt\\\/\",\"url\":\"https:\\\/\\\/wp.kristdemokraterna.se\\\/ydre\\\/2014-03-24-i-ydre-vet-alla-allt\\\/\",\"name\":\"2014-03-24 I Ydre vet alla allt - Kristdemokraterna i Ydre\",\"isPartOf\":{\"@id\":\"https:\\\/\\\/wp.kristdemokraterna.se\\\/ydre\\\/#website\"},\"datePublished\":\"2018-07-25T15:35:31+00:00\",\"dateModified\":\"2018-07-25T15:35:49+00:00\",\"breadcrumb\":{\"@id\":\"https:\\\/\\\/wp.kristdemokraterna.se\\\/ydre\\\/2014-03-24-i-ydre-vet-alla-allt\\\/#breadcrumb\"},\"inLanguage\":\"sv-SE\",\"potentialAction\":[{\"@type\":\"ReadAction\",\"target\":[\"https:\\\/\\\/wp.kristdemokraterna.se\\\/ydre\\\/2014-03-24-i-ydre-vet-alla-allt\\\/\"]}]},{\"@type\":\"BreadcrumbList\",\"@id\":\"https:\\\/\\\/wp.kristdemokraterna.se\\\/ydre\\\/2014-03-24-i-ydre-vet-alla-allt\\\/#breadcrumb\",\"itemListElement\":[{\"@type\":\"ListItem\",\"position\":1,\"name\":\"Hem\",\"item\":\"https:\\\/\\\/wp.kristdemokraterna.se\\\/ydre\\\/\"},{\"@type\":\"ListItem\",\"position\":2,\"name\":\"2014-03-24 I Ydre vet alla allt\"}]},{\"@type\":\"WebSite\",\"@id\":\"https:\\\/\\\/wp.kristdemokraterna.se\\\/ydre\\\/#website\",\"url\":\"https:\\\/\\\/wp.kristdemokraterna.se\\\/ydre\\\/\",\"name\":\"Kristdemokraterna i Ydre\",\"description\":\"En till Kristdemokraterna webbplats\",\"inLanguage\":\"sv-SE\"}]}<\/script>\n<!-- \/ Yoast SEO plugin. -->","yoast_head_json":{"title":"2014-03-24 I Ydre vet alla allt - Kristdemokraterna i Ydre","robots":{"index":"index","follow":"follow","max-snippet":"max-snippet:-1","max-image-preview":"max-image-preview:large","max-video-preview":"max-video-preview:-1"},"canonical":"https:\/\/wp.kristdemokraterna.se\/ydre\/2014-03-24-i-ydre-vet-alla-allt\/","og_locale":"sv_SE","og_type":"article","og_title":"2014-03-24 I Ydre vet alla allt - Kristdemokraterna i Ydre","og_description":"Man skulle kunna s\u00e4ga att det \u00e4r Ydres grundlag. Alla skall veta allt. Genast. Ja, inte riktigt allt. Det finns ju s\u00e5dant som b\u00f6r vara sekretessbelagt. Men det sades f\u00f6rr att innan kommunstyrelsen slutat ett sammantr\u00e4de s\u00e5 visste alla i hela Ydre vad som sagts. Numera st\u00e4mmer det inte. Det \u00e4r inte lika l\u00e4tt att L\u00e4s mer","og_url":"https:\/\/wp.kristdemokraterna.se\/ydre\/2014-03-24-i-ydre-vet-alla-allt\/","og_site_name":"Kristdemokraterna i Ydre","article_modified_time":"2018-07-25T15:35:49+00:00","twitter_card":"summary_large_image","twitter_misc":{"Ber\u00e4knad l\u00e4stid":"3 minuter"},"schema":{"@context":"https:\/\/schema.org","@graph":[{"@type":"WebPage","@id":"https:\/\/wp.kristdemokraterna.se\/ydre\/2014-03-24-i-ydre-vet-alla-allt\/","url":"https:\/\/wp.kristdemokraterna.se\/ydre\/2014-03-24-i-ydre-vet-alla-allt\/","name":"2014-03-24 I Ydre vet alla allt - Kristdemokraterna i Ydre","isPartOf":{"@id":"https:\/\/wp.kristdemokraterna.se\/ydre\/#website"},"datePublished":"2018-07-25T15:35:31+00:00","dateModified":"2018-07-25T15:35:49+00:00","breadcrumb":{"@id":"https:\/\/wp.kristdemokraterna.se\/ydre\/2014-03-24-i-ydre-vet-alla-allt\/#breadcrumb"},"inLanguage":"sv-SE","potentialAction":[{"@type":"ReadAction","target":["https:\/\/wp.kristdemokraterna.se\/ydre\/2014-03-24-i-ydre-vet-alla-allt\/"]}]},{"@type":"BreadcrumbList","@id":"https:\/\/wp.kristdemokraterna.se\/ydre\/2014-03-24-i-ydre-vet-alla-allt\/#breadcrumb","itemListElement":[{"@type":"ListItem","position":1,"name":"Hem","item":"https:\/\/wp.kristdemokraterna.se\/ydre\/"},{"@type":"ListItem","position":2,"name":"2014-03-24 I Ydre vet alla allt"}]},{"@type":"WebSite","@id":"https:\/\/wp.kristdemokraterna.se\/ydre\/#website","url":"https:\/\/wp.kristdemokraterna.se\/ydre\/","name":"Kristdemokraterna i Ydre","description":"En till Kristdemokraterna webbplats","inLanguage":"sv-SE"}]}},"_links":{"self":[{"href":"https:\/\/wp.kristdemokraterna.se\/ydre\/wp-json\/wp\/v2\/pages\/1156","targetHints":{"allow":["GET"]}}],"collection":[{"href":"https:\/\/wp.kristdemokraterna.se\/ydre\/wp-json\/wp\/v2\/pages"}],"about":[{"href":"https:\/\/wp.kristdemokraterna.se\/ydre\/wp-json\/wp\/v2\/types\/page"}],"author":[{"embeddable":true,"href":"https:\/\/wp.kristdemokraterna.se\/ydre\/wp-json\/wp\/v2\/users\/793"}],"replies":[{"embeddable":true,"href":"https:\/\/wp.kristdemokraterna.se\/ydre\/wp-json\/wp\/v2\/comments?post=1156"}],"version-history":[{"count":2,"href":"https:\/\/wp.kristdemokraterna.se\/ydre\/wp-json\/wp\/v2\/pages\/1156\/revisions"}],"predecessor-version":[{"id":1158,"href":"https:\/\/wp.kristdemokraterna.se\/ydre\/wp-json\/wp\/v2\/pages\/1156\/revisions\/1158"}],"wp:attachment":[{"href":"https:\/\/wp.kristdemokraterna.se\/ydre\/wp-json\/wp\/v2\/media?parent=1156"}],"curies":[{"name":"wp","href":"https:\/\/api.w.org\/{rel}","templated":true}]}}