{"id":1160,"date":"2018-07-25T17:37:15","date_gmt":"2018-07-25T15:37:15","guid":{"rendered":"http:\/\/wp.kristdemokraterna.se\/ydre\/?page_id=1160"},"modified":"2018-07-25T17:38:09","modified_gmt":"2018-07-25T15:38:09","slug":"2014-04-02-hur-stora-hal-far-det-vara-i-ydres-planbok","status":"publish","type":"page","link":"https:\/\/wp.kristdemokraterna.se\/ydre\/2014-04-02-hur-stora-hal-far-det-vara-i-ydres-planbok\/","title":{"rendered":"2014-04-02 Hur stora h\u00e5l f\u00e5r det vara i Ydres pl\u00e5nbok?"},"content":{"rendered":"<p><span style=\"font-size: large\">Ydres ekonomiska l\u00e4ge \u00e4r bekymmersamt. Enligt kommunens controller (den tj\u00e4nsteman som skall hj\u00e4lpa till att styra ekonomin) ljusnar det i viss m\u00e5n vid horisonten bl.a. d\u00e4rf\u00f6r att skattutj\u00e4mningssystemet har \u00e4ndrats till f\u00f6rdel f\u00f6r fattiga kommuner (dvs de rikaste kommunerna f\u00e5r dela med sig mera). Det \u00e4r likafullt viktigt att f\u00f6ra en ansvarsfull ekonomisk politik.<br \/>\nVi f\u00e5r ibland h\u00f6ra att kommunen har tv\u00e5 slags utgifter. Dels finns de dagliga \u201chush\u00e5llsutgifterna\u201d d\u00e5 kommunen betalar ut l\u00f6ner och k\u00f6per s\u00e5dant man g\u00f6r slut p\u00e5. Dessa l\u00f6pande utgifter skall helst betalas samma \u00e5r. Och de m\u00e5ste enligt lag vara betalda inom ett par \u00e5r. Och det har Ydre inte lyckats med. G\u00e5r det att sk\u00e4ra i dessa utgifter? Och \u00e4r det s\u00e5 enkelt som att s\u00e4ga att alla delar av f\u00f6rvaltningen skall spara ett visst antal procent? I praktiken har det inte fungerat att komma med s\u00e5dana diktat.<br \/>\nMen s\u00e5 har man sagt att det finns ett annat slags utgifter som skall f\u00f6lja helt andra regler. Man kallar dem investeringar. Man skaffar sig n\u00e5got som man har kvar och allts\u00e5 \u00e4r en tillg\u00e5ng. Det \u00e4r som n\u00e4r n\u00e5gon k\u00f6per ett hus att bo i. Huset finns kvar, det \u00e4r en tillg\u00e5ng. Och om man s\u00e4ljer det kan man i princip f\u00e5 tillbaka pengarna. S\u00e5 har man sagt att det \u00e4r med kommunens investeringar. Man kan k\u00f6pa \u201cp\u00e5 avbetalning\u201d precis som en privatperson.<br \/>\nMen precis som f\u00f6r en privatperson g\u00e4ller f\u00f6r kommunen att alla utgifter m\u00e5ste betalas ur en och samma pl\u00e5nbok. Dagens \u201cavbetalningsk\u00f6p\u201d blir morgondagens l\u00f6pande utgifter.<\/span><\/p>\n<p><img loading=\"lazy\" decoding=\"async\" src=\"http:\/\/ydrebo.se\/kd\/veckobrev\/vag.JPG\" width=\"453\" height=\"399\" \/><br \/>\n<i>\u00c4r v\u00e5r budget i balans?<\/p>\n<p><\/i>Privatpersoner brukar varnas f\u00f6r att l\u00e5na till s\u00e5dant som inte blir verkliga tillg\u00e5ngar. Jag menar att det ocks\u00e5 m\u00e5ste g\u00e4lla kommunen. Vi dras med f\u00f6ljderna av en del \u201cinvesteringar\u201d och borde d\u00e4rf\u00f6r vara f\u00f6rsiktiga med att dra p\u00e5 oss nya. Ett \u00f6nskem\u00e5l som dammas av d\u00e5 och d\u00e5 \u00e4r att flytta en av \u00d6sterbymos utfarter n\u00e5gra hundra meter. Det kan ju kallas en investering eftersom den nya utfarten tydligt syns och finns kvar. Men man f\u00e5r inte en ekonomisk \u201ctillg\u00e5ng\u201d och d\u00e4rf\u00f6r borde det inte vara s\u00e5dant vi k\u00f6per p\u00e5 avbetalning.<br \/>\nJust nu funderar man p\u00e5 om det skall bli en ny skola i Hestra. I skolberedningen har vi f\u00e5tt h\u00f6ra att en s\u00e5dan blir mycket dyr. Finns det pengar? Det g\u00f6r det inte. S\u00e5 enkelt skulle man kunna uttrycka det. Men somliga menar att uppv\u00e4rmningen skulle bli billigare. Ja, men det skulle ta generationer att p\u00e5 det s\u00e4ttet spara in till byggkostnaderna. Hur skall man d\u00e5 ha r\u00e5d? Jo, man kan ju alltid avskeda en eller ett par l\u00e4rare (fast det skulle \u00e4nd\u00e5 inte r\u00e4cka). S\u00e5 \u00e4ven om man \u201coffrar\u201d en del elever som skulle beh\u00f6va hj\u00e4lp skulle det i alla fall inte g\u00e5 ihop. Och till skillnad fr\u00e5n ett hus att bo i \u00e4r inte en specialbyggd skola en direkt ekonomisk tillg\u00e5ng.<br \/>\nOm det skall vara n\u00e5gon mening med besparingar i Ydres ekonomi f\u00e5r man allts\u00e5 just nu vara f\u00f6rsiktig med \u201cinvesteringar\u201d utom n\u00e4r de verkligen beh\u00f6vs.<\/p>\n<p><span style=\"font-size: large\"><i>Bengt Malm, ordf.<br \/>\n2 april 2014<\/i><\/span><\/p>\n","protected":false},"excerpt":{"rendered":"<p>Ydres ekonomiska l\u00e4ge \u00e4r bekymmersamt. Enligt kommunens controller (den tj\u00e4nsteman som skall hj\u00e4lpa till att styra ekonomin) ljusnar det i viss m\u00e5n vid horisonten bl.a. d\u00e4rf\u00f6r att skattutj\u00e4mningssystemet har \u00e4ndrats till f\u00f6rdel f\u00f6r fattiga kommuner (dvs de rikaste kommunerna f\u00e5r dela med sig mera). Det \u00e4r likafullt viktigt att f\u00f6ra en ansvarsfull ekonomisk politik. Vi <a class=\"read-more-link\" href=\"https:\/\/wp.kristdemokraterna.se\/ydre\/2014-04-02-hur-stora-hal-far-det-vara-i-ydres-planbok\/\">L\u00e4s mer<\/a><\/p>\n","protected":false},"author":793,"featured_media":0,"parent":0,"menu_order":0,"comment_status":"closed","ping_status":"closed","template":"","meta":{"_acf_changed":false,"footnotes":""},"class_list":["post-1160","page","type-page","status-publish","hentry"],"acf":[],"yoast_head":"<!-- This site is optimized with the Yoast SEO plugin v27.5 - https:\/\/yoast.com\/product\/yoast-seo-wordpress\/ -->\n<title>2014-04-02 Hur stora h\u00e5l f\u00e5r det vara i Ydres pl\u00e5nbok? - Kristdemokraterna i Ydre<\/title>\n<meta name=\"robots\" content=\"index, follow, max-snippet:-1, max-image-preview:large, max-video-preview:-1\" \/>\n<link rel=\"canonical\" href=\"https:\/\/wp.kristdemokraterna.se\/ydre\/2014-04-02-hur-stora-hal-far-det-vara-i-ydres-planbok\/\" \/>\n<meta property=\"og:locale\" content=\"sv_SE\" \/>\n<meta property=\"og:type\" content=\"article\" \/>\n<meta property=\"og:title\" content=\"2014-04-02 Hur stora h\u00e5l f\u00e5r det vara i Ydres pl\u00e5nbok? - Kristdemokraterna i Ydre\" \/>\n<meta property=\"og:description\" content=\"Ydres ekonomiska l\u00e4ge \u00e4r bekymmersamt. Enligt kommunens controller (den tj\u00e4nsteman som skall hj\u00e4lpa till att styra ekonomin) ljusnar det i viss m\u00e5n vid horisonten bl.a. d\u00e4rf\u00f6r att skattutj\u00e4mningssystemet har \u00e4ndrats till f\u00f6rdel f\u00f6r fattiga kommuner (dvs de rikaste kommunerna f\u00e5r dela med sig mera). Det \u00e4r likafullt viktigt att f\u00f6ra en ansvarsfull ekonomisk politik. Vi L\u00e4s mer\" \/>\n<meta property=\"og:url\" content=\"https:\/\/wp.kristdemokraterna.se\/ydre\/2014-04-02-hur-stora-hal-far-det-vara-i-ydres-planbok\/\" \/>\n<meta property=\"og:site_name\" content=\"Kristdemokraterna i Ydre\" \/>\n<meta property=\"article:modified_time\" content=\"2018-07-25T15:38:09+00:00\" \/>\n<meta property=\"og:image\" content=\"http:\/\/ydrebo.se\/kd\/veckobrev\/vag.JPG\" \/>\n<meta name=\"twitter:card\" content=\"summary_large_image\" \/>\n<meta name=\"twitter:label1\" content=\"Ber\u00e4knad l\u00e4stid\" \/>\n\t<meta name=\"twitter:data1\" content=\"3 minuter\" \/>\n<script type=\"application\/ld+json\" class=\"yoast-schema-graph\">{\"@context\":\"https:\\\/\\\/schema.org\",\"@graph\":[{\"@type\":\"WebPage\",\"@id\":\"https:\\\/\\\/wp.kristdemokraterna.se\\\/ydre\\\/2014-04-02-hur-stora-hal-far-det-vara-i-ydres-planbok\\\/\",\"url\":\"https:\\\/\\\/wp.kristdemokraterna.se\\\/ydre\\\/2014-04-02-hur-stora-hal-far-det-vara-i-ydres-planbok\\\/\",\"name\":\"2014-04-02 Hur stora h\u00e5l f\u00e5r det vara i Ydres pl\u00e5nbok? - Kristdemokraterna i Ydre\",\"isPartOf\":{\"@id\":\"https:\\\/\\\/wp.kristdemokraterna.se\\\/ydre\\\/#website\"},\"primaryImageOfPage\":{\"@id\":\"https:\\\/\\\/wp.kristdemokraterna.se\\\/ydre\\\/2014-04-02-hur-stora-hal-far-det-vara-i-ydres-planbok\\\/#primaryimage\"},\"image\":{\"@id\":\"https:\\\/\\\/wp.kristdemokraterna.se\\\/ydre\\\/2014-04-02-hur-stora-hal-far-det-vara-i-ydres-planbok\\\/#primaryimage\"},\"thumbnailUrl\":\"http:\\\/\\\/ydrebo.se\\\/kd\\\/veckobrev\\\/vag.JPG\",\"datePublished\":\"2018-07-25T15:37:15+00:00\",\"dateModified\":\"2018-07-25T15:38:09+00:00\",\"breadcrumb\":{\"@id\":\"https:\\\/\\\/wp.kristdemokraterna.se\\\/ydre\\\/2014-04-02-hur-stora-hal-far-det-vara-i-ydres-planbok\\\/#breadcrumb\"},\"inLanguage\":\"sv-SE\",\"potentialAction\":[{\"@type\":\"ReadAction\",\"target\":[\"https:\\\/\\\/wp.kristdemokraterna.se\\\/ydre\\\/2014-04-02-hur-stora-hal-far-det-vara-i-ydres-planbok\\\/\"]}]},{\"@type\":\"ImageObject\",\"inLanguage\":\"sv-SE\",\"@id\":\"https:\\\/\\\/wp.kristdemokraterna.se\\\/ydre\\\/2014-04-02-hur-stora-hal-far-det-vara-i-ydres-planbok\\\/#primaryimage\",\"url\":\"http:\\\/\\\/ydrebo.se\\\/kd\\\/veckobrev\\\/vag.JPG\",\"contentUrl\":\"http:\\\/\\\/ydrebo.se\\\/kd\\\/veckobrev\\\/vag.JPG\"},{\"@type\":\"BreadcrumbList\",\"@id\":\"https:\\\/\\\/wp.kristdemokraterna.se\\\/ydre\\\/2014-04-02-hur-stora-hal-far-det-vara-i-ydres-planbok\\\/#breadcrumb\",\"itemListElement\":[{\"@type\":\"ListItem\",\"position\":1,\"name\":\"Hem\",\"item\":\"https:\\\/\\\/wp.kristdemokraterna.se\\\/ydre\\\/\"},{\"@type\":\"ListItem\",\"position\":2,\"name\":\"2014-04-02 Hur stora h\u00e5l f\u00e5r det vara i Ydres pl\u00e5nbok?\"}]},{\"@type\":\"WebSite\",\"@id\":\"https:\\\/\\\/wp.kristdemokraterna.se\\\/ydre\\\/#website\",\"url\":\"https:\\\/\\\/wp.kristdemokraterna.se\\\/ydre\\\/\",\"name\":\"Kristdemokraterna i Ydre\",\"description\":\"En till Kristdemokraterna webbplats\",\"inLanguage\":\"sv-SE\"}]}<\/script>\n<!-- \/ Yoast SEO plugin. -->","yoast_head_json":{"title":"2014-04-02 Hur stora h\u00e5l f\u00e5r det vara i Ydres pl\u00e5nbok? - Kristdemokraterna i Ydre","robots":{"index":"index","follow":"follow","max-snippet":"max-snippet:-1","max-image-preview":"max-image-preview:large","max-video-preview":"max-video-preview:-1"},"canonical":"https:\/\/wp.kristdemokraterna.se\/ydre\/2014-04-02-hur-stora-hal-far-det-vara-i-ydres-planbok\/","og_locale":"sv_SE","og_type":"article","og_title":"2014-04-02 Hur stora h\u00e5l f\u00e5r det vara i Ydres pl\u00e5nbok? - Kristdemokraterna i Ydre","og_description":"Ydres ekonomiska l\u00e4ge \u00e4r bekymmersamt. Enligt kommunens controller (den tj\u00e4nsteman som skall hj\u00e4lpa till att styra ekonomin) ljusnar det i viss m\u00e5n vid horisonten bl.a. d\u00e4rf\u00f6r att skattutj\u00e4mningssystemet har \u00e4ndrats till f\u00f6rdel f\u00f6r fattiga kommuner (dvs de rikaste kommunerna f\u00e5r dela med sig mera). Det \u00e4r likafullt viktigt att f\u00f6ra en ansvarsfull ekonomisk politik. Vi L\u00e4s mer","og_url":"https:\/\/wp.kristdemokraterna.se\/ydre\/2014-04-02-hur-stora-hal-far-det-vara-i-ydres-planbok\/","og_site_name":"Kristdemokraterna i Ydre","article_modified_time":"2018-07-25T15:38:09+00:00","og_image":[{"url":"http:\/\/ydrebo.se\/kd\/veckobrev\/vag.JPG","type":"","width":"","height":""}],"twitter_card":"summary_large_image","twitter_misc":{"Ber\u00e4knad l\u00e4stid":"3 minuter"},"schema":{"@context":"https:\/\/schema.org","@graph":[{"@type":"WebPage","@id":"https:\/\/wp.kristdemokraterna.se\/ydre\/2014-04-02-hur-stora-hal-far-det-vara-i-ydres-planbok\/","url":"https:\/\/wp.kristdemokraterna.se\/ydre\/2014-04-02-hur-stora-hal-far-det-vara-i-ydres-planbok\/","name":"2014-04-02 Hur stora h\u00e5l f\u00e5r det vara i Ydres pl\u00e5nbok? - Kristdemokraterna i Ydre","isPartOf":{"@id":"https:\/\/wp.kristdemokraterna.se\/ydre\/#website"},"primaryImageOfPage":{"@id":"https:\/\/wp.kristdemokraterna.se\/ydre\/2014-04-02-hur-stora-hal-far-det-vara-i-ydres-planbok\/#primaryimage"},"image":{"@id":"https:\/\/wp.kristdemokraterna.se\/ydre\/2014-04-02-hur-stora-hal-far-det-vara-i-ydres-planbok\/#primaryimage"},"thumbnailUrl":"http:\/\/ydrebo.se\/kd\/veckobrev\/vag.JPG","datePublished":"2018-07-25T15:37:15+00:00","dateModified":"2018-07-25T15:38:09+00:00","breadcrumb":{"@id":"https:\/\/wp.kristdemokraterna.se\/ydre\/2014-04-02-hur-stora-hal-far-det-vara-i-ydres-planbok\/#breadcrumb"},"inLanguage":"sv-SE","potentialAction":[{"@type":"ReadAction","target":["https:\/\/wp.kristdemokraterna.se\/ydre\/2014-04-02-hur-stora-hal-far-det-vara-i-ydres-planbok\/"]}]},{"@type":"ImageObject","inLanguage":"sv-SE","@id":"https:\/\/wp.kristdemokraterna.se\/ydre\/2014-04-02-hur-stora-hal-far-det-vara-i-ydres-planbok\/#primaryimage","url":"http:\/\/ydrebo.se\/kd\/veckobrev\/vag.JPG","contentUrl":"http:\/\/ydrebo.se\/kd\/veckobrev\/vag.JPG"},{"@type":"BreadcrumbList","@id":"https:\/\/wp.kristdemokraterna.se\/ydre\/2014-04-02-hur-stora-hal-far-det-vara-i-ydres-planbok\/#breadcrumb","itemListElement":[{"@type":"ListItem","position":1,"name":"Hem","item":"https:\/\/wp.kristdemokraterna.se\/ydre\/"},{"@type":"ListItem","position":2,"name":"2014-04-02 Hur stora h\u00e5l f\u00e5r det vara i Ydres pl\u00e5nbok?"}]},{"@type":"WebSite","@id":"https:\/\/wp.kristdemokraterna.se\/ydre\/#website","url":"https:\/\/wp.kristdemokraterna.se\/ydre\/","name":"Kristdemokraterna i Ydre","description":"En till Kristdemokraterna webbplats","inLanguage":"sv-SE"}]}},"_links":{"self":[{"href":"https:\/\/wp.kristdemokraterna.se\/ydre\/wp-json\/wp\/v2\/pages\/1160","targetHints":{"allow":["GET"]}}],"collection":[{"href":"https:\/\/wp.kristdemokraterna.se\/ydre\/wp-json\/wp\/v2\/pages"}],"about":[{"href":"https:\/\/wp.kristdemokraterna.se\/ydre\/wp-json\/wp\/v2\/types\/page"}],"author":[{"embeddable":true,"href":"https:\/\/wp.kristdemokraterna.se\/ydre\/wp-json\/wp\/v2\/users\/793"}],"replies":[{"embeddable":true,"href":"https:\/\/wp.kristdemokraterna.se\/ydre\/wp-json\/wp\/v2\/comments?post=1160"}],"version-history":[{"count":2,"href":"https:\/\/wp.kristdemokraterna.se\/ydre\/wp-json\/wp\/v2\/pages\/1160\/revisions"}],"predecessor-version":[{"id":1162,"href":"https:\/\/wp.kristdemokraterna.se\/ydre\/wp-json\/wp\/v2\/pages\/1160\/revisions\/1162"}],"wp:attachment":[{"href":"https:\/\/wp.kristdemokraterna.se\/ydre\/wp-json\/wp\/v2\/media?parent=1160"}],"curies":[{"name":"wp","href":"https:\/\/api.w.org\/{rel}","templated":true}]}}