{"id":1164,"date":"2018-07-25T17:40:39","date_gmt":"2018-07-25T15:40:39","guid":{"rendered":"http:\/\/wp.kristdemokraterna.se\/ydre\/?page_id=1164"},"modified":"2018-07-25T17:41:12","modified_gmt":"2018-07-25T15:41:12","slug":"2014-04-07-grav-inte","status":"publish","type":"page","link":"https:\/\/wp.kristdemokraterna.se\/ydre\/2014-04-07-grav-inte\/","title":{"rendered":"2014-04-07 Gr\u00e4v inte!"},"content":{"rendered":"<p><span style=\"font-size: large\">Varf\u00f6r v\u00e4xer det s\u00e5 d\u00e5ligt i den d\u00e4r rabatten? Som n\u00e4stan allting annat \u00e4r den s\u00e4kert anlagd efter de f\u00e4rskaste och b\u00e4sta recepten. S\u00e5 m\u00e5ste det vara. F\u00f6r det har ju kostat oss s\u00e5 mycket pengar att f\u00e5 tomten. Jorden verkar bra n\u00e4r man k\u00e4nner p\u00e5 den.<br \/>\nS\u00e5 varf\u00f6r v\u00e4xer det \u00e4nd\u00e5 s\u00e5 d\u00e5ligt? Gr\u00e4vande journalister p\u00e5st\u00e5r att man skall se efter vad som finns under ytan. Kanske har de r\u00e4tt. Fram med spadarna! L\u00e5t oss inventera en liten bit, s\u00e5 d\u00e4r en kvadratmeter. Det r\u00e4cker nog f\u00f6r att vi skall se vad det \u00e4r fr\u00e5ga om. F\u00f6r det \u00e4r inte gott att veta.<\/span><\/p>\n<p>&#8211; &#8211; &#8211; &#8211; &#8211;<\/p>\n<p>\u00c5&#8230;<b><i>nej!!<\/i><\/b><\/p>\n<p><img loading=\"lazy\" decoding=\"async\" src=\"http:\/\/ydrebo.se\/kd\/veckobrev\/rabatt.jpg\" width=\"400\" height=\"249\" border=\"0\" \/><br \/>\nKanske det \u00e4r gott att inte veta&#8230;<\/p>\n<p><i>Bengt Malm, ordf.<br \/>\n7 april 2014<\/p>\n<p><\/i><span style=\"font-size: large\">P.S. Den som vill g\u00f6ra j\u00e4mf\u00f6relser med denna v\u00e4rldens samh\u00e4llsfr\u00e5gor f\u00e5r g\u00f6ra det p\u00e5 egen risk.<\/span><\/p>\n","protected":false},"excerpt":{"rendered":"<p>Varf\u00f6r v\u00e4xer det s\u00e5 d\u00e5ligt i den d\u00e4r rabatten? Som n\u00e4stan allting annat \u00e4r den s\u00e4kert anlagd efter de f\u00e4rskaste och b\u00e4sta recepten. S\u00e5 m\u00e5ste det vara. F\u00f6r det har ju kostat oss s\u00e5 mycket pengar att f\u00e5 tomten. Jorden verkar bra n\u00e4r man k\u00e4nner p\u00e5 den. S\u00e5 varf\u00f6r v\u00e4xer det \u00e4nd\u00e5 s\u00e5 d\u00e5ligt? Gr\u00e4vande <a class=\"read-more-link\" href=\"https:\/\/wp.kristdemokraterna.se\/ydre\/2014-04-07-grav-inte\/\">L\u00e4s mer<\/a><\/p>\n","protected":false},"author":793,"featured_media":0,"parent":0,"menu_order":0,"comment_status":"closed","ping_status":"closed","template":"","meta":{"_acf_changed":false,"footnotes":""},"class_list":["post-1164","page","type-page","status-publish","hentry"],"acf":[],"yoast_head":"<!-- This site is optimized with the Yoast SEO plugin v27.5 - https:\/\/yoast.com\/product\/yoast-seo-wordpress\/ -->\n<title>2014-04-07 Gr\u00e4v inte! - Kristdemokraterna i Ydre<\/title>\n<meta name=\"robots\" content=\"index, follow, max-snippet:-1, max-image-preview:large, max-video-preview:-1\" \/>\n<link rel=\"canonical\" href=\"https:\/\/wp.kristdemokraterna.se\/ydre\/2014-04-07-grav-inte\/\" \/>\n<meta property=\"og:locale\" content=\"sv_SE\" \/>\n<meta property=\"og:type\" content=\"article\" \/>\n<meta property=\"og:title\" content=\"2014-04-07 Gr\u00e4v inte! - Kristdemokraterna i Ydre\" \/>\n<meta property=\"og:description\" content=\"Varf\u00f6r v\u00e4xer det s\u00e5 d\u00e5ligt i den d\u00e4r rabatten? Som n\u00e4stan allting annat \u00e4r den s\u00e4kert anlagd efter de f\u00e4rskaste och b\u00e4sta recepten. S\u00e5 m\u00e5ste det vara. F\u00f6r det har ju kostat oss s\u00e5 mycket pengar att f\u00e5 tomten. Jorden verkar bra n\u00e4r man k\u00e4nner p\u00e5 den. S\u00e5 varf\u00f6r v\u00e4xer det \u00e4nd\u00e5 s\u00e5 d\u00e5ligt? Gr\u00e4vande L\u00e4s mer\" \/>\n<meta property=\"og:url\" content=\"https:\/\/wp.kristdemokraterna.se\/ydre\/2014-04-07-grav-inte\/\" \/>\n<meta property=\"og:site_name\" content=\"Kristdemokraterna i Ydre\" \/>\n<meta property=\"article:modified_time\" content=\"2018-07-25T15:41:12+00:00\" \/>\n<meta property=\"og:image\" content=\"http:\/\/ydrebo.se\/kd\/veckobrev\/rabatt.jpg\" \/>\n<meta name=\"twitter:card\" content=\"summary_large_image\" \/>\n<meta name=\"twitter:label1\" content=\"Ber\u00e4knad l\u00e4stid\" \/>\n\t<meta name=\"twitter:data1\" content=\"1 minut\" \/>\n<script type=\"application\/ld+json\" class=\"yoast-schema-graph\">{\"@context\":\"https:\\\/\\\/schema.org\",\"@graph\":[{\"@type\":\"WebPage\",\"@id\":\"https:\\\/\\\/wp.kristdemokraterna.se\\\/ydre\\\/2014-04-07-grav-inte\\\/\",\"url\":\"https:\\\/\\\/wp.kristdemokraterna.se\\\/ydre\\\/2014-04-07-grav-inte\\\/\",\"name\":\"2014-04-07 Gr\u00e4v inte! - Kristdemokraterna i Ydre\",\"isPartOf\":{\"@id\":\"https:\\\/\\\/wp.kristdemokraterna.se\\\/ydre\\\/#website\"},\"primaryImageOfPage\":{\"@id\":\"https:\\\/\\\/wp.kristdemokraterna.se\\\/ydre\\\/2014-04-07-grav-inte\\\/#primaryimage\"},\"image\":{\"@id\":\"https:\\\/\\\/wp.kristdemokraterna.se\\\/ydre\\\/2014-04-07-grav-inte\\\/#primaryimage\"},\"thumbnailUrl\":\"http:\\\/\\\/ydrebo.se\\\/kd\\\/veckobrev\\\/rabatt.jpg\",\"datePublished\":\"2018-07-25T15:40:39+00:00\",\"dateModified\":\"2018-07-25T15:41:12+00:00\",\"breadcrumb\":{\"@id\":\"https:\\\/\\\/wp.kristdemokraterna.se\\\/ydre\\\/2014-04-07-grav-inte\\\/#breadcrumb\"},\"inLanguage\":\"sv-SE\",\"potentialAction\":[{\"@type\":\"ReadAction\",\"target\":[\"https:\\\/\\\/wp.kristdemokraterna.se\\\/ydre\\\/2014-04-07-grav-inte\\\/\"]}]},{\"@type\":\"ImageObject\",\"inLanguage\":\"sv-SE\",\"@id\":\"https:\\\/\\\/wp.kristdemokraterna.se\\\/ydre\\\/2014-04-07-grav-inte\\\/#primaryimage\",\"url\":\"http:\\\/\\\/ydrebo.se\\\/kd\\\/veckobrev\\\/rabatt.jpg\",\"contentUrl\":\"http:\\\/\\\/ydrebo.se\\\/kd\\\/veckobrev\\\/rabatt.jpg\"},{\"@type\":\"BreadcrumbList\",\"@id\":\"https:\\\/\\\/wp.kristdemokraterna.se\\\/ydre\\\/2014-04-07-grav-inte\\\/#breadcrumb\",\"itemListElement\":[{\"@type\":\"ListItem\",\"position\":1,\"name\":\"Hem\",\"item\":\"https:\\\/\\\/wp.kristdemokraterna.se\\\/ydre\\\/\"},{\"@type\":\"ListItem\",\"position\":2,\"name\":\"2014-04-07 Gr\u00e4v inte!\"}]},{\"@type\":\"WebSite\",\"@id\":\"https:\\\/\\\/wp.kristdemokraterna.se\\\/ydre\\\/#website\",\"url\":\"https:\\\/\\\/wp.kristdemokraterna.se\\\/ydre\\\/\",\"name\":\"Kristdemokraterna i Ydre\",\"description\":\"En till Kristdemokraterna webbplats\",\"inLanguage\":\"sv-SE\"}]}<\/script>\n<!-- \/ Yoast SEO plugin. -->","yoast_head_json":{"title":"2014-04-07 Gr\u00e4v inte! - Kristdemokraterna i Ydre","robots":{"index":"index","follow":"follow","max-snippet":"max-snippet:-1","max-image-preview":"max-image-preview:large","max-video-preview":"max-video-preview:-1"},"canonical":"https:\/\/wp.kristdemokraterna.se\/ydre\/2014-04-07-grav-inte\/","og_locale":"sv_SE","og_type":"article","og_title":"2014-04-07 Gr\u00e4v inte! - Kristdemokraterna i Ydre","og_description":"Varf\u00f6r v\u00e4xer det s\u00e5 d\u00e5ligt i den d\u00e4r rabatten? Som n\u00e4stan allting annat \u00e4r den s\u00e4kert anlagd efter de f\u00e4rskaste och b\u00e4sta recepten. S\u00e5 m\u00e5ste det vara. F\u00f6r det har ju kostat oss s\u00e5 mycket pengar att f\u00e5 tomten. Jorden verkar bra n\u00e4r man k\u00e4nner p\u00e5 den. S\u00e5 varf\u00f6r v\u00e4xer det \u00e4nd\u00e5 s\u00e5 d\u00e5ligt? Gr\u00e4vande L\u00e4s mer","og_url":"https:\/\/wp.kristdemokraterna.se\/ydre\/2014-04-07-grav-inte\/","og_site_name":"Kristdemokraterna i Ydre","article_modified_time":"2018-07-25T15:41:12+00:00","og_image":[{"url":"http:\/\/ydrebo.se\/kd\/veckobrev\/rabatt.jpg","type":"","width":"","height":""}],"twitter_card":"summary_large_image","twitter_misc":{"Ber\u00e4knad l\u00e4stid":"1 minut"},"schema":{"@context":"https:\/\/schema.org","@graph":[{"@type":"WebPage","@id":"https:\/\/wp.kristdemokraterna.se\/ydre\/2014-04-07-grav-inte\/","url":"https:\/\/wp.kristdemokraterna.se\/ydre\/2014-04-07-grav-inte\/","name":"2014-04-07 Gr\u00e4v inte! - Kristdemokraterna i Ydre","isPartOf":{"@id":"https:\/\/wp.kristdemokraterna.se\/ydre\/#website"},"primaryImageOfPage":{"@id":"https:\/\/wp.kristdemokraterna.se\/ydre\/2014-04-07-grav-inte\/#primaryimage"},"image":{"@id":"https:\/\/wp.kristdemokraterna.se\/ydre\/2014-04-07-grav-inte\/#primaryimage"},"thumbnailUrl":"http:\/\/ydrebo.se\/kd\/veckobrev\/rabatt.jpg","datePublished":"2018-07-25T15:40:39+00:00","dateModified":"2018-07-25T15:41:12+00:00","breadcrumb":{"@id":"https:\/\/wp.kristdemokraterna.se\/ydre\/2014-04-07-grav-inte\/#breadcrumb"},"inLanguage":"sv-SE","potentialAction":[{"@type":"ReadAction","target":["https:\/\/wp.kristdemokraterna.se\/ydre\/2014-04-07-grav-inte\/"]}]},{"@type":"ImageObject","inLanguage":"sv-SE","@id":"https:\/\/wp.kristdemokraterna.se\/ydre\/2014-04-07-grav-inte\/#primaryimage","url":"http:\/\/ydrebo.se\/kd\/veckobrev\/rabatt.jpg","contentUrl":"http:\/\/ydrebo.se\/kd\/veckobrev\/rabatt.jpg"},{"@type":"BreadcrumbList","@id":"https:\/\/wp.kristdemokraterna.se\/ydre\/2014-04-07-grav-inte\/#breadcrumb","itemListElement":[{"@type":"ListItem","position":1,"name":"Hem","item":"https:\/\/wp.kristdemokraterna.se\/ydre\/"},{"@type":"ListItem","position":2,"name":"2014-04-07 Gr\u00e4v inte!"}]},{"@type":"WebSite","@id":"https:\/\/wp.kristdemokraterna.se\/ydre\/#website","url":"https:\/\/wp.kristdemokraterna.se\/ydre\/","name":"Kristdemokraterna i Ydre","description":"En till Kristdemokraterna webbplats","inLanguage":"sv-SE"}]}},"_links":{"self":[{"href":"https:\/\/wp.kristdemokraterna.se\/ydre\/wp-json\/wp\/v2\/pages\/1164","targetHints":{"allow":["GET"]}}],"collection":[{"href":"https:\/\/wp.kristdemokraterna.se\/ydre\/wp-json\/wp\/v2\/pages"}],"about":[{"href":"https:\/\/wp.kristdemokraterna.se\/ydre\/wp-json\/wp\/v2\/types\/page"}],"author":[{"embeddable":true,"href":"https:\/\/wp.kristdemokraterna.se\/ydre\/wp-json\/wp\/v2\/users\/793"}],"replies":[{"embeddable":true,"href":"https:\/\/wp.kristdemokraterna.se\/ydre\/wp-json\/wp\/v2\/comments?post=1164"}],"version-history":[{"count":2,"href":"https:\/\/wp.kristdemokraterna.se\/ydre\/wp-json\/wp\/v2\/pages\/1164\/revisions"}],"predecessor-version":[{"id":1166,"href":"https:\/\/wp.kristdemokraterna.se\/ydre\/wp-json\/wp\/v2\/pages\/1164\/revisions\/1166"}],"wp:attachment":[{"href":"https:\/\/wp.kristdemokraterna.se\/ydre\/wp-json\/wp\/v2\/media?parent=1164"}],"curies":[{"name":"wp","href":"https:\/\/api.w.org\/{rel}","templated":true}]}}